{"id":9997,"date":"2016-04-20T10:38:54","date_gmt":"2016-04-20T14:38:54","guid":{"rendered":"http:\/\/www.runottawa.ca\/fr\/?page_id=9997"},"modified":"2017-04-12T07:50:58","modified_gmt":"2017-04-12T11:50:58","slug":"les-rencontres-de-courez-ottawa","status":"publish","type":"page","link":"https:\/\/www.runottawa.ca\/fr\/ro\/membres\/les-rencontres-de-courez-ottawa\/","title":{"rendered":"Les rencontres de Courez Ottawa"},"content":{"rendered":"<p><strong>Courez avec nous\u00a0!<\/strong><\/p>\n<p>Les rencontres programm\u00e9es ci-dessous sont ouvertes \u00e0 TOUS les coureurs.\u00a0 Les membres de Courez Ottawa vous convient \u00e0 vous joindre \u00e0 eux dans leur entra\u00eenement pour une vari\u00e9t\u00e9 de distances&#8230; ou quand ils ne font que courir pour l\u2019amour de la course.<\/p>\n<p><strong>Les mercredis 6@6<\/strong><\/p>\n<p>Tous les mercredis, nous nous rencontrons pour un 6K sans fa\u00e7on ou rapide \u00e0 18 heures. Pour plus d&rsquo;information suivez-nous sur <a href=\"http:\/\/facebook.com\/runottawa\">Facebook<\/a>, <a href=\"http:\/\/twitter.com\/runottawa\">Twitter<\/a>, <a href=\"http:\/\/instagram.com\/runottawa\">Instagram<\/a> ou <a href=\"https:\/\/www.meetup.com\/Run-Ottawa-Meetup\/\">Meet-up.<\/a><\/p>\n<p>Nov. 9: L\u2019Arboretum du Dominion (Au nord du parking des Amis de la ferme)<\/p>\n<p>Nov. 16: \u00c9v\u00e9nement r\u00e9serv\u00e9 aux membres. <a href=\"https:\/\/www.runottawa.ca\/fr\/au-sujet-de-courez-ottawa\/joignez-vous-a-courez-ottawa\">D\u00e9couvrez comment devenir membre.<\/a><\/p>\n<p>Nov. 23: L\u2019Arboretum du Dominion (Au nord du parking des Amis de la ferme)<\/p>\n<p>Nov. 30: Les parcs Wesley Clover, 401 rue Corkstown<\/p>\n<p><strong>Groupe de course du dimanche<\/strong><\/p>\n<p>Les distances et les cadences varient, mais la motivation et la camaraderie sont toujours de la partie.\u00a0 Joignez-vous tous les dimanches au pavillon du lac Dow\u2019s, \u00e0 8h30 \u2013 sous la pluie, la neige ou le soleil.<\/p>\n<p>Int\u00e9ress\u00e9\/e \u00e0 devenir membre de Courez Ottawa\u00a0? Renseignez-vous sur les <a href=\"https:\/\/www.runottawa.ca\/fr\/au-sujet-de-courez-ottawa\/joignez-vous-a-courez-ottawa\/\">excellents b\u00e9n\u00e9fices<\/a>\u2014et <a href=\"https:\/\/secure2.htgsports.com\/runottawa\/RunOttawa_members.nsf\/Reg?OpenForm&amp;ParentUNID=93E7C057BB9A449285257A5B0055120D&amp;lang=fr\" target=\"_blank\">inscrivez-vous en ligne\u00a0!<\/a><\/p>\n","protected":false},"excerpt":{"rendered":"<p>Courez avec nous\u00a0! Les rencontres programm\u00e9es ci-dessous sont ouvertes \u00e0 TOUS les coureurs.\u00a0 Les membres de Courez Ottawa vous convient \u00e0 vous joindre \u00e0 eux dans leur entra\u00eenement pour une vari\u00e9t\u00e9 de distances&#8230; ou quand ils ne font que courir pour l\u2019amour de la course. Les mercredis 6@6 Tous les [&hellip;]<\/p>\n","protected":false},"author":33,"featured_media":0,"parent":2657,"menu_order":347,"comment_status":"closed","ping_status":"closed","template":"template-page.php","meta":{"_acf_changed":false,"footnotes":""},"class_list":["post-9997","page","type-page","status-publish","hentry"],"acf":[],"yoast_head":"<!-- This site is optimized with the Yoast SEO plugin v27.6 - https:\/\/yoast.com\/product\/yoast-seo-wordpress\/ -->\n<title>Les rencontres de Courez Ottawa - Run Ottawa<\/title>\n<meta name=\"robots\" content=\"index, follow, max-snippet:-1, max-image-preview:large, max-video-preview:-1\" \/>\n<link rel=\"canonical\" href=\"https:\/\/www.runottawa.ca\/fr\/ro\/membres\/les-rencontres-de-courez-ottawa\/\" \/>\n<meta name=\"twitter:label1\" content=\"Dur\u00e9e de lecture estim\u00e9e\" \/>\n\t<meta name=\"twitter:data1\" content=\"1 minute\" \/>\n<script type=\"application\/ld+json\" class=\"yoast-schema-graph\">{\"@context\":\"https:\\\/\\\/schema.org\",\"@graph\":[{\"@type\":\"WebPage\",\"@id\":\"https:\\\/\\\/www.runottawa.ca\\\/fr\\\/ro\\\/membres\\\/les-rencontres-de-courez-ottawa\\\/\",\"url\":\"https:\\\/\\\/www.runottawa.ca\\\/fr\\\/ro\\\/membres\\\/les-rencontres-de-courez-ottawa\\\/\",\"name\":\"Les rencontres de Courez Ottawa - Run Ottawa\",\"isPartOf\":{\"@id\":\"https:\\\/\\\/www.runottawa.ca\\\/fr\\\/#website\"},\"datePublished\":\"2016-04-20T14:38:54+00:00\",\"dateModified\":\"2017-04-12T11:50:58+00:00\",\"breadcrumb\":{\"@id\":\"https:\\\/\\\/www.runottawa.ca\\\/fr\\\/ro\\\/membres\\\/les-rencontres-de-courez-ottawa\\\/#breadcrumb\"},\"inLanguage\":\"fr-FR\",\"potentialAction\":[{\"@type\":\"ReadAction\",\"target\":[\"https:\\\/\\\/www.runottawa.ca\\\/fr\\\/ro\\\/membres\\\/les-rencontres-de-courez-ottawa\\\/\"]}]},{\"@type\":\"BreadcrumbList\",\"@id\":\"https:\\\/\\\/www.runottawa.ca\\\/fr\\\/ro\\\/membres\\\/les-rencontres-de-courez-ottawa\\\/#breadcrumb\",\"itemListElement\":[{\"@type\":\"ListItem\",\"position\":1,\"name\":\"Home\",\"item\":\"https:\\\/\\\/www.runottawa.ca\\\/fr\\\/\"},{\"@type\":\"ListItem\",\"position\":2,\"name\":\"Courez Ottawa\",\"item\":\"https:\\\/\\\/www.runottawa.ca\\\/fr\\\/ro\\\/\"},{\"@type\":\"ListItem\",\"position\":3,\"name\":\"Membres\",\"item\":\"https:\\\/\\\/www.runottawa.ca\\\/fr\\\/ro\\\/membres\\\/\"},{\"@type\":\"ListItem\",\"position\":4,\"name\":\"Les rencontres de Courez Ottawa\"}]},{\"@type\":\"WebSite\",\"@id\":\"https:\\\/\\\/www.runottawa.ca\\\/fr\\\/#website\",\"url\":\"https:\\\/\\\/www.runottawa.ca\\\/fr\\\/\",\"name\":\"Run Ottawa\",\"description\":\"\",\"potentialAction\":[{\"@type\":\"SearchAction\",\"target\":{\"@type\":\"EntryPoint\",\"urlTemplate\":\"https:\\\/\\\/www.runottawa.ca\\\/fr\\\/?s={search_term_string}\"},\"query-input\":{\"@type\":\"PropertyValueSpecification\",\"valueRequired\":true,\"valueName\":\"search_term_string\"}}],\"inLanguage\":\"fr-FR\"}]}<\/script>\n<!-- \/ Yoast SEO plugin. -->","yoast_head_json":{"title":"Les rencontres de Courez Ottawa - Run Ottawa","robots":{"index":"index","follow":"follow","max-snippet":"max-snippet:-1","max-image-preview":"max-image-preview:large","max-video-preview":"max-video-preview:-1"},"canonical":"https:\/\/www.runottawa.ca\/fr\/ro\/membres\/les-rencontres-de-courez-ottawa\/","twitter_misc":{"Dur\u00e9e de lecture estim\u00e9e":"1 minute"},"schema":{"@context":"https:\/\/schema.org","@graph":[{"@type":"WebPage","@id":"https:\/\/www.runottawa.ca\/fr\/ro\/membres\/les-rencontres-de-courez-ottawa\/","url":"https:\/\/www.runottawa.ca\/fr\/ro\/membres\/les-rencontres-de-courez-ottawa\/","name":"Les rencontres de Courez Ottawa - Run Ottawa","isPartOf":{"@id":"https:\/\/www.runottawa.ca\/fr\/#website"},"datePublished":"2016-04-20T14:38:54+00:00","dateModified":"2017-04-12T11:50:58+00:00","breadcrumb":{"@id":"https:\/\/www.runottawa.ca\/fr\/ro\/membres\/les-rencontres-de-courez-ottawa\/#breadcrumb"},"inLanguage":"fr-FR","potentialAction":[{"@type":"ReadAction","target":["https:\/\/www.runottawa.ca\/fr\/ro\/membres\/les-rencontres-de-courez-ottawa\/"]}]},{"@type":"BreadcrumbList","@id":"https:\/\/www.runottawa.ca\/fr\/ro\/membres\/les-rencontres-de-courez-ottawa\/#breadcrumb","itemListElement":[{"@type":"ListItem","position":1,"name":"Home","item":"https:\/\/www.runottawa.ca\/fr\/"},{"@type":"ListItem","position":2,"name":"Courez Ottawa","item":"https:\/\/www.runottawa.ca\/fr\/ro\/"},{"@type":"ListItem","position":3,"name":"Membres","item":"https:\/\/www.runottawa.ca\/fr\/ro\/membres\/"},{"@type":"ListItem","position":4,"name":"Les rencontres de Courez Ottawa"}]},{"@type":"WebSite","@id":"https:\/\/www.runottawa.ca\/fr\/#website","url":"https:\/\/www.runottawa.ca\/fr\/","name":"Run Ottawa","description":"","potentialAction":[{"@type":"SearchAction","target":{"@type":"EntryPoint","urlTemplate":"https:\/\/www.runottawa.ca\/fr\/?s={search_term_string}"},"query-input":{"@type":"PropertyValueSpecification","valueRequired":true,"valueName":"search_term_string"}}],"inLanguage":"fr-FR"}]}},"_links":{"self":[{"href":"https:\/\/www.runottawa.ca\/fr\/wp-json\/wp\/v2\/pages\/9997","targetHints":{"allow":["GET"]}}],"collection":[{"href":"https:\/\/www.runottawa.ca\/fr\/wp-json\/wp\/v2\/pages"}],"about":[{"href":"https:\/\/www.runottawa.ca\/fr\/wp-json\/wp\/v2\/types\/page"}],"author":[{"embeddable":true,"href":"https:\/\/www.runottawa.ca\/fr\/wp-json\/wp\/v2\/users\/33"}],"replies":[{"embeddable":true,"href":"https:\/\/www.runottawa.ca\/fr\/wp-json\/wp\/v2\/comments?post=9997"}],"version-history":[{"count":8,"href":"https:\/\/www.runottawa.ca\/fr\/wp-json\/wp\/v2\/pages\/9997\/revisions"}],"predecessor-version":[{"id":11591,"href":"https:\/\/www.runottawa.ca\/fr\/wp-json\/wp\/v2\/pages\/9997\/revisions\/11591"}],"up":[{"embeddable":true,"href":"https:\/\/www.runottawa.ca\/fr\/wp-json\/wp\/v2\/pages\/2657"}],"wp:attachment":[{"href":"https:\/\/www.runottawa.ca\/fr\/wp-json\/wp\/v2\/media?parent=9997"}],"curies":[{"name":"wp","href":"https:\/\/api.w.org\/{rel}","templated":true}]}}