{"id":7579,"date":"2015-08-31T14:15:22","date_gmt":"2015-08-31T18:15:22","guid":{"rendered":"http:\/\/www.runottawa.ca\/?page_id=7579"},"modified":"2023-11-09T10:38:35","modified_gmt":"2023-11-09T15:38:35","slug":"athletes-ayant-un-handicap","status":"publish","type":"page","link":"https:\/\/www.runottawa.ca\/fr\/torw\/coureurs\/athletes-ayant-un-handicap\/","title":{"rendered":"Programme adaptatif pour les athl\u00e8tes"},"content":{"rendered":"<p id=\"E120\" class=\"qowt-stl-Heading2 x-scope qowt-word-para-1\"><span id=\"E121\">Les organisateurs de la Fin de semaine des courses <\/span><span id=\"E123\">Tamarack<\/span><span id=\"E125\"> d\u2019Ottawa se sont engag\u00e9s \u00e0 \u00e9liminer les obstacles entre les personnes handicap\u00e9es et les participants non handicap\u00e9s en offrant des \u00e9preuves inclusives, amusantes et s\u00e9curitaires pour tous.<\/span><\/p>\n<p id=\"E126\" class=\"qowt-stl-Heading2 x-scope qowt-word-para-1\"><span id=\"E127\">Pour y<\/span><span id=\"E128\"> arriver, les organisateurs tentent d\u2019offrir le m\u00eame nivea<\/span><span id=\"E131\">u d\u2019accessibilit\u00e9 \u00e0 ses activit\u00e9s afin que tous les participants (handicap\u00e9s ou non) puissent atteindre leurs objectifs et r\u00e9aliser tout leur potentiel.<\/span><\/p>\n<p>Nous invitons les personnes de toutes capacit\u00e9s \u00e0 nous rejoindre dans notre mission qui consiste \u00e0 c\u00e9l\u00e9brer la joie de courir et la camaraderie. Dans le cadre de notre engagement \u00e0 la transparence, nous souhaitons informer nos participants que, bien que nous accueillions avec enthousiasme les athl\u00e8tes adaptatifs \u00e0 tous nos \u00e9v\u00e9nements, deux de nos courses peuvent n\u00e9cessiter une attention particuli\u00e8re avant de s&rsquo;engager \u00e0 y participer.<br \/>\n9runrun, qui se d\u00e9roule \u00e0 l&rsquo;automne dans le d\u00e9cor \u00e9poustouflant du sentier transcanadien, se caract\u00e9rise par un sentier \u00e9troit et irr\u00e9gulier en gravier concass\u00e9. En cas de fortes pluies, le gravier peut repr\u00e9senter une r\u00e9sistance suppl\u00e9mentaire au roulement et des d\u00e9fis suppl\u00e9mentaires pour les personnes utilisant des appareils de mobilit\u00e9.<br \/>\nL&rsquo;\u00e9v\u00e9nement Frost County, une v\u00e9ritable exp\u00e9rience de course cross-country, se d\u00e9roule sur un m\u00e9lange de neige, de glace, d&rsquo;herbe et de boue, avec des obstacles difficiles \u00e0 franchir qui peuvent \u00eatre dangereux pour certains. Nous encourageons tous les athl\u00e8tes \u00e0 \u00e9valuer leurs capacit\u00e9s et \u00e0 consulter notre \u00e9quipe s&rsquo;ils ont des inqui\u00e9tudes concernant ces courses sp\u00e9cifiques.<br \/>\n\u00c0 Courez Ottawa, nous nous effor\u00e7ons de cr\u00e9er un environnement de soutien et d&rsquo;habilitation pour les athl\u00e8tes adaptatifs, en veillant \u00e0 ce que tous puissent vivre l&rsquo;\u00e9motion de franchir la ligne d&rsquo;arriv\u00e9e.<\/p>\n<h2>Cat\u00e9gories d&rsquo;athl\u00e8tes adapt\u00e9s<\/h2>\n<div id=\"contentsContainer\" class=\"style-scope qowt-page\">\n<h3><b>D\u00e9ficience visuelle<\/b><\/h3>\n<p><span style=\"font-weight: 400;\">Nous encourageons les coureurs et les marcheurs aveugles ou ayant une d\u00e9ficience visuelle \u00e0 s\u2019inscrire en ligne \u00e0 l\u2019\u00e9preuve de leur choix de la<\/span><a href=\"https:\/\/raceroster.com\/events\/2022\/50770\/tamarack-ottawa-race-weekend-2022\"> <span style=\"font-weight: 400;\">Fin de semaine des courses Tamarack d\u2019Ottawa<\/span><\/a><span style=\"font-weight: 400;\">. Ils pourront indiquer leur statut d\u2019athl\u00e8te pratiquant un sport adapt\u00e9 et combien de guides ils ont besoin pour les accompagner sur le parcours. Les guides peuvent participer avec les athl\u00e8tes sans frais. Tous les athl\u00e8tes recevront un courriel apr\u00e8s leur inscription, qui comprendra un code promo pour inscrire gratuitement leurs guides. Si vous avez des questions, envoyez-les par courriel \u00e0 l\u2019adresse questions@runottawa.ca.<\/span><\/p>\n<p><span style=\"font-weight: 400;\">Le 10K d\u2019Ottawa comprend un prix pour les athl\u00e8tes ayant une d\u00e9ficience visuelle. Cette possibilit\u00e9 est offerte aux participants qui sont aveugles au sens de la loi, et elle est parrain\u00e9e par<\/span><a href=\"http:\/\/www.achillesottawa.ca\/\"> <span style=\"font-weight: 400;\">Achilles Ottawa<\/span><\/a><span style=\"font-weight: 400;\">, un club de course cr\u00e9\u00e9 afin de soutenir les guides et les coureurs aveugles ou ayant une d\u00e9ficience visuelle \u00e0 Ottawa. Pour obtenir de plus amples renseignements, envoyez un courriel \u00e0 l\u2019adresse achillesottawa@gmail.com.<\/span><\/p>\n<h3><b>Athl\u00e8tes autonomes n\u00e9cessitant de l\u2019aide<\/b><\/h3>\n<p><span style=\"font-weight: 400;\">Un participant ayant un handicap physique ou intellectuel peut \u00eatre accompagn\u00e9 d\u2019un coureur aidant pour les soutenir pendant l\u2019\u00e9preuve (donner des directives, aide aux stations, etc.). Les coureurs aidants pourront participer gratuitement, mais ils ne recevront pas de puce de chronom\u00e9trage.<\/span><\/p>\n<p><span style=\"font-weight: 400;\">Tous les athl\u00e8tes recevront un courriel apr\u00e8s leur inscription, qui comprendra un code promo pour inscrire leurs aidants sans frais. Si vous avez des questions, envoyez-les par courriel \u00e0 l\u2019adresse questions@runottawa.ca.<\/span><\/p>\n<h3><b>Athl\u00e8tes en fauteuil roulant r\u00e9cr\u00e9atif (amateurs)<\/b><\/h3>\n<p><span style=\"font-weight: 400;\">La Fin de semaine des courses Tamarack d\u2019Ottawa est ouverte \u00e0 tous les participants en fauteuil roulant r\u00e9cr\u00e9atif. Ces derniers partiront dans le corral rouge de chaque \u00e9preuve ou dans un corral plus pr\u00e9c\u00e9dent selon le rythme pr\u00e9vu du participant.<\/span><\/p>\n<p><span style=\"font-weight: 400;\">Pour la s\u00e9curit\u00e9 de tous les participants, les participants en fauteuil roulant doivent respecter les r\u00e8glements applicables aux autres participants et l\u2019\u00e9tiquette du coureur pour le partage de la route.<\/span><\/p>\n<p><span style=\"font-weight: 400;\">Les fauteuils roulants \u00e9lectriques sont autoris\u00e9s \u00e0 condition qu\u2019ils soient utilis\u00e9s \u00e0 une vitesse s\u00e9curitaire pour les autres participants. Les participants en fauteuil roulant \u00e9lectrique seront plac\u00e9s dans les derniers corrals (X, Y, Z). Ils ne sont pas autoris\u00e9s dans les premiers corrals (corrals A, B, C). Il est fortement recommand\u00e9 aux participants en fauteuil roulant de porter un casque. Les participants doivent \u00e9galement s\u2019assurer que leur fauteuil est en bon \u00e9tat et peut \u00eatre ma\u00eetris\u00e9 sur toutes les mont\u00e9es et descentes du parcours.<\/span><\/p>\n<p><span style=\"font-weight: 400;\">Les participants en fauteuil roulant s\u2019inscrivent \u00e0 l\u2019aide du m\u00eame syst\u00e8me d\u2019inscription en ligne que les autres participants, et nous les invitons \u00e0 remplir la section sur les renseignements m\u00e9dicaux afin de fournir toute information essentielle aux repr\u00e9sentants de l\u2019\u00e9v\u00e9nement. Les participants en fauteuil roulant r\u00e9cr\u00e9atif doivent choisir la cat\u00e9gorie \u00ab Recreational Wheelchair Athlete \u00bb (athl\u00e8tes en fauteuil roulant r\u00e9cr\u00e9atif) dans la section du programme adaptatif pour les athl\u00e8tes.<\/span><\/p>\n<h2><b>Programme adaptatif pour les athl\u00e8tes de la Fin de semaine des courses Tamarack d\u2019Ottawa<\/b><\/h2>\n<p><span style=\"font-weight: 400;\">L\u2019objectif du Programme adaptatif pour les athl\u00e8tes est de s\u2019assurer que les athl\u00e8tes se sentent bienvenus et soutenus lors de la Fin de semaine des courses Tamarack d\u2019Ottawa, quelles que soient leurs capacit\u00e9s. Nous savons que les athl\u00e8tes pratiquant un sport adapt\u00e9 ont des exigences particuli\u00e8res, et nous avons cr\u00e9\u00e9 un programme pour r\u00e9pondre \u00e0 leurs besoins uniques.\u00a0<\/span><\/p>\n<p><b>Inscription <\/b><b><br \/>\n<\/b><span style=\"font-weight: 400;\">Au cours du processus d\u2019inscription, sachez que les questions sur les mesures d\u2019adaptation sont inclusives et il n\u2019y a aucun crit\u00e8re d\u2019admissibilit\u00e9. Les athl\u00e8tes du programme adaptatif peuvent utiliser jusqu\u2019\u00e0 trois guides sur le parcours de leur \u00e9preuve. Des codes promotionnels sont automatiquement fournis aux athl\u00e8tes du programme adaptatif apr\u00e8s leur inscription afin que les guides puissent s\u2019inscrire gratuitement \u00e0 la Fin de semaine des courses Tamarack d\u2019Ottawa. Ces codes sont envoy\u00e9s par courriel aux athl\u00e8tes et ces derniers peuvent ensuite les transmettre \u00e0 leurs guides.<\/span><span style=\"font-weight: 400;\"><br \/>\n<\/span><span style=\"font-weight: 400;\"><br \/>\n<\/span><b>S\u00e9jours accessibles \u00e0 Ottawa<\/b><span style=\"font-weight: 400;\"><br \/>\n<\/span><span style=\"font-weight: 400;\">Les participants ont droit \u00e0 un tarif pr\u00e9f\u00e9rentiel dans certains h\u00f4tels de la r\u00e9gion d\u2019Ottawa-Gatineau. Vous pouvez consulter la liste des h\u00f4tels <\/span><a href=\"https:\/\/secure.htgsports.com\/hrms.nsf\/HotelConfirmedInEventPODs?OpenForm&amp;ParentUNID=BAA991A764901922852586F5006BC28C&amp;lang=en&amp;_ga=2.121159304.1437947823.1679316320-1947015238.1672758202&amp;_gac=1.151126603.1679336387.CjwKCAjwiOCgBhAgEiwAjv5whJNx_wIfu8x7-2hhpCNkL_X2n3sBP3kK5f-PvsWqbfOeWGB1u8V_HBoChVQQAvD_BwE\"><span style=\"font-weight: 400;\">ici<\/span><\/a><span style=\"font-weight: 400;\">. Chaque h\u00f4tel a des chambres sans obstacle et vous pouvez indiquer sur la page de r\u00e9servation que vous avez besoin d\u2019une chambre accessible. La personne-ressource pour les r\u00e9servations de chambres accessibles est <\/span><a href=\"mailto:jane@htgsports.com\"><span style=\"font-weight: 400;\">Jane\u00a0Gravel<\/span><\/a><span style=\"font-weight: 400;\"> chez HTG Sports.\u00a0<\/span><\/p>\n<p><b>Ramassage de la trousse de course <\/b><span style=\"font-weight: 400;\"><br \/>\n<\/span><span style=\"font-weight: 400;\">L\u2019<\/span><a href=\"https:\/\/www.runottawa.ca\/fr\/torw\/planifier-votre-sejour\/expo-sports-sante\"><span style=\"font-weight: 400;\">Expo Sports Sant\u00e9<\/span><\/a><span style=\"font-weight: 400;\"> et le ramassage de la trousse de course auront lieu au <\/span><a href=\"https:\/\/goo.gl\/maps\/3vDJRZS4zZr6Rn59A\"><span style=\"font-weight: 400;\">pavillon Aberdeen du parc Lansdowne<\/span><\/a><span style=\"font-weight: 400;\"> les 26 et 27\u00a0mai. Le pavillon est enti\u00e8rement accessible. Il est important de souligner que le samedi\u00a027\u00a0mai, de 8\u00a0h \u00e0 14\u00a0h, la <\/span><a href=\"https:\/\/glebeca.ca\/garage-sale-committee\/\"><span style=\"font-weight: 400;\">Great Glebe Garage Sale<\/span><\/a><span style=\"font-weight: 400;\"> pourrait entra\u00eener des retards pour se rendre \u00e0 l\u2019<\/span><a href=\"https:\/\/www.runottawa.ca\/fr\/torw\/planifier-votre-sejour\/expo-sports-sante\"><span style=\"font-weight: 400;\">Expo Sports Sant\u00e9<\/span><\/a><span style=\"font-weight: 400;\">.<\/span><\/p>\n<p><span style=\"font-weight: 400;\">Il y a 31\u00a0places de stationnement accessibles au parc Lansdowne. Il sera plus facile de stationner votre v\u00e9hicule au parc Lansdowne avant 16\u00a0h le vendredi\u00a026\u00a0mai et apr\u00e8s 14\u00a0h le samedi\u00a027\u00a0mai.\u00a0<\/span><\/p>\n<p><span style=\"font-weight: 400;\">Les circuits\u00a06 et 7 d\u2019OC Transpo, reliant l\u2019h\u00f4tel de ville au parc Lansdowne, sont enti\u00e8rement accessibles. Vous pouvez utiliser le <\/span><a href=\"https:\/\/www.octranspo.com\/fr\/planifiez\/\"><span style=\"font-weight: 400;\">planificateur de trajet d\u2019OC Transpo<\/span><\/a><span style=\"font-weight: 400;\">.<\/span><\/p>\n<p><span style=\"font-weight: 400;\">Une fois arriv\u00e9 \u00e0 l\u2019<\/span><a href=\"https:\/\/www.runottawa.ca\/fr\/torw\/planifier-votre-sejour\/expo-sports-sante\"><span style=\"font-weight: 400;\">Expo Sports Sant\u00e9<\/span><\/a><span style=\"font-weight: 400;\">, rendez-vous au comptoir du programme adaptatif pour r\u00e9cup\u00e9rer votre trousse de course (et votre chandail, si vous en avez achet\u00e9 un sur la <\/span><a href=\"https:\/\/raceroster.com\/store\/64371\/listing\"><span style=\"font-weight: 400;\">boutique de la Fin de semaine des courses Tamarack d\u2019Ottawa<\/span><\/a><span style=\"font-weight: 400;\">).\u00a0<\/span><\/p>\n<p>&nbsp;<\/p>\n<p><b>Services accessibles sur le site de la Fin de semaine des courses Tamarack d\u2019Ottawa<\/b><b><br \/>\n<\/b><span style=\"font-weight: 400;\">Il y aura 20\u00a0toilettes portatives accessibles, dont quatre \u00e0 la Place des festivals, et une \u00e0 chaque poste d\u2019eau sur les parcours. Nous veillerons \u00e0 ce que toutes les toilettes portatives accessibles soient install\u00e9es sur une surface dure et non gazonn\u00e9e.\u00a0<\/span><\/p>\n<p><span style=\"font-weight: 400;\">Il y a 21\u00a0places de stationnement accessibles \u00e0 l\u2019h\u00f4tel de ville d\u2019Ottawa, mais l\u2019acc\u00e8s y sera limit\u00e9. Nous recommandons de les utiliser avant 14\u00a0h le samedi et avant 6\u00a0h le dimanche.<\/span><\/p>\n<p><span style=\"font-weight: 400;\"><br \/>\n<\/span><b>Points de rencontre<\/b><b><br \/>\n<\/b><span style=\"font-weight: 400;\">Nous savons qu\u2019il peut \u00eatre difficile de naviguer sur le site de grand \u00e9v\u00e9nement comme la Fin de semaine des courses Tamarack d\u2019Ottawa. C\u2019est pourquoi nous recommandons aux participants de planifier un point de rencontre avant de se s\u00e9parer de leur groupe (avant ou apr\u00e8s la course). Les points de rencontre accessibles et faciles \u00e0 trouver comprennent le kiosque de marchandise de Courez Ottawa, le c\u00f4t\u00e9 sud de la brasserie en plein air Kichesippi, sous le surplomb situ\u00e9 \u00e0 gauche des portes de l\u2019h\u00f4tel de ville d\u2019Ottawa sur l\u2019avenue Laurier Ouest ou pr\u00e8s du stationnement de v\u00e9los Nakkertok, \u00e0 droite des portes de l\u2019h\u00f4tel de ville d\u2019Ottawa sur l\u2019avenue Laurier Ouest. Ces points sont enti\u00e8rement pav\u00e9s et exempts d\u2019obstacle.<\/span><\/p>\n<p><b>\u00a0Ligne de d\u00e9part accessible<\/b><b><br \/>\n<\/b><span style=\"font-weight: 400;\">Nous sommes heureux d\u2019annoncer que les athl\u00e8tes du programme adaptatif ont un acc\u00e8s direct \u00e0 la ligne de d\u00e9part. Ils peuvent faire la file \u00e0 la tente d\u00e9sign\u00e9e, \u00e0 la Place des festivals Marion\u00a0Dewar, et des b\u00e9n\u00e9voles s\u2019assureront que les athl\u00e8tes du programme adaptatif trouvent facilement l\u2019entr\u00e9e de leur corral. La tente du programme adaptatif se trouve juste \u00e0 c\u00f4t\u00e9 des escaliers ext\u00e9rieurs menant au stationnement souterrain. Ces escaliers sont entour\u00e9s de rampes vertes et se trouvent entre le monument comm\u00e9moratif des pompiers et la sculpture du centenaire. [carte]<\/span><\/p>\n<p><span style=\"font-weight: 400;\">Lorsque la majorit\u00e9 des participants auront pass\u00e9 la ligne de d\u00e9part, les athl\u00e8tes du programme adaptatif seront dirig\u00e9s par un b\u00e9n\u00e9vole vers la ligne de d\u00e9part, en passant par une voie pav\u00e9e. Cette voie m\u00e8nera vers l\u2019entr\u00e9e de l\u2019\u00e9v\u00e9nement, par l\u2019interm\u00e9diaire d\u2019un trottoir en pente. Suivez les instructions des b\u00e9n\u00e9voles et du personnel de l\u2019\u00e9v\u00e9nement pour avoir une exp\u00e9rience agr\u00e9able et s\u00e9curitaire.<\/span><\/p>\n<p><span style=\"font-weight: 400;\">Les athl\u00e8tes du programme adaptatif se placeront dans le corral qu\u2019ils ont indiqu\u00e9 lors de leur inscription, en fonction du temps qu\u2019ils pr\u00e9voient faire.<\/span><\/p>\n<p><span style=\"font-weight: 400;\">Veuillez noter que les tapis de chronom\u00e9trage \u00e0 la ligne de d\u00e9part servent \u00e9galement de conduite pour des c\u00e2bles \u00e9lectriques. Nous demandons donc aux participants de se pr\u00e9parer \u00e0 franchir ce petit obstacle au d\u00e9but de la course.\u00a0<\/span><\/p>\n<p><b>Ligne d\u2019arriv\u00e9e<\/b><b><br \/>\n<\/b><span style=\"font-weight: 400;\">Le 2K d\u2019Ottawa pr\u00e9sent\u00e9 par ASICS Runkeeper comprendra une <\/span><b>station de lingettes froides pour les athl\u00e8tes du programme adaptatif<\/b><span style=\"font-weight: 400;\">. Gr\u00e2ce \u00e0 la mention \u00ab\u00a0AA\u00a0\u00bb figure sur le dossard des athl\u00e8tes du programme adaptatif, ces derniers pourront avoir acc\u00e8s \u00e0 cette station ainsi que pour s\u2019assurer que le personnel de s\u00e9curit\u00e9 et les b\u00e9n\u00e9voles soient r\u00e9ceptifs \u00e0 modifier la disposition des barricades ou des structures de parcours, au besoin.\u00a0<\/span><\/p>\n<p><b>Zones de r\u00e9cup\u00e9ration<\/b><span style=\"font-weight: 400;\"><br \/>\n<\/span><span style=\"font-weight: 400;\">Toutes les \u00e9preuves de la Fin de semaine des courses Tamarack d\u2019Ottawa ayant des athl\u00e8tes du programme adaptatif comprennent une <\/span><b>zone de r\u00e9cup\u00e9ration d\u00e9sign\u00e9e dans le parc de la Conf\u00e9d\u00e9ration<\/b><span style=\"font-weight: 400;\">, sur une surface pav\u00e9e afin d\u2019\u00e9viter que les athl\u00e8tes aient \u00e0 traverser des obstacles ou un terrain \u00e0 surface mixte. Les athl\u00e8tes du programme adaptatif peuvent utiliser l\u2019espace de r\u00e9cup\u00e9ration de leur choix, qu\u2019il soit accessible ou sur une surface gazonn\u00e9e. La distance entre la zone de r\u00e9cup\u00e9ration et la Place des festivals est de 100\u00a0m\u00e8tres, sans \u00e9l\u00e9vation. <\/span><span style=\"font-weight: 400;\"><br \/>\n<\/span><span style=\"font-weight: 400;\"><br \/>\n<\/span><span style=\"font-weight: 400;\">La<\/span><b> Place des festivals Marion\u00a0Dewar<\/b><span style=\"font-weight: 400;\"> est un bon endroit pour c\u00e9l\u00e9brer vos accomplissements. DJ\u00a0Prosper divertira la foule, et les participants pourront d\u00e9guster une boisson de c\u00e9l\u00e9bration (alcoolis\u00e9e ou non) ainsi que les douceurs propos\u00e9es par les divers restaurateurs et partenaires de l\u2019\u00e9v\u00e9nement.\u00a0<\/span><\/p>\n<p><span style=\"font-weight: 400;\">Il y aura quatre toilettes portatives accessibles \u00e0 la Place des festivals, et nous veillerons \u00e0 ce qu\u2019elles soient install\u00e9es sur une surface dure et pav\u00e9e.\u00a0<\/span><\/p>\n<p><span style=\"font-weight: 400;\">Nous esp\u00e9rons que ces nouveaut\u00e9s feront en sorte que l\u2019exp\u00e9rience \u00e0 la Fin de semaine des courses Tamarack d\u2019Ottawa sera agr\u00e9able et s\u00e9curitaire pour tous les athl\u00e8tes du programme adaptatif. Si vous avez des questions ou des pr\u00e9occupations, n\u2019h\u00e9sitez pas \u00e0 communiquer avec nous \u00e0 l\u2019adresse <\/span><a href=\"mailto:questions@runottawa.ca\"><span style=\"font-weight: 400;\">questions@runottawa.ca<\/span><\/a><span style=\"font-weight: 400;\">.<\/span><\/p>\n<p><span style=\"font-weight: 400;\">Courez Ottawa continuera d\u2019apprendre et d\u2019am\u00e9liorer son programme gr\u00e2ce aux exp\u00e9riences v\u00e9cues et en utilisant les pr\u00e9cieux commentaires des participants. Nous esp\u00e9rons que les mesures du programme rendront votre participation tout simplement m\u00e9morable.<\/span><\/p>\n<\/div>\n","protected":false},"excerpt":{"rendered":"<p>Les organisateurs de la Fin de semaine des courses Tamarack d\u2019Ottawa se sont engag\u00e9s \u00e0 \u00e9liminer les obstacles entre les personnes handicap\u00e9es et les participants non handicap\u00e9s en offrant des \u00e9preuves inclusives, amusantes et s\u00e9curitaires pour tous. Pour y arriver, les organisateurs tentent d\u2019offrir le m\u00eame niveau d\u2019accessibilit\u00e9 \u00e0 ses [&hellip;]<\/p>\n","protected":false},"author":33,"featured_media":0,"parent":13551,"menu_order":198,"comment_status":"closed","ping_status":"open","template":"template-race-weekend.php","meta":{"_acf_changed":false,"footnotes":""},"class_list":["post-7579","page","type-page","status-publish","hentry"],"acf":[],"yoast_head":"<!-- This site is optimized with the Yoast SEO plugin v27.4 - https:\/\/yoast.com\/product\/yoast-seo-wordpress\/ -->\n<title>Programme adaptatif pour les athl\u00e8tes - Run Ottawa<\/title>\n<meta name=\"robots\" content=\"index, follow, max-snippet:-1, max-image-preview:large, max-video-preview:-1\" \/>\n<link rel=\"canonical\" href=\"https:\/\/www.runottawa.ca\/fr\/torw\/coureurs\/athletes-ayant-un-handicap\/\" \/>\n<meta name=\"twitter:label1\" content=\"Dur\u00e9e de lecture estim\u00e9e\" \/>\n\t<meta name=\"twitter:data1\" content=\"9 minutes\" \/>\n<script type=\"application\/ld+json\" class=\"yoast-schema-graph\">{\"@context\":\"https:\\\/\\\/schema.org\",\"@graph\":[{\"@type\":\"WebPage\",\"@id\":\"https:\\\/\\\/www.runottawa.ca\\\/fr\\\/torw\\\/coureurs\\\/athletes-ayant-un-handicap\\\/\",\"url\":\"https:\\\/\\\/www.runottawa.ca\\\/fr\\\/torw\\\/coureurs\\\/athletes-ayant-un-handicap\\\/\",\"name\":\"Programme adaptatif pour les athl\u00e8tes - Run Ottawa\",\"isPartOf\":{\"@id\":\"https:\\\/\\\/www.runottawa.ca\\\/fr\\\/#website\"},\"datePublished\":\"2015-08-31T18:15:22+00:00\",\"dateModified\":\"2023-11-09T15:38:35+00:00\",\"breadcrumb\":{\"@id\":\"https:\\\/\\\/www.runottawa.ca\\\/fr\\\/torw\\\/coureurs\\\/athletes-ayant-un-handicap\\\/#breadcrumb\"},\"inLanguage\":\"fr-FR\",\"potentialAction\":[{\"@type\":\"ReadAction\",\"target\":[\"https:\\\/\\\/www.runottawa.ca\\\/fr\\\/torw\\\/coureurs\\\/athletes-ayant-un-handicap\\\/\"]}]},{\"@type\":\"BreadcrumbList\",\"@id\":\"https:\\\/\\\/www.runottawa.ca\\\/fr\\\/torw\\\/coureurs\\\/athletes-ayant-un-handicap\\\/#breadcrumb\",\"itemListElement\":[{\"@type\":\"ListItem\",\"position\":1,\"name\":\"Home\",\"item\":\"https:\\\/\\\/www.runottawa.ca\\\/fr\\\/\"},{\"@type\":\"ListItem\",\"position\":2,\"name\":\"Fin de semaine des courses Tamarack d\u2019Ottawa\",\"item\":\"https:\\\/\\\/www.runottawa.ca\\\/fr\\\/\"},{\"@type\":\"ListItem\",\"position\":3,\"name\":\"Coureurs\",\"item\":\"https:\\\/\\\/www.runottawa.ca\\\/fr\\\/torw\\\/coureurs\\\/\"},{\"@type\":\"ListItem\",\"position\":4,\"name\":\"Programme adaptatif pour les athl\u00e8tes\"}]},{\"@type\":\"WebSite\",\"@id\":\"https:\\\/\\\/www.runottawa.ca\\\/fr\\\/#website\",\"url\":\"https:\\\/\\\/www.runottawa.ca\\\/fr\\\/\",\"name\":\"Run Ottawa\",\"description\":\"\",\"potentialAction\":[{\"@type\":\"SearchAction\",\"target\":{\"@type\":\"EntryPoint\",\"urlTemplate\":\"https:\\\/\\\/www.runottawa.ca\\\/fr\\\/?s={search_term_string}\"},\"query-input\":{\"@type\":\"PropertyValueSpecification\",\"valueRequired\":true,\"valueName\":\"search_term_string\"}}],\"inLanguage\":\"fr-FR\"}]}<\/script>\n<!-- \/ Yoast SEO plugin. -->","yoast_head_json":{"title":"Programme adaptatif pour les athl\u00e8tes - Run Ottawa","robots":{"index":"index","follow":"follow","max-snippet":"max-snippet:-1","max-image-preview":"max-image-preview:large","max-video-preview":"max-video-preview:-1"},"canonical":"https:\/\/www.runottawa.ca\/fr\/torw\/coureurs\/athletes-ayant-un-handicap\/","twitter_misc":{"Dur\u00e9e de lecture estim\u00e9e":"9 minutes"},"schema":{"@context":"https:\/\/schema.org","@graph":[{"@type":"WebPage","@id":"https:\/\/www.runottawa.ca\/fr\/torw\/coureurs\/athletes-ayant-un-handicap\/","url":"https:\/\/www.runottawa.ca\/fr\/torw\/coureurs\/athletes-ayant-un-handicap\/","name":"Programme adaptatif pour les athl\u00e8tes - Run Ottawa","isPartOf":{"@id":"https:\/\/www.runottawa.ca\/fr\/#website"},"datePublished":"2015-08-31T18:15:22+00:00","dateModified":"2023-11-09T15:38:35+00:00","breadcrumb":{"@id":"https:\/\/www.runottawa.ca\/fr\/torw\/coureurs\/athletes-ayant-un-handicap\/#breadcrumb"},"inLanguage":"fr-FR","potentialAction":[{"@type":"ReadAction","target":["https:\/\/www.runottawa.ca\/fr\/torw\/coureurs\/athletes-ayant-un-handicap\/"]}]},{"@type":"BreadcrumbList","@id":"https:\/\/www.runottawa.ca\/fr\/torw\/coureurs\/athletes-ayant-un-handicap\/#breadcrumb","itemListElement":[{"@type":"ListItem","position":1,"name":"Home","item":"https:\/\/www.runottawa.ca\/fr\/"},{"@type":"ListItem","position":2,"name":"Fin de semaine des courses Tamarack d\u2019Ottawa","item":"https:\/\/www.runottawa.ca\/fr\/"},{"@type":"ListItem","position":3,"name":"Coureurs","item":"https:\/\/www.runottawa.ca\/fr\/torw\/coureurs\/"},{"@type":"ListItem","position":4,"name":"Programme adaptatif pour les athl\u00e8tes"}]},{"@type":"WebSite","@id":"https:\/\/www.runottawa.ca\/fr\/#website","url":"https:\/\/www.runottawa.ca\/fr\/","name":"Run Ottawa","description":"","potentialAction":[{"@type":"SearchAction","target":{"@type":"EntryPoint","urlTemplate":"https:\/\/www.runottawa.ca\/fr\/?s={search_term_string}"},"query-input":{"@type":"PropertyValueSpecification","valueRequired":true,"valueName":"search_term_string"}}],"inLanguage":"fr-FR"}]}},"_links":{"self":[{"href":"https:\/\/www.runottawa.ca\/fr\/wp-json\/wp\/v2\/pages\/7579","targetHints":{"allow":["GET"]}}],"collection":[{"href":"https:\/\/www.runottawa.ca\/fr\/wp-json\/wp\/v2\/pages"}],"about":[{"href":"https:\/\/www.runottawa.ca\/fr\/wp-json\/wp\/v2\/types\/page"}],"author":[{"embeddable":true,"href":"https:\/\/www.runottawa.ca\/fr\/wp-json\/wp\/v2\/users\/33"}],"replies":[{"embeddable":true,"href":"https:\/\/www.runottawa.ca\/fr\/wp-json\/wp\/v2\/comments?post=7579"}],"version-history":[{"count":21,"href":"https:\/\/www.runottawa.ca\/fr\/wp-json\/wp\/v2\/pages\/7579\/revisions"}],"predecessor-version":[{"id":37400,"href":"https:\/\/www.runottawa.ca\/fr\/wp-json\/wp\/v2\/pages\/7579\/revisions\/37400"}],"up":[{"embeddable":true,"href":"https:\/\/www.runottawa.ca\/fr\/wp-json\/wp\/v2\/pages\/13551"}],"wp:attachment":[{"href":"https:\/\/www.runottawa.ca\/fr\/wp-json\/wp\/v2\/media?parent=7579"}],"curies":[{"name":"wp","href":"https:\/\/api.w.org\/{rel}","templated":true}]}}