{"id":6496,"date":"2015-05-20T12:40:27","date_gmt":"2015-05-20T16:40:27","guid":{"rendered":"http:\/\/www.runottawa.ca\/?page_id=6496"},"modified":"2024-06-03T14:45:02","modified_gmt":"2024-06-03T18:45:02","slug":"resultats-et-suivi-de-coureurs-en-direct","status":"publish","type":"page","link":"https:\/\/www.runottawa.ca\/fr\/torw\/coureurs\/resultats-et-suivi-de-coureurs-en-direct\/","title":{"rendered":"R\u00e9sultats et suivi de coureurs en direct"},"content":{"rendered":"<h2><strong>R\u00e9sultats en direct\u00a0<\/strong><\/h2>\n<p>Vous pouvez suivre vos athl\u00e8tes avec l&rsquo;application de la Fin de semaine des courses de Tamarack d&rsquo;Ottawa ! <a href=\"https:\/\/www.runottawa.ca\/fr\/telechargez-lapplication-de-la-fin-de-semaine-des-courses\">T\u00e9l\u00e9chargez l&rsquo;application ici<\/a> !<\/p>\n<p><a href=\"https:\/\/www.sportstats.ca\/\">Retrouvez vos r\u00e9sultats sur Sportstats<\/a><\/p>\n<h2>Diffusion en direct | 2023<\/h2>\n<p>Revisitez le diffusions en direct du Marathon International d&rsquo;Ottawa Tartan<\/p>\n<p><iframe loading=\"lazy\" title=\"Ottawa Race Weekend 2023 - Marathon | Rogers tv\" width=\"500\" height=\"281\" src=\"https:\/\/www.youtube.com\/embed\/X2nXK4c9RXQ?feature=oembed\" frameborder=\"0\" allow=\"accelerometer; autoplay; clipboard-write; encrypted-media; gyroscope; picture-in-picture; web-share\" referrerpolicy=\"strict-origin-when-cross-origin\" allowfullscreen><\/iframe><\/p>\n<p>&nbsp;<\/p>\n<p>Revisitez le diffusions en direct des Championnats canadiens de 10 km.<\/p>\n<p><iframe loading=\"lazy\" title=\"Ottawa Race Weekend 2023 - 10km | Rogers tv\" width=\"500\" height=\"281\" src=\"https:\/\/www.youtube.com\/embed\/g5MRG4cGiiA?feature=oembed\" frameborder=\"0\" allow=\"accelerometer; autoplay; clipboard-write; encrypted-media; gyroscope; picture-in-picture; web-share\" referrerpolicy=\"strict-origin-when-cross-origin\" allowfullscreen><\/iframe><\/p>\n<h2>Regardez le\u00a0diffusions en direct de 2024 sur <a href=\"https:\/\/www.youtube.com\/user\/TheRunOttawa\">YouTube<\/a>.<\/h2>\n<p><a href=\"https:\/\/youtube.com\/live\/mCHwCQr-VkQ?feature=share\"><strong>10K d\u2019Ottawa pr\u00e9sent\u00e9 par Otto\u2019s Ottawa<\/strong><\/a><\/p>\n<p><a href=\"https:\/\/youtube.com\/live\/8dvjISfC9bM?feature=share\"><strong>Marathon international d\u2019Ottawa Tartan<\/strong><\/a><\/p>\n","protected":false},"excerpt":{"rendered":"<p>R\u00e9sultats en direct\u00a0 Vous pouvez suivre vos athl\u00e8tes avec l&rsquo;application de la Fin de semaine des courses de Tamarack d&rsquo;Ottawa ! T\u00e9l\u00e9chargez l&rsquo;application ici ! Retrouvez vos r\u00e9sultats sur Sportstats Diffusion en direct | 2023 Revisitez le diffusions en direct du Marathon International d&rsquo;Ottawa Tartan &nbsp; Revisitez le diffusions en [&hellip;]<\/p>\n","protected":false},"author":33,"featured_media":0,"parent":13551,"menu_order":348,"comment_status":"closed","ping_status":"open","template":"template-race-weekend.php","meta":{"_acf_changed":false,"footnotes":""},"class_list":["post-6496","page","type-page","status-publish","hentry"],"acf":[],"yoast_head":"<!-- This site is optimized with the Yoast SEO plugin v27.4 - https:\/\/yoast.com\/product\/yoast-seo-wordpress\/ -->\n<title>R\u00e9sultats et suivi de coureurs en direct - Run Ottawa<\/title>\n<meta name=\"robots\" content=\"index, follow, max-snippet:-1, max-image-preview:large, max-video-preview:-1\" \/>\n<link rel=\"canonical\" href=\"https:\/\/www.runottawa.ca\/fr\/torw\/coureurs\/resultats-et-suivi-de-coureurs-en-direct\/\" \/>\n<meta name=\"twitter:label1\" content=\"Dur\u00e9e de lecture estim\u00e9e\" \/>\n\t<meta name=\"twitter:data1\" content=\"1 minute\" \/>\n<script type=\"application\/ld+json\" class=\"yoast-schema-graph\">{\"@context\":\"https:\\\/\\\/schema.org\",\"@graph\":[{\"@type\":\"WebPage\",\"@id\":\"https:\\\/\\\/www.runottawa.ca\\\/fr\\\/torw\\\/coureurs\\\/resultats-et-suivi-de-coureurs-en-direct\\\/\",\"url\":\"https:\\\/\\\/www.runottawa.ca\\\/fr\\\/torw\\\/coureurs\\\/resultats-et-suivi-de-coureurs-en-direct\\\/\",\"name\":\"R\u00e9sultats et suivi de coureurs en direct - Run Ottawa\",\"isPartOf\":{\"@id\":\"https:\\\/\\\/www.runottawa.ca\\\/fr\\\/#website\"},\"datePublished\":\"2015-05-20T16:40:27+00:00\",\"dateModified\":\"2024-06-03T18:45:02+00:00\",\"breadcrumb\":{\"@id\":\"https:\\\/\\\/www.runottawa.ca\\\/fr\\\/torw\\\/coureurs\\\/resultats-et-suivi-de-coureurs-en-direct\\\/#breadcrumb\"},\"inLanguage\":\"fr-FR\",\"potentialAction\":[{\"@type\":\"ReadAction\",\"target\":[\"https:\\\/\\\/www.runottawa.ca\\\/fr\\\/torw\\\/coureurs\\\/resultats-et-suivi-de-coureurs-en-direct\\\/\"]}]},{\"@type\":\"BreadcrumbList\",\"@id\":\"https:\\\/\\\/www.runottawa.ca\\\/fr\\\/torw\\\/coureurs\\\/resultats-et-suivi-de-coureurs-en-direct\\\/#breadcrumb\",\"itemListElement\":[{\"@type\":\"ListItem\",\"position\":1,\"name\":\"Home\",\"item\":\"https:\\\/\\\/www.runottawa.ca\\\/fr\\\/\"},{\"@type\":\"ListItem\",\"position\":2,\"name\":\"Fin de semaine des courses Tamarack d\u2019Ottawa\",\"item\":\"https:\\\/\\\/www.runottawa.ca\\\/fr\\\/\"},{\"@type\":\"ListItem\",\"position\":3,\"name\":\"Coureurs\",\"item\":\"https:\\\/\\\/www.runottawa.ca\\\/fr\\\/torw\\\/coureurs\\\/\"},{\"@type\":\"ListItem\",\"position\":4,\"name\":\"R\u00e9sultats et suivi de coureurs en direct\"}]},{\"@type\":\"WebSite\",\"@id\":\"https:\\\/\\\/www.runottawa.ca\\\/fr\\\/#website\",\"url\":\"https:\\\/\\\/www.runottawa.ca\\\/fr\\\/\",\"name\":\"Run Ottawa\",\"description\":\"\",\"potentialAction\":[{\"@type\":\"SearchAction\",\"target\":{\"@type\":\"EntryPoint\",\"urlTemplate\":\"https:\\\/\\\/www.runottawa.ca\\\/fr\\\/?s={search_term_string}\"},\"query-input\":{\"@type\":\"PropertyValueSpecification\",\"valueRequired\":true,\"valueName\":\"search_term_string\"}}],\"inLanguage\":\"fr-FR\"}]}<\/script>\n<!-- \/ Yoast SEO plugin. -->","yoast_head_json":{"title":"R\u00e9sultats et suivi de coureurs en direct - Run Ottawa","robots":{"index":"index","follow":"follow","max-snippet":"max-snippet:-1","max-image-preview":"max-image-preview:large","max-video-preview":"max-video-preview:-1"},"canonical":"https:\/\/www.runottawa.ca\/fr\/torw\/coureurs\/resultats-et-suivi-de-coureurs-en-direct\/","twitter_misc":{"Dur\u00e9e de lecture estim\u00e9e":"1 minute"},"schema":{"@context":"https:\/\/schema.org","@graph":[{"@type":"WebPage","@id":"https:\/\/www.runottawa.ca\/fr\/torw\/coureurs\/resultats-et-suivi-de-coureurs-en-direct\/","url":"https:\/\/www.runottawa.ca\/fr\/torw\/coureurs\/resultats-et-suivi-de-coureurs-en-direct\/","name":"R\u00e9sultats et suivi de coureurs en direct - Run Ottawa","isPartOf":{"@id":"https:\/\/www.runottawa.ca\/fr\/#website"},"datePublished":"2015-05-20T16:40:27+00:00","dateModified":"2024-06-03T18:45:02+00:00","breadcrumb":{"@id":"https:\/\/www.runottawa.ca\/fr\/torw\/coureurs\/resultats-et-suivi-de-coureurs-en-direct\/#breadcrumb"},"inLanguage":"fr-FR","potentialAction":[{"@type":"ReadAction","target":["https:\/\/www.runottawa.ca\/fr\/torw\/coureurs\/resultats-et-suivi-de-coureurs-en-direct\/"]}]},{"@type":"BreadcrumbList","@id":"https:\/\/www.runottawa.ca\/fr\/torw\/coureurs\/resultats-et-suivi-de-coureurs-en-direct\/#breadcrumb","itemListElement":[{"@type":"ListItem","position":1,"name":"Home","item":"https:\/\/www.runottawa.ca\/fr\/"},{"@type":"ListItem","position":2,"name":"Fin de semaine des courses Tamarack d\u2019Ottawa","item":"https:\/\/www.runottawa.ca\/fr\/"},{"@type":"ListItem","position":3,"name":"Coureurs","item":"https:\/\/www.runottawa.ca\/fr\/torw\/coureurs\/"},{"@type":"ListItem","position":4,"name":"R\u00e9sultats et suivi de coureurs en direct"}]},{"@type":"WebSite","@id":"https:\/\/www.runottawa.ca\/fr\/#website","url":"https:\/\/www.runottawa.ca\/fr\/","name":"Run Ottawa","description":"","potentialAction":[{"@type":"SearchAction","target":{"@type":"EntryPoint","urlTemplate":"https:\/\/www.runottawa.ca\/fr\/?s={search_term_string}"},"query-input":{"@type":"PropertyValueSpecification","valueRequired":true,"valueName":"search_term_string"}}],"inLanguage":"fr-FR"}]}},"_links":{"self":[{"href":"https:\/\/www.runottawa.ca\/fr\/wp-json\/wp\/v2\/pages\/6496","targetHints":{"allow":["GET"]}}],"collection":[{"href":"https:\/\/www.runottawa.ca\/fr\/wp-json\/wp\/v2\/pages"}],"about":[{"href":"https:\/\/www.runottawa.ca\/fr\/wp-json\/wp\/v2\/types\/page"}],"author":[{"embeddable":true,"href":"https:\/\/www.runottawa.ca\/fr\/wp-json\/wp\/v2\/users\/33"}],"replies":[{"embeddable":true,"href":"https:\/\/www.runottawa.ca\/fr\/wp-json\/wp\/v2\/comments?post=6496"}],"version-history":[{"count":13,"href":"https:\/\/www.runottawa.ca\/fr\/wp-json\/wp\/v2\/pages\/6496\/revisions"}],"predecessor-version":[{"id":39524,"href":"https:\/\/www.runottawa.ca\/fr\/wp-json\/wp\/v2\/pages\/6496\/revisions\/39524"}],"up":[{"embeddable":true,"href":"https:\/\/www.runottawa.ca\/fr\/wp-json\/wp\/v2\/pages\/13551"}],"wp:attachment":[{"href":"https:\/\/www.runottawa.ca\/fr\/wp-json\/wp\/v2\/media?parent=6496"}],"curies":[{"name":"wp","href":"https:\/\/api.w.org\/{rel}","templated":true}]}}