{"id":6477,"date":"2015-05-20T09:40:11","date_gmt":"2015-05-20T13:40:11","guid":{"rendered":"http:\/\/www.runottawa.ca\/?page_id=6477"},"modified":"2019-10-24T13:22:57","modified_gmt":"2019-10-24T17:22:57","slug":"beer-garden","status":"publish","type":"page","link":"https:\/\/www.runottawa.ca\/fr\/torw\/planifier-votre-sejour\/beer-garden\/","title":{"rendered":"Brasserie en plein air Kichesippi"},"content":{"rendered":"<h3 class=\"null\">C\u00e9l\u00e9brez avec de la bi\u00e8re, de la bouffe et de la musique!<\/h3>\n<p>Situ\u00e9 \u00e0 c\u00f4t\u00e9 de la sc\u00e8ne C\u00e9l\u00e9bration, la brasserie en plein air Kichesippi offrira de la bi\u00e8re d\u00e9licieuse et de quoi manger pendant les heures suivantes.<\/p>\n<ul>\n<li>Vendredi \u2013 de 17 \u00e0 22 heures<\/li>\n<li>Samedi &#8211; de 12 \u00e0 22 heures<\/li>\n<li>Dimanche \u2013 de 11 \u00e0 15 heures<\/li>\n<\/ul>\n","protected":false},"excerpt":{"rendered":"<p>C\u00e9l\u00e9brez avec de la bi\u00e8re, de la bouffe et de la musique! Situ\u00e9 \u00e0 c\u00f4t\u00e9 de la sc\u00e8ne C\u00e9l\u00e9bration, la brasserie en plein air Kichesippi offrira de la bi\u00e8re d\u00e9licieuse et de quoi manger pendant les heures suivantes. Vendredi \u2013 de 17 \u00e0 22 heures Samedi &#8211; de 12 \u00e0 [&hellip;]<\/p>\n","protected":false},"author":33,"featured_media":0,"parent":13540,"menu_order":321,"comment_status":"closed","ping_status":"open","template":"template-race-weekend.php","meta":{"_acf_changed":false,"footnotes":""},"class_list":["post-6477","page","type-page","status-publish","hentry"],"acf":[],"yoast_head":"<!-- This site is optimized with the Yoast SEO plugin v27.4 - https:\/\/yoast.com\/product\/yoast-seo-wordpress\/ -->\n<title>Brasserie en plein air Kichesippi - Run Ottawa<\/title>\n<meta name=\"robots\" content=\"index, follow, max-snippet:-1, max-image-preview:large, max-video-preview:-1\" \/>\n<link rel=\"canonical\" href=\"https:\/\/www.runottawa.ca\/fr\/torw\/planifier-votre-sejour\/beer-garden\/\" \/>\n<script type=\"application\/ld+json\" class=\"yoast-schema-graph\">{\"@context\":\"https:\\\/\\\/schema.org\",\"@graph\":[{\"@type\":\"WebPage\",\"@id\":\"https:\\\/\\\/www.runottawa.ca\\\/fr\\\/torw\\\/planifier-votre-sejour\\\/beer-garden\\\/\",\"url\":\"https:\\\/\\\/www.runottawa.ca\\\/fr\\\/torw\\\/planifier-votre-sejour\\\/beer-garden\\\/\",\"name\":\"Brasserie en plein air Kichesippi - Run Ottawa\",\"isPartOf\":{\"@id\":\"https:\\\/\\\/www.runottawa.ca\\\/fr\\\/#website\"},\"datePublished\":\"2015-05-20T13:40:11+00:00\",\"dateModified\":\"2019-10-24T17:22:57+00:00\",\"breadcrumb\":{\"@id\":\"https:\\\/\\\/www.runottawa.ca\\\/fr\\\/torw\\\/planifier-votre-sejour\\\/beer-garden\\\/#breadcrumb\"},\"inLanguage\":\"fr-FR\",\"potentialAction\":[{\"@type\":\"ReadAction\",\"target\":[\"https:\\\/\\\/www.runottawa.ca\\\/fr\\\/torw\\\/planifier-votre-sejour\\\/beer-garden\\\/\"]}]},{\"@type\":\"BreadcrumbList\",\"@id\":\"https:\\\/\\\/www.runottawa.ca\\\/fr\\\/torw\\\/planifier-votre-sejour\\\/beer-garden\\\/#breadcrumb\",\"itemListElement\":[{\"@type\":\"ListItem\",\"position\":1,\"name\":\"Home\",\"item\":\"https:\\\/\\\/www.runottawa.ca\\\/fr\\\/\"},{\"@type\":\"ListItem\",\"position\":2,\"name\":\"Fin de semaine des courses Tamarack d\u2019Ottawa\",\"item\":\"https:\\\/\\\/www.runottawa.ca\\\/fr\\\/\"},{\"@type\":\"ListItem\",\"position\":3,\"name\":\"Planifier votre s\u00e9jour\",\"item\":\"https:\\\/\\\/www.runottawa.ca\\\/fr\\\/torw\\\/planifier-votre-sejour\\\/\"},{\"@type\":\"ListItem\",\"position\":4,\"name\":\"Brasserie en plein air Kichesippi\"}]},{\"@type\":\"WebSite\",\"@id\":\"https:\\\/\\\/www.runottawa.ca\\\/fr\\\/#website\",\"url\":\"https:\\\/\\\/www.runottawa.ca\\\/fr\\\/\",\"name\":\"Run Ottawa\",\"description\":\"\",\"potentialAction\":[{\"@type\":\"SearchAction\",\"target\":{\"@type\":\"EntryPoint\",\"urlTemplate\":\"https:\\\/\\\/www.runottawa.ca\\\/fr\\\/?s={search_term_string}\"},\"query-input\":{\"@type\":\"PropertyValueSpecification\",\"valueRequired\":true,\"valueName\":\"search_term_string\"}}],\"inLanguage\":\"fr-FR\"}]}<\/script>\n<!-- \/ Yoast SEO plugin. -->","yoast_head_json":{"title":"Brasserie en plein air Kichesippi - Run Ottawa","robots":{"index":"index","follow":"follow","max-snippet":"max-snippet:-1","max-image-preview":"max-image-preview:large","max-video-preview":"max-video-preview:-1"},"canonical":"https:\/\/www.runottawa.ca\/fr\/torw\/planifier-votre-sejour\/beer-garden\/","schema":{"@context":"https:\/\/schema.org","@graph":[{"@type":"WebPage","@id":"https:\/\/www.runottawa.ca\/fr\/torw\/planifier-votre-sejour\/beer-garden\/","url":"https:\/\/www.runottawa.ca\/fr\/torw\/planifier-votre-sejour\/beer-garden\/","name":"Brasserie en plein air Kichesippi - Run Ottawa","isPartOf":{"@id":"https:\/\/www.runottawa.ca\/fr\/#website"},"datePublished":"2015-05-20T13:40:11+00:00","dateModified":"2019-10-24T17:22:57+00:00","breadcrumb":{"@id":"https:\/\/www.runottawa.ca\/fr\/torw\/planifier-votre-sejour\/beer-garden\/#breadcrumb"},"inLanguage":"fr-FR","potentialAction":[{"@type":"ReadAction","target":["https:\/\/www.runottawa.ca\/fr\/torw\/planifier-votre-sejour\/beer-garden\/"]}]},{"@type":"BreadcrumbList","@id":"https:\/\/www.runottawa.ca\/fr\/torw\/planifier-votre-sejour\/beer-garden\/#breadcrumb","itemListElement":[{"@type":"ListItem","position":1,"name":"Home","item":"https:\/\/www.runottawa.ca\/fr\/"},{"@type":"ListItem","position":2,"name":"Fin de semaine des courses Tamarack d\u2019Ottawa","item":"https:\/\/www.runottawa.ca\/fr\/"},{"@type":"ListItem","position":3,"name":"Planifier votre s\u00e9jour","item":"https:\/\/www.runottawa.ca\/fr\/torw\/planifier-votre-sejour\/"},{"@type":"ListItem","position":4,"name":"Brasserie en plein air Kichesippi"}]},{"@type":"WebSite","@id":"https:\/\/www.runottawa.ca\/fr\/#website","url":"https:\/\/www.runottawa.ca\/fr\/","name":"Run Ottawa","description":"","potentialAction":[{"@type":"SearchAction","target":{"@type":"EntryPoint","urlTemplate":"https:\/\/www.runottawa.ca\/fr\/?s={search_term_string}"},"query-input":{"@type":"PropertyValueSpecification","valueRequired":true,"valueName":"search_term_string"}}],"inLanguage":"fr-FR"}]}},"_links":{"self":[{"href":"https:\/\/www.runottawa.ca\/fr\/wp-json\/wp\/v2\/pages\/6477","targetHints":{"allow":["GET"]}}],"collection":[{"href":"https:\/\/www.runottawa.ca\/fr\/wp-json\/wp\/v2\/pages"}],"about":[{"href":"https:\/\/www.runottawa.ca\/fr\/wp-json\/wp\/v2\/types\/page"}],"author":[{"embeddable":true,"href":"https:\/\/www.runottawa.ca\/fr\/wp-json\/wp\/v2\/users\/33"}],"replies":[{"embeddable":true,"href":"https:\/\/www.runottawa.ca\/fr\/wp-json\/wp\/v2\/comments?post=6477"}],"version-history":[{"count":11,"href":"https:\/\/www.runottawa.ca\/fr\/wp-json\/wp\/v2\/pages\/6477\/revisions"}],"predecessor-version":[{"id":24146,"href":"https:\/\/www.runottawa.ca\/fr\/wp-json\/wp\/v2\/pages\/6477\/revisions\/24146"}],"up":[{"embeddable":true,"href":"https:\/\/www.runottawa.ca\/fr\/wp-json\/wp\/v2\/pages\/13540"}],"wp:attachment":[{"href":"https:\/\/www.runottawa.ca\/fr\/wp-json\/wp\/v2\/media?parent=6477"}],"curies":[{"name":"wp","href":"https:\/\/api.w.org\/{rel}","templated":true}]}}