{"id":6117,"date":"2015-05-01T09:43:14","date_gmt":"2015-05-01T13:43:14","guid":{"rendered":"http:\/\/www.runottawa.ca\/?page_id=6117"},"modified":"2022-04-20T12:41:09","modified_gmt":"2022-04-20T16:41:09","slug":"concerts-gratuits-a-la-fin-de-semaine-des-courses-tamarack-dottawa","status":"publish","type":"page","link":"https:\/\/www.runottawa.ca\/fr\/torw\/planifier-votre-sejour\/concerts-gratuits-a-la-fin-de-semaine-des-courses-tamarack-dottawa\/","title":{"rendered":"Sc\u00e8ne C\u00e9l\u00e9bration"},"content":{"rendered":"<h3 class=\"p1\">**D\u00e9tails pour la fin de semaine des courses Tamarack d&rsquo;Ottawa 2022 \u00e0 d\u00e9terminer.<\/h3>\n<p class=\"p1\">Tout au long de la Fin de semaine des courses <i>Tamarack<\/i> d\u2019Ottawa,\u00a0 un ensemble de groupes et de musiciens canadiens occupe la Sc\u00e8ne C\u00e9l\u00e9bration de la Place des festivals de l\u2019h\u00f4tel de ville d\u2019Ottawa.<\/p>\n","protected":false},"excerpt":{"rendered":"<p>**D\u00e9tails pour la fin de semaine des courses Tamarack d&rsquo;Ottawa 2022 \u00e0 d\u00e9terminer. Tout au long de la Fin de semaine des courses Tamarack d\u2019Ottawa,\u00a0 un ensemble de groupes et de musiciens canadiens occupe la Sc\u00e8ne C\u00e9l\u00e9bration de la Place des festivals de l\u2019h\u00f4tel de ville d\u2019Ottawa.<\/p>\n","protected":false},"author":33,"featured_media":0,"parent":13540,"menu_order":225,"comment_status":"closed","ping_status":"open","template":"template-page.php","meta":{"_acf_changed":false,"footnotes":""},"class_list":["post-6117","page","type-page","status-publish","hentry"],"acf":[],"yoast_head":"<!-- This site is optimized with the Yoast SEO plugin v27.4 - https:\/\/yoast.com\/product\/yoast-seo-wordpress\/ -->\n<title>Sc\u00e8ne C\u00e9l\u00e9bration - Run Ottawa<\/title>\n<meta name=\"robots\" content=\"index, follow, max-snippet:-1, max-image-preview:large, max-video-preview:-1\" \/>\n<link rel=\"canonical\" href=\"https:\/\/www.runottawa.ca\/fr\/torw\/planifier-votre-sejour\/concerts-gratuits-a-la-fin-de-semaine-des-courses-tamarack-dottawa\/\" \/>\n<meta name=\"twitter:label1\" content=\"Dur\u00e9e de lecture estim\u00e9e\" \/>\n\t<meta name=\"twitter:data1\" content=\"1 minute\" \/>\n<script type=\"application\/ld+json\" class=\"yoast-schema-graph\">{\"@context\":\"https:\\\/\\\/schema.org\",\"@graph\":[{\"@type\":\"WebPage\",\"@id\":\"https:\\\/\\\/www.runottawa.ca\\\/fr\\\/torw\\\/planifier-votre-sejour\\\/concerts-gratuits-a-la-fin-de-semaine-des-courses-tamarack-dottawa\\\/\",\"url\":\"https:\\\/\\\/www.runottawa.ca\\\/fr\\\/torw\\\/planifier-votre-sejour\\\/concerts-gratuits-a-la-fin-de-semaine-des-courses-tamarack-dottawa\\\/\",\"name\":\"Sc\u00e8ne C\u00e9l\u00e9bration - Run Ottawa\",\"isPartOf\":{\"@id\":\"https:\\\/\\\/www.runottawa.ca\\\/fr\\\/#website\"},\"datePublished\":\"2015-05-01T13:43:14+00:00\",\"dateModified\":\"2022-04-20T16:41:09+00:00\",\"breadcrumb\":{\"@id\":\"https:\\\/\\\/www.runottawa.ca\\\/fr\\\/torw\\\/planifier-votre-sejour\\\/concerts-gratuits-a-la-fin-de-semaine-des-courses-tamarack-dottawa\\\/#breadcrumb\"},\"inLanguage\":\"fr-FR\",\"potentialAction\":[{\"@type\":\"ReadAction\",\"target\":[\"https:\\\/\\\/www.runottawa.ca\\\/fr\\\/torw\\\/planifier-votre-sejour\\\/concerts-gratuits-a-la-fin-de-semaine-des-courses-tamarack-dottawa\\\/\"]}]},{\"@type\":\"BreadcrumbList\",\"@id\":\"https:\\\/\\\/www.runottawa.ca\\\/fr\\\/torw\\\/planifier-votre-sejour\\\/concerts-gratuits-a-la-fin-de-semaine-des-courses-tamarack-dottawa\\\/#breadcrumb\",\"itemListElement\":[{\"@type\":\"ListItem\",\"position\":1,\"name\":\"Home\",\"item\":\"https:\\\/\\\/www.runottawa.ca\\\/fr\\\/\"},{\"@type\":\"ListItem\",\"position\":2,\"name\":\"Fin de semaine des courses Tamarack d\u2019Ottawa\",\"item\":\"https:\\\/\\\/www.runottawa.ca\\\/fr\\\/\"},{\"@type\":\"ListItem\",\"position\":3,\"name\":\"Planifier votre s\u00e9jour\",\"item\":\"https:\\\/\\\/www.runottawa.ca\\\/fr\\\/torw\\\/planifier-votre-sejour\\\/\"},{\"@type\":\"ListItem\",\"position\":4,\"name\":\"Sc\u00e8ne C\u00e9l\u00e9bration\"}]},{\"@type\":\"WebSite\",\"@id\":\"https:\\\/\\\/www.runottawa.ca\\\/fr\\\/#website\",\"url\":\"https:\\\/\\\/www.runottawa.ca\\\/fr\\\/\",\"name\":\"Run Ottawa\",\"description\":\"\",\"potentialAction\":[{\"@type\":\"SearchAction\",\"target\":{\"@type\":\"EntryPoint\",\"urlTemplate\":\"https:\\\/\\\/www.runottawa.ca\\\/fr\\\/?s={search_term_string}\"},\"query-input\":{\"@type\":\"PropertyValueSpecification\",\"valueRequired\":true,\"valueName\":\"search_term_string\"}}],\"inLanguage\":\"fr-FR\"}]}<\/script>\n<!-- \/ Yoast SEO plugin. -->","yoast_head_json":{"title":"Sc\u00e8ne C\u00e9l\u00e9bration - Run Ottawa","robots":{"index":"index","follow":"follow","max-snippet":"max-snippet:-1","max-image-preview":"max-image-preview:large","max-video-preview":"max-video-preview:-1"},"canonical":"https:\/\/www.runottawa.ca\/fr\/torw\/planifier-votre-sejour\/concerts-gratuits-a-la-fin-de-semaine-des-courses-tamarack-dottawa\/","twitter_misc":{"Dur\u00e9e de lecture estim\u00e9e":"1 minute"},"schema":{"@context":"https:\/\/schema.org","@graph":[{"@type":"WebPage","@id":"https:\/\/www.runottawa.ca\/fr\/torw\/planifier-votre-sejour\/concerts-gratuits-a-la-fin-de-semaine-des-courses-tamarack-dottawa\/","url":"https:\/\/www.runottawa.ca\/fr\/torw\/planifier-votre-sejour\/concerts-gratuits-a-la-fin-de-semaine-des-courses-tamarack-dottawa\/","name":"Sc\u00e8ne C\u00e9l\u00e9bration - Run Ottawa","isPartOf":{"@id":"https:\/\/www.runottawa.ca\/fr\/#website"},"datePublished":"2015-05-01T13:43:14+00:00","dateModified":"2022-04-20T16:41:09+00:00","breadcrumb":{"@id":"https:\/\/www.runottawa.ca\/fr\/torw\/planifier-votre-sejour\/concerts-gratuits-a-la-fin-de-semaine-des-courses-tamarack-dottawa\/#breadcrumb"},"inLanguage":"fr-FR","potentialAction":[{"@type":"ReadAction","target":["https:\/\/www.runottawa.ca\/fr\/torw\/planifier-votre-sejour\/concerts-gratuits-a-la-fin-de-semaine-des-courses-tamarack-dottawa\/"]}]},{"@type":"BreadcrumbList","@id":"https:\/\/www.runottawa.ca\/fr\/torw\/planifier-votre-sejour\/concerts-gratuits-a-la-fin-de-semaine-des-courses-tamarack-dottawa\/#breadcrumb","itemListElement":[{"@type":"ListItem","position":1,"name":"Home","item":"https:\/\/www.runottawa.ca\/fr\/"},{"@type":"ListItem","position":2,"name":"Fin de semaine des courses Tamarack d\u2019Ottawa","item":"https:\/\/www.runottawa.ca\/fr\/"},{"@type":"ListItem","position":3,"name":"Planifier votre s\u00e9jour","item":"https:\/\/www.runottawa.ca\/fr\/torw\/planifier-votre-sejour\/"},{"@type":"ListItem","position":4,"name":"Sc\u00e8ne C\u00e9l\u00e9bration"}]},{"@type":"WebSite","@id":"https:\/\/www.runottawa.ca\/fr\/#website","url":"https:\/\/www.runottawa.ca\/fr\/","name":"Run Ottawa","description":"","potentialAction":[{"@type":"SearchAction","target":{"@type":"EntryPoint","urlTemplate":"https:\/\/www.runottawa.ca\/fr\/?s={search_term_string}"},"query-input":{"@type":"PropertyValueSpecification","valueRequired":true,"valueName":"search_term_string"}}],"inLanguage":"fr-FR"}]}},"_links":{"self":[{"href":"https:\/\/www.runottawa.ca\/fr\/wp-json\/wp\/v2\/pages\/6117","targetHints":{"allow":["GET"]}}],"collection":[{"href":"https:\/\/www.runottawa.ca\/fr\/wp-json\/wp\/v2\/pages"}],"about":[{"href":"https:\/\/www.runottawa.ca\/fr\/wp-json\/wp\/v2\/types\/page"}],"author":[{"embeddable":true,"href":"https:\/\/www.runottawa.ca\/fr\/wp-json\/wp\/v2\/users\/33"}],"replies":[{"embeddable":true,"href":"https:\/\/www.runottawa.ca\/fr\/wp-json\/wp\/v2\/comments?post=6117"}],"version-history":[{"count":27,"href":"https:\/\/www.runottawa.ca\/fr\/wp-json\/wp\/v2\/pages\/6117\/revisions"}],"predecessor-version":[{"id":32431,"href":"https:\/\/www.runottawa.ca\/fr\/wp-json\/wp\/v2\/pages\/6117\/revisions\/32431"}],"up":[{"embeddable":true,"href":"https:\/\/www.runottawa.ca\/fr\/wp-json\/wp\/v2\/pages\/13540"}],"wp:attachment":[{"href":"https:\/\/www.runottawa.ca\/fr\/wp-json\/wp\/v2\/media?parent=6117"}],"curies":[{"name":"wp","href":"https:\/\/api.w.org\/{rel}","templated":true}]}}