{"id":5953,"date":"2015-04-15T17:08:21","date_gmt":"2015-04-15T21:08:21","guid":{"rendered":"http:\/\/www.runottawa.ca\/?page_id=5953"},"modified":"2026-03-23T12:18:57","modified_gmt":"2026-03-23T16:18:57","slug":"horaire-des-medias","status":"publish","type":"page","link":"https:\/\/www.runottawa.ca\/fr\/torw\/medias\/centre-des-medias\/horaire-des-medias\/","title":{"rendered":"Conf\u00e9rences de presse et horaire des m\u00e9dias"},"content":{"rendered":"<h3><b>Vendredi, le 22 mai \u2013 Ramassage des accr\u00e9ditations et Conf\u00e9rences de presse<\/b><\/h3>\n<p><i>Expo Course Sant\u00e9, pavillon sportif de l\u2019Universit\u00e9 Carleton, sc\u00e8ne principale<br \/>\n<strong>1125 Colonel By Drive, Ottawa, ON K1S 5B6<\/strong><br \/>\n<\/i><\/p>\n<table style=\"width: 100%;\">\n<tbody>\n<tr>\n<td style=\"width: 25%;\"><span style=\"font-weight: 400;\">8h &#8211; 12h<\/span><\/td>\n<td><b>Ramassage des accr\u00e9ditations<\/b><\/td>\n<\/tr>\n<tr>\n<td><span style=\"font-weight: 400;\">10h &#8211; 11h\u00a0<\/span><\/td>\n<td><b>Conf\u00e9rence de presse<\/b><\/td>\n<\/tr>\n<tr>\n<td><span style=\"font-weight: 400;\">11h00 &#8211; 11h30<\/span><\/td>\n<td><b>Entretiens et photos avec coureurs et coureuses des Championnats canadiens du 10K et du Marathon international Tartan d\u2019Ottawa<\/b><\/td>\n<\/tr>\n<\/tbody>\n<\/table>\n<h3><b>Samedi, le 23 mai \u2013 Jour des courses du marathon pour enfants, 2K, 5K et 10K<\/b><\/h3>\n<p><i>Tous les d\u00e9parts ont lieu au 110, rue Laurier Ouest.<br \/>\nLa ligne d\u2019arriv\u00e9e, \u00e0 l\u2019exception du Marathon des enfants d\u2019Ottawa, est situ\u00e9e sur la promenade Reine-\u00c9lizabeth.<\/i><i>La ligne d\u2019arriv\u00e9e du Marathon des enfants d\u2019Ottawa est situ\u00e9e au 110, rue Laurier Ouest.<br \/>\nLes gagnants seront disponibles pour une m\u00eal\u00e9e de presse dans la zone m\u00e9dia \u00e0 la ligne d\u2019arriv\u00e9e.<\/i><\/p>\n<table style=\"width: 100%;\">\n<tbody>\n<tr>\n<td style=\"width: 25%;\"><span style=\"font-weight: 400;\">10h\u00a0 \u2013 21h<\/span><\/td>\n<td><b>Le centre des m\u00e9dias est ouvert<\/b><br \/>\n<span style=\"font-weight: 400;\">H\u00f4tel de ville d\u2019Ottawa, salle Richmond, entr\u00e9e rue Lisgar<\/span><\/td>\n<\/tr>\n<tr>\n<td><span style=\"font-weight: 400;\">13h<\/span><\/td>\n<td><b>D\u00e9part du Marathon d\u2019Ottawa pour les enfants<\/b><br \/>\n13h02 : Ligne d\u2019arriv\u00e9e<\/td>\n<\/tr>\n<tr>\n<td><span style=\"font-weight: 400;\">15h<\/span><\/td>\n<td><b>D\u00e9part du 2K<\/b><br \/>\n15h05 : Ligne d\u2019arriv\u00e9e<\/td>\n<\/tr>\n<tr>\n<td><span style=\"font-weight: 400;\">16h<\/span><\/td>\n<td><b>D\u00e9part du 5K<\/b><br \/>\n16h15 : Ligne d\u2019arriv\u00e9e<\/td>\n<\/tr>\n<tr>\n<td><span style=\"font-weight: 400;\">17h45<\/span><\/td>\n<td><b>D\u00e9part du 10K d\u2019Ottawa pr\u00e9sent\u00e9 par Otto\u2019s Ottawa<\/b><br \/>\n18h35 : Ligne d\u2019arriv\u00e9e<\/td>\n<\/tr>\n<\/tbody>\n<\/table>\n<h3><b>Dimanche, le 24 mai \u2013 Jour du Marathon et Demi-marathon<\/b><\/h3>\n<table style=\"width: 100%;\">\n<tbody>\n<tr>\n<td style=\"width: 25%;\"><span style=\"font-weight: 400;\">6h &#8211; 14h<\/span><\/td>\n<td><b>Le centre des m\u00e9dias est ouvert<\/b><br \/>\n<span style=\"font-weight: 400;\">H\u00f4tel de ville d\u2019Ottawa, salle Richmond, rue Lisgar<\/span><\/td>\n<\/tr>\n<tr>\n<td><span style=\"font-weight: 400;\">7h<\/span><\/td>\n<td><b>D\u00e9part du Marathon international d&rsquo;Ottawa Tamarack Homes<\/b><br \/>\n9h00 : Ligne d\u2019arriv\u00e9e<\/td>\n<\/tr>\n<tr>\n<td><span style=\"font-weight: 400;\">8h30<\/span><\/td>\n<td><b>D\u00e9part du Demi-marathon d\u2019Ottawa pr\u00e9sent\u00e9 par Desjardins<\/b><br \/>\n9h55 : Ligne d\u2019arriv\u00e9e<\/td>\n<\/tr>\n<tr>\n<td><span style=\"font-weight: 400;\">12h<\/span><\/td>\n<td><b>Conf\u00e9rence de presse finale<\/b><br \/>\n<b><i>Bilan du weekend avec le Directeur des courses Mike Viera, et pr\u00e9sentation du ch\u00e8que aux \u0153uvres caritatives par Desjardins<\/i><\/b><\/td>\n<\/tr>\n<\/tbody>\n<\/table>\n","protected":false},"excerpt":{"rendered":"<p>Vendredi, le 22 mai \u2013 Ramassage des accr\u00e9ditations et Conf\u00e9rences de presse Expo Course Sant\u00e9, pavillon sportif de l\u2019Universit\u00e9 Carleton, sc\u00e8ne principale 1125 Colonel By Drive, Ottawa, ON K1S 5B6 8h &#8211; 12h Ramassage des accr\u00e9ditations 10h &#8211; 11h\u00a0 Conf\u00e9rence de presse 11h00 &#8211; 11h30 Entretiens et photos avec coureurs [&hellip;]<\/p>\n","protected":false},"author":33,"featured_media":0,"parent":1687,"menu_order":369,"comment_status":"closed","ping_status":"open","template":"template-page.php","meta":{"_acf_changed":false,"footnotes":""},"class_list":["post-5953","page","type-page","status-publish","hentry"],"acf":[],"yoast_head":"<!-- This site is optimized with the Yoast SEO plugin v27.4 - https:\/\/yoast.com\/product\/yoast-seo-wordpress\/ -->\n<title>Conf\u00e9rences de presse et horaire des m\u00e9dias - Run Ottawa<\/title>\n<meta name=\"robots\" content=\"index, follow, max-snippet:-1, max-image-preview:large, max-video-preview:-1\" \/>\n<link rel=\"canonical\" href=\"https:\/\/www.runottawa.ca\/fr\/torw\/medias\/centre-des-medias\/horaire-des-medias\/\" \/>\n<meta name=\"twitter:label1\" content=\"Dur\u00e9e de lecture estim\u00e9e\" \/>\n\t<meta name=\"twitter:data1\" content=\"2 minutes\" \/>\n<script type=\"application\/ld+json\" class=\"yoast-schema-graph\">{\"@context\":\"https:\\\/\\\/schema.org\",\"@graph\":[{\"@type\":\"WebPage\",\"@id\":\"https:\\\/\\\/www.runottawa.ca\\\/fr\\\/torw\\\/medias\\\/centre-des-medias\\\/horaire-des-medias\\\/\",\"url\":\"https:\\\/\\\/www.runottawa.ca\\\/fr\\\/torw\\\/medias\\\/centre-des-medias\\\/horaire-des-medias\\\/\",\"name\":\"Conf\u00e9rences de presse et horaire des m\u00e9dias - Run Ottawa\",\"isPartOf\":{\"@id\":\"https:\\\/\\\/www.runottawa.ca\\\/fr\\\/#website\"},\"datePublished\":\"2015-04-15T21:08:21+00:00\",\"dateModified\":\"2026-03-23T16:18:57+00:00\",\"breadcrumb\":{\"@id\":\"https:\\\/\\\/www.runottawa.ca\\\/fr\\\/torw\\\/medias\\\/centre-des-medias\\\/horaire-des-medias\\\/#breadcrumb\"},\"inLanguage\":\"fr-FR\",\"potentialAction\":[{\"@type\":\"ReadAction\",\"target\":[\"https:\\\/\\\/www.runottawa.ca\\\/fr\\\/torw\\\/medias\\\/centre-des-medias\\\/horaire-des-medias\\\/\"]}]},{\"@type\":\"BreadcrumbList\",\"@id\":\"https:\\\/\\\/www.runottawa.ca\\\/fr\\\/torw\\\/medias\\\/centre-des-medias\\\/horaire-des-medias\\\/#breadcrumb\",\"itemListElement\":[{\"@type\":\"ListItem\",\"position\":1,\"name\":\"Home\",\"item\":\"https:\\\/\\\/www.runottawa.ca\\\/fr\\\/\"},{\"@type\":\"ListItem\",\"position\":2,\"name\":\"Fin de semaine des courses Tamarack d\u2019Ottawa\",\"item\":\"https:\\\/\\\/www.runottawa.ca\\\/fr\\\/\"},{\"@type\":\"ListItem\",\"position\":3,\"name\":\"M\u00e9dias\",\"item\":\"https:\\\/\\\/www.runottawa.ca\\\/fr\\\/torw\\\/medias\\\/\"},{\"@type\":\"ListItem\",\"position\":4,\"name\":\"Centre des m\u00e9dias\",\"item\":\"https:\\\/\\\/www.runottawa.ca\\\/fr\\\/torw\\\/medias\\\/centre-des-medias\\\/\"},{\"@type\":\"ListItem\",\"position\":5,\"name\":\"Conf\u00e9rences de presse et horaire des m\u00e9dias\"}]},{\"@type\":\"WebSite\",\"@id\":\"https:\\\/\\\/www.runottawa.ca\\\/fr\\\/#website\",\"url\":\"https:\\\/\\\/www.runottawa.ca\\\/fr\\\/\",\"name\":\"Run Ottawa\",\"description\":\"\",\"potentialAction\":[{\"@type\":\"SearchAction\",\"target\":{\"@type\":\"EntryPoint\",\"urlTemplate\":\"https:\\\/\\\/www.runottawa.ca\\\/fr\\\/?s={search_term_string}\"},\"query-input\":{\"@type\":\"PropertyValueSpecification\",\"valueRequired\":true,\"valueName\":\"search_term_string\"}}],\"inLanguage\":\"fr-FR\"}]}<\/script>\n<!-- \/ Yoast SEO plugin. -->","yoast_head_json":{"title":"Conf\u00e9rences de presse et horaire des m\u00e9dias - Run Ottawa","robots":{"index":"index","follow":"follow","max-snippet":"max-snippet:-1","max-image-preview":"max-image-preview:large","max-video-preview":"max-video-preview:-1"},"canonical":"https:\/\/www.runottawa.ca\/fr\/torw\/medias\/centre-des-medias\/horaire-des-medias\/","twitter_misc":{"Dur\u00e9e de lecture estim\u00e9e":"2 minutes"},"schema":{"@context":"https:\/\/schema.org","@graph":[{"@type":"WebPage","@id":"https:\/\/www.runottawa.ca\/fr\/torw\/medias\/centre-des-medias\/horaire-des-medias\/","url":"https:\/\/www.runottawa.ca\/fr\/torw\/medias\/centre-des-medias\/horaire-des-medias\/","name":"Conf\u00e9rences de presse et horaire des m\u00e9dias - Run Ottawa","isPartOf":{"@id":"https:\/\/www.runottawa.ca\/fr\/#website"},"datePublished":"2015-04-15T21:08:21+00:00","dateModified":"2026-03-23T16:18:57+00:00","breadcrumb":{"@id":"https:\/\/www.runottawa.ca\/fr\/torw\/medias\/centre-des-medias\/horaire-des-medias\/#breadcrumb"},"inLanguage":"fr-FR","potentialAction":[{"@type":"ReadAction","target":["https:\/\/www.runottawa.ca\/fr\/torw\/medias\/centre-des-medias\/horaire-des-medias\/"]}]},{"@type":"BreadcrumbList","@id":"https:\/\/www.runottawa.ca\/fr\/torw\/medias\/centre-des-medias\/horaire-des-medias\/#breadcrumb","itemListElement":[{"@type":"ListItem","position":1,"name":"Home","item":"https:\/\/www.runottawa.ca\/fr\/"},{"@type":"ListItem","position":2,"name":"Fin de semaine des courses Tamarack d\u2019Ottawa","item":"https:\/\/www.runottawa.ca\/fr\/"},{"@type":"ListItem","position":3,"name":"M\u00e9dias","item":"https:\/\/www.runottawa.ca\/fr\/torw\/medias\/"},{"@type":"ListItem","position":4,"name":"Centre des m\u00e9dias","item":"https:\/\/www.runottawa.ca\/fr\/torw\/medias\/centre-des-medias\/"},{"@type":"ListItem","position":5,"name":"Conf\u00e9rences de presse et horaire des m\u00e9dias"}]},{"@type":"WebSite","@id":"https:\/\/www.runottawa.ca\/fr\/#website","url":"https:\/\/www.runottawa.ca\/fr\/","name":"Run Ottawa","description":"","potentialAction":[{"@type":"SearchAction","target":{"@type":"EntryPoint","urlTemplate":"https:\/\/www.runottawa.ca\/fr\/?s={search_term_string}"},"query-input":{"@type":"PropertyValueSpecification","valueRequired":true,"valueName":"search_term_string"}}],"inLanguage":"fr-FR"}]}},"_links":{"self":[{"href":"https:\/\/www.runottawa.ca\/fr\/wp-json\/wp\/v2\/pages\/5953","targetHints":{"allow":["GET"]}}],"collection":[{"href":"https:\/\/www.runottawa.ca\/fr\/wp-json\/wp\/v2\/pages"}],"about":[{"href":"https:\/\/www.runottawa.ca\/fr\/wp-json\/wp\/v2\/types\/page"}],"author":[{"embeddable":true,"href":"https:\/\/www.runottawa.ca\/fr\/wp-json\/wp\/v2\/users\/33"}],"replies":[{"embeddable":true,"href":"https:\/\/www.runottawa.ca\/fr\/wp-json\/wp\/v2\/comments?post=5953"}],"version-history":[{"count":15,"href":"https:\/\/www.runottawa.ca\/fr\/wp-json\/wp\/v2\/pages\/5953\/revisions"}],"predecessor-version":[{"id":44572,"href":"https:\/\/www.runottawa.ca\/fr\/wp-json\/wp\/v2\/pages\/5953\/revisions\/44572"}],"up":[{"embeddable":true,"href":"https:\/\/www.runottawa.ca\/fr\/wp-json\/wp\/v2\/pages\/1687"}],"wp:attachment":[{"href":"https:\/\/www.runottawa.ca\/fr\/wp-json\/wp\/v2\/media?parent=5953"}],"curies":[{"name":"wp","href":"https:\/\/api.w.org\/{rel}","templated":true}]}}