{"id":5930,"date":"2015-04-14T17:22:52","date_gmt":"2015-04-14T21:22:52","guid":{"rendered":"http:\/\/www.runottawa.ca\/?page_id=5930"},"modified":"2024-01-17T13:26:56","modified_gmt":"2024-01-17T18:26:56","slug":"fiche-de-renseignements-pour-les-athletes-delite","status":"publish","type":"page","link":"https:\/\/www.runottawa.ca\/fr\/torw\/coureurs\/fiche-de-renseignements-pour-les-athletes-delite\/","title":{"rendered":"Fiche de renseignements pour les athl\u00e8tes d\u2019\u00e9lite"},"content":{"rendered":"<h3><strong>La Fin de semaine des courses d&rsquo;Ottawa Tamarack est fi\u00e8re d&rsquo;inclure un programme d&rsquo;athl\u00e8tes d&rsquo;\u00e9lite pour le 10K d&rsquo;Ottawa pr\u00e9sent\u00e9 par Otto&rsquo;s Ottawa et le Marathon international d&rsquo;Ottawa Tartan.<\/strong><\/h3>\n<p><span style=\"font-weight: 400;\">Le <a href=\"https:\/\/www.runottawa.ca\/fr\/les-courses\/le-10k-dottawa\">10K d&rsquo;Ottawa pr\u00e9sent\u00e9 par Otto&rsquo;s Ottawa<\/a> servira de championnat canadien de 10 km en 2024.<\/span><\/p>\n<p><span style=\"font-weight: 400;\">Le <a href=\"https:\/\/www.runottawa.ca\/fr\/les-courses\/marathon-ottawa\">Marathon international d&rsquo;Ottawa Tartan<\/a> 2024 est une course du label World Athletics.<\/span><\/p>\n<p><span style=\"font-weight: 400;\">Pour obtenir des renseignements sur les normes athl\u00e9tiques et les demandes d&rsquo;inscription au programme d&rsquo;\u00e9lite, veuillez<\/span><a href=\"https:\/\/www.runottawa.ca\/fr\/torw\/coureurs\/standards-athletiques\"> <span style=\"font-weight: 400;\">cliquer ici<\/span><\/a><span style=\"font-weight: 400;\">.<\/span><\/p>\n<p><strong>Un horaire complet et d&rsquo;autres renseignements importants pour les athl\u00e8tes d&rsquo;\u00e9lite accept\u00e9s dans le programme d&rsquo;\u00e9lite pour la Fin de semaine des courses d&rsquo;Ottawa Tamarack 2023 seront affich\u00e9s \u00e0 l&rsquo;approche de la date de la course.<\/strong><\/p>\n","protected":false},"excerpt":{"rendered":"<p>La Fin de semaine des courses d&rsquo;Ottawa Tamarack est fi\u00e8re d&rsquo;inclure un programme d&rsquo;athl\u00e8tes d&rsquo;\u00e9lite pour le 10K d&rsquo;Ottawa pr\u00e9sent\u00e9 par Otto&rsquo;s Ottawa et le Marathon international d&rsquo;Ottawa Tartan. Le 10K d&rsquo;Ottawa pr\u00e9sent\u00e9 par Otto&rsquo;s Ottawa servira de championnat canadien de 10 km en 2024. Le Marathon international d&rsquo;Ottawa Tartan [&hellip;]<\/p>\n","protected":false},"author":33,"featured_media":0,"parent":13551,"menu_order":408,"comment_status":"closed","ping_status":"open","template":"template-race-weekend.php","meta":{"_acf_changed":false,"footnotes":""},"class_list":["post-5930","page","type-page","status-publish","hentry"],"acf":[],"yoast_head":"<!-- This site is optimized with the Yoast SEO plugin v27.4 - https:\/\/yoast.com\/product\/yoast-seo-wordpress\/ -->\n<title>Fiche de renseignements pour les athl\u00e8tes d\u2019\u00e9lite - Run Ottawa<\/title>\n<meta name=\"robots\" content=\"index, follow, max-snippet:-1, max-image-preview:large, max-video-preview:-1\" \/>\n<link rel=\"canonical\" href=\"https:\/\/www.runottawa.ca\/fr\/torw\/coureurs\/fiche-de-renseignements-pour-les-athletes-delite\/\" \/>\n<meta name=\"twitter:label1\" content=\"Dur\u00e9e de lecture estim\u00e9e\" \/>\n\t<meta name=\"twitter:data1\" content=\"1 minute\" \/>\n<script type=\"application\/ld+json\" class=\"yoast-schema-graph\">{\"@context\":\"https:\\\/\\\/schema.org\",\"@graph\":[{\"@type\":\"WebPage\",\"@id\":\"https:\\\/\\\/www.runottawa.ca\\\/fr\\\/torw\\\/coureurs\\\/fiche-de-renseignements-pour-les-athletes-delite\\\/\",\"url\":\"https:\\\/\\\/www.runottawa.ca\\\/fr\\\/torw\\\/coureurs\\\/fiche-de-renseignements-pour-les-athletes-delite\\\/\",\"name\":\"Fiche de renseignements pour les athl\u00e8tes d\u2019\u00e9lite - Run Ottawa\",\"isPartOf\":{\"@id\":\"https:\\\/\\\/www.runottawa.ca\\\/fr\\\/#website\"},\"datePublished\":\"2015-04-14T21:22:52+00:00\",\"dateModified\":\"2024-01-17T18:26:56+00:00\",\"breadcrumb\":{\"@id\":\"https:\\\/\\\/www.runottawa.ca\\\/fr\\\/torw\\\/coureurs\\\/fiche-de-renseignements-pour-les-athletes-delite\\\/#breadcrumb\"},\"inLanguage\":\"fr-FR\",\"potentialAction\":[{\"@type\":\"ReadAction\",\"target\":[\"https:\\\/\\\/www.runottawa.ca\\\/fr\\\/torw\\\/coureurs\\\/fiche-de-renseignements-pour-les-athletes-delite\\\/\"]}]},{\"@type\":\"BreadcrumbList\",\"@id\":\"https:\\\/\\\/www.runottawa.ca\\\/fr\\\/torw\\\/coureurs\\\/fiche-de-renseignements-pour-les-athletes-delite\\\/#breadcrumb\",\"itemListElement\":[{\"@type\":\"ListItem\",\"position\":1,\"name\":\"Home\",\"item\":\"https:\\\/\\\/www.runottawa.ca\\\/fr\\\/\"},{\"@type\":\"ListItem\",\"position\":2,\"name\":\"Fin de semaine des courses Tamarack d\u2019Ottawa\",\"item\":\"https:\\\/\\\/www.runottawa.ca\\\/fr\\\/\"},{\"@type\":\"ListItem\",\"position\":3,\"name\":\"Coureurs\",\"item\":\"https:\\\/\\\/www.runottawa.ca\\\/fr\\\/torw\\\/coureurs\\\/\"},{\"@type\":\"ListItem\",\"position\":4,\"name\":\"Fiche de renseignements pour les athl\u00e8tes d\u2019\u00e9lite\"}]},{\"@type\":\"WebSite\",\"@id\":\"https:\\\/\\\/www.runottawa.ca\\\/fr\\\/#website\",\"url\":\"https:\\\/\\\/www.runottawa.ca\\\/fr\\\/\",\"name\":\"Run Ottawa\",\"description\":\"\",\"potentialAction\":[{\"@type\":\"SearchAction\",\"target\":{\"@type\":\"EntryPoint\",\"urlTemplate\":\"https:\\\/\\\/www.runottawa.ca\\\/fr\\\/?s={search_term_string}\"},\"query-input\":{\"@type\":\"PropertyValueSpecification\",\"valueRequired\":true,\"valueName\":\"search_term_string\"}}],\"inLanguage\":\"fr-FR\"}]}<\/script>\n<!-- \/ Yoast SEO plugin. -->","yoast_head_json":{"title":"Fiche de renseignements pour les athl\u00e8tes d\u2019\u00e9lite - Run Ottawa","robots":{"index":"index","follow":"follow","max-snippet":"max-snippet:-1","max-image-preview":"max-image-preview:large","max-video-preview":"max-video-preview:-1"},"canonical":"https:\/\/www.runottawa.ca\/fr\/torw\/coureurs\/fiche-de-renseignements-pour-les-athletes-delite\/","twitter_misc":{"Dur\u00e9e de lecture estim\u00e9e":"1 minute"},"schema":{"@context":"https:\/\/schema.org","@graph":[{"@type":"WebPage","@id":"https:\/\/www.runottawa.ca\/fr\/torw\/coureurs\/fiche-de-renseignements-pour-les-athletes-delite\/","url":"https:\/\/www.runottawa.ca\/fr\/torw\/coureurs\/fiche-de-renseignements-pour-les-athletes-delite\/","name":"Fiche de renseignements pour les athl\u00e8tes d\u2019\u00e9lite - Run Ottawa","isPartOf":{"@id":"https:\/\/www.runottawa.ca\/fr\/#website"},"datePublished":"2015-04-14T21:22:52+00:00","dateModified":"2024-01-17T18:26:56+00:00","breadcrumb":{"@id":"https:\/\/www.runottawa.ca\/fr\/torw\/coureurs\/fiche-de-renseignements-pour-les-athletes-delite\/#breadcrumb"},"inLanguage":"fr-FR","potentialAction":[{"@type":"ReadAction","target":["https:\/\/www.runottawa.ca\/fr\/torw\/coureurs\/fiche-de-renseignements-pour-les-athletes-delite\/"]}]},{"@type":"BreadcrumbList","@id":"https:\/\/www.runottawa.ca\/fr\/torw\/coureurs\/fiche-de-renseignements-pour-les-athletes-delite\/#breadcrumb","itemListElement":[{"@type":"ListItem","position":1,"name":"Home","item":"https:\/\/www.runottawa.ca\/fr\/"},{"@type":"ListItem","position":2,"name":"Fin de semaine des courses Tamarack d\u2019Ottawa","item":"https:\/\/www.runottawa.ca\/fr\/"},{"@type":"ListItem","position":3,"name":"Coureurs","item":"https:\/\/www.runottawa.ca\/fr\/torw\/coureurs\/"},{"@type":"ListItem","position":4,"name":"Fiche de renseignements pour les athl\u00e8tes d\u2019\u00e9lite"}]},{"@type":"WebSite","@id":"https:\/\/www.runottawa.ca\/fr\/#website","url":"https:\/\/www.runottawa.ca\/fr\/","name":"Run Ottawa","description":"","potentialAction":[{"@type":"SearchAction","target":{"@type":"EntryPoint","urlTemplate":"https:\/\/www.runottawa.ca\/fr\/?s={search_term_string}"},"query-input":{"@type":"PropertyValueSpecification","valueRequired":true,"valueName":"search_term_string"}}],"inLanguage":"fr-FR"}]}},"_links":{"self":[{"href":"https:\/\/www.runottawa.ca\/fr\/wp-json\/wp\/v2\/pages\/5930","targetHints":{"allow":["GET"]}}],"collection":[{"href":"https:\/\/www.runottawa.ca\/fr\/wp-json\/wp\/v2\/pages"}],"about":[{"href":"https:\/\/www.runottawa.ca\/fr\/wp-json\/wp\/v2\/types\/page"}],"author":[{"embeddable":true,"href":"https:\/\/www.runottawa.ca\/fr\/wp-json\/wp\/v2\/users\/33"}],"replies":[{"embeddable":true,"href":"https:\/\/www.runottawa.ca\/fr\/wp-json\/wp\/v2\/comments?post=5930"}],"version-history":[{"count":12,"href":"https:\/\/www.runottawa.ca\/fr\/wp-json\/wp\/v2\/pages\/5930\/revisions"}],"predecessor-version":[{"id":37858,"href":"https:\/\/www.runottawa.ca\/fr\/wp-json\/wp\/v2\/pages\/5930\/revisions\/37858"}],"up":[{"embeddable":true,"href":"https:\/\/www.runottawa.ca\/fr\/wp-json\/wp\/v2\/pages\/13551"}],"wp:attachment":[{"href":"https:\/\/www.runottawa.ca\/fr\/wp-json\/wp\/v2\/media?parent=5930"}],"curies":[{"name":"wp","href":"https:\/\/api.w.org\/{rel}","templated":true}]}}