{"id":5590,"date":"2015-03-04T10:17:52","date_gmt":"2015-03-04T15:17:52","guid":{"rendered":"http:\/\/www.runottawa.ca\/les-courses\/fin-de-semaine-des-courses-tamarack-dottawa\/informations\/online-training-2\/"},"modified":"2021-04-12T10:38:50","modified_gmt":"2021-04-12T14:38:50","slug":"online-training","status":"publish","type":"page","link":"https:\/\/www.runottawa.ca\/fr\/torw\/coureurs\/online-training\/","title":{"rendered":"Entra\u00eenement"},"content":{"rendered":"<p><strong><a href=\"https:\/\/ottawa.runcoach.com\/partner\"><img loading=\"lazy\" decoding=\"async\" class=\"alignleft size-full wp-image-19922\" src=\"https:\/\/www.runottawa.ca\/wp-content\/uploads\/2018\/12\/runcoach-SponsorLogo.png\" alt=\"\" width=\"177\" height=\"117\" \/><\/a><\/strong><\/p>\n<p class=\"p1\"><b>Obtenez votre meilleur temps avec Runcoach<\/b><\/p>\n<p class=\"p1\">En tant que participant \u00e0 la fin de semaine de la course Tamarack Ottawa, vous recevrez un entra\u00eenement GRATUIT et personnalis\u00e9 de Runcoach. Ou passez \u00e0 Runcoach Gold. Cela inclut une assistance et un contact 1:1 avec des entra\u00eeneurs certifi\u00e9s bas\u00e9s aux \u00c9tats-Unis. Un entra\u00eeneur sera assign\u00e9 pour vous guider tout au long de votre parcours d&rsquo;entra\u00eenement.<\/p>\n<p class=\"p1\"><strong><a href=\"https:\/\/raceroster.com\/store\/34303\/listing\">Passez \u00e0 l\u2019offre Runcoach GOLD<\/a> pour 19,99 $ CAN !<\/strong><\/p>\n<hr \/>\n<p><em><strong>Participants 2021:\u00a0<\/strong><\/em><\/p>\n<p><b><i>Si vous ne renoncez pas<\/i><\/b> <span style=\"font-weight: 400;\">\u00e0 ce service gratuit lors de votre inscription, vous recevrez un courriel de RunCoach dans les 48\u00a0heures ouvrables suivant votre inscription. Si vous ne recevez pas de courriel, veuillez d\u2019abord utiliser la fonction d\u2019aide de<\/span><a href=\"http:\/\/www.runcoach.com\"> <span style=\"font-weight: 400;\">RunCoach.com<\/span><\/a><span style=\"font-weight: 400;\">.<\/span><\/p>\n<p><b><i>Si vous avez renonc\u00e9 au service,<\/i><\/b><span style=\"font-weight: 400;\"> mais que vous souhaitez maintenant en profiter, <\/span><a href=\"https:\/\/ottawa.runcoach.com\/partner\"><span style=\"font-weight: 400;\">veuillez visiter le page partenaire<\/span><\/a><span style=\"font-weight: 400;\"> pour activer votre compte et commencer \u00e0 vous entra\u00eener!<\/span><\/p>\n","protected":false},"excerpt":{"rendered":"<p>Obtenez votre meilleur temps avec Runcoach En tant que participant \u00e0 la fin de semaine de la course Tamarack Ottawa, vous recevrez un entra\u00eenement GRATUIT et personnalis\u00e9 de Runcoach. Ou passez \u00e0 Runcoach Gold. Cela inclut une assistance et un contact 1:1 avec des entra\u00eeneurs certifi\u00e9s bas\u00e9s aux \u00c9tats-Unis. Un [&hellip;]<\/p>\n","protected":false},"author":33,"featured_media":0,"parent":13551,"menu_order":384,"comment_status":"closed","ping_status":"open","template":"template-race-weekend.php","meta":{"_acf_changed":false,"footnotes":""},"class_list":["post-5590","page","type-page","status-publish","hentry"],"acf":[],"yoast_head":"<!-- This site is optimized with the Yoast SEO plugin v27.4 - https:\/\/yoast.com\/product\/yoast-seo-wordpress\/ -->\n<title>Entra\u00eenement - Run Ottawa<\/title>\n<meta name=\"robots\" content=\"index, follow, max-snippet:-1, max-image-preview:large, max-video-preview:-1\" \/>\n<link rel=\"canonical\" href=\"https:\/\/www.runottawa.ca\/fr\/torw\/coureurs\/online-training\/\" \/>\n<meta name=\"twitter:label1\" content=\"Dur\u00e9e de lecture estim\u00e9e\" \/>\n\t<meta name=\"twitter:data1\" content=\"1 minute\" \/>\n<script type=\"application\/ld+json\" class=\"yoast-schema-graph\">{\"@context\":\"https:\\\/\\\/schema.org\",\"@graph\":[{\"@type\":\"WebPage\",\"@id\":\"https:\\\/\\\/www.runottawa.ca\\\/fr\\\/torw\\\/coureurs\\\/online-training\\\/\",\"url\":\"https:\\\/\\\/www.runottawa.ca\\\/fr\\\/torw\\\/coureurs\\\/online-training\\\/\",\"name\":\"Entra\u00eenement - Run Ottawa\",\"isPartOf\":{\"@id\":\"https:\\\/\\\/www.runottawa.ca\\\/fr\\\/#website\"},\"datePublished\":\"2015-03-04T15:17:52+00:00\",\"dateModified\":\"2021-04-12T14:38:50+00:00\",\"breadcrumb\":{\"@id\":\"https:\\\/\\\/www.runottawa.ca\\\/fr\\\/torw\\\/coureurs\\\/online-training\\\/#breadcrumb\"},\"inLanguage\":\"fr-FR\",\"potentialAction\":[{\"@type\":\"ReadAction\",\"target\":[\"https:\\\/\\\/www.runottawa.ca\\\/fr\\\/torw\\\/coureurs\\\/online-training\\\/\"]}]},{\"@type\":\"BreadcrumbList\",\"@id\":\"https:\\\/\\\/www.runottawa.ca\\\/fr\\\/torw\\\/coureurs\\\/online-training\\\/#breadcrumb\",\"itemListElement\":[{\"@type\":\"ListItem\",\"position\":1,\"name\":\"Home\",\"item\":\"https:\\\/\\\/www.runottawa.ca\\\/fr\\\/\"},{\"@type\":\"ListItem\",\"position\":2,\"name\":\"Fin de semaine des courses Tamarack d\u2019Ottawa\",\"item\":\"https:\\\/\\\/www.runottawa.ca\\\/fr\\\/\"},{\"@type\":\"ListItem\",\"position\":3,\"name\":\"Coureurs\",\"item\":\"https:\\\/\\\/www.runottawa.ca\\\/fr\\\/torw\\\/coureurs\\\/\"},{\"@type\":\"ListItem\",\"position\":4,\"name\":\"Entra\u00eenement\"}]},{\"@type\":\"WebSite\",\"@id\":\"https:\\\/\\\/www.runottawa.ca\\\/fr\\\/#website\",\"url\":\"https:\\\/\\\/www.runottawa.ca\\\/fr\\\/\",\"name\":\"Run Ottawa\",\"description\":\"\",\"potentialAction\":[{\"@type\":\"SearchAction\",\"target\":{\"@type\":\"EntryPoint\",\"urlTemplate\":\"https:\\\/\\\/www.runottawa.ca\\\/fr\\\/?s={search_term_string}\"},\"query-input\":{\"@type\":\"PropertyValueSpecification\",\"valueRequired\":true,\"valueName\":\"search_term_string\"}}],\"inLanguage\":\"fr-FR\"}]}<\/script>\n<!-- \/ Yoast SEO plugin. -->","yoast_head_json":{"title":"Entra\u00eenement - Run Ottawa","robots":{"index":"index","follow":"follow","max-snippet":"max-snippet:-1","max-image-preview":"max-image-preview:large","max-video-preview":"max-video-preview:-1"},"canonical":"https:\/\/www.runottawa.ca\/fr\/torw\/coureurs\/online-training\/","twitter_misc":{"Dur\u00e9e de lecture estim\u00e9e":"1 minute"},"schema":{"@context":"https:\/\/schema.org","@graph":[{"@type":"WebPage","@id":"https:\/\/www.runottawa.ca\/fr\/torw\/coureurs\/online-training\/","url":"https:\/\/www.runottawa.ca\/fr\/torw\/coureurs\/online-training\/","name":"Entra\u00eenement - Run Ottawa","isPartOf":{"@id":"https:\/\/www.runottawa.ca\/fr\/#website"},"datePublished":"2015-03-04T15:17:52+00:00","dateModified":"2021-04-12T14:38:50+00:00","breadcrumb":{"@id":"https:\/\/www.runottawa.ca\/fr\/torw\/coureurs\/online-training\/#breadcrumb"},"inLanguage":"fr-FR","potentialAction":[{"@type":"ReadAction","target":["https:\/\/www.runottawa.ca\/fr\/torw\/coureurs\/online-training\/"]}]},{"@type":"BreadcrumbList","@id":"https:\/\/www.runottawa.ca\/fr\/torw\/coureurs\/online-training\/#breadcrumb","itemListElement":[{"@type":"ListItem","position":1,"name":"Home","item":"https:\/\/www.runottawa.ca\/fr\/"},{"@type":"ListItem","position":2,"name":"Fin de semaine des courses Tamarack d\u2019Ottawa","item":"https:\/\/www.runottawa.ca\/fr\/"},{"@type":"ListItem","position":3,"name":"Coureurs","item":"https:\/\/www.runottawa.ca\/fr\/torw\/coureurs\/"},{"@type":"ListItem","position":4,"name":"Entra\u00eenement"}]},{"@type":"WebSite","@id":"https:\/\/www.runottawa.ca\/fr\/#website","url":"https:\/\/www.runottawa.ca\/fr\/","name":"Run Ottawa","description":"","potentialAction":[{"@type":"SearchAction","target":{"@type":"EntryPoint","urlTemplate":"https:\/\/www.runottawa.ca\/fr\/?s={search_term_string}"},"query-input":{"@type":"PropertyValueSpecification","valueRequired":true,"valueName":"search_term_string"}}],"inLanguage":"fr-FR"}]}},"_links":{"self":[{"href":"https:\/\/www.runottawa.ca\/fr\/wp-json\/wp\/v2\/pages\/5590","targetHints":{"allow":["GET"]}}],"collection":[{"href":"https:\/\/www.runottawa.ca\/fr\/wp-json\/wp\/v2\/pages"}],"about":[{"href":"https:\/\/www.runottawa.ca\/fr\/wp-json\/wp\/v2\/types\/page"}],"author":[{"embeddable":true,"href":"https:\/\/www.runottawa.ca\/fr\/wp-json\/wp\/v2\/users\/33"}],"replies":[{"embeddable":true,"href":"https:\/\/www.runottawa.ca\/fr\/wp-json\/wp\/v2\/comments?post=5590"}],"version-history":[{"count":19,"href":"https:\/\/www.runottawa.ca\/fr\/wp-json\/wp\/v2\/pages\/5590\/revisions"}],"predecessor-version":[{"id":28944,"href":"https:\/\/www.runottawa.ca\/fr\/wp-json\/wp\/v2\/pages\/5590\/revisions\/28944"}],"up":[{"embeddable":true,"href":"https:\/\/www.runottawa.ca\/fr\/wp-json\/wp\/v2\/pages\/13551"}],"wp:attachment":[{"href":"https:\/\/www.runottawa.ca\/fr\/wp-json\/wp\/v2\/media?parent=5590"}],"curies":[{"name":"wp","href":"https:\/\/api.w.org\/{rel}","templated":true}]}}