{"id":45424,"date":"2026-05-14T12:56:24","date_gmt":"2026-05-14T16:56:24","guid":{"rendered":"https:\/\/www.runottawa.ca\/?page_id=45424"},"modified":"2026-05-14T12:56:24","modified_gmt":"2026-05-14T16:56:24","slug":"course-preparatoire-officielle-de-la-fin-de-semaine-des-courses-tamarack-dottawa","status":"publish","type":"page","link":"https:\/\/www.runottawa.ca\/fr\/course-preparatoire-officielle-de-la-fin-de-semaine-des-courses-tamarack-dottawa\/","title":{"rendered":"Course pr\u00e9paratoire officielle de la Fin de semaine des courses Tamarack d&rsquo;Ottawa"},"content":{"rendered":"<p>Le samedi 23 mai \u00e0 10 h, joignez-vous \u00e0 <a href=\"https:\/\/www.instagram.com\/ottcityrunclub\/\">Ottawa City Run Club (OCRC)<\/a> pour faire un jogging l\u00e9ger avant le d\u00e9but des \u00e9preuves officielles.<\/p>\n<p>Le point de rencontre est \u00e0 l\u2019Expo Course Sant\u00e9 au <a href=\"https:\/\/maps.app.goo.gl\/z9RFEun4ZsspeivLA\">complexe sportif de l\u2019Universit\u00e9 Carleton<\/a> (1125 Colonel By Drive, Ottawa, Ontario K1S 5B6). Il y aura un itin\u00e9raire de 3 km ou de 5 km.<\/p>\n","protected":false},"excerpt":{"rendered":"<p>Le samedi 23 mai \u00e0 10 h, joignez-vous \u00e0 Ottawa City Run Club (OCRC) pour faire un jogging l\u00e9ger avant le d\u00e9but des \u00e9preuves officielles. Le point de rencontre est \u00e0 l\u2019Expo Course Sant\u00e9 au complexe sportif de l\u2019Universit\u00e9 Carleton (1125 Colonel By Drive, Ottawa, Ontario K1S 5B6). Il y [&hellip;]<\/p>\n","protected":false},"author":33,"featured_media":0,"parent":0,"menu_order":1,"comment_status":"closed","ping_status":"closed","template":"","meta":{"_acf_changed":false,"footnotes":""},"class_list":["post-45424","page","type-page","status-publish","hentry"],"acf":[],"yoast_head":"<!-- This site is optimized with the Yoast SEO plugin v27.6 - https:\/\/yoast.com\/product\/yoast-seo-wordpress\/ -->\n<title>Course pr\u00e9paratoire officielle de la Fin de semaine des courses Tamarack d&#039;Ottawa - Run Ottawa<\/title>\n<meta name=\"robots\" content=\"index, follow, max-snippet:-1, max-image-preview:large, max-video-preview:-1\" \/>\n<link rel=\"canonical\" href=\"https:\/\/www.runottawa.ca\/fr\/course-preparatoire-officielle-de-la-fin-de-semaine-des-courses-tamarack-dottawa\/\" \/>\n<meta name=\"twitter:label1\" content=\"Dur\u00e9e de lecture estim\u00e9e\" \/>\n\t<meta name=\"twitter:data1\" content=\"1 minute\" \/>\n<script type=\"application\/ld+json\" class=\"yoast-schema-graph\">{\"@context\":\"https:\\\/\\\/schema.org\",\"@graph\":[{\"@type\":\"WebPage\",\"@id\":\"https:\\\/\\\/www.runottawa.ca\\\/fr\\\/course-preparatoire-officielle-de-la-fin-de-semaine-des-courses-tamarack-dottawa\\\/\",\"url\":\"https:\\\/\\\/www.runottawa.ca\\\/fr\\\/course-preparatoire-officielle-de-la-fin-de-semaine-des-courses-tamarack-dottawa\\\/\",\"name\":\"Course pr\u00e9paratoire officielle de la Fin de semaine des courses Tamarack d'Ottawa - Run Ottawa\",\"isPartOf\":{\"@id\":\"https:\\\/\\\/www.runottawa.ca\\\/fr\\\/#website\"},\"datePublished\":\"2026-05-14T16:56:24+00:00\",\"breadcrumb\":{\"@id\":\"https:\\\/\\\/www.runottawa.ca\\\/fr\\\/course-preparatoire-officielle-de-la-fin-de-semaine-des-courses-tamarack-dottawa\\\/#breadcrumb\"},\"inLanguage\":\"fr-FR\",\"potentialAction\":[{\"@type\":\"ReadAction\",\"target\":[\"https:\\\/\\\/www.runottawa.ca\\\/fr\\\/course-preparatoire-officielle-de-la-fin-de-semaine-des-courses-tamarack-dottawa\\\/\"]}]},{\"@type\":\"BreadcrumbList\",\"@id\":\"https:\\\/\\\/www.runottawa.ca\\\/fr\\\/course-preparatoire-officielle-de-la-fin-de-semaine-des-courses-tamarack-dottawa\\\/#breadcrumb\",\"itemListElement\":[{\"@type\":\"ListItem\",\"position\":1,\"name\":\"Home\",\"item\":\"https:\\\/\\\/www.runottawa.ca\\\/fr\\\/\"},{\"@type\":\"ListItem\",\"position\":2,\"name\":\"Course pr\u00e9paratoire officielle de la Fin de semaine des courses Tamarack d&#8217;Ottawa\"}]},{\"@type\":\"WebSite\",\"@id\":\"https:\\\/\\\/www.runottawa.ca\\\/fr\\\/#website\",\"url\":\"https:\\\/\\\/www.runottawa.ca\\\/fr\\\/\",\"name\":\"Run Ottawa\",\"description\":\"\",\"potentialAction\":[{\"@type\":\"SearchAction\",\"target\":{\"@type\":\"EntryPoint\",\"urlTemplate\":\"https:\\\/\\\/www.runottawa.ca\\\/fr\\\/?s={search_term_string}\"},\"query-input\":{\"@type\":\"PropertyValueSpecification\",\"valueRequired\":true,\"valueName\":\"search_term_string\"}}],\"inLanguage\":\"fr-FR\"}]}<\/script>\n<!-- \/ Yoast SEO plugin. -->","yoast_head_json":{"title":"Course pr\u00e9paratoire officielle de la Fin de semaine des courses Tamarack d'Ottawa - Run Ottawa","robots":{"index":"index","follow":"follow","max-snippet":"max-snippet:-1","max-image-preview":"max-image-preview:large","max-video-preview":"max-video-preview:-1"},"canonical":"https:\/\/www.runottawa.ca\/fr\/course-preparatoire-officielle-de-la-fin-de-semaine-des-courses-tamarack-dottawa\/","twitter_misc":{"Dur\u00e9e de lecture estim\u00e9e":"1 minute"},"schema":{"@context":"https:\/\/schema.org","@graph":[{"@type":"WebPage","@id":"https:\/\/www.runottawa.ca\/fr\/course-preparatoire-officielle-de-la-fin-de-semaine-des-courses-tamarack-dottawa\/","url":"https:\/\/www.runottawa.ca\/fr\/course-preparatoire-officielle-de-la-fin-de-semaine-des-courses-tamarack-dottawa\/","name":"Course pr\u00e9paratoire officielle de la Fin de semaine des courses Tamarack d'Ottawa - Run Ottawa","isPartOf":{"@id":"https:\/\/www.runottawa.ca\/fr\/#website"},"datePublished":"2026-05-14T16:56:24+00:00","breadcrumb":{"@id":"https:\/\/www.runottawa.ca\/fr\/course-preparatoire-officielle-de-la-fin-de-semaine-des-courses-tamarack-dottawa\/#breadcrumb"},"inLanguage":"fr-FR","potentialAction":[{"@type":"ReadAction","target":["https:\/\/www.runottawa.ca\/fr\/course-preparatoire-officielle-de-la-fin-de-semaine-des-courses-tamarack-dottawa\/"]}]},{"@type":"BreadcrumbList","@id":"https:\/\/www.runottawa.ca\/fr\/course-preparatoire-officielle-de-la-fin-de-semaine-des-courses-tamarack-dottawa\/#breadcrumb","itemListElement":[{"@type":"ListItem","position":1,"name":"Home","item":"https:\/\/www.runottawa.ca\/fr\/"},{"@type":"ListItem","position":2,"name":"Course pr\u00e9paratoire officielle de la Fin de semaine des courses Tamarack d&#8217;Ottawa"}]},{"@type":"WebSite","@id":"https:\/\/www.runottawa.ca\/fr\/#website","url":"https:\/\/www.runottawa.ca\/fr\/","name":"Run Ottawa","description":"","potentialAction":[{"@type":"SearchAction","target":{"@type":"EntryPoint","urlTemplate":"https:\/\/www.runottawa.ca\/fr\/?s={search_term_string}"},"query-input":{"@type":"PropertyValueSpecification","valueRequired":true,"valueName":"search_term_string"}}],"inLanguage":"fr-FR"}]}},"_links":{"self":[{"href":"https:\/\/www.runottawa.ca\/fr\/wp-json\/wp\/v2\/pages\/45424","targetHints":{"allow":["GET"]}}],"collection":[{"href":"https:\/\/www.runottawa.ca\/fr\/wp-json\/wp\/v2\/pages"}],"about":[{"href":"https:\/\/www.runottawa.ca\/fr\/wp-json\/wp\/v2\/types\/page"}],"author":[{"embeddable":true,"href":"https:\/\/www.runottawa.ca\/fr\/wp-json\/wp\/v2\/users\/33"}],"replies":[{"embeddable":true,"href":"https:\/\/www.runottawa.ca\/fr\/wp-json\/wp\/v2\/comments?post=45424"}],"version-history":[{"count":3,"href":"https:\/\/www.runottawa.ca\/fr\/wp-json\/wp\/v2\/pages\/45424\/revisions"}],"predecessor-version":[{"id":45434,"href":"https:\/\/www.runottawa.ca\/fr\/wp-json\/wp\/v2\/pages\/45424\/revisions\/45434"}],"wp:attachment":[{"href":"https:\/\/www.runottawa.ca\/fr\/wp-json\/wp\/v2\/media?parent=45424"}],"curies":[{"name":"wp","href":"https:\/\/api.w.org\/{rel}","templated":true}]}}