{"id":43586,"date":"2025-11-19T08:32:58","date_gmt":"2025-11-19T13:32:58","guid":{"rendered":"https:\/\/www.runottawa.ca\/?page_id=43586"},"modified":"2025-11-24T12:09:21","modified_gmt":"2025-11-24T17:09:21","slug":"courez-ottawa-en-tant-que-vip","status":"publish","type":"page","link":"https:\/\/www.runottawa.ca\/fr\/courez-ottawa-en-tant-que-vip\/","title":{"rendered":"Courez Ottawa en tant que VIP!"},"content":{"rendered":"<h2><strong>Inscrivez-vous au Marathon international d\u2019Ottawa Tartan d\u2019ici le lundi 1er\u00a0d\u00e9cembre et courez la chance de gagner une exp\u00e9rience VIP \u00e0 la Fin de semaine des courses Tamarack d\u2019Ottawa!<\/strong><\/h2>\n<p>&nbsp;<\/p>\n<p><span style=\"font-weight: 400;\">Aucun marathon ne se compare au <\/span><a href=\"https:\/\/www.runottawa.ca\/fr\/les-courses\/marathon-ottawa\/\"><b>Marathon international d\u2019Ottawa Tartan<\/b><\/a><span style=\"font-weight: 400;\">\u00a0: un parcours plat (id\u00e9al pour les records personnels) qui sillonne Ottawa ET Gatineau, une foule incroyable, de magnifiques vues sur la rivi\u00e8re et une ligne d\u2019arriv\u00e9e qui rassemble les participants dans une grande c\u00e9l\u00e9bration.<\/span><\/p>\n<p>&nbsp;<\/p>\n<p><strong>Inscrivez-vous avant le 1er\u00a0d\u00e9cembre pour avoir une chance de gagner\u00a0:<\/strong><\/p>\n<ul>\n<li><span style=\"font-weight: 400;\">Une nuit \u00e0 l\u2019h\u00f4tel Marriott<\/span><\/li>\n<li><span style=\"font-weight: 400;\">Une trousse d\u2019entra\u00eenement de l\u2019\u00e9dition 2026 : veste, maillot et casquette<\/span><\/li>\n<li>Bo\u00eete de d\u00e9gustation de XACT Nutrition<\/li>\n<li><span style=\"font-weight: 400;\">Deux billets VIP pour la ligne d\u2019arriv\u00e9e, qui offrent les meilleures places pour voir les finales des \u00e9preuves<\/span><\/li>\n<\/ul>\n<h2><strong>Commencez votre aventure vers un weekend de course inoubliable d\u00e8s aujourd\u2019hui. <a href=\"https:\/\/www.runottawa.ca\/fr\/les-courses\/marathon-ottawa\/\">Inscrivez-vous maintenant<\/a>!<\/strong><\/h2>\n<p>&nbsp;<\/p>\n<p><strong><i>Tous les participants du Marathon international d\u2019Ottawa Tartan de 2026 seront ajout\u00e9s au tirage.<\/i><\/strong><\/p>\n","protected":false},"excerpt":{"rendered":"<p>Inscrivez-vous au Marathon international d\u2019Ottawa Tartan d\u2019ici le lundi 1er\u00a0d\u00e9cembre et courez la chance de gagner une exp\u00e9rience VIP \u00e0 la Fin de semaine des courses Tamarack d\u2019Ottawa! &nbsp; Aucun marathon ne se compare au Marathon international d\u2019Ottawa Tartan\u00a0: un parcours plat (id\u00e9al pour les records personnels) qui sillonne Ottawa [&hellip;]<\/p>\n","protected":false},"author":33,"featured_media":0,"parent":0,"menu_order":2,"comment_status":"closed","ping_status":"closed","template":"","meta":{"_acf_changed":false,"footnotes":""},"class_list":["post-43586","page","type-page","status-publish","hentry"],"acf":[],"yoast_head":"<!-- This site is optimized with the Yoast SEO plugin v27.5 - https:\/\/yoast.com\/product\/yoast-seo-wordpress\/ -->\n<title>Courez Ottawa en tant que VIP! - Run Ottawa<\/title>\n<meta name=\"robots\" content=\"index, follow, max-snippet:-1, max-image-preview:large, max-video-preview:-1\" \/>\n<link rel=\"canonical\" href=\"https:\/\/www.runottawa.ca\/fr\/courez-ottawa-en-tant-que-vip\/\" \/>\n<meta name=\"twitter:label1\" content=\"Dur\u00e9e de lecture estim\u00e9e\" \/>\n\t<meta name=\"twitter:data1\" content=\"1 minute\" \/>\n<script type=\"application\/ld+json\" class=\"yoast-schema-graph\">{\"@context\":\"https:\\\/\\\/schema.org\",\"@graph\":[{\"@type\":\"WebPage\",\"@id\":\"https:\\\/\\\/www.runottawa.ca\\\/fr\\\/courez-ottawa-en-tant-que-vip\\\/\",\"url\":\"https:\\\/\\\/www.runottawa.ca\\\/fr\\\/courez-ottawa-en-tant-que-vip\\\/\",\"name\":\"Courez Ottawa en tant que VIP! - Run Ottawa\",\"isPartOf\":{\"@id\":\"https:\\\/\\\/www.runottawa.ca\\\/fr\\\/#website\"},\"datePublished\":\"2025-11-19T13:32:58+00:00\",\"dateModified\":\"2025-11-24T17:09:21+00:00\",\"breadcrumb\":{\"@id\":\"https:\\\/\\\/www.runottawa.ca\\\/fr\\\/courez-ottawa-en-tant-que-vip\\\/#breadcrumb\"},\"inLanguage\":\"fr-FR\",\"potentialAction\":[{\"@type\":\"ReadAction\",\"target\":[\"https:\\\/\\\/www.runottawa.ca\\\/fr\\\/courez-ottawa-en-tant-que-vip\\\/\"]}]},{\"@type\":\"BreadcrumbList\",\"@id\":\"https:\\\/\\\/www.runottawa.ca\\\/fr\\\/courez-ottawa-en-tant-que-vip\\\/#breadcrumb\",\"itemListElement\":[{\"@type\":\"ListItem\",\"position\":1,\"name\":\"Home\",\"item\":\"https:\\\/\\\/www.runottawa.ca\\\/fr\\\/\"},{\"@type\":\"ListItem\",\"position\":2,\"name\":\"Courez Ottawa en tant que VIP!\"}]},{\"@type\":\"WebSite\",\"@id\":\"https:\\\/\\\/www.runottawa.ca\\\/fr\\\/#website\",\"url\":\"https:\\\/\\\/www.runottawa.ca\\\/fr\\\/\",\"name\":\"Run Ottawa\",\"description\":\"\",\"potentialAction\":[{\"@type\":\"SearchAction\",\"target\":{\"@type\":\"EntryPoint\",\"urlTemplate\":\"https:\\\/\\\/www.runottawa.ca\\\/fr\\\/?s={search_term_string}\"},\"query-input\":{\"@type\":\"PropertyValueSpecification\",\"valueRequired\":true,\"valueName\":\"search_term_string\"}}],\"inLanguage\":\"fr-FR\"}]}<\/script>\n<!-- \/ Yoast SEO plugin. -->","yoast_head_json":{"title":"Courez Ottawa en tant que VIP! - Run Ottawa","robots":{"index":"index","follow":"follow","max-snippet":"max-snippet:-1","max-image-preview":"max-image-preview:large","max-video-preview":"max-video-preview:-1"},"canonical":"https:\/\/www.runottawa.ca\/fr\/courez-ottawa-en-tant-que-vip\/","twitter_misc":{"Dur\u00e9e de lecture estim\u00e9e":"1 minute"},"schema":{"@context":"https:\/\/schema.org","@graph":[{"@type":"WebPage","@id":"https:\/\/www.runottawa.ca\/fr\/courez-ottawa-en-tant-que-vip\/","url":"https:\/\/www.runottawa.ca\/fr\/courez-ottawa-en-tant-que-vip\/","name":"Courez Ottawa en tant que VIP! - Run Ottawa","isPartOf":{"@id":"https:\/\/www.runottawa.ca\/fr\/#website"},"datePublished":"2025-11-19T13:32:58+00:00","dateModified":"2025-11-24T17:09:21+00:00","breadcrumb":{"@id":"https:\/\/www.runottawa.ca\/fr\/courez-ottawa-en-tant-que-vip\/#breadcrumb"},"inLanguage":"fr-FR","potentialAction":[{"@type":"ReadAction","target":["https:\/\/www.runottawa.ca\/fr\/courez-ottawa-en-tant-que-vip\/"]}]},{"@type":"BreadcrumbList","@id":"https:\/\/www.runottawa.ca\/fr\/courez-ottawa-en-tant-que-vip\/#breadcrumb","itemListElement":[{"@type":"ListItem","position":1,"name":"Home","item":"https:\/\/www.runottawa.ca\/fr\/"},{"@type":"ListItem","position":2,"name":"Courez Ottawa en tant que VIP!"}]},{"@type":"WebSite","@id":"https:\/\/www.runottawa.ca\/fr\/#website","url":"https:\/\/www.runottawa.ca\/fr\/","name":"Run Ottawa","description":"","potentialAction":[{"@type":"SearchAction","target":{"@type":"EntryPoint","urlTemplate":"https:\/\/www.runottawa.ca\/fr\/?s={search_term_string}"},"query-input":{"@type":"PropertyValueSpecification","valueRequired":true,"valueName":"search_term_string"}}],"inLanguage":"fr-FR"}]}},"_links":{"self":[{"href":"https:\/\/www.runottawa.ca\/fr\/wp-json\/wp\/v2\/pages\/43586","targetHints":{"allow":["GET"]}}],"collection":[{"href":"https:\/\/www.runottawa.ca\/fr\/wp-json\/wp\/v2\/pages"}],"about":[{"href":"https:\/\/www.runottawa.ca\/fr\/wp-json\/wp\/v2\/types\/page"}],"author":[{"embeddable":true,"href":"https:\/\/www.runottawa.ca\/fr\/wp-json\/wp\/v2\/users\/33"}],"replies":[{"embeddable":true,"href":"https:\/\/www.runottawa.ca\/fr\/wp-json\/wp\/v2\/comments?post=43586"}],"version-history":[{"count":6,"href":"https:\/\/www.runottawa.ca\/fr\/wp-json\/wp\/v2\/pages\/43586\/revisions"}],"predecessor-version":[{"id":43632,"href":"https:\/\/www.runottawa.ca\/fr\/wp-json\/wp\/v2\/pages\/43586\/revisions\/43632"}],"wp:attachment":[{"href":"https:\/\/www.runottawa.ca\/fr\/wp-json\/wp\/v2\/media?parent=43586"}],"curies":[{"name":"wp","href":"https:\/\/api.w.org\/{rel}","templated":true}]}}