{"id":43415,"date":"2025-10-16T10:03:39","date_gmt":"2025-10-16T14:03:39","guid":{"rendered":"https:\/\/www.runottawa.ca\/?page_id=43415"},"modified":"2025-10-16T10:03:39","modified_gmt":"2025-10-16T14:03:39","slug":"9rr-offre-exclusive-a-lexpo-inscrivez-vous-maintenant-et-economisez","status":"publish","type":"page","link":"https:\/\/www.runottawa.ca\/fr\/9rr-offre-exclusive-a-lexpo-inscrivez-vous-maintenant-et-economisez\/","title":{"rendered":"OFFRE EXCLUSIVE \u00c0 L\u2019EXPO \u2014 INSCRIVEZ-VOUS MAINTENANT ET \u00c9CONOMISEZ!"},"content":{"rendered":"<h2>Prolong\u00e9 jusqu\u2019au vendredi 24 octobre \u00e0 23h59!<\/h2>\n<h3><\/h3>\n<h3><b>Vous entendez d\u00e9j\u00e0 l\u2019appel du Marathon international d\u2019Ottawa Tartan ou du Demi-marathon d\u2019Ottawa pr\u00e9sent\u00e9 par Desjardins de 2026?<\/b><\/h3>\n<p><b>Fin de semaine des courses Tamarack d\u2019Ottawa\u00a0: Les 23 et 24\u00a0mai\u00a02026 | Ottawa (Canada)<\/b><\/p>\n<hr \/>\n<h3><b>PROLONGATION DU PRIX R\u00c9DUIT POUR LES INSCRIPTIONS H\u00c2TIVES JUSQU\u2019\u00c0 LUNDI!<\/b><\/h3>\n<p><b>OBTENEZ UN RABAIS<\/b><span style=\"font-weight: 400;\">, mais seulement si vous vous inscrivez d\u2019ici <\/span><b>23h59 le vendredi<\/b><b> 24 octobre<\/b><b>!<\/b><\/p>\n<p><span style=\"font-weight: 400;\">Profitez du meilleur prix pour le <\/span><b>Marathon, le Demi-marathon et les D\u00e9fis, avant que les frais d\u2019inscription n\u2019augmentent!<\/b><\/p>\n<p>&nbsp;<\/p>\n<div class=\"su-button-center\"><a href=\"https:\/\/www.letsdothis.com\/ca\/checkout\/ticket?utm_organiser_id=176436&#038;utm_source=reserved_entry&#038;occurrenceId=21111155598&#038;eventId=248331&#038;reservationCode=re_gvmzl6rwiaym\" class=\"su-button su-button-style-flat\" style=\"color:#ffffff;background-color:#f50931;border-color:#c40828;border-radius:19px\" target=\"_blank\" rel=\"noopener noreferrer\"><span style=\"color:#ffffff;padding:0px 44px;font-size:31px;line-height:62px;border-color:#f8536f;border-radius:19px;text-shadow:none\"> INSCRIVEZ-VOUS D\u00c8S MAINTENANT ET \u00c9CONOMISEZ!<\/span><\/a><\/div>\n<p>&nbsp;<\/p>\n<hr \/>\n<h3><b>PRIX SP\u00c9CIAL (POUR UNE DUR\u00c9E LIMIT\u00c9E) :<\/b><\/h3>\n<h3><b>MARATHON<\/b><\/h3>\n<h3><span style=\"color: #ff0000;\"><b>PRIX \u00c0 L\u2019EXPO (jusqu\u2019au <\/b><b>22\u00a0septembre<\/b><b>) <\/b> <b>140\u00a0$\u00a0\u2013 \u00c9CONOMISEZ 20\u00a0$ <\/b><\/span><b><br \/>\n<\/b><b>PRIX ACTUEL <\/b> <b>160\u00a0$ <\/b><\/h3>\n<p>&nbsp;<\/p>\n<h3><strong>DEMI-MARATHON<\/strong><\/h3>\n<h3><span style=\"color: #ff0000;\"><b>PRIX \u00c0 L\u2019EXPO (jusqu\u2019au <\/b><b>22\u00a0septembre<\/b><b>) <\/b> <b>105\u00a0$\u00a0\u2013 \u00c9CONOMISEZ 20\u00a0$ <\/b><\/span><b><br \/>\n<\/b><b>PRIX ACTUEL <\/b> <b>125\u00a0$<\/b><\/h3>\n<p>&nbsp;<\/p>\n<h3><strong>D\u00c9FIS<\/strong><\/h3>\n<h3><span style=\"color: #ff0000;\"><b>PRIX \u00c0 L\u2019EXPO POUR LE 59,2K <\/b> <b>320\u00a0$\u00a0\u2013 \u00c9CONOMISEZ 35\u00a0$<\/b><\/span><b><br \/>\n<\/b><b>PRIX ACTUEL<\/b> <b>355\u00a0$\u00a0<\/b><\/h3>\n<h3><span style=\"color: #ff0000;\"><b>PRIX \u00c0 L\u2019EXPO POUR LE 36,1K <\/b> <b>250\u00a0$\u00a0\u2013 \u00c9CONOMISEZ 25\u00a0$<\/b><\/span><b><br \/>\n<\/b><b>PRIX ACTUEL<\/b> <b>275\u00a0$<\/b><b>\u00a0<\/b><\/h3>\n<h3><span style=\"color: #ff0000;\"><b>PRIX \u00c0 L\u2019EXPO POUR LE 17K <\/b> <b>180\u00a0$\u00a0\u2013 \u00c9CONOMISEZ 10\u00a0$<\/b><\/span><b><br \/>\n<\/b><b>PRIX ACTUEL<\/b> <b>190\u00a0$<\/b><\/h3>\n<p>&nbsp;<\/p>\n<h3><b>Prix exclusifs \u00e0 l\u2019Expo\u00a0\u2013 Il n\u2019est possible de les obtenir ailleurs!<\/b><\/h3>\n<p>&nbsp;<\/p>\n<div class=\"su-button-center\"><a href=\"https:\/\/www.letsdothis.com\/ca\/checkout\/ticket?utm_organiser_id=176436&#038;utm_source=reserved_entry&#038;occurrenceId=21111155598&#038;eventId=248331&#038;reservationCode=re_gvmzl6rwiaym\" class=\"su-button su-button-style-flat\" style=\"color:#ffffff;background-color:#f50931;border-color:#c40828;border-radius:19px\" target=\"_blank\" rel=\"noopener noreferrer\"><span style=\"color:#ffffff;padding:0px 44px;font-size:31px;line-height:62px;border-color:#f8536f;border-radius:19px;text-shadow:none\"> INSCRIVEZ-VOUS MAINTENANT!<\/span><\/a><\/div>\n<p>&nbsp;<\/p>\n<p><b>L\u2019offre se termine le vendredi 24 octobre \u00e0 23 h 59 (HE)<\/b><b><br \/>\n<\/b><b>Valide pour le Marathon, le Demi-marathon et les D\u00e9fis.<\/b><\/p>\n<hr \/>\n<h3><b>Pourquoi Ottawa est un choix de pr\u00e9dilection pour les coureurs?<\/b><\/h3>\n<p><span style=\"font-weight: 400;\">\u2705 <\/span><b>Le plus beau parcours au pays<\/b><b><br \/>\n<\/b><span style=\"font-weight: 400;\"> Directement au c\u0153ur de la capitale nationale, avec de magnifiques attraits touristiques et des vues \u00e0 couper de souffle de la rivi\u00e8re.<\/span><\/p>\n<p><span style=\"font-weight: 400;\">\u2705 <\/span><b>Ambiance \u00e9lectrisante et soutien incroyable de la foule<\/b><b><br \/>\n<\/b><span style=\"font-weight: 400;\"> L\u2019\u00e9nergie \u00e0 Ottawa est sans pareille\u00a0: les encouragements de nos spectateurs vous transporteront litt\u00e9ralement jusqu\u2019\u00e0 la ligne d\u2019arriv\u00e9e.<\/span><\/p>\n<p><span style=\"font-weight: 400;\">\u2705 <\/span><b>\u00c9preuve de qualification pour le Marathon de Boston<\/b> <b>et<\/b> <b>AbbottWMM<\/b><b><br \/>\n<\/b><span style=\"font-weight: 400;\"> Parcours rapide, plat et certifi\u00e9, ce qui est parfait pour \u00e9tablir des records personnels et des temps de qualification.<\/span><\/p>\n<p><span style=\"font-weight: 400;\">\u2705 <\/span><b>Exp\u00e9rience de course de calibre mondial<\/b><b><br \/>\n<\/b><span style=\"font-weight: 400;\"> L\u2019\u00e9v\u00e9nement se classe continuellement comme \u00e9tant l\u2019un des mieux organis\u00e9s en Am\u00e9rique du Nord.<\/span><\/p>\n<hr \/>\n<h3><b>Les places partiront comme des petits pains chauds. Faites vite!<\/b><\/h3>\n<p><span style=\"font-weight: 400;\">Comme les places sont limit\u00e9es et que la liste d\u2019attente s\u2019allonge chaque ann\u00e9e, <\/span><b>c\u2019est le moment id\u00e9al pour vous inscrire!<\/b><span style=\"font-weight: 400;\"><br \/>\n<\/span><span style=\"font-weight: 400;\">Ne ratez pas votre chance de faire partie de l\u2019un des weekends de course les plus courus au pays.<\/span><\/p>\n","protected":false},"excerpt":{"rendered":"<p>Prolong\u00e9 jusqu\u2019au vendredi 24 octobre \u00e0 23h59! Vous entendez d\u00e9j\u00e0 l\u2019appel du Marathon international d\u2019Ottawa Tartan ou du Demi-marathon d\u2019Ottawa pr\u00e9sent\u00e9 par Desjardins de 2026? Fin de semaine des courses Tamarack d\u2019Ottawa\u00a0: Les 23 et 24\u00a0mai\u00a02026 | Ottawa (Canada) PROLONGATION DU PRIX R\u00c9DUIT POUR LES INSCRIPTIONS H\u00c2TIVES JUSQU\u2019\u00c0 LUNDI! OBTENEZ [&hellip;]<\/p>\n","protected":false},"author":33,"featured_media":0,"parent":0,"menu_order":5,"comment_status":"closed","ping_status":"closed","template":"","meta":{"_acf_changed":false,"footnotes":""},"class_list":["post-43415","page","type-page","status-publish","hentry"],"acf":[],"yoast_head":"<!-- This site is optimized with the Yoast SEO plugin v27.4 - https:\/\/yoast.com\/product\/yoast-seo-wordpress\/ -->\n<title>OFFRE EXCLUSIVE \u00c0 L\u2019EXPO \u2014 INSCRIVEZ-VOUS MAINTENANT ET \u00c9CONOMISEZ! - Run Ottawa<\/title>\n<meta name=\"robots\" content=\"index, follow, max-snippet:-1, max-image-preview:large, max-video-preview:-1\" \/>\n<link rel=\"canonical\" href=\"https:\/\/www.runottawa.ca\/fr\/9rr-offre-exclusive-a-lexpo-inscrivez-vous-maintenant-et-economisez\/\" \/>\n<meta name=\"twitter:label1\" content=\"Dur\u00e9e de lecture estim\u00e9e\" \/>\n\t<meta name=\"twitter:data1\" content=\"2 minutes\" \/>\n<script type=\"application\/ld+json\" class=\"yoast-schema-graph\">{\"@context\":\"https:\\\/\\\/schema.org\",\"@graph\":[{\"@type\":\"WebPage\",\"@id\":\"https:\\\/\\\/www.runottawa.ca\\\/fr\\\/9rr-offre-exclusive-a-lexpo-inscrivez-vous-maintenant-et-economisez\\\/\",\"url\":\"https:\\\/\\\/www.runottawa.ca\\\/fr\\\/9rr-offre-exclusive-a-lexpo-inscrivez-vous-maintenant-et-economisez\\\/\",\"name\":\"OFFRE EXCLUSIVE \u00c0 L\u2019EXPO \u2014 INSCRIVEZ-VOUS MAINTENANT ET \u00c9CONOMISEZ! - Run Ottawa\",\"isPartOf\":{\"@id\":\"https:\\\/\\\/www.runottawa.ca\\\/fr\\\/#website\"},\"datePublished\":\"2025-10-16T14:03:39+00:00\",\"breadcrumb\":{\"@id\":\"https:\\\/\\\/www.runottawa.ca\\\/fr\\\/9rr-offre-exclusive-a-lexpo-inscrivez-vous-maintenant-et-economisez\\\/#breadcrumb\"},\"inLanguage\":\"fr-FR\",\"potentialAction\":[{\"@type\":\"ReadAction\",\"target\":[\"https:\\\/\\\/www.runottawa.ca\\\/fr\\\/9rr-offre-exclusive-a-lexpo-inscrivez-vous-maintenant-et-economisez\\\/\"]}]},{\"@type\":\"BreadcrumbList\",\"@id\":\"https:\\\/\\\/www.runottawa.ca\\\/fr\\\/9rr-offre-exclusive-a-lexpo-inscrivez-vous-maintenant-et-economisez\\\/#breadcrumb\",\"itemListElement\":[{\"@type\":\"ListItem\",\"position\":1,\"name\":\"Home\",\"item\":\"https:\\\/\\\/www.runottawa.ca\\\/fr\\\/\"},{\"@type\":\"ListItem\",\"position\":2,\"name\":\"OFFRE EXCLUSIVE \u00c0 L\u2019EXPO \u2014 INSCRIVEZ-VOUS MAINTENANT ET \u00c9CONOMISEZ!\"}]},{\"@type\":\"WebSite\",\"@id\":\"https:\\\/\\\/www.runottawa.ca\\\/fr\\\/#website\",\"url\":\"https:\\\/\\\/www.runottawa.ca\\\/fr\\\/\",\"name\":\"Run Ottawa\",\"description\":\"\",\"potentialAction\":[{\"@type\":\"SearchAction\",\"target\":{\"@type\":\"EntryPoint\",\"urlTemplate\":\"https:\\\/\\\/www.runottawa.ca\\\/fr\\\/?s={search_term_string}\"},\"query-input\":{\"@type\":\"PropertyValueSpecification\",\"valueRequired\":true,\"valueName\":\"search_term_string\"}}],\"inLanguage\":\"fr-FR\"}]}<\/script>\n<!-- \/ Yoast SEO plugin. -->","yoast_head_json":{"title":"OFFRE EXCLUSIVE \u00c0 L\u2019EXPO \u2014 INSCRIVEZ-VOUS MAINTENANT ET \u00c9CONOMISEZ! - Run Ottawa","robots":{"index":"index","follow":"follow","max-snippet":"max-snippet:-1","max-image-preview":"max-image-preview:large","max-video-preview":"max-video-preview:-1"},"canonical":"https:\/\/www.runottawa.ca\/fr\/9rr-offre-exclusive-a-lexpo-inscrivez-vous-maintenant-et-economisez\/","twitter_misc":{"Dur\u00e9e de lecture estim\u00e9e":"2 minutes"},"schema":{"@context":"https:\/\/schema.org","@graph":[{"@type":"WebPage","@id":"https:\/\/www.runottawa.ca\/fr\/9rr-offre-exclusive-a-lexpo-inscrivez-vous-maintenant-et-economisez\/","url":"https:\/\/www.runottawa.ca\/fr\/9rr-offre-exclusive-a-lexpo-inscrivez-vous-maintenant-et-economisez\/","name":"OFFRE EXCLUSIVE \u00c0 L\u2019EXPO \u2014 INSCRIVEZ-VOUS MAINTENANT ET \u00c9CONOMISEZ! - Run Ottawa","isPartOf":{"@id":"https:\/\/www.runottawa.ca\/fr\/#website"},"datePublished":"2025-10-16T14:03:39+00:00","breadcrumb":{"@id":"https:\/\/www.runottawa.ca\/fr\/9rr-offre-exclusive-a-lexpo-inscrivez-vous-maintenant-et-economisez\/#breadcrumb"},"inLanguage":"fr-FR","potentialAction":[{"@type":"ReadAction","target":["https:\/\/www.runottawa.ca\/fr\/9rr-offre-exclusive-a-lexpo-inscrivez-vous-maintenant-et-economisez\/"]}]},{"@type":"BreadcrumbList","@id":"https:\/\/www.runottawa.ca\/fr\/9rr-offre-exclusive-a-lexpo-inscrivez-vous-maintenant-et-economisez\/#breadcrumb","itemListElement":[{"@type":"ListItem","position":1,"name":"Home","item":"https:\/\/www.runottawa.ca\/fr\/"},{"@type":"ListItem","position":2,"name":"OFFRE EXCLUSIVE \u00c0 L\u2019EXPO \u2014 INSCRIVEZ-VOUS MAINTENANT ET \u00c9CONOMISEZ!"}]},{"@type":"WebSite","@id":"https:\/\/www.runottawa.ca\/fr\/#website","url":"https:\/\/www.runottawa.ca\/fr\/","name":"Run Ottawa","description":"","potentialAction":[{"@type":"SearchAction","target":{"@type":"EntryPoint","urlTemplate":"https:\/\/www.runottawa.ca\/fr\/?s={search_term_string}"},"query-input":{"@type":"PropertyValueSpecification","valueRequired":true,"valueName":"search_term_string"}}],"inLanguage":"fr-FR"}]}},"_links":{"self":[{"href":"https:\/\/www.runottawa.ca\/fr\/wp-json\/wp\/v2\/pages\/43415","targetHints":{"allow":["GET"]}}],"collection":[{"href":"https:\/\/www.runottawa.ca\/fr\/wp-json\/wp\/v2\/pages"}],"about":[{"href":"https:\/\/www.runottawa.ca\/fr\/wp-json\/wp\/v2\/types\/page"}],"author":[{"embeddable":true,"href":"https:\/\/www.runottawa.ca\/fr\/wp-json\/wp\/v2\/users\/33"}],"replies":[{"embeddable":true,"href":"https:\/\/www.runottawa.ca\/fr\/wp-json\/wp\/v2\/comments?post=43415"}],"version-history":[{"count":2,"href":"https:\/\/www.runottawa.ca\/fr\/wp-json\/wp\/v2\/pages\/43415\/revisions"}],"predecessor-version":[{"id":43419,"href":"https:\/\/www.runottawa.ca\/fr\/wp-json\/wp\/v2\/pages\/43415\/revisions\/43419"}],"wp:attachment":[{"href":"https:\/\/www.runottawa.ca\/fr\/wp-json\/wp\/v2\/media?parent=43415"}],"curies":[{"name":"wp","href":"https:\/\/api.w.org\/{rel}","templated":true}]}}