{"id":40769,"date":"2024-12-16T18:00:09","date_gmt":"2024-12-16T23:00:09","guid":{"rendered":"https:\/\/www.runottawa.ca\/?page_id=40769"},"modified":"2025-06-24T09:40:16","modified_gmt":"2025-06-24T13:40:16","slug":"runna-x-fin-de-semaine-des-courses-tamarack-dottawa","status":"publish","type":"page","link":"https:\/\/www.runottawa.ca\/fr\/runna-x-fin-de-semaine-des-courses-tamarack-dottawa\/","title":{"rendered":"Runna x Fin de semaine des courses Tamarack d\u2019Ottawa"},"content":{"rendered":"<h2><a href=\"https:\/\/www.runottawa.ca\/wp-content\/uploads\/2025\/06\/sponsor-webpage-rectangles-5.png\"><img loading=\"lazy\" decoding=\"async\" class=\"aligncenter wp-image-43006 size-full\" src=\"https:\/\/www.runottawa.ca\/wp-content\/uploads\/2025\/06\/sponsor-webpage-rectangles-5.png\" alt=\"\" width=\"356\" height=\"208\" srcset=\"https:\/\/www.runottawa.ca\/wp-content\/uploads\/2025\/06\/sponsor-webpage-rectangles-5.png 356w, https:\/\/www.runottawa.ca\/wp-content\/uploads\/2025\/06\/sponsor-webpage-rectangles-5-300x175.png 300w\" sizes=\"auto, (max-width: 356px) 100vw, 356px\" \/><\/a><\/h2>\n<h2><b>Deux semaines d\u2019acc\u00e8s GRATUIT \u00e0 l\u2019application d\u2019entra\u00eenement \u00e0 la course la mieux cot\u00e9e!<\/b><\/h2>\n<p><b>Nous sommes heureux d\u2019annoncer un nouveau partenariat avec Runna, l\u2019application d\u2019entra\u00eenement officielle de la Fin de semaine des courses Tamarack d\u2019Ottawa.<\/b><\/p>\n<p><span style=\"font-weight: 400;\">Que vous vous entra\u00eeniez en vue de votre premier marathon ou pour votre dixi\u00e8me participation \u00e0 la Fin de semaine des courses Tamarack d\u2019Ottawa, Runna vous propose des plans d\u2019entra\u00eenement personnalis\u00e9s con\u00e7us par des athl\u00e8tes olympiques pour vous aider \u00e0 repousser vos limites.\u00a0<\/span><\/p>\n<p><span style=\"font-weight: 400;\">L\u2019application se connecte facilement avec tout appareil compatible. Entrez dans une communaut\u00e9 dynamique et profitez des rencontres p\u00e9riodiques, des \u00e9v\u00e9nements int\u00e9ressants et du soutien sp\u00e9cialis\u00e9. Que ce soit pour am\u00e9liorer votre forme, pour bien ma\u00eetriser votre alimentation, pour pr\u00e9venir les blessures ou pour faire des entra\u00eenements en force, Runna vous guidera pas \u00e0 pas.\u00a0<\/span><\/p>\n<p><span style=\"font-weight: 400;\">Abonnez-vous en utilisant le code <strong>RUNOTTAWARUNNA26<\/strong><\/span>\u00a0<span style=\"font-weight: 400;\">pour obtenir vos deux premi\u00e8res semaines gratuites. Transformez votre entra\u00eenement et franchissez la ligne d\u2019arriv\u00e9e avec confiance!\u00a0<\/span><\/p>\n<p><span style=\"font-weight: 400;\"><strong><a href=\"https:\/\/web.runna.com\/redeem?code=RUNOTTAWA26\">T\u00c9L\u00c9CHARGEZ L\u2019APPLICATION D\u00c8S MAINTENANT!<\/a><\/strong>\u00a0<\/span><\/p>\n<p><span style=\"font-weight: 400;\">Si vous aimez l\u2019application et voulez continuer \u00e0 l\u2019utiliser (nous en sommes convaincus!), vous pouvez vous abonner pour un an (162,99\u00a0$) ou payer chaque mois (27,99\u00a0$).<\/span><\/p>\n<p><b>Tous nos v\u0153ux de r\u00e9ussite dans votre formation, quelle que soit l&rsquo;application choisie!<\/b><\/p>\n","protected":false},"excerpt":{"rendered":"<p>Deux semaines d\u2019acc\u00e8s GRATUIT \u00e0 l\u2019application d\u2019entra\u00eenement \u00e0 la course la mieux cot\u00e9e! Nous sommes heureux d\u2019annoncer un nouveau partenariat avec Runna, l\u2019application d\u2019entra\u00eenement officielle de la Fin de semaine des courses Tamarack d\u2019Ottawa. Que vous vous entra\u00eeniez en vue de votre premier marathon ou pour votre dixi\u00e8me participation \u00e0 [&hellip;]<\/p>\n","protected":false},"author":33,"featured_media":0,"parent":0,"menu_order":26,"comment_status":"closed","ping_status":"closed","template":"","meta":{"_acf_changed":false,"footnotes":""},"class_list":["post-40769","page","type-page","status-publish","hentry"],"acf":[],"yoast_head":"<!-- This site is optimized with the Yoast SEO plugin v27.4 - https:\/\/yoast.com\/product\/yoast-seo-wordpress\/ -->\n<title>Runna x Fin de semaine des courses Tamarack d\u2019Ottawa - Run Ottawa<\/title>\n<meta name=\"robots\" content=\"index, follow, max-snippet:-1, max-image-preview:large, max-video-preview:-1\" \/>\n<link rel=\"canonical\" href=\"https:\/\/www.runottawa.ca\/fr\/runna-x-fin-de-semaine-des-courses-tamarack-dottawa\/\" \/>\n<meta name=\"twitter:label1\" content=\"Dur\u00e9e de lecture estim\u00e9e\" \/>\n\t<meta name=\"twitter:data1\" content=\"1 minute\" \/>\n<script type=\"application\/ld+json\" class=\"yoast-schema-graph\">{\"@context\":\"https:\\\/\\\/schema.org\",\"@graph\":[{\"@type\":\"WebPage\",\"@id\":\"https:\\\/\\\/www.runottawa.ca\\\/fr\\\/runna-x-fin-de-semaine-des-courses-tamarack-dottawa\\\/\",\"url\":\"https:\\\/\\\/www.runottawa.ca\\\/fr\\\/runna-x-fin-de-semaine-des-courses-tamarack-dottawa\\\/\",\"name\":\"Runna x Fin de semaine des courses Tamarack d\u2019Ottawa - Run Ottawa\",\"isPartOf\":{\"@id\":\"https:\\\/\\\/www.runottawa.ca\\\/fr\\\/#website\"},\"datePublished\":\"2024-12-16T23:00:09+00:00\",\"dateModified\":\"2025-06-24T13:40:16+00:00\",\"breadcrumb\":{\"@id\":\"https:\\\/\\\/www.runottawa.ca\\\/fr\\\/runna-x-fin-de-semaine-des-courses-tamarack-dottawa\\\/#breadcrumb\"},\"inLanguage\":\"fr-FR\",\"potentialAction\":[{\"@type\":\"ReadAction\",\"target\":[\"https:\\\/\\\/www.runottawa.ca\\\/fr\\\/runna-x-fin-de-semaine-des-courses-tamarack-dottawa\\\/\"]}]},{\"@type\":\"BreadcrumbList\",\"@id\":\"https:\\\/\\\/www.runottawa.ca\\\/fr\\\/runna-x-fin-de-semaine-des-courses-tamarack-dottawa\\\/#breadcrumb\",\"itemListElement\":[{\"@type\":\"ListItem\",\"position\":1,\"name\":\"Home\",\"item\":\"https:\\\/\\\/www.runottawa.ca\\\/fr\\\/\"},{\"@type\":\"ListItem\",\"position\":2,\"name\":\"Runna x Fin de semaine des courses Tamarack d\u2019Ottawa\"}]},{\"@type\":\"WebSite\",\"@id\":\"https:\\\/\\\/www.runottawa.ca\\\/fr\\\/#website\",\"url\":\"https:\\\/\\\/www.runottawa.ca\\\/fr\\\/\",\"name\":\"Run Ottawa\",\"description\":\"\",\"potentialAction\":[{\"@type\":\"SearchAction\",\"target\":{\"@type\":\"EntryPoint\",\"urlTemplate\":\"https:\\\/\\\/www.runottawa.ca\\\/fr\\\/?s={search_term_string}\"},\"query-input\":{\"@type\":\"PropertyValueSpecification\",\"valueRequired\":true,\"valueName\":\"search_term_string\"}}],\"inLanguage\":\"fr-FR\"}]}<\/script>\n<!-- \/ Yoast SEO plugin. -->","yoast_head_json":{"title":"Runna x Fin de semaine des courses Tamarack d\u2019Ottawa - Run Ottawa","robots":{"index":"index","follow":"follow","max-snippet":"max-snippet:-1","max-image-preview":"max-image-preview:large","max-video-preview":"max-video-preview:-1"},"canonical":"https:\/\/www.runottawa.ca\/fr\/runna-x-fin-de-semaine-des-courses-tamarack-dottawa\/","twitter_misc":{"Dur\u00e9e de lecture estim\u00e9e":"1 minute"},"schema":{"@context":"https:\/\/schema.org","@graph":[{"@type":"WebPage","@id":"https:\/\/www.runottawa.ca\/fr\/runna-x-fin-de-semaine-des-courses-tamarack-dottawa\/","url":"https:\/\/www.runottawa.ca\/fr\/runna-x-fin-de-semaine-des-courses-tamarack-dottawa\/","name":"Runna x Fin de semaine des courses Tamarack d\u2019Ottawa - Run Ottawa","isPartOf":{"@id":"https:\/\/www.runottawa.ca\/fr\/#website"},"datePublished":"2024-12-16T23:00:09+00:00","dateModified":"2025-06-24T13:40:16+00:00","breadcrumb":{"@id":"https:\/\/www.runottawa.ca\/fr\/runna-x-fin-de-semaine-des-courses-tamarack-dottawa\/#breadcrumb"},"inLanguage":"fr-FR","potentialAction":[{"@type":"ReadAction","target":["https:\/\/www.runottawa.ca\/fr\/runna-x-fin-de-semaine-des-courses-tamarack-dottawa\/"]}]},{"@type":"BreadcrumbList","@id":"https:\/\/www.runottawa.ca\/fr\/runna-x-fin-de-semaine-des-courses-tamarack-dottawa\/#breadcrumb","itemListElement":[{"@type":"ListItem","position":1,"name":"Home","item":"https:\/\/www.runottawa.ca\/fr\/"},{"@type":"ListItem","position":2,"name":"Runna x Fin de semaine des courses Tamarack d\u2019Ottawa"}]},{"@type":"WebSite","@id":"https:\/\/www.runottawa.ca\/fr\/#website","url":"https:\/\/www.runottawa.ca\/fr\/","name":"Run Ottawa","description":"","potentialAction":[{"@type":"SearchAction","target":{"@type":"EntryPoint","urlTemplate":"https:\/\/www.runottawa.ca\/fr\/?s={search_term_string}"},"query-input":{"@type":"PropertyValueSpecification","valueRequired":true,"valueName":"search_term_string"}}],"inLanguage":"fr-FR"}]}},"_links":{"self":[{"href":"https:\/\/www.runottawa.ca\/fr\/wp-json\/wp\/v2\/pages\/40769","targetHints":{"allow":["GET"]}}],"collection":[{"href":"https:\/\/www.runottawa.ca\/fr\/wp-json\/wp\/v2\/pages"}],"about":[{"href":"https:\/\/www.runottawa.ca\/fr\/wp-json\/wp\/v2\/types\/page"}],"author":[{"embeddable":true,"href":"https:\/\/www.runottawa.ca\/fr\/wp-json\/wp\/v2\/users\/33"}],"replies":[{"embeddable":true,"href":"https:\/\/www.runottawa.ca\/fr\/wp-json\/wp\/v2\/comments?post=40769"}],"version-history":[{"count":4,"href":"https:\/\/www.runottawa.ca\/fr\/wp-json\/wp\/v2\/pages\/40769\/revisions"}],"predecessor-version":[{"id":43011,"href":"https:\/\/www.runottawa.ca\/fr\/wp-json\/wp\/v2\/pages\/40769\/revisions\/43011"}],"wp:attachment":[{"href":"https:\/\/www.runottawa.ca\/fr\/wp-json\/wp\/v2\/media?parent=40769"}],"curies":[{"name":"wp","href":"https:\/\/api.w.org\/{rel}","templated":true}]}}