{"id":40304,"date":"2024-11-20T12:59:02","date_gmt":"2024-11-20T17:59:02","guid":{"rendered":"https:\/\/www.runottawa.ca\/?page_id=40304"},"modified":"2026-04-06T21:15:50","modified_gmt":"2026-04-07T01:15:50","slug":"information-pour-les-athletes-professionnels","status":"publish","type":"page","link":"https:\/\/www.runottawa.ca\/fr\/information-pour-les-athletes-professionnels\/","title":{"rendered":"Information pour les athl\u00e8tes professionnels"},"content":{"rendered":"<p><span style=\"font-weight: 400;\">Le programme des athl\u00e8tes professionnels de Courez Ottawa et de la Fin de semaine des courses Tamarack d\u2019Ottawa a pour objectif de soutenir les coureurs canadiens, de reconna\u00eetre l\u2019importance de la communaut\u00e9 mondiale de coureurs et de c\u00e9l\u00e9brer les performances exceptionnelles.<\/span><\/p>\n<p><span style=\"font-weight: 400;\">Courez Ottawa donne aux coureurs chevronn\u00e9s et professionnels canadiens la chance d\u2019obtenir une place dans des \u00e9quipes nationales et de remplir les crit\u00e8res de s\u00e9lection pour d\u2019autres courses prestigieuses, tout en favorisant un climat de saine concurrence.<\/span><\/p>\n<p><span style=\"font-weight: 400;\">En cr\u00e9ant une communaut\u00e9 inclusive et saine, sans barri\u00e8re \u00e0 la participation, nous sommes en mesure d\u2019offrir des possibilit\u00e9s pour promouvoir l\u2019activit\u00e9 physique et soutenir l\u2019ensemble de la collectivit\u00e9.<\/span><\/p>\n<p><strong><a href=\"https:\/\/www.runottawa.ca\/fr\/information-pour-les-athletes-professionnels-championnats-canadiens-de-10-km\/\">Information pour les athl\u00e8tes professionnels : championnats canadiens de 10 km<\/a><\/strong><\/p>\n<p><a href=\"https:\/\/www.runottawa.ca\/fr\/information-pour-les-athletes-professionnels-marathon-dottawa\/\"><strong>Information pour les athl\u00e8tes professionnels : Marathon international d\u2019Ottawa Tamarack Homes<\/strong><\/a><\/p>\n<p><strong>La Fin de semaine des courses Tamarack d\u2019Ottawa aimerait remercier les commanditaires et partenaires suivants :<\/strong><\/p>\n<p>&nbsp;<\/p>\n<p>&nbsp;<\/p>\n<p><a href=\"https:\/\/www.ottos.ca\/\"><img loading=\"lazy\" decoding=\"async\" class=\"alignnone size-medium wp-image-31264\" src=\"https:\/\/www.runottawa.ca\/wp-content\/uploads\/2015\/02\/OttosOttawa-Logo-300x174.jpeg\" alt=\"\" width=\"300\" height=\"174\" srcset=\"https:\/\/www.runottawa.ca\/wp-content\/uploads\/2015\/02\/OttosOttawa-Logo-300x174.jpeg 300w, https:\/\/www.runottawa.ca\/wp-content\/uploads\/2015\/02\/OttosOttawa-Logo-1024x594.jpeg 1024w, https:\/\/www.runottawa.ca\/wp-content\/uploads\/2015\/02\/OttosOttawa-Logo-768x446.jpeg 768w, https:\/\/www.runottawa.ca\/wp-content\/uploads\/2015\/02\/OttosOttawa-Logo-1536x892.jpeg 1536w, https:\/\/www.runottawa.ca\/wp-content\/uploads\/2015\/02\/OttosOttawa-Logo-2048x1189.jpeg 2048w\" sizes=\"auto, (max-width: 300px) 100vw, 300px\" \/><\/a><\/p>\n<p><a href=\"https:\/\/www.runottawa.ca\/wp-content\/uploads\/2026\/03\/2026-Tamarack-logo.png\"><img loading=\"lazy\" decoding=\"async\" class=\"alignnone size-medium wp-image-44496\" src=\"https:\/\/www.runottawa.ca\/wp-content\/uploads\/2026\/03\/2026-Tamarack-logo-300x78.png\" alt=\"\" width=\"300\" height=\"78\" srcset=\"https:\/\/www.runottawa.ca\/wp-content\/uploads\/2026\/03\/2026-Tamarack-logo-300x78.png 300w, https:\/\/www.runottawa.ca\/wp-content\/uploads\/2026\/03\/2026-Tamarack-logo-1024x265.png 1024w, https:\/\/www.runottawa.ca\/wp-content\/uploads\/2026\/03\/2026-Tamarack-logo-768x199.png 768w, https:\/\/www.runottawa.ca\/wp-content\/uploads\/2026\/03\/2026-Tamarack-logo.png 1052w\" sizes=\"auto, (max-width: 300px) 100vw, 300px\" \/><\/a><\/p>\n<p><a href=\"https:\/\/www.runottawa.ca\/wp-content\/uploads\/2024\/01\/athletics-canada-bil-logo.png\"><img loading=\"lazy\" decoding=\"async\" class=\"alignnone size-full wp-image-37848\" src=\"https:\/\/www.runottawa.ca\/wp-content\/uploads\/2024\/01\/athletics-canada-bil-logo.png\" alt=\"\" width=\"160\" height=\"186\" \/><\/a><\/p>\n<p><a href=\"https:\/\/www.marriott.com\/en-us\/hotels\/yowmc-ottawa-marriott-hotel\/overview\/\"><img loading=\"lazy\" decoding=\"async\" class=\"alignnone size-full wp-image-16801\" src=\"https:\/\/www.runottawa.ca\/wp-content\/uploads\/2018\/04\/Marriott-SponsorLogo.png\" alt=\"\" width=\"177\" height=\"117\" \/><\/a><\/p>\n","protected":false},"excerpt":{"rendered":"<p>Le programme des athl\u00e8tes professionnels de Courez Ottawa et de la Fin de semaine des courses Tamarack d\u2019Ottawa a pour objectif de soutenir les coureurs canadiens, de reconna\u00eetre l\u2019importance de la communaut\u00e9 mondiale de coureurs et de c\u00e9l\u00e9brer les performances exceptionnelles. Courez Ottawa donne aux coureurs chevronn\u00e9s et professionnels canadiens [&hellip;]<\/p>\n","protected":false},"author":33,"featured_media":0,"parent":0,"menu_order":37,"comment_status":"closed","ping_status":"closed","template":"","meta":{"_acf_changed":false,"footnotes":""},"class_list":["post-40304","page","type-page","status-publish","hentry"],"acf":[],"yoast_head":"<!-- This site is optimized with the Yoast SEO plugin v27.4 - https:\/\/yoast.com\/product\/yoast-seo-wordpress\/ -->\n<title>Information pour les athl\u00e8tes professionnels - Run Ottawa<\/title>\n<meta name=\"robots\" content=\"index, follow, max-snippet:-1, max-image-preview:large, max-video-preview:-1\" \/>\n<link rel=\"canonical\" href=\"https:\/\/www.runottawa.ca\/fr\/information-pour-les-athletes-professionnels\/\" \/>\n<meta name=\"twitter:label1\" content=\"Dur\u00e9e de lecture estim\u00e9e\" \/>\n\t<meta name=\"twitter:data1\" content=\"2 minutes\" \/>\n<script type=\"application\/ld+json\" class=\"yoast-schema-graph\">{\"@context\":\"https:\\\/\\\/schema.org\",\"@graph\":[{\"@type\":\"WebPage\",\"@id\":\"https:\\\/\\\/www.runottawa.ca\\\/fr\\\/information-pour-les-athletes-professionnels\\\/\",\"url\":\"https:\\\/\\\/www.runottawa.ca\\\/fr\\\/information-pour-les-athletes-professionnels\\\/\",\"name\":\"Information pour les athl\u00e8tes professionnels - Run Ottawa\",\"isPartOf\":{\"@id\":\"https:\\\/\\\/www.runottawa.ca\\\/fr\\\/#website\"},\"datePublished\":\"2024-11-20T17:59:02+00:00\",\"dateModified\":\"2026-04-07T01:15:50+00:00\",\"breadcrumb\":{\"@id\":\"https:\\\/\\\/www.runottawa.ca\\\/fr\\\/information-pour-les-athletes-professionnels\\\/#breadcrumb\"},\"inLanguage\":\"fr-FR\",\"potentialAction\":[{\"@type\":\"ReadAction\",\"target\":[\"https:\\\/\\\/www.runottawa.ca\\\/fr\\\/information-pour-les-athletes-professionnels\\\/\"]}]},{\"@type\":\"BreadcrumbList\",\"@id\":\"https:\\\/\\\/www.runottawa.ca\\\/fr\\\/information-pour-les-athletes-professionnels\\\/#breadcrumb\",\"itemListElement\":[{\"@type\":\"ListItem\",\"position\":1,\"name\":\"Home\",\"item\":\"https:\\\/\\\/www.runottawa.ca\\\/fr\\\/\"},{\"@type\":\"ListItem\",\"position\":2,\"name\":\"Information pour les athl\u00e8tes professionnels\"}]},{\"@type\":\"WebSite\",\"@id\":\"https:\\\/\\\/www.runottawa.ca\\\/fr\\\/#website\",\"url\":\"https:\\\/\\\/www.runottawa.ca\\\/fr\\\/\",\"name\":\"Run Ottawa\",\"description\":\"\",\"potentialAction\":[{\"@type\":\"SearchAction\",\"target\":{\"@type\":\"EntryPoint\",\"urlTemplate\":\"https:\\\/\\\/www.runottawa.ca\\\/fr\\\/?s={search_term_string}\"},\"query-input\":{\"@type\":\"PropertyValueSpecification\",\"valueRequired\":true,\"valueName\":\"search_term_string\"}}],\"inLanguage\":\"fr-FR\"}]}<\/script>\n<!-- \/ Yoast SEO plugin. -->","yoast_head_json":{"title":"Information pour les athl\u00e8tes professionnels - Run Ottawa","robots":{"index":"index","follow":"follow","max-snippet":"max-snippet:-1","max-image-preview":"max-image-preview:large","max-video-preview":"max-video-preview:-1"},"canonical":"https:\/\/www.runottawa.ca\/fr\/information-pour-les-athletes-professionnels\/","twitter_misc":{"Dur\u00e9e de lecture estim\u00e9e":"2 minutes"},"schema":{"@context":"https:\/\/schema.org","@graph":[{"@type":"WebPage","@id":"https:\/\/www.runottawa.ca\/fr\/information-pour-les-athletes-professionnels\/","url":"https:\/\/www.runottawa.ca\/fr\/information-pour-les-athletes-professionnels\/","name":"Information pour les athl\u00e8tes professionnels - Run Ottawa","isPartOf":{"@id":"https:\/\/www.runottawa.ca\/fr\/#website"},"datePublished":"2024-11-20T17:59:02+00:00","dateModified":"2026-04-07T01:15:50+00:00","breadcrumb":{"@id":"https:\/\/www.runottawa.ca\/fr\/information-pour-les-athletes-professionnels\/#breadcrumb"},"inLanguage":"fr-FR","potentialAction":[{"@type":"ReadAction","target":["https:\/\/www.runottawa.ca\/fr\/information-pour-les-athletes-professionnels\/"]}]},{"@type":"BreadcrumbList","@id":"https:\/\/www.runottawa.ca\/fr\/information-pour-les-athletes-professionnels\/#breadcrumb","itemListElement":[{"@type":"ListItem","position":1,"name":"Home","item":"https:\/\/www.runottawa.ca\/fr\/"},{"@type":"ListItem","position":2,"name":"Information pour les athl\u00e8tes professionnels"}]},{"@type":"WebSite","@id":"https:\/\/www.runottawa.ca\/fr\/#website","url":"https:\/\/www.runottawa.ca\/fr\/","name":"Run Ottawa","description":"","potentialAction":[{"@type":"SearchAction","target":{"@type":"EntryPoint","urlTemplate":"https:\/\/www.runottawa.ca\/fr\/?s={search_term_string}"},"query-input":{"@type":"PropertyValueSpecification","valueRequired":true,"valueName":"search_term_string"}}],"inLanguage":"fr-FR"}]}},"_links":{"self":[{"href":"https:\/\/www.runottawa.ca\/fr\/wp-json\/wp\/v2\/pages\/40304","targetHints":{"allow":["GET"]}}],"collection":[{"href":"https:\/\/www.runottawa.ca\/fr\/wp-json\/wp\/v2\/pages"}],"about":[{"href":"https:\/\/www.runottawa.ca\/fr\/wp-json\/wp\/v2\/types\/page"}],"author":[{"embeddable":true,"href":"https:\/\/www.runottawa.ca\/fr\/wp-json\/wp\/v2\/users\/33"}],"replies":[{"embeddable":true,"href":"https:\/\/www.runottawa.ca\/fr\/wp-json\/wp\/v2\/comments?post=40304"}],"version-history":[{"count":10,"href":"https:\/\/www.runottawa.ca\/fr\/wp-json\/wp\/v2\/pages\/40304\/revisions"}],"predecessor-version":[{"id":44716,"href":"https:\/\/www.runottawa.ca\/fr\/wp-json\/wp\/v2\/pages\/40304\/revisions\/44716"}],"wp:attachment":[{"href":"https:\/\/www.runottawa.ca\/fr\/wp-json\/wp\/v2\/media?parent=40304"}],"curies":[{"name":"wp","href":"https:\/\/api.w.org\/{rel}","templated":true}]}}