{"id":39161,"date":"2024-05-09T14:33:34","date_gmt":"2024-05-09T18:33:34","guid":{"rendered":"https:\/\/www.runottawa.ca\/?page_id=39161"},"modified":"2024-05-09T14:33:34","modified_gmt":"2024-05-09T18:33:34","slug":"tente-dallaitement-et-dalimentation-parrainee-par-rooted-family-wellness-centre","status":"publish","type":"page","link":"https:\/\/www.runottawa.ca\/fr\/tente-dallaitement-et-dalimentation-parrainee-par-rooted-family-wellness-centre\/","title":{"rendered":"Tente d\u2019allaitement et d\u2019alimentation, parrain\u00e9e par Rooted Family Wellness Centre"},"content":{"rendered":"<p>Nous avons une bonne nouvelle pour les parents qui participent \u00e0 la Fin de semaine des courses Tamarack d\u2019Ottawa et les personnes qui aident un participant! Nous aurons une tente d\u2019allaitement et d\u2019alimentation, parrain\u00e9e par <a href=\"https:\/\/www.rootedfamily.ca\/\">Rooted Family Wellness Centre<\/a>, qui sera strat\u00e9giquement install\u00e9e \u00e0 la Place des festivals, \u00e0 quelques pas des lignes de d\u00e9part et d\u2019arriv\u00e9e.<\/p>\n<p>Cet espace permettra aux parents d\u2019allaiter et de nourrir leur enfant. Il y aura des sacs de conservation du lait maternel, un r\u00e9frig\u00e9rateur pour conserver le lait si des mamans doivent pomper leur lait ainsi qu\u2019une vaste gamme d\u2019accessoires d\u2019allaitement et d\u2019alimentation. Les parents auront aussi acc\u00e8s \u00e0 des collations et de l\u2019eau, une gracieuset\u00e9 de Rooted Family Wellness Centre.<\/p>\n<p>Les organisateurs de la Fin de semaine des courses Tamarack d\u2019Ottawa tiennent \u00e0 ce que l\u2019\u00e9v\u00e9nement soit aussi inclusif et pratique que possible. La tente comprendra des postes d\u2019allaitement\/alimentation confortables, et des membres exp\u00e9riment\u00e9s de Rooted Family ainsi que des b\u00e9n\u00e9voles du club de course <a href=\"https:\/\/www.instagram.com\/badassladygangott\/\">BadAss Lady Gang<\/a> seront disponibles pour aider les parents pendant tout le weekend.<\/p>\n","protected":false},"excerpt":{"rendered":"<p>Nous avons une bonne nouvelle pour les parents qui participent \u00e0 la Fin de semaine des courses Tamarack d\u2019Ottawa et les personnes qui aident un participant! Nous aurons une tente d\u2019allaitement et d\u2019alimentation, parrain\u00e9e par Rooted Family Wellness Centre, qui sera strat\u00e9giquement install\u00e9e \u00e0 la Place des festivals, \u00e0 quelques [&hellip;]<\/p>\n","protected":false},"author":33,"featured_media":0,"parent":0,"menu_order":48,"comment_status":"closed","ping_status":"closed","template":"","meta":{"_acf_changed":false,"footnotes":""},"class_list":["post-39161","page","type-page","status-publish","hentry"],"acf":[],"yoast_head":"<!-- This site is optimized with the Yoast SEO plugin v27.4 - https:\/\/yoast.com\/product\/yoast-seo-wordpress\/ -->\n<title>Tente d\u2019allaitement et d\u2019alimentation, parrain\u00e9e par Rooted Family Wellness Centre - Run Ottawa<\/title>\n<meta name=\"robots\" content=\"index, follow, max-snippet:-1, max-image-preview:large, max-video-preview:-1\" \/>\n<link rel=\"canonical\" href=\"https:\/\/www.runottawa.ca\/fr\/tente-dallaitement-et-dalimentation-parrainee-par-rooted-family-wellness-centre\/\" \/>\n<meta name=\"twitter:label1\" content=\"Dur\u00e9e de lecture estim\u00e9e\" \/>\n\t<meta name=\"twitter:data1\" content=\"1 minute\" \/>\n<script type=\"application\/ld+json\" class=\"yoast-schema-graph\">{\"@context\":\"https:\\\/\\\/schema.org\",\"@graph\":[{\"@type\":\"WebPage\",\"@id\":\"https:\\\/\\\/www.runottawa.ca\\\/fr\\\/tente-dallaitement-et-dalimentation-parrainee-par-rooted-family-wellness-centre\\\/\",\"url\":\"https:\\\/\\\/www.runottawa.ca\\\/fr\\\/tente-dallaitement-et-dalimentation-parrainee-par-rooted-family-wellness-centre\\\/\",\"name\":\"Tente d\u2019allaitement et d\u2019alimentation, parrain\u00e9e par Rooted Family Wellness Centre - Run Ottawa\",\"isPartOf\":{\"@id\":\"https:\\\/\\\/www.runottawa.ca\\\/fr\\\/#website\"},\"datePublished\":\"2024-05-09T18:33:34+00:00\",\"breadcrumb\":{\"@id\":\"https:\\\/\\\/www.runottawa.ca\\\/fr\\\/tente-dallaitement-et-dalimentation-parrainee-par-rooted-family-wellness-centre\\\/#breadcrumb\"},\"inLanguage\":\"fr-FR\",\"potentialAction\":[{\"@type\":\"ReadAction\",\"target\":[\"https:\\\/\\\/www.runottawa.ca\\\/fr\\\/tente-dallaitement-et-dalimentation-parrainee-par-rooted-family-wellness-centre\\\/\"]}]},{\"@type\":\"BreadcrumbList\",\"@id\":\"https:\\\/\\\/www.runottawa.ca\\\/fr\\\/tente-dallaitement-et-dalimentation-parrainee-par-rooted-family-wellness-centre\\\/#breadcrumb\",\"itemListElement\":[{\"@type\":\"ListItem\",\"position\":1,\"name\":\"Home\",\"item\":\"https:\\\/\\\/www.runottawa.ca\\\/fr\\\/\"},{\"@type\":\"ListItem\",\"position\":2,\"name\":\"Tente d\u2019allaitement et d\u2019alimentation, parrain\u00e9e par Rooted Family Wellness Centre\"}]},{\"@type\":\"WebSite\",\"@id\":\"https:\\\/\\\/www.runottawa.ca\\\/fr\\\/#website\",\"url\":\"https:\\\/\\\/www.runottawa.ca\\\/fr\\\/\",\"name\":\"Run Ottawa\",\"description\":\"\",\"potentialAction\":[{\"@type\":\"SearchAction\",\"target\":{\"@type\":\"EntryPoint\",\"urlTemplate\":\"https:\\\/\\\/www.runottawa.ca\\\/fr\\\/?s={search_term_string}\"},\"query-input\":{\"@type\":\"PropertyValueSpecification\",\"valueRequired\":true,\"valueName\":\"search_term_string\"}}],\"inLanguage\":\"fr-FR\"}]}<\/script>\n<!-- \/ Yoast SEO plugin. -->","yoast_head_json":{"title":"Tente d\u2019allaitement et d\u2019alimentation, parrain\u00e9e par Rooted Family Wellness Centre - Run Ottawa","robots":{"index":"index","follow":"follow","max-snippet":"max-snippet:-1","max-image-preview":"max-image-preview:large","max-video-preview":"max-video-preview:-1"},"canonical":"https:\/\/www.runottawa.ca\/fr\/tente-dallaitement-et-dalimentation-parrainee-par-rooted-family-wellness-centre\/","twitter_misc":{"Dur\u00e9e de lecture estim\u00e9e":"1 minute"},"schema":{"@context":"https:\/\/schema.org","@graph":[{"@type":"WebPage","@id":"https:\/\/www.runottawa.ca\/fr\/tente-dallaitement-et-dalimentation-parrainee-par-rooted-family-wellness-centre\/","url":"https:\/\/www.runottawa.ca\/fr\/tente-dallaitement-et-dalimentation-parrainee-par-rooted-family-wellness-centre\/","name":"Tente d\u2019allaitement et d\u2019alimentation, parrain\u00e9e par Rooted Family Wellness Centre - Run Ottawa","isPartOf":{"@id":"https:\/\/www.runottawa.ca\/fr\/#website"},"datePublished":"2024-05-09T18:33:34+00:00","breadcrumb":{"@id":"https:\/\/www.runottawa.ca\/fr\/tente-dallaitement-et-dalimentation-parrainee-par-rooted-family-wellness-centre\/#breadcrumb"},"inLanguage":"fr-FR","potentialAction":[{"@type":"ReadAction","target":["https:\/\/www.runottawa.ca\/fr\/tente-dallaitement-et-dalimentation-parrainee-par-rooted-family-wellness-centre\/"]}]},{"@type":"BreadcrumbList","@id":"https:\/\/www.runottawa.ca\/fr\/tente-dallaitement-et-dalimentation-parrainee-par-rooted-family-wellness-centre\/#breadcrumb","itemListElement":[{"@type":"ListItem","position":1,"name":"Home","item":"https:\/\/www.runottawa.ca\/fr\/"},{"@type":"ListItem","position":2,"name":"Tente d\u2019allaitement et d\u2019alimentation, parrain\u00e9e par Rooted Family Wellness Centre"}]},{"@type":"WebSite","@id":"https:\/\/www.runottawa.ca\/fr\/#website","url":"https:\/\/www.runottawa.ca\/fr\/","name":"Run Ottawa","description":"","potentialAction":[{"@type":"SearchAction","target":{"@type":"EntryPoint","urlTemplate":"https:\/\/www.runottawa.ca\/fr\/?s={search_term_string}"},"query-input":{"@type":"PropertyValueSpecification","valueRequired":true,"valueName":"search_term_string"}}],"inLanguage":"fr-FR"}]}},"_links":{"self":[{"href":"https:\/\/www.runottawa.ca\/fr\/wp-json\/wp\/v2\/pages\/39161","targetHints":{"allow":["GET"]}}],"collection":[{"href":"https:\/\/www.runottawa.ca\/fr\/wp-json\/wp\/v2\/pages"}],"about":[{"href":"https:\/\/www.runottawa.ca\/fr\/wp-json\/wp\/v2\/types\/page"}],"author":[{"embeddable":true,"href":"https:\/\/www.runottawa.ca\/fr\/wp-json\/wp\/v2\/users\/33"}],"replies":[{"embeddable":true,"href":"https:\/\/www.runottawa.ca\/fr\/wp-json\/wp\/v2\/comments?post=39161"}],"version-history":[{"count":2,"href":"https:\/\/www.runottawa.ca\/fr\/wp-json\/wp\/v2\/pages\/39161\/revisions"}],"predecessor-version":[{"id":39163,"href":"https:\/\/www.runottawa.ca\/fr\/wp-json\/wp\/v2\/pages\/39161\/revisions\/39163"}],"wp:attachment":[{"href":"https:\/\/www.runottawa.ca\/fr\/wp-json\/wp\/v2\/media?parent=39161"}],"curies":[{"name":"wp","href":"https:\/\/api.w.org\/{rel}","templated":true}]}}