{"id":39093,"date":"2024-04-26T17:13:58","date_gmt":"2024-04-26T21:13:58","guid":{"rendered":"https:\/\/www.runottawa.ca\/?page_id=39093"},"modified":"2025-03-16T22:30:56","modified_gmt":"2025-03-17T02:30:56","slug":"lxtra-mile-crew","status":"publish","type":"page","link":"https:\/\/www.runottawa.ca\/fr\/lxtra-mile-crew\/","title":{"rendered":"L\u2019Xtra Mile Crew"},"content":{"rendered":"<p>L\u2019Xtra Mile Crew est une \u00e9quipe de b\u00e9n\u00e9voles qui se positionnent le long du parcours pour encourager les coureurs et les motiver \u00e0 terminer leur \u00e9preuve en grand.<\/p>\n<p>Certains coureurs pr\u00e9f\u00e8rent se concentrer et rester dans \u00ab\u00a0leur bulle\u00a0\u00bb, alors que d\u2019autres coureurs peuvent avoir besoin d\u2019un partenaire temporaire et d\u2019un petit remontant.<\/p>\n<p><a href=\"https:\/\/www.runottawa.ca\/wp-content\/uploads\/2024\/04\/M-i-s-c-2-2.png\"><img loading=\"lazy\" decoding=\"async\" class=\"size-medium wp-image-39010 alignright\" src=\"https:\/\/www.runottawa.ca\/wp-content\/uploads\/2024\/04\/M-i-s-c-2-2-300x300.png\" alt=\"\" width=\"300\" height=\"300\" srcset=\"https:\/\/www.runottawa.ca\/wp-content\/uploads\/2024\/04\/M-i-s-c-2-2-300x300.png 300w, https:\/\/www.runottawa.ca\/wp-content\/uploads\/2024\/04\/M-i-s-c-2-2-1024x1024.png 1024w, https:\/\/www.runottawa.ca\/wp-content\/uploads\/2024\/04\/M-i-s-c-2-2-150x150.png 150w, https:\/\/www.runottawa.ca\/wp-content\/uploads\/2024\/04\/M-i-s-c-2-2-768x768.png 768w, https:\/\/www.runottawa.ca\/wp-content\/uploads\/2024\/04\/M-i-s-c-2-2-590x590.png 590w, https:\/\/www.runottawa.ca\/wp-content\/uploads\/2024\/04\/M-i-s-c-2-2.png 1080w\" sizes=\"auto, (max-width: 300px) 100vw, 300px\" \/><\/a><\/p>\n<p>Lorsqu\u2019un coureur lui fait signe, un membre de l\u2019Xtra Mile Crew courra avec lui jusqu\u2019\u00e0 l\u2019endroit o\u00f9 se trouve le prochain b\u00e9n\u00e9vole. Les membres de l&rsquo;\u00e9quipe seront dispers\u00e9s le long du parcours de tous les \u00e9v\u00e9nements de la Fin de semaine des courses de Tamarack Ottawa, \u00e0 l&rsquo;exception du Marathon pour les enfants d&rsquo;Ottawa.<\/p>\n<p>&nbsp;<\/p>\n<p><a href=\"https:\/\/www.runottawa.ca\/wp-content\/uploads\/2022\/05\/XtraMileCrew-logo.jpg\"><img loading=\"lazy\" decoding=\"async\" class=\"alignnone size-full wp-image-32940\" src=\"https:\/\/www.runottawa.ca\/wp-content\/uploads\/2022\/05\/XtraMileCrew-logo.jpg\" alt=\"\" width=\"199\" height=\"269\" \/><\/a><\/p>\n","protected":false},"excerpt":{"rendered":"<p>L\u2019Xtra Mile Crew est une \u00e9quipe de b\u00e9n\u00e9voles qui se positionnent le long du parcours pour encourager les coureurs et les motiver \u00e0 terminer leur \u00e9preuve en grand. Certains coureurs pr\u00e9f\u00e8rent se concentrer et rester dans \u00ab\u00a0leur bulle\u00a0\u00bb, alors que d\u2019autres coureurs peuvent avoir besoin d\u2019un partenaire temporaire et d\u2019un [&hellip;]<\/p>\n","protected":false},"author":33,"featured_media":0,"parent":0,"menu_order":51,"comment_status":"closed","ping_status":"closed","template":"","meta":{"_acf_changed":false,"footnotes":""},"class_list":["post-39093","page","type-page","status-publish","hentry"],"acf":[],"yoast_head":"<!-- This site is optimized with the Yoast SEO plugin v27.4 - https:\/\/yoast.com\/product\/yoast-seo-wordpress\/ -->\n<title>L\u2019Xtra Mile Crew - Run Ottawa<\/title>\n<meta name=\"robots\" content=\"index, follow, max-snippet:-1, max-image-preview:large, max-video-preview:-1\" \/>\n<link rel=\"canonical\" href=\"https:\/\/www.runottawa.ca\/fr\/lxtra-mile-crew\/\" \/>\n<meta name=\"twitter:label1\" content=\"Dur\u00e9e de lecture estim\u00e9e\" \/>\n\t<meta name=\"twitter:data1\" content=\"1 minute\" \/>\n<script type=\"application\/ld+json\" class=\"yoast-schema-graph\">{\"@context\":\"https:\\\/\\\/schema.org\",\"@graph\":[{\"@type\":\"WebPage\",\"@id\":\"https:\\\/\\\/www.runottawa.ca\\\/fr\\\/lxtra-mile-crew\\\/\",\"url\":\"https:\\\/\\\/www.runottawa.ca\\\/fr\\\/lxtra-mile-crew\\\/\",\"name\":\"L\u2019Xtra Mile Crew - Run Ottawa\",\"isPartOf\":{\"@id\":\"https:\\\/\\\/www.runottawa.ca\\\/fr\\\/#website\"},\"datePublished\":\"2024-04-26T21:13:58+00:00\",\"dateModified\":\"2025-03-17T02:30:56+00:00\",\"breadcrumb\":{\"@id\":\"https:\\\/\\\/www.runottawa.ca\\\/fr\\\/lxtra-mile-crew\\\/#breadcrumb\"},\"inLanguage\":\"fr-FR\",\"potentialAction\":[{\"@type\":\"ReadAction\",\"target\":[\"https:\\\/\\\/www.runottawa.ca\\\/fr\\\/lxtra-mile-crew\\\/\"]}]},{\"@type\":\"BreadcrumbList\",\"@id\":\"https:\\\/\\\/www.runottawa.ca\\\/fr\\\/lxtra-mile-crew\\\/#breadcrumb\",\"itemListElement\":[{\"@type\":\"ListItem\",\"position\":1,\"name\":\"Home\",\"item\":\"https:\\\/\\\/www.runottawa.ca\\\/fr\\\/\"},{\"@type\":\"ListItem\",\"position\":2,\"name\":\"L\u2019Xtra Mile Crew\"}]},{\"@type\":\"WebSite\",\"@id\":\"https:\\\/\\\/www.runottawa.ca\\\/fr\\\/#website\",\"url\":\"https:\\\/\\\/www.runottawa.ca\\\/fr\\\/\",\"name\":\"Run Ottawa\",\"description\":\"\",\"potentialAction\":[{\"@type\":\"SearchAction\",\"target\":{\"@type\":\"EntryPoint\",\"urlTemplate\":\"https:\\\/\\\/www.runottawa.ca\\\/fr\\\/?s={search_term_string}\"},\"query-input\":{\"@type\":\"PropertyValueSpecification\",\"valueRequired\":true,\"valueName\":\"search_term_string\"}}],\"inLanguage\":\"fr-FR\"}]}<\/script>\n<!-- \/ Yoast SEO plugin. -->","yoast_head_json":{"title":"L\u2019Xtra Mile Crew - Run Ottawa","robots":{"index":"index","follow":"follow","max-snippet":"max-snippet:-1","max-image-preview":"max-image-preview:large","max-video-preview":"max-video-preview:-1"},"canonical":"https:\/\/www.runottawa.ca\/fr\/lxtra-mile-crew\/","twitter_misc":{"Dur\u00e9e de lecture estim\u00e9e":"1 minute"},"schema":{"@context":"https:\/\/schema.org","@graph":[{"@type":"WebPage","@id":"https:\/\/www.runottawa.ca\/fr\/lxtra-mile-crew\/","url":"https:\/\/www.runottawa.ca\/fr\/lxtra-mile-crew\/","name":"L\u2019Xtra Mile Crew - Run Ottawa","isPartOf":{"@id":"https:\/\/www.runottawa.ca\/fr\/#website"},"datePublished":"2024-04-26T21:13:58+00:00","dateModified":"2025-03-17T02:30:56+00:00","breadcrumb":{"@id":"https:\/\/www.runottawa.ca\/fr\/lxtra-mile-crew\/#breadcrumb"},"inLanguage":"fr-FR","potentialAction":[{"@type":"ReadAction","target":["https:\/\/www.runottawa.ca\/fr\/lxtra-mile-crew\/"]}]},{"@type":"BreadcrumbList","@id":"https:\/\/www.runottawa.ca\/fr\/lxtra-mile-crew\/#breadcrumb","itemListElement":[{"@type":"ListItem","position":1,"name":"Home","item":"https:\/\/www.runottawa.ca\/fr\/"},{"@type":"ListItem","position":2,"name":"L\u2019Xtra Mile Crew"}]},{"@type":"WebSite","@id":"https:\/\/www.runottawa.ca\/fr\/#website","url":"https:\/\/www.runottawa.ca\/fr\/","name":"Run Ottawa","description":"","potentialAction":[{"@type":"SearchAction","target":{"@type":"EntryPoint","urlTemplate":"https:\/\/www.runottawa.ca\/fr\/?s={search_term_string}"},"query-input":{"@type":"PropertyValueSpecification","valueRequired":true,"valueName":"search_term_string"}}],"inLanguage":"fr-FR"}]}},"_links":{"self":[{"href":"https:\/\/www.runottawa.ca\/fr\/wp-json\/wp\/v2\/pages\/39093","targetHints":{"allow":["GET"]}}],"collection":[{"href":"https:\/\/www.runottawa.ca\/fr\/wp-json\/wp\/v2\/pages"}],"about":[{"href":"https:\/\/www.runottawa.ca\/fr\/wp-json\/wp\/v2\/types\/page"}],"author":[{"embeddable":true,"href":"https:\/\/www.runottawa.ca\/fr\/wp-json\/wp\/v2\/users\/33"}],"replies":[{"embeddable":true,"href":"https:\/\/www.runottawa.ca\/fr\/wp-json\/wp\/v2\/comments?post=39093"}],"version-history":[{"count":2,"href":"https:\/\/www.runottawa.ca\/fr\/wp-json\/wp\/v2\/pages\/39093\/revisions"}],"predecessor-version":[{"id":41487,"href":"https:\/\/www.runottawa.ca\/fr\/wp-json\/wp\/v2\/pages\/39093\/revisions\/41487"}],"wp:attachment":[{"href":"https:\/\/www.runottawa.ca\/fr\/wp-json\/wp\/v2\/media?parent=39093"}],"curies":[{"name":"wp","href":"https:\/\/api.w.org\/{rel}","templated":true}]}}