{"id":3897,"date":"2014-11-14T09:27:30","date_gmt":"2014-11-14T14:27:30","guid":{"rendered":"http:\/\/www.runottawa.ca\/?page_id=3897"},"modified":"2024-05-01T10:03:07","modified_gmt":"2024-05-01T14:03:07","slug":"application","status":"publish","type":"page","link":"https:\/\/www.runottawa.ca\/fr\/torw\/coureurs\/application\/","title":{"rendered":"Athl\u00e8tes professionnels"},"content":{"rendered":"<p><span style=\"font-weight: 400;\">Nous vous remercions pour votre int\u00e9r\u00eat dans la Fin de semaine des courses d&rsquo;Ottawa Tamarack,<\/span><a href=\"https:\/\/www.runottawa.ca\/fr\/les-courses\/marathon-ottawa\"> <span style=\"font-weight: 400;\">le Marathon international d\u2019Ottawa Tartan<\/span><\/a><span style=\"font-weight: 400;\"> et l<\/span><a href=\"https:\/\/www.runottawa.ca\/fr\/les-courses\/le-10k-dottawa\"><span style=\"font-weight: 400;\">es Championnats canadiens de 10 km<\/span><\/a><span style=\"font-weight: 400;\">. Veuillez examiner<\/span><a href=\"https:\/\/www.runottawa.ca\/fr\/torw\/coureurs\/politique-et-lignes-directrices-pour-les-athletes-professionnels\"> <span style=\"font-weight: 400;\">la politique et les lignes directrices<\/span><\/a><span style=\"font-weight: 400;\"> pour les athl\u00e8tes d&rsquo;\u00e9lite et<\/span><a href=\"https:\/\/www.runottawa.ca\/fr\/torw\/coureurs\/standards-athletiques\"> <span style=\"font-weight: 400;\">les standards athl\u00e9tiques<\/span><\/a><span style=\"font-weight: 400;\"> pour l&rsquo;\u00e9v\u00e9nement pour lequel vous soumettez votre application avant de soumettre votre candidature.<\/span><\/p>\n<p>Les candidatures sont d\u00e9sormais closes. Les athl\u00e8tes int\u00e9ress\u00e9s seront \u00e9valu\u00e9s au cas par cas. Veuillez envoyer un courriel \u00e0 <a href=\"mailto:Stephen.athleterep@gmail.com\">Stephen.athleterep@gmail.com<\/a> pour toute demande de renseignements.<\/p>\n","protected":false},"excerpt":{"rendered":"<p>Nous vous remercions pour votre int\u00e9r\u00eat dans la Fin de semaine des courses d&rsquo;Ottawa Tamarack, le Marathon international d\u2019Ottawa Tartan et les Championnats canadiens de 10 km. Veuillez examiner la politique et les lignes directrices pour les athl\u00e8tes d&rsquo;\u00e9lite et les standards athl\u00e9tiques pour l&rsquo;\u00e9v\u00e9nement pour lequel vous soumettez votre [&hellip;]<\/p>\n","protected":false},"author":8,"featured_media":0,"parent":13551,"menu_order":261,"comment_status":"closed","ping_status":"open","template":"page-eliteForm.php","meta":{"_acf_changed":false,"footnotes":""},"class_list":["post-3897","page","type-page","status-publish","hentry"],"acf":[],"yoast_head":"<!-- This site is optimized with the Yoast SEO plugin v27.4 - https:\/\/yoast.com\/product\/yoast-seo-wordpress\/ -->\n<title>Athl\u00e8tes professionnels - Run Ottawa<\/title>\n<meta name=\"robots\" content=\"index, follow, max-snippet:-1, max-image-preview:large, max-video-preview:-1\" \/>\n<link rel=\"canonical\" href=\"https:\/\/www.runottawa.ca\/fr\/torw\/coureurs\/application\/\" \/>\n<meta name=\"twitter:label1\" content=\"Dur\u00e9e de lecture estim\u00e9e\" \/>\n\t<meta name=\"twitter:data1\" content=\"1 minute\" \/>\n<script type=\"application\/ld+json\" class=\"yoast-schema-graph\">{\"@context\":\"https:\\\/\\\/schema.org\",\"@graph\":[{\"@type\":\"WebPage\",\"@id\":\"https:\\\/\\\/www.runottawa.ca\\\/fr\\\/torw\\\/coureurs\\\/application\\\/\",\"url\":\"https:\\\/\\\/www.runottawa.ca\\\/fr\\\/torw\\\/coureurs\\\/application\\\/\",\"name\":\"Athl\u00e8tes professionnels - Run Ottawa\",\"isPartOf\":{\"@id\":\"https:\\\/\\\/www.runottawa.ca\\\/fr\\\/#website\"},\"datePublished\":\"2014-11-14T14:27:30+00:00\",\"dateModified\":\"2024-05-01T14:03:07+00:00\",\"breadcrumb\":{\"@id\":\"https:\\\/\\\/www.runottawa.ca\\\/fr\\\/torw\\\/coureurs\\\/application\\\/#breadcrumb\"},\"inLanguage\":\"fr-FR\",\"potentialAction\":[{\"@type\":\"ReadAction\",\"target\":[\"https:\\\/\\\/www.runottawa.ca\\\/fr\\\/torw\\\/coureurs\\\/application\\\/\"]}]},{\"@type\":\"BreadcrumbList\",\"@id\":\"https:\\\/\\\/www.runottawa.ca\\\/fr\\\/torw\\\/coureurs\\\/application\\\/#breadcrumb\",\"itemListElement\":[{\"@type\":\"ListItem\",\"position\":1,\"name\":\"Home\",\"item\":\"https:\\\/\\\/www.runottawa.ca\\\/fr\\\/\"},{\"@type\":\"ListItem\",\"position\":2,\"name\":\"Fin de semaine des courses Tamarack d\u2019Ottawa\",\"item\":\"https:\\\/\\\/www.runottawa.ca\\\/fr\\\/\"},{\"@type\":\"ListItem\",\"position\":3,\"name\":\"Coureurs\",\"item\":\"https:\\\/\\\/www.runottawa.ca\\\/fr\\\/torw\\\/coureurs\\\/\"},{\"@type\":\"ListItem\",\"position\":4,\"name\":\"Athl\u00e8tes professionnels\"}]},{\"@type\":\"WebSite\",\"@id\":\"https:\\\/\\\/www.runottawa.ca\\\/fr\\\/#website\",\"url\":\"https:\\\/\\\/www.runottawa.ca\\\/fr\\\/\",\"name\":\"Run Ottawa\",\"description\":\"\",\"potentialAction\":[{\"@type\":\"SearchAction\",\"target\":{\"@type\":\"EntryPoint\",\"urlTemplate\":\"https:\\\/\\\/www.runottawa.ca\\\/fr\\\/?s={search_term_string}\"},\"query-input\":{\"@type\":\"PropertyValueSpecification\",\"valueRequired\":true,\"valueName\":\"search_term_string\"}}],\"inLanguage\":\"fr-FR\"}]}<\/script>\n<!-- \/ Yoast SEO plugin. -->","yoast_head_json":{"title":"Athl\u00e8tes professionnels - Run Ottawa","robots":{"index":"index","follow":"follow","max-snippet":"max-snippet:-1","max-image-preview":"max-image-preview:large","max-video-preview":"max-video-preview:-1"},"canonical":"https:\/\/www.runottawa.ca\/fr\/torw\/coureurs\/application\/","twitter_misc":{"Dur\u00e9e de lecture estim\u00e9e":"1 minute"},"schema":{"@context":"https:\/\/schema.org","@graph":[{"@type":"WebPage","@id":"https:\/\/www.runottawa.ca\/fr\/torw\/coureurs\/application\/","url":"https:\/\/www.runottawa.ca\/fr\/torw\/coureurs\/application\/","name":"Athl\u00e8tes professionnels - Run Ottawa","isPartOf":{"@id":"https:\/\/www.runottawa.ca\/fr\/#website"},"datePublished":"2014-11-14T14:27:30+00:00","dateModified":"2024-05-01T14:03:07+00:00","breadcrumb":{"@id":"https:\/\/www.runottawa.ca\/fr\/torw\/coureurs\/application\/#breadcrumb"},"inLanguage":"fr-FR","potentialAction":[{"@type":"ReadAction","target":["https:\/\/www.runottawa.ca\/fr\/torw\/coureurs\/application\/"]}]},{"@type":"BreadcrumbList","@id":"https:\/\/www.runottawa.ca\/fr\/torw\/coureurs\/application\/#breadcrumb","itemListElement":[{"@type":"ListItem","position":1,"name":"Home","item":"https:\/\/www.runottawa.ca\/fr\/"},{"@type":"ListItem","position":2,"name":"Fin de semaine des courses Tamarack d\u2019Ottawa","item":"https:\/\/www.runottawa.ca\/fr\/"},{"@type":"ListItem","position":3,"name":"Coureurs","item":"https:\/\/www.runottawa.ca\/fr\/torw\/coureurs\/"},{"@type":"ListItem","position":4,"name":"Athl\u00e8tes professionnels"}]},{"@type":"WebSite","@id":"https:\/\/www.runottawa.ca\/fr\/#website","url":"https:\/\/www.runottawa.ca\/fr\/","name":"Run Ottawa","description":"","potentialAction":[{"@type":"SearchAction","target":{"@type":"EntryPoint","urlTemplate":"https:\/\/www.runottawa.ca\/fr\/?s={search_term_string}"},"query-input":{"@type":"PropertyValueSpecification","valueRequired":true,"valueName":"search_term_string"}}],"inLanguage":"fr-FR"}]}},"_links":{"self":[{"href":"https:\/\/www.runottawa.ca\/fr\/wp-json\/wp\/v2\/pages\/3897","targetHints":{"allow":["GET"]}}],"collection":[{"href":"https:\/\/www.runottawa.ca\/fr\/wp-json\/wp\/v2\/pages"}],"about":[{"href":"https:\/\/www.runottawa.ca\/fr\/wp-json\/wp\/v2\/types\/page"}],"author":[{"embeddable":true,"href":"https:\/\/www.runottawa.ca\/fr\/wp-json\/wp\/v2\/users\/8"}],"replies":[{"embeddable":true,"href":"https:\/\/www.runottawa.ca\/fr\/wp-json\/wp\/v2\/comments?post=3897"}],"version-history":[{"count":14,"href":"https:\/\/www.runottawa.ca\/fr\/wp-json\/wp\/v2\/pages\/3897\/revisions"}],"predecessor-version":[{"id":39115,"href":"https:\/\/www.runottawa.ca\/fr\/wp-json\/wp\/v2\/pages\/3897\/revisions\/39115"}],"up":[{"embeddable":true,"href":"https:\/\/www.runottawa.ca\/fr\/wp-json\/wp\/v2\/pages\/13551"}],"wp:attachment":[{"href":"https:\/\/www.runottawa.ca\/fr\/wp-json\/wp\/v2\/media?parent=3897"}],"curies":[{"name":"wp","href":"https:\/\/api.w.org\/{rel}","templated":true}]}}