{"id":38957,"date":"2024-04-23T12:07:28","date_gmt":"2024-04-23T16:07:28","guid":{"rendered":"https:\/\/www.runottawa.ca\/?page_id=38957"},"modified":"2024-04-23T12:07:28","modified_gmt":"2024-04-23T16:07:28","slug":"howard-selcer-associates","status":"publish","type":"page","link":"https:\/\/www.runottawa.ca\/fr\/howard-selcer-associates\/","title":{"rendered":"HOWARD SELCER &#038; ASSOCIATES"},"content":{"rendered":"<p><a href=\"https:\/\/www.runottawa.ca\/wp-content\/uploads\/2024\/04\/howard-no-title.png\"><img loading=\"lazy\" decoding=\"async\" class=\"wp-image-38762 size-thumbnail alignright\" src=\"https:\/\/www.runottawa.ca\/wp-content\/uploads\/2024\/04\/howard-no-title-150x150.png\" alt=\"\" width=\"150\" height=\"150\" \/><\/a><\/p>\n<ul>\n<li><span style=\"font-weight: 400;\">Communications essentielles lors des \u00e9v\u00e9nements sp\u00e9ciaux<\/span><\/li>\n<li><span style=\"font-weight: 400;\">Gestion de projet sur place\u00a0<\/span><\/li>\n<\/ul>\n<p><span style=\"font-weight: 400;\">Howard\u00a0Selcer est le pr\u00e9sident de l\u2019entreprise <a href=\"https:\/\/www.linkedin.com\/in\/howard-selcer-cpm-46706175\/?originalSubdomain=ca\">Howard Selcer &amp; Associates<\/a>, et cette derni\u00e8re fournit des radios bidirectionnelles \u00e0 Courez Ottawa et \u00e0 la Fin de semaine des courses Tamarack d\u2019Ottawa depuis 2009.\u00a0<\/span><\/p>\n<p><span style=\"font-weight: 400;\">Howard compte plus de 30 ann\u00e9es d\u2019exp\u00e9rience en vente, en location et en gestion, acquise dans divers postes dans le domaine des radios bidirectionnelles : gestion d\u2019une \u00e9quipe des ventes, op\u00e9rations, marketing, coh\u00e9sion d\u2019\u00e9quipe, relations avec les employ\u00e9s, sites d\u2019implantation de tours et acquisition de sites d\u2019implantation de tours. Il poss\u00e8de aussi un gestionnaire de projets agr\u00e9\u00e9.\u00a0<\/span><\/p>\n<p><span style=\"font-weight: 400;\">Courez Ottawa utilise les services de Howard Selcer &amp; Associates puisque l\u2019entreprise est un chef de file dans les domaines suivants :<\/span><\/p>\n<ul>\n<li><span style=\"font-weight: 400;\">Radios bidirectionnelles et syst\u00e8mes radiophoniques<\/span><\/li>\n<li><span style=\"font-weight: 400;\">Solutions sans fil dans les b\u00e2timents<\/span><\/li>\n<li><span style=\"font-weight: 400;\">Solutions sans fil pour des emplacements multiples<\/span><\/li>\n<li><span style=\"font-weight: 400;\">Solutions radiophoniques bidirectionnelles \u00e0 d\u00e9ploiement rapide<\/span><\/li>\n<li><span style=\"font-weight: 400;\">Gestion et documentation de projets<\/span><\/li>\n<li><span style=\"font-weight: 400;\">Gestion des risques<\/span><\/li>\n<\/ul>\n<p><span style=\"font-weight: 400;\">Le personnel de l\u2019entreprise est pr\u00e9sent sur le terrain pour g\u00e9rer les communications essentielles afin que les clients n\u2019aient pas \u00e0 le faire. La sp\u00e9cialit\u00e9 de l\u2019entreprise est d\u2019offrir des solutions directement sur place, respectant le budget \u00e9tabli et \u00e0 d\u00e9ploiement rapide, ce que la concurrence ne fait pas. Elle g\u00e8re ensuite ces solutions avec une grande expertise.<\/span><\/p>\n<p><span style=\"font-weight: 400;\">Howard a une vaste exp\u00e9rience en gestion des ventes et des locations, en immobilier vertical, en acquisition de sites de tour, en coh\u00e9sion d\u2019\u00e9quipe, en marketing, en gestion d\u2019\u00e9v\u00e9nements, en gestion de projets sur place, en gestion des risques et en fonctionnement d\u2019immeuble. Il est fier des relations professionnelles durables qu\u2019il \u00e9tablit gr\u00e2ce \u00e0 son int\u00e9grit\u00e9, \u00e0 son honn\u00eatet\u00e9 et \u00e0 son r\u00e9el int\u00e9r\u00eat \u00e0 l\u2019\u00e9gard de la satisfaction de sa client\u00e8le.<\/span><\/p>\n<p><span style=\"font-weight: 400;\">Depuis plus de 20 ans, Howard d\u00e9montre ses excellentes comp\u00e9tences en planification, en coordination et en ex\u00e9cution de grands projets dans l\u2019industrie des radios bidirectionnelles. Il pr\u00e9voit les risques et les difficult\u00e9s, il est d\u2019une grande fiabilit\u00e9 et il a des normes personnelles tr\u00e8s \u00e9lev\u00e9es. Howard poss\u00e8de des comp\u00e9tences naturelles en leadership et en organisation. Il \u00e9tablit toujours de belles relations avec ses clients.<\/span><\/p>\n<p><span style=\"font-weight: 400;\">Il demeure \u00e0 Ottawa. Si vous voulez travailler avec Howard, vous pouvez le rejoindre au 613-252-7879 ou par courriel \u00e0 l\u2019adresse howard.selcer@gmail.com.<\/span><\/p>\n","protected":false},"excerpt":{"rendered":"<p>Communications essentielles lors des \u00e9v\u00e9nements sp\u00e9ciaux Gestion de projet sur place\u00a0 Howard\u00a0Selcer est le pr\u00e9sident de l\u2019entreprise Howard Selcer &amp; Associates, et cette derni\u00e8re fournit des radios bidirectionnelles \u00e0 Courez Ottawa et \u00e0 la Fin de semaine des courses Tamarack d\u2019Ottawa depuis 2009.\u00a0 Howard compte plus de 30 ann\u00e9es d\u2019exp\u00e9rience [&hellip;]<\/p>\n","protected":false},"author":33,"featured_media":0,"parent":0,"menu_order":53,"comment_status":"closed","ping_status":"closed","template":"","meta":{"_acf_changed":false,"footnotes":""},"class_list":["post-38957","page","type-page","status-publish","hentry"],"acf":[],"yoast_head":"<!-- This site is optimized with the Yoast SEO plugin v27.4 - https:\/\/yoast.com\/product\/yoast-seo-wordpress\/ -->\n<title>HOWARD SELCER &amp; ASSOCIATES - Run Ottawa<\/title>\n<meta name=\"robots\" content=\"index, follow, max-snippet:-1, max-image-preview:large, max-video-preview:-1\" \/>\n<link rel=\"canonical\" href=\"https:\/\/www.runottawa.ca\/fr\/howard-selcer-associates\/\" \/>\n<meta name=\"twitter:label1\" content=\"Dur\u00e9e de lecture estim\u00e9e\" \/>\n\t<meta name=\"twitter:data1\" content=\"2 minutes\" \/>\n<script type=\"application\/ld+json\" class=\"yoast-schema-graph\">{\"@context\":\"https:\\\/\\\/schema.org\",\"@graph\":[{\"@type\":\"WebPage\",\"@id\":\"https:\\\/\\\/www.runottawa.ca\\\/fr\\\/howard-selcer-associates\\\/\",\"url\":\"https:\\\/\\\/www.runottawa.ca\\\/fr\\\/howard-selcer-associates\\\/\",\"name\":\"HOWARD SELCER & ASSOCIATES - Run Ottawa\",\"isPartOf\":{\"@id\":\"https:\\\/\\\/www.runottawa.ca\\\/fr\\\/#website\"},\"datePublished\":\"2024-04-23T16:07:28+00:00\",\"breadcrumb\":{\"@id\":\"https:\\\/\\\/www.runottawa.ca\\\/fr\\\/howard-selcer-associates\\\/#breadcrumb\"},\"inLanguage\":\"fr-FR\",\"potentialAction\":[{\"@type\":\"ReadAction\",\"target\":[\"https:\\\/\\\/www.runottawa.ca\\\/fr\\\/howard-selcer-associates\\\/\"]}]},{\"@type\":\"BreadcrumbList\",\"@id\":\"https:\\\/\\\/www.runottawa.ca\\\/fr\\\/howard-selcer-associates\\\/#breadcrumb\",\"itemListElement\":[{\"@type\":\"ListItem\",\"position\":1,\"name\":\"Home\",\"item\":\"https:\\\/\\\/www.runottawa.ca\\\/fr\\\/\"},{\"@type\":\"ListItem\",\"position\":2,\"name\":\"HOWARD SELCER &#038; ASSOCIATES\"}]},{\"@type\":\"WebSite\",\"@id\":\"https:\\\/\\\/www.runottawa.ca\\\/fr\\\/#website\",\"url\":\"https:\\\/\\\/www.runottawa.ca\\\/fr\\\/\",\"name\":\"Run Ottawa\",\"description\":\"\",\"potentialAction\":[{\"@type\":\"SearchAction\",\"target\":{\"@type\":\"EntryPoint\",\"urlTemplate\":\"https:\\\/\\\/www.runottawa.ca\\\/fr\\\/?s={search_term_string}\"},\"query-input\":{\"@type\":\"PropertyValueSpecification\",\"valueRequired\":true,\"valueName\":\"search_term_string\"}}],\"inLanguage\":\"fr-FR\"}]}<\/script>\n<!-- \/ Yoast SEO plugin. -->","yoast_head_json":{"title":"HOWARD SELCER & ASSOCIATES - Run Ottawa","robots":{"index":"index","follow":"follow","max-snippet":"max-snippet:-1","max-image-preview":"max-image-preview:large","max-video-preview":"max-video-preview:-1"},"canonical":"https:\/\/www.runottawa.ca\/fr\/howard-selcer-associates\/","twitter_misc":{"Dur\u00e9e de lecture estim\u00e9e":"2 minutes"},"schema":{"@context":"https:\/\/schema.org","@graph":[{"@type":"WebPage","@id":"https:\/\/www.runottawa.ca\/fr\/howard-selcer-associates\/","url":"https:\/\/www.runottawa.ca\/fr\/howard-selcer-associates\/","name":"HOWARD SELCER & ASSOCIATES - Run Ottawa","isPartOf":{"@id":"https:\/\/www.runottawa.ca\/fr\/#website"},"datePublished":"2024-04-23T16:07:28+00:00","breadcrumb":{"@id":"https:\/\/www.runottawa.ca\/fr\/howard-selcer-associates\/#breadcrumb"},"inLanguage":"fr-FR","potentialAction":[{"@type":"ReadAction","target":["https:\/\/www.runottawa.ca\/fr\/howard-selcer-associates\/"]}]},{"@type":"BreadcrumbList","@id":"https:\/\/www.runottawa.ca\/fr\/howard-selcer-associates\/#breadcrumb","itemListElement":[{"@type":"ListItem","position":1,"name":"Home","item":"https:\/\/www.runottawa.ca\/fr\/"},{"@type":"ListItem","position":2,"name":"HOWARD SELCER &#038; ASSOCIATES"}]},{"@type":"WebSite","@id":"https:\/\/www.runottawa.ca\/fr\/#website","url":"https:\/\/www.runottawa.ca\/fr\/","name":"Run Ottawa","description":"","potentialAction":[{"@type":"SearchAction","target":{"@type":"EntryPoint","urlTemplate":"https:\/\/www.runottawa.ca\/fr\/?s={search_term_string}"},"query-input":{"@type":"PropertyValueSpecification","valueRequired":true,"valueName":"search_term_string"}}],"inLanguage":"fr-FR"}]}},"_links":{"self":[{"href":"https:\/\/www.runottawa.ca\/fr\/wp-json\/wp\/v2\/pages\/38957","targetHints":{"allow":["GET"]}}],"collection":[{"href":"https:\/\/www.runottawa.ca\/fr\/wp-json\/wp\/v2\/pages"}],"about":[{"href":"https:\/\/www.runottawa.ca\/fr\/wp-json\/wp\/v2\/types\/page"}],"author":[{"embeddable":true,"href":"https:\/\/www.runottawa.ca\/fr\/wp-json\/wp\/v2\/users\/33"}],"replies":[{"embeddable":true,"href":"https:\/\/www.runottawa.ca\/fr\/wp-json\/wp\/v2\/comments?post=38957"}],"version-history":[{"count":1,"href":"https:\/\/www.runottawa.ca\/fr\/wp-json\/wp\/v2\/pages\/38957\/revisions"}],"predecessor-version":[{"id":38959,"href":"https:\/\/www.runottawa.ca\/fr\/wp-json\/wp\/v2\/pages\/38957\/revisions\/38959"}],"wp:attachment":[{"href":"https:\/\/www.runottawa.ca\/fr\/wp-json\/wp\/v2\/media?parent=38957"}],"curies":[{"name":"wp","href":"https:\/\/api.w.org\/{rel}","templated":true}]}}