{"id":37120,"date":"2023-09-12T07:27:04","date_gmt":"2023-09-12T11:27:04","guid":{"rendered":"https:\/\/www.runottawa.ca\/?page_id=37120"},"modified":"2023-09-12T07:27:43","modified_gmt":"2023-09-12T11:27:43","slug":"2024-promotion","status":"publish","type":"page","link":"https:\/\/www.runottawa.ca\/fr\/2024-promotion\/","title":{"rendered":"2024 Promotion"},"content":{"rendered":"<h2 style=\"text-align: center;\"><span id=\"isPasted\"><strong id=\"isPasted\">POUR UNE DUR\u00c9E LIMIT\u00c9E!<\/strong><\/span><\/h2>\n<h5 style=\"text-align: center;\"><span id=\"isPasted\">Inscrivez-vous au <\/span><span id=\"isPasted\"><a href=\"https:\/\/www.runottawa.ca\/fr\/les-courses\/marathon-ottawa\">Marathon international d\u2019Ottawa Tartan<\/a>, au <a href=\"https:\/\/www.runottawa.ca\/fr\/les-courses\/le-demi-marathon-dottawa\">Demi-marathon d\u2019Ottawa pr\u00e9sent\u00e9 par Desjardins<\/a><\/span><span id=\"isPasted\"> ou \u00e0 <\/span><span id=\"isPasted\">un des d\u00e9fis<\/span><span id=\"isPasted\"> de la Fin de semaine des courses et recevez GRATUITEMENT une paire de lunettes de soleil Momentum de Marsquest, cr\u00e9\u00e9e en collaboration avec Courez Ottawa <\/span><span id=\"isPasted\">(valeur de 30 $)!<\/span><\/h5>\n<p style=\"text-align: center;\"><span id=\"isPasted\"><em>L\u2019offre est valide jusqu\u2019au 18 septembre ou jusqu\u2019\u00e0 \u00e9puisement des stocks.<\/em><\/span><\/p>\n<h3 style=\"text-align: center;\"><a href=\"https:\/\/raceroster.com\/events\/2024\/76026\/tamarack-ottawa-race-weekend-2024\"><span id=\"isPasted\">Inscrivez-vous!<\/span><\/a><a href=\"https:\/\/www.runottawa.ca\/wp-content\/uploads\/2023\/09\/Mis-c-2-1-1.png\"><img loading=\"lazy\" decoding=\"async\" class=\"size-medium wp-image-37121 aligncenter\" src=\"https:\/\/www.runottawa.ca\/wp-content\/uploads\/2023\/09\/Mis-c-2-1-1-300x300.png\" alt=\"\" width=\"300\" height=\"300\" srcset=\"https:\/\/www.runottawa.ca\/wp-content\/uploads\/2023\/09\/Mis-c-2-1-1-300x300.png 300w, https:\/\/www.runottawa.ca\/wp-content\/uploads\/2023\/09\/Mis-c-2-1-1-1024x1024.png 1024w, https:\/\/www.runottawa.ca\/wp-content\/uploads\/2023\/09\/Mis-c-2-1-1-150x150.png 150w, https:\/\/www.runottawa.ca\/wp-content\/uploads\/2023\/09\/Mis-c-2-1-1-768x768.png 768w, https:\/\/www.runottawa.ca\/wp-content\/uploads\/2023\/09\/Mis-c-2-1-1-590x590.png 590w, https:\/\/www.runottawa.ca\/wp-content\/uploads\/2023\/09\/Mis-c-2-1-1.png 1080w\" sizes=\"auto, (max-width: 300px) 100vw, 300px\" \/><\/a><\/h3>\n<p>&nbsp;<\/p>\n","protected":false},"excerpt":{"rendered":"<p>POUR UNE DUR\u00c9E LIMIT\u00c9E! Inscrivez-vous au Marathon international d\u2019Ottawa Tartan, au Demi-marathon d\u2019Ottawa pr\u00e9sent\u00e9 par Desjardins ou \u00e0 un des d\u00e9fis de la Fin de semaine des courses et recevez GRATUITEMENT une paire de lunettes de soleil Momentum de Marsquest, cr\u00e9\u00e9e en collaboration avec Courez Ottawa (valeur de 30 $)! [&hellip;]<\/p>\n","protected":false},"author":33,"featured_media":0,"parent":0,"menu_order":65,"comment_status":"closed","ping_status":"closed","template":"","meta":{"_acf_changed":false,"footnotes":""},"class_list":["post-37120","page","type-page","status-publish","hentry"],"acf":[],"yoast_head":"<!-- This site is optimized with the Yoast SEO plugin v27.6 - https:\/\/yoast.com\/product\/yoast-seo-wordpress\/ -->\n<title>2024 Promotion - Run Ottawa<\/title>\n<meta name=\"robots\" content=\"index, follow, max-snippet:-1, max-image-preview:large, max-video-preview:-1\" \/>\n<link rel=\"canonical\" href=\"https:\/\/www.runottawa.ca\/fr\/2024-promotion\/\" \/>\n<meta name=\"twitter:label1\" content=\"Dur\u00e9e de lecture estim\u00e9e\" \/>\n\t<meta name=\"twitter:data1\" content=\"1 minute\" \/>\n<script type=\"application\/ld+json\" class=\"yoast-schema-graph\">{\"@context\":\"https:\\\/\\\/schema.org\",\"@graph\":[{\"@type\":\"WebPage\",\"@id\":\"https:\\\/\\\/www.runottawa.ca\\\/fr\\\/2024-promotion\\\/\",\"url\":\"https:\\\/\\\/www.runottawa.ca\\\/fr\\\/2024-promotion\\\/\",\"name\":\"2024 Promotion - Run Ottawa\",\"isPartOf\":{\"@id\":\"https:\\\/\\\/www.runottawa.ca\\\/fr\\\/#website\"},\"datePublished\":\"2023-09-12T11:27:04+00:00\",\"dateModified\":\"2023-09-12T11:27:43+00:00\",\"breadcrumb\":{\"@id\":\"https:\\\/\\\/www.runottawa.ca\\\/fr\\\/2024-promotion\\\/#breadcrumb\"},\"inLanguage\":\"fr-FR\",\"potentialAction\":[{\"@type\":\"ReadAction\",\"target\":[\"https:\\\/\\\/www.runottawa.ca\\\/fr\\\/2024-promotion\\\/\"]}]},{\"@type\":\"BreadcrumbList\",\"@id\":\"https:\\\/\\\/www.runottawa.ca\\\/fr\\\/2024-promotion\\\/#breadcrumb\",\"itemListElement\":[{\"@type\":\"ListItem\",\"position\":1,\"name\":\"Home\",\"item\":\"https:\\\/\\\/www.runottawa.ca\\\/fr\\\/\"},{\"@type\":\"ListItem\",\"position\":2,\"name\":\"2024 Promotion\"}]},{\"@type\":\"WebSite\",\"@id\":\"https:\\\/\\\/www.runottawa.ca\\\/fr\\\/#website\",\"url\":\"https:\\\/\\\/www.runottawa.ca\\\/fr\\\/\",\"name\":\"Run Ottawa\",\"description\":\"\",\"potentialAction\":[{\"@type\":\"SearchAction\",\"target\":{\"@type\":\"EntryPoint\",\"urlTemplate\":\"https:\\\/\\\/www.runottawa.ca\\\/fr\\\/?s={search_term_string}\"},\"query-input\":{\"@type\":\"PropertyValueSpecification\",\"valueRequired\":true,\"valueName\":\"search_term_string\"}}],\"inLanguage\":\"fr-FR\"}]}<\/script>\n<!-- \/ Yoast SEO plugin. -->","yoast_head_json":{"title":"2024 Promotion - Run Ottawa","robots":{"index":"index","follow":"follow","max-snippet":"max-snippet:-1","max-image-preview":"max-image-preview:large","max-video-preview":"max-video-preview:-1"},"canonical":"https:\/\/www.runottawa.ca\/fr\/2024-promotion\/","twitter_misc":{"Dur\u00e9e de lecture estim\u00e9e":"1 minute"},"schema":{"@context":"https:\/\/schema.org","@graph":[{"@type":"WebPage","@id":"https:\/\/www.runottawa.ca\/fr\/2024-promotion\/","url":"https:\/\/www.runottawa.ca\/fr\/2024-promotion\/","name":"2024 Promotion - Run Ottawa","isPartOf":{"@id":"https:\/\/www.runottawa.ca\/fr\/#website"},"datePublished":"2023-09-12T11:27:04+00:00","dateModified":"2023-09-12T11:27:43+00:00","breadcrumb":{"@id":"https:\/\/www.runottawa.ca\/fr\/2024-promotion\/#breadcrumb"},"inLanguage":"fr-FR","potentialAction":[{"@type":"ReadAction","target":["https:\/\/www.runottawa.ca\/fr\/2024-promotion\/"]}]},{"@type":"BreadcrumbList","@id":"https:\/\/www.runottawa.ca\/fr\/2024-promotion\/#breadcrumb","itemListElement":[{"@type":"ListItem","position":1,"name":"Home","item":"https:\/\/www.runottawa.ca\/fr\/"},{"@type":"ListItem","position":2,"name":"2024 Promotion"}]},{"@type":"WebSite","@id":"https:\/\/www.runottawa.ca\/fr\/#website","url":"https:\/\/www.runottawa.ca\/fr\/","name":"Run Ottawa","description":"","potentialAction":[{"@type":"SearchAction","target":{"@type":"EntryPoint","urlTemplate":"https:\/\/www.runottawa.ca\/fr\/?s={search_term_string}"},"query-input":{"@type":"PropertyValueSpecification","valueRequired":true,"valueName":"search_term_string"}}],"inLanguage":"fr-FR"}]}},"_links":{"self":[{"href":"https:\/\/www.runottawa.ca\/fr\/wp-json\/wp\/v2\/pages\/37120","targetHints":{"allow":["GET"]}}],"collection":[{"href":"https:\/\/www.runottawa.ca\/fr\/wp-json\/wp\/v2\/pages"}],"about":[{"href":"https:\/\/www.runottawa.ca\/fr\/wp-json\/wp\/v2\/types\/page"}],"author":[{"embeddable":true,"href":"https:\/\/www.runottawa.ca\/fr\/wp-json\/wp\/v2\/users\/33"}],"replies":[{"embeddable":true,"href":"https:\/\/www.runottawa.ca\/fr\/wp-json\/wp\/v2\/comments?post=37120"}],"version-history":[{"count":2,"href":"https:\/\/www.runottawa.ca\/fr\/wp-json\/wp\/v2\/pages\/37120\/revisions"}],"predecessor-version":[{"id":37127,"href":"https:\/\/www.runottawa.ca\/fr\/wp-json\/wp\/v2\/pages\/37120\/revisions\/37127"}],"wp:attachment":[{"href":"https:\/\/www.runottawa.ca\/fr\/wp-json\/wp\/v2\/media?parent=37120"}],"curies":[{"name":"wp","href":"https:\/\/api.w.org\/{rel}","templated":true}]}}