{"id":37100,"date":"2023-09-13T11:42:57","date_gmt":"2023-09-13T15:42:57","guid":{"rendered":"https:\/\/www.runottawa.ca\/?page_id=37100"},"modified":"2024-05-22T19:34:43","modified_gmt":"2024-05-22T23:34:43","slug":"de-beaux-souvenirs-celebrons-50-annees-de-marathon-a-ottawa","status":"publish","type":"page","link":"https:\/\/www.runottawa.ca\/fr\/de-beaux-souvenirs-celebrons-50-annees-de-marathon-a-ottawa\/","title":{"rendered":"De beaux souvenirs : c\u00e9l\u00e9brons 50 ann\u00e9es de marathon \u00e0 Ottawa"},"content":{"rendered":"<p><b>\u00ab\u00a0Pourquoi ne pas organiser un marathon \u00e0 Ottawa?\u00a0\u00bb<\/b><\/p>\n<p><span style=\"font-weight: 400;\">Le 25\u00a0mai\u00a01975, 143\u00a0hommes et 3\u00a0femmes ont pris le d\u00e9part du tout premier Marathon d\u2019Ottawa. La ligne de d\u00e9part et la ligne d\u2019arriv\u00e9e se trouvaient \u00e0 l\u2019Universit\u00e9 Carleton; les participants ne savaient pas encore qu\u2019ils seraient les pionniers d\u2019un demi-si\u00e8cle de course dans la capitale nationale du Canada.<\/span><\/p>\n<p><span style=\"font-weight: 400;\">Depuis plus de 50\u00a0ans, d\u2019autres \u00e9preuves (comme le tr\u00e8s populaire 10K et le Demi-marathon) ont \u00e9t\u00e9 ajout\u00e9es \u00e0 l\u2019\u00e9v\u00e9nement, de nouveaux parcours ont \u00e9t\u00e9 con\u00e7us, d\u2019importants partenariats avec des commanditaires ont \u00e9t\u00e9 sign\u00e9s, la technologie et l\u2019\u00e9quipement ont fait de grandes perc\u00e9es, et les participants sont revenus de plus en plus nombreux chaque ann\u00e9e. Depuis ses humbles d\u00e9buts, le <\/span><b>Canada\u2019s Magnificent Marathon<\/b><span style=\"font-weight: 400;\"> est devenu le plus important \u00e9v\u00e9nement annuel au pays. Il s\u2019\u00e9tend maintenant sur DEUX provinces et attire plus de 100\u2009000\u00a0spectateurs.<\/span><\/p>\n<p><span style=\"font-weight: 400;\">Amenez donc vos amis, votre famille et vos partenaires de course pour c\u00e9l\u00e9brer notre 50<\/span><span style=\"font-weight: 400;\">e<\/span><span style=\"font-weight: 400;\">\u00a0anniversaire en 2024. Vous ferez partie d\u2019un jalon m\u00e9morable et vivrez une exp\u00e9rience de course inoubliable. \u00c7a promet d\u2019\u00eatre spectaculaire!<\/span><\/p>\n<p><b>Fin de semaine des courses Tamarack d\u2019Ottawa.<\/b><span style=\"font-weight: 400;\"> C\u2019est VOTRE course. Les 25 et 26\u00a0mai.\u00a0<\/span><\/p>\n<hr \/>\n<p><strong>\u00c0 lire aussi :<\/strong><\/p>\n<p class=\"page-title\"><strong><a href=\"https:\/\/www.runottawa.ca\/fr\/naissance-du-canadas-magnificent-marathon-les-annees-70\">Naissance du \u00ab\u00a0Canada\u2019s Magnificent Marathon\u00a0\u00bb\u00a0: les ann\u00e9es\u00a070<\/a><\/strong><\/p>\n<p class=\"page-title\"><strong><a href=\"https:\/\/www.runottawa.ca\/fr\/les-annees-1980-le-marathon-dottawa-prend-de-lampleur\">Les ann\u00e9es 1980 : Le marathon d\u2019Ottawa prend de l\u2019ampleur<\/a><\/strong><\/p>\n<p class=\"page-title\"><strong><a href=\"https:\/\/www.runottawa.ca\/fr\/les-annees-1990-le-marathon-dottawa-devient-un-festival-de-course-pour-tous\">Les ann\u00e9es\u00a01990\u00a0: le Marathon d\u2019Ottawa devient un festival de course pour tous!<\/a><\/strong><\/p>\n<p class=\"page-title\"><strong><a href=\"https:\/\/www.runottawa.ca\/fr\/les-annees-2000-nouveau-millenaire-et-marathon-dottawa\">Les ann\u00e9es\u00a02000\u00a0: nouveau mill\u00e9naire et Marathon d\u2019Ottawa<\/a><\/strong><\/p>\n<p class=\"page-title\"><strong><a href=\"https:\/\/www.runottawa.ca\/fr\/les-annees-2010-une-decennie-de-croissance-pour-le-marathon-dottawa\">Les ann\u00e9es 2010 : Une d\u00e9cennie de croissance pour le marathon d\u2019Ottawa<\/a><\/strong><\/p>\n<p class=\"page-title\"><strong><a href=\"https:\/\/www.runottawa.ca\/fr\/les-annees-2020-debut-mouvemente-dune-decennie-marquante\">Les ann\u00e9es\u00a02020\u00a0: d\u00e9but mouvement\u00e9 d\u2019une d\u00e9cennie marquante<\/a><\/strong><\/p>\n<hr \/>\n<p><b>Samedi\u00a025\u00a0mai\u00a02024<\/b><br \/>\n<a href=\"https:\/\/www.runottawa.ca\/fr\/les-courses\/le-marathon-dottawa-pour-les-enfants\"><span style=\"font-weight: 400;\">Marathon d\u2019Ottawa pour les enfants (1.2K) pr\u00e9sent\u00e9 par Maverick&rsquo;s Donuts<\/span><\/a><br \/>\n<a href=\"https:\/\/www.runottawa.ca\/fr\/les-courses\/le-2k-dottawa\"><span style=\"font-weight: 400;\">2K d\u2019Ottawa pr\u00e9sent\u00e9 par ASICS Runkeeper<\/span><\/a><br \/>\n<a href=\"https:\/\/www.runottawa.ca\/fr\/les-courses\/5k-htg-sports-dottawa\"><span style=\"font-weight: 400;\">5K d\u2019Ottawa pr\u00e9sent\u00e9 par ASICS Runkeeper<\/span><\/a><br \/>\n<a href=\"https:\/\/www.runottawa.ca\/fr\/les-courses\/le-10k-dottawa\"><span style=\"font-weight: 400;\">10K d\u2019Ottawa pr\u00e9sent\u00e9 par Otto\u2019s Ottawa et Championnat canadien du 10\u00a0km<\/span><\/a><\/p>\n<p><b>Dimanche\u00a026\u00a0mai\u00a02024<\/b><br \/>\n<a href=\"https:\/\/www.runottawa.ca\/fr\/les-courses\/marathon-ottawa\"><span style=\"font-weight: 400;\">Marathon international d\u2019Ottawa Tartan<\/span><\/a><br \/>\n<a href=\"https:\/\/www.runottawa.ca\/fr\/les-courses\/le-demi-marathon-dottawa\"><span style=\"font-weight: 400;\">Demi-marathon d\u2019Ottawa pr\u00e9sent\u00e9 par Desjardins<\/span><\/a><\/p>\n<h2 class=\"page-title\">Commanditaires<\/h2>\n<p><a href=\"https:\/\/www.runottawa.ca\/wp-content\/uploads\/2023\/09\/2023-Desjardins-Great-Big-Cookie-Run-FaceBook-cover-1.png\"><img loading=\"lazy\" decoding=\"async\" class=\"aligncenter wp-image-37167 size-full\" src=\"https:\/\/www.runottawa.ca\/wp-content\/uploads\/2023\/09\/2023-Desjardins-Great-Big-Cookie-Run-FaceBook-cover-1.png\" alt=\"\" width=\"1640\" height=\"924\" srcset=\"https:\/\/www.runottawa.ca\/wp-content\/uploads\/2023\/09\/2023-Desjardins-Great-Big-Cookie-Run-FaceBook-cover-1.png 1640w, https:\/\/www.runottawa.ca\/wp-content\/uploads\/2023\/09\/2023-Desjardins-Great-Big-Cookie-Run-FaceBook-cover-1-300x169.png 300w, https:\/\/www.runottawa.ca\/wp-content\/uploads\/2023\/09\/2023-Desjardins-Great-Big-Cookie-Run-FaceBook-cover-1-1024x577.png 1024w, https:\/\/www.runottawa.ca\/wp-content\/uploads\/2023\/09\/2023-Desjardins-Great-Big-Cookie-Run-FaceBook-cover-1-768x433.png 768w, https:\/\/www.runottawa.ca\/wp-content\/uploads\/2023\/09\/2023-Desjardins-Great-Big-Cookie-Run-FaceBook-cover-1-1536x865.png 1536w\" sizes=\"auto, (max-width: 1640px) 100vw, 1640px\" \/><\/a><\/p>\n<hr \/>\n<p style=\"text-align: center;\"><b>42,2K \/\/ 21,1K \/\/ 10K \/\/ 5K \/\/ 2K \/\/ MARATHON POUR LES ENFANTS \/\/ 3 D\u00c9FIS<\/b><br \/>\n<b>EN PERSONNE \/\/ VIRTUELLEMENT \/\/ DOSSARD VERT<\/b><\/p>\n<p><a href=\"https:\/\/www.runottawa.ca\/wp-content\/uploads\/2023\/09\/2024-TORW-50th-page-FR-footer.png\"><img loading=\"lazy\" decoding=\"async\" class=\"aligncenter wp-image-37105 size-full\" src=\"https:\/\/www.runottawa.ca\/wp-content\/uploads\/2023\/09\/2024-TORW-50th-page-FR-footer.png\" alt=\"\" width=\"650\" height=\"150\" srcset=\"https:\/\/www.runottawa.ca\/wp-content\/uploads\/2023\/09\/2024-TORW-50th-page-FR-footer.png 650w, https:\/\/www.runottawa.ca\/wp-content\/uploads\/2023\/09\/2024-TORW-50th-page-FR-footer-300x69.png 300w\" sizes=\"auto, (max-width: 650px) 100vw, 650px\" \/><\/a><\/p>\n","protected":false},"excerpt":{"rendered":"<p>\u00ab\u00a0Pourquoi ne pas organiser un marathon \u00e0 Ottawa?\u00a0\u00bb Le 25\u00a0mai\u00a01975, 143\u00a0hommes et 3\u00a0femmes ont pris le d\u00e9part du tout premier Marathon d\u2019Ottawa. La ligne de d\u00e9part et la ligne d\u2019arriv\u00e9e se trouvaient \u00e0 l\u2019Universit\u00e9 Carleton; les participants ne savaient pas encore qu\u2019ils seraient les pionniers d\u2019un demi-si\u00e8cle de course dans [&hellip;]<\/p>\n","protected":false},"author":33,"featured_media":0,"parent":0,"menu_order":67,"comment_status":"closed","ping_status":"closed","template":"","meta":{"_acf_changed":false,"footnotes":""},"class_list":["post-37100","page","type-page","status-publish","hentry"],"acf":[],"yoast_head":"<!-- This site is optimized with the Yoast SEO plugin v27.6 - https:\/\/yoast.com\/product\/yoast-seo-wordpress\/ -->\n<title>De beaux souvenirs : c\u00e9l\u00e9brons 50 ann\u00e9es de marathon \u00e0 Ottawa - Run Ottawa<\/title>\n<meta name=\"robots\" content=\"index, follow, max-snippet:-1, max-image-preview:large, max-video-preview:-1\" \/>\n<link rel=\"canonical\" href=\"https:\/\/www.runottawa.ca\/fr\/de-beaux-souvenirs-celebrons-50-annees-de-marathon-a-ottawa\/\" \/>\n<meta name=\"twitter:label1\" content=\"Dur\u00e9e de lecture estim\u00e9e\" \/>\n\t<meta name=\"twitter:data1\" content=\"2 minutes\" \/>\n<script type=\"application\/ld+json\" class=\"yoast-schema-graph\">{\"@context\":\"https:\\\/\\\/schema.org\",\"@graph\":[{\"@type\":\"WebPage\",\"@id\":\"https:\\\/\\\/www.runottawa.ca\\\/fr\\\/de-beaux-souvenirs-celebrons-50-annees-de-marathon-a-ottawa\\\/\",\"url\":\"https:\\\/\\\/www.runottawa.ca\\\/fr\\\/de-beaux-souvenirs-celebrons-50-annees-de-marathon-a-ottawa\\\/\",\"name\":\"De beaux souvenirs : c\u00e9l\u00e9brons 50 ann\u00e9es de marathon \u00e0 Ottawa - Run Ottawa\",\"isPartOf\":{\"@id\":\"https:\\\/\\\/www.runottawa.ca\\\/fr\\\/#website\"},\"datePublished\":\"2023-09-13T15:42:57+00:00\",\"dateModified\":\"2024-05-22T23:34:43+00:00\",\"breadcrumb\":{\"@id\":\"https:\\\/\\\/www.runottawa.ca\\\/fr\\\/de-beaux-souvenirs-celebrons-50-annees-de-marathon-a-ottawa\\\/#breadcrumb\"},\"inLanguage\":\"fr-FR\",\"potentialAction\":[{\"@type\":\"ReadAction\",\"target\":[\"https:\\\/\\\/www.runottawa.ca\\\/fr\\\/de-beaux-souvenirs-celebrons-50-annees-de-marathon-a-ottawa\\\/\"]}]},{\"@type\":\"BreadcrumbList\",\"@id\":\"https:\\\/\\\/www.runottawa.ca\\\/fr\\\/de-beaux-souvenirs-celebrons-50-annees-de-marathon-a-ottawa\\\/#breadcrumb\",\"itemListElement\":[{\"@type\":\"ListItem\",\"position\":1,\"name\":\"Home\",\"item\":\"https:\\\/\\\/www.runottawa.ca\\\/fr\\\/\"},{\"@type\":\"ListItem\",\"position\":2,\"name\":\"De beaux souvenirs : c\u00e9l\u00e9brons 50 ann\u00e9es de marathon \u00e0 Ottawa\"}]},{\"@type\":\"WebSite\",\"@id\":\"https:\\\/\\\/www.runottawa.ca\\\/fr\\\/#website\",\"url\":\"https:\\\/\\\/www.runottawa.ca\\\/fr\\\/\",\"name\":\"Run Ottawa\",\"description\":\"\",\"potentialAction\":[{\"@type\":\"SearchAction\",\"target\":{\"@type\":\"EntryPoint\",\"urlTemplate\":\"https:\\\/\\\/www.runottawa.ca\\\/fr\\\/?s={search_term_string}\"},\"query-input\":{\"@type\":\"PropertyValueSpecification\",\"valueRequired\":true,\"valueName\":\"search_term_string\"}}],\"inLanguage\":\"fr-FR\"}]}<\/script>\n<!-- \/ Yoast SEO plugin. -->","yoast_head_json":{"title":"De beaux souvenirs : c\u00e9l\u00e9brons 50 ann\u00e9es de marathon \u00e0 Ottawa - Run Ottawa","robots":{"index":"index","follow":"follow","max-snippet":"max-snippet:-1","max-image-preview":"max-image-preview:large","max-video-preview":"max-video-preview:-1"},"canonical":"https:\/\/www.runottawa.ca\/fr\/de-beaux-souvenirs-celebrons-50-annees-de-marathon-a-ottawa\/","twitter_misc":{"Dur\u00e9e de lecture estim\u00e9e":"2 minutes"},"schema":{"@context":"https:\/\/schema.org","@graph":[{"@type":"WebPage","@id":"https:\/\/www.runottawa.ca\/fr\/de-beaux-souvenirs-celebrons-50-annees-de-marathon-a-ottawa\/","url":"https:\/\/www.runottawa.ca\/fr\/de-beaux-souvenirs-celebrons-50-annees-de-marathon-a-ottawa\/","name":"De beaux souvenirs : c\u00e9l\u00e9brons 50 ann\u00e9es de marathon \u00e0 Ottawa - Run Ottawa","isPartOf":{"@id":"https:\/\/www.runottawa.ca\/fr\/#website"},"datePublished":"2023-09-13T15:42:57+00:00","dateModified":"2024-05-22T23:34:43+00:00","breadcrumb":{"@id":"https:\/\/www.runottawa.ca\/fr\/de-beaux-souvenirs-celebrons-50-annees-de-marathon-a-ottawa\/#breadcrumb"},"inLanguage":"fr-FR","potentialAction":[{"@type":"ReadAction","target":["https:\/\/www.runottawa.ca\/fr\/de-beaux-souvenirs-celebrons-50-annees-de-marathon-a-ottawa\/"]}]},{"@type":"BreadcrumbList","@id":"https:\/\/www.runottawa.ca\/fr\/de-beaux-souvenirs-celebrons-50-annees-de-marathon-a-ottawa\/#breadcrumb","itemListElement":[{"@type":"ListItem","position":1,"name":"Home","item":"https:\/\/www.runottawa.ca\/fr\/"},{"@type":"ListItem","position":2,"name":"De beaux souvenirs : c\u00e9l\u00e9brons 50 ann\u00e9es de marathon \u00e0 Ottawa"}]},{"@type":"WebSite","@id":"https:\/\/www.runottawa.ca\/fr\/#website","url":"https:\/\/www.runottawa.ca\/fr\/","name":"Run Ottawa","description":"","potentialAction":[{"@type":"SearchAction","target":{"@type":"EntryPoint","urlTemplate":"https:\/\/www.runottawa.ca\/fr\/?s={search_term_string}"},"query-input":{"@type":"PropertyValueSpecification","valueRequired":true,"valueName":"search_term_string"}}],"inLanguage":"fr-FR"}]}},"_links":{"self":[{"href":"https:\/\/www.runottawa.ca\/fr\/wp-json\/wp\/v2\/pages\/37100","targetHints":{"allow":["GET"]}}],"collection":[{"href":"https:\/\/www.runottawa.ca\/fr\/wp-json\/wp\/v2\/pages"}],"about":[{"href":"https:\/\/www.runottawa.ca\/fr\/wp-json\/wp\/v2\/types\/page"}],"author":[{"embeddable":true,"href":"https:\/\/www.runottawa.ca\/fr\/wp-json\/wp\/v2\/users\/33"}],"replies":[{"embeddable":true,"href":"https:\/\/www.runottawa.ca\/fr\/wp-json\/wp\/v2\/comments?post=37100"}],"version-history":[{"count":10,"href":"https:\/\/www.runottawa.ca\/fr\/wp-json\/wp\/v2\/pages\/37100\/revisions"}],"predecessor-version":[{"id":39402,"href":"https:\/\/www.runottawa.ca\/fr\/wp-json\/wp\/v2\/pages\/37100\/revisions\/39402"}],"wp:attachment":[{"href":"https:\/\/www.runottawa.ca\/fr\/wp-json\/wp\/v2\/media?parent=37100"}],"curies":[{"name":"wp","href":"https:\/\/api.w.org\/{rel}","templated":true}]}}