{"id":36742,"date":"2023-06-20T13:32:36","date_gmt":"2023-06-20T17:32:36","guid":{"rendered":"https:\/\/www.runottawa.ca\/?page_id=36742"},"modified":"2023-06-20T13:32:36","modified_gmt":"2023-06-20T17:32:36","slug":"reconnaissance-des-terres","status":"publish","type":"page","link":"https:\/\/www.runottawa.ca\/fr\/reconnaissance-des-terres\/","title":{"rendered":"Reconnaissance des terres"},"content":{"rendered":"<p>Courez Ottawa aimerait souligner que les terres sur lesquelles se trouve notre si\u00e8ge social et o\u00f9 notre \u00e9v\u00e9nement a lieu sont un territoire traditionnel algonquin anishnaabeg non c\u00e9d\u00e9. Nous tenons \u00e0 respectueusement reconna\u00eetre la diversit\u00e9 des histoires et des cultures de tous les membres de la nation algonquine anishnaabeg des provinces canadiennes.<\/p>\n","protected":false},"excerpt":{"rendered":"<p>Courez Ottawa aimerait souligner que les terres sur lesquelles se trouve notre si\u00e8ge social et o\u00f9 notre \u00e9v\u00e9nement a lieu sont un territoire traditionnel algonquin anishnaabeg non c\u00e9d\u00e9. Nous tenons \u00e0 respectueusement reconna\u00eetre la diversit\u00e9 des histoires et des cultures de tous les membres de la nation algonquine anishnaabeg des [&hellip;]<\/p>\n","protected":false},"author":33,"featured_media":0,"parent":0,"menu_order":70,"comment_status":"closed","ping_status":"closed","template":"","meta":{"_acf_changed":false,"footnotes":""},"class_list":["post-36742","page","type-page","status-publish","hentry"],"acf":[],"yoast_head":"<!-- This site is optimized with the Yoast SEO plugin v27.4 - https:\/\/yoast.com\/product\/yoast-seo-wordpress\/ -->\n<title>Reconnaissance des terres - Run Ottawa<\/title>\n<meta name=\"robots\" content=\"index, follow, max-snippet:-1, max-image-preview:large, max-video-preview:-1\" \/>\n<link rel=\"canonical\" href=\"https:\/\/www.runottawa.ca\/fr\/reconnaissance-des-terres\/\" \/>\n<meta name=\"twitter:label1\" content=\"Dur\u00e9e de lecture estim\u00e9e\" \/>\n\t<meta name=\"twitter:data1\" content=\"1 minute\" \/>\n<script type=\"application\/ld+json\" class=\"yoast-schema-graph\">{\"@context\":\"https:\\\/\\\/schema.org\",\"@graph\":[{\"@type\":\"WebPage\",\"@id\":\"https:\\\/\\\/www.runottawa.ca\\\/fr\\\/reconnaissance-des-terres\\\/\",\"url\":\"https:\\\/\\\/www.runottawa.ca\\\/fr\\\/reconnaissance-des-terres\\\/\",\"name\":\"Reconnaissance des terres - Run Ottawa\",\"isPartOf\":{\"@id\":\"https:\\\/\\\/www.runottawa.ca\\\/fr\\\/#website\"},\"datePublished\":\"2023-06-20T17:32:36+00:00\",\"breadcrumb\":{\"@id\":\"https:\\\/\\\/www.runottawa.ca\\\/fr\\\/reconnaissance-des-terres\\\/#breadcrumb\"},\"inLanguage\":\"fr-FR\",\"potentialAction\":[{\"@type\":\"ReadAction\",\"target\":[\"https:\\\/\\\/www.runottawa.ca\\\/fr\\\/reconnaissance-des-terres\\\/\"]}]},{\"@type\":\"BreadcrumbList\",\"@id\":\"https:\\\/\\\/www.runottawa.ca\\\/fr\\\/reconnaissance-des-terres\\\/#breadcrumb\",\"itemListElement\":[{\"@type\":\"ListItem\",\"position\":1,\"name\":\"Home\",\"item\":\"https:\\\/\\\/www.runottawa.ca\\\/fr\\\/\"},{\"@type\":\"ListItem\",\"position\":2,\"name\":\"Reconnaissance des terres\"}]},{\"@type\":\"WebSite\",\"@id\":\"https:\\\/\\\/www.runottawa.ca\\\/fr\\\/#website\",\"url\":\"https:\\\/\\\/www.runottawa.ca\\\/fr\\\/\",\"name\":\"Run Ottawa\",\"description\":\"\",\"potentialAction\":[{\"@type\":\"SearchAction\",\"target\":{\"@type\":\"EntryPoint\",\"urlTemplate\":\"https:\\\/\\\/www.runottawa.ca\\\/fr\\\/?s={search_term_string}\"},\"query-input\":{\"@type\":\"PropertyValueSpecification\",\"valueRequired\":true,\"valueName\":\"search_term_string\"}}],\"inLanguage\":\"fr-FR\"}]}<\/script>\n<!-- \/ Yoast SEO plugin. -->","yoast_head_json":{"title":"Reconnaissance des terres - Run Ottawa","robots":{"index":"index","follow":"follow","max-snippet":"max-snippet:-1","max-image-preview":"max-image-preview:large","max-video-preview":"max-video-preview:-1"},"canonical":"https:\/\/www.runottawa.ca\/fr\/reconnaissance-des-terres\/","twitter_misc":{"Dur\u00e9e de lecture estim\u00e9e":"1 minute"},"schema":{"@context":"https:\/\/schema.org","@graph":[{"@type":"WebPage","@id":"https:\/\/www.runottawa.ca\/fr\/reconnaissance-des-terres\/","url":"https:\/\/www.runottawa.ca\/fr\/reconnaissance-des-terres\/","name":"Reconnaissance des terres - Run Ottawa","isPartOf":{"@id":"https:\/\/www.runottawa.ca\/fr\/#website"},"datePublished":"2023-06-20T17:32:36+00:00","breadcrumb":{"@id":"https:\/\/www.runottawa.ca\/fr\/reconnaissance-des-terres\/#breadcrumb"},"inLanguage":"fr-FR","potentialAction":[{"@type":"ReadAction","target":["https:\/\/www.runottawa.ca\/fr\/reconnaissance-des-terres\/"]}]},{"@type":"BreadcrumbList","@id":"https:\/\/www.runottawa.ca\/fr\/reconnaissance-des-terres\/#breadcrumb","itemListElement":[{"@type":"ListItem","position":1,"name":"Home","item":"https:\/\/www.runottawa.ca\/fr\/"},{"@type":"ListItem","position":2,"name":"Reconnaissance des terres"}]},{"@type":"WebSite","@id":"https:\/\/www.runottawa.ca\/fr\/#website","url":"https:\/\/www.runottawa.ca\/fr\/","name":"Run Ottawa","description":"","potentialAction":[{"@type":"SearchAction","target":{"@type":"EntryPoint","urlTemplate":"https:\/\/www.runottawa.ca\/fr\/?s={search_term_string}"},"query-input":{"@type":"PropertyValueSpecification","valueRequired":true,"valueName":"search_term_string"}}],"inLanguage":"fr-FR"}]}},"_links":{"self":[{"href":"https:\/\/www.runottawa.ca\/fr\/wp-json\/wp\/v2\/pages\/36742","targetHints":{"allow":["GET"]}}],"collection":[{"href":"https:\/\/www.runottawa.ca\/fr\/wp-json\/wp\/v2\/pages"}],"about":[{"href":"https:\/\/www.runottawa.ca\/fr\/wp-json\/wp\/v2\/types\/page"}],"author":[{"embeddable":true,"href":"https:\/\/www.runottawa.ca\/fr\/wp-json\/wp\/v2\/users\/33"}],"replies":[{"embeddable":true,"href":"https:\/\/www.runottawa.ca\/fr\/wp-json\/wp\/v2\/comments?post=36742"}],"version-history":[{"count":2,"href":"https:\/\/www.runottawa.ca\/fr\/wp-json\/wp\/v2\/pages\/36742\/revisions"}],"predecessor-version":[{"id":36746,"href":"https:\/\/www.runottawa.ca\/fr\/wp-json\/wp\/v2\/pages\/36742\/revisions\/36746"}],"wp:attachment":[{"href":"https:\/\/www.runottawa.ca\/fr\/wp-json\/wp\/v2\/media?parent=36742"}],"curies":[{"name":"wp","href":"https:\/\/api.w.org\/{rel}","templated":true}]}}