{"id":36705,"date":"2023-06-12T15:37:28","date_gmt":"2023-06-12T19:37:28","guid":{"rendered":"https:\/\/www.runottawa.ca\/?page_id=36705"},"modified":"2023-06-14T12:06:43","modified_gmt":"2023-06-14T16:06:43","slug":"lescouade-active-dottos-ottawa-2023","status":"publish","type":"page","link":"https:\/\/www.runottawa.ca\/fr\/lescouade-active-dottos-ottawa-2023\/","title":{"rendered":"l\u2019Escouade active d\u2019Otto\u2019s Ottawa 2023"},"content":{"rendered":"<p><a href=\"https:\/\/www.runottawa.ca\/wp-content\/uploads\/2022\/06\/TORW2021-Page-banners-PowerCrew4-1.jpg\"><img loading=\"lazy\" decoding=\"async\" class=\"aligncenter wp-image-33584 size-large\" src=\"https:\/\/www.runottawa.ca\/wp-content\/uploads\/2022\/06\/TORW2021-Page-banners-PowerCrew4-1-1024x187.jpg\" alt=\"\" width=\"1024\" height=\"187\" srcset=\"https:\/\/www.runottawa.ca\/wp-content\/uploads\/2022\/06\/TORW2021-Page-banners-PowerCrew4-1-1024x187.jpg 1024w, https:\/\/www.runottawa.ca\/wp-content\/uploads\/2022\/06\/TORW2021-Page-banners-PowerCrew4-1-300x55.jpg 300w, https:\/\/www.runottawa.ca\/wp-content\/uploads\/2022\/06\/TORW2021-Page-banners-PowerCrew4-1-768x141.jpg 768w, https:\/\/www.runottawa.ca\/wp-content\/uploads\/2022\/06\/TORW2021-Page-banners-PowerCrew4-1.jpg 1115w\" sizes=\"auto, (max-width: 1024px) 100vw, 1024px\" \/><\/a><\/p>\n<p><span id=\"E117\">L\u2019Escouade<\/span><span id=\"E118\"> active\u00a0<\/span>est un groupe d\u00e9vou\u00e9 de coureurs et de marcheurs qui partagent des exp\u00e9riences d&rsquo;entra\u00eenement utiles, l&rsquo;enthousiasme pour leurs prochains \u00e9v\u00e9nements de Courez Ottawa, des d\u00e9tails sur l&rsquo;entra\u00eenement, la r\u00e9cup\u00e9ration apr\u00e8s la course, des recettes d\u00e9licieuses, des itin\u00e9raires sympas, et plus encore!<\/p>\n<p>Jetez un coup d&rsquo;\u0153il aux membres de l&rsquo;\u00e9quipe ci-dessous!<\/p>\n<hr \/>\n<p><a href=\"https:\/\/www.runottawa.ca\/wp-content\/uploads\/2022\/09\/7.png\"><img loading=\"lazy\" decoding=\"async\" class=\"alignnone wp-image-34069 size-large\" src=\"https:\/\/www.runottawa.ca\/wp-content\/uploads\/2022\/09\/7-1024x1024.png\" alt=\"\" width=\"1024\" height=\"1024\" srcset=\"https:\/\/www.runottawa.ca\/wp-content\/uploads\/2022\/09\/7-1024x1024.png 1024w, https:\/\/www.runottawa.ca\/wp-content\/uploads\/2022\/09\/7-300x300.png 300w, https:\/\/www.runottawa.ca\/wp-content\/uploads\/2022\/09\/7-150x150.png 150w, https:\/\/www.runottawa.ca\/wp-content\/uploads\/2022\/09\/7-768x768.png 768w, https:\/\/www.runottawa.ca\/wp-content\/uploads\/2022\/09\/7-590x590.png 590w, https:\/\/www.runottawa.ca\/wp-content\/uploads\/2022\/09\/7.png 1080w\" sizes=\"auto, (max-width: 1024px) 100vw, 1024px\" \/><\/a><\/p>\n<h2><b>Kristel Gauthier<\/b>\u00a0<i>Ottawa, ON<\/i><\/h2>\n<p><strong>Un ancien de l\u2019<span id=\"E117\">Escouade<\/span><span id=\"E118\">\u00a0active 2022<\/span><\/strong><\/p>\n<p><a href=\"https:\/\/www.runottawa.ca\/fr\/joignez-vous-a-courez-ottawa\">Membre de Courez Ottawa<\/a> et maman de trois enfants, Kristel\u00a0a termin\u00e9 sa saison de course 2022 en atteignant son objectif de se qualifier pour le Marathon de Boston de 2024 et en se surprenant avec un record personnel au 5 km. Elle est une coureuse chevronn\u00e9e : elle fait partie des groupes\u00a0<a href=\"https:\/\/www.k2jfitness.com\/\">K2J Fitness<\/a>,\u00a0<a href=\"https:\/\/www.instagram.com\/arboretumhillclub\/\">Arboretum Hill Club<\/a>\u00a0et\u00a0<a href=\"https:\/\/www.instagram.com\/millstreetmilers\/\">Mill Street Milers<\/a>, o\u00f9 elle a rencontr\u00e9 des gens incroyables qui sont maintenant devenus des amis proches.<\/p>\n<p>Kristel est une ardente d\u00e9fenseure de la sant\u00e9 mentale et parle ouvertement de son cheminement personnel quant \u00e0 son trouble bipolaire. La course a jou\u00e9 (et continue de jouer) un grand r\u00f4le dans son r\u00e9tablissement. Elle esp\u00e8re inspirer d\u2019autres personnes \u00e0 parler de leur histoire \u00e9galement.<\/p>\n<hr \/>\n<p><a href=\"https:\/\/www.runottawa.ca\/wp-content\/uploads\/2022\/12\/Chris-Huddleston.png\"><img loading=\"lazy\" decoding=\"async\" class=\"alignnone wp-image-35037 size-large\" src=\"https:\/\/www.runottawa.ca\/wp-content\/uploads\/2022\/12\/Chris-Huddleston-1024x1024.png\" alt=\"\" width=\"1024\" height=\"1024\" srcset=\"https:\/\/www.runottawa.ca\/wp-content\/uploads\/2022\/12\/Chris-Huddleston-1024x1024.png 1024w, https:\/\/www.runottawa.ca\/wp-content\/uploads\/2022\/12\/Chris-Huddleston-300x300.png 300w, https:\/\/www.runottawa.ca\/wp-content\/uploads\/2022\/12\/Chris-Huddleston-150x150.png 150w, https:\/\/www.runottawa.ca\/wp-content\/uploads\/2022\/12\/Chris-Huddleston-768x768.png 768w, https:\/\/www.runottawa.ca\/wp-content\/uploads\/2022\/12\/Chris-Huddleston-590x590.png 590w, https:\/\/www.runottawa.ca\/wp-content\/uploads\/2022\/12\/Chris-Huddleston.png 1080w\" sizes=\"auto, (max-width: 1024px) 100vw, 1024px\" \/><\/a><\/p>\n<h2><strong>Chris Huddleston\u00a0<\/strong><i>Ottawa, ON<\/i><\/h2>\n<p><strong>Un ancien de l\u2019<span id=\"E117\">Escouade<\/span><span id=\"E118\">\u00a0active 2022<\/span><\/strong><\/p>\n<p>Chris est un coureur exp\u00e9riment\u00e9 : les premi\u00e8res \u00e9preuves auxquelles il a particip\u00e9 sont la Course de l\u2019Arm\u00e9e en 2012 et la Fin de semaine des courses Tamarack d\u2019Ottawa en 2013. C\u2019est lors de cette derni\u00e8re qu\u2019il a attrap\u00e9 la piq\u00fbre de la course!<\/p>\n<p>Plus r\u00e9cemment, Chris s\u2019est joint \u00e0 des groupes de course locaux, ce qui lui a permis de d\u00e9couvrir l\u2019aspect social du sport. Il croit que la communaut\u00e9 de coureurs d\u2019Ottawa est stimulante et a beaucoup appris en discutant avec les membres, qui sont tout aussi passionn\u00e9s par la course que lui. Cette communaut\u00e9 est compos\u00e9e d\u2019un bel \u00e9ventail de personnes et Chris adore rencontrer des gens ayant des perspectives diff\u00e9rentes des siennes.<\/p>\n<p>Pour Chris, la course est un m\u00e9lange de sant\u00e9 physique, de bien-\u00eatre mental, d\u2019amour pour les activit\u00e9s ext\u00e9rieures et du d\u00e9sir de se d\u00e9passer. Il veut \u00eatre un exemple pour ses deux adolescents.<\/p>\n<hr \/>\n<p><a href=\"https:\/\/www.runottawa.ca\/wp-content\/uploads\/2022\/12\/Stephanie-Leyland.png\"><img loading=\"lazy\" decoding=\"async\" class=\"alignnone wp-image-35039 size-large\" src=\"https:\/\/www.runottawa.ca\/wp-content\/uploads\/2022\/12\/Stephanie-Leyland-1024x1024.png\" alt=\"\" width=\"1024\" height=\"1024\" srcset=\"https:\/\/www.runottawa.ca\/wp-content\/uploads\/2022\/12\/Stephanie-Leyland-1024x1024.png 1024w, https:\/\/www.runottawa.ca\/wp-content\/uploads\/2022\/12\/Stephanie-Leyland-300x300.png 300w, https:\/\/www.runottawa.ca\/wp-content\/uploads\/2022\/12\/Stephanie-Leyland-150x150.png 150w, https:\/\/www.runottawa.ca\/wp-content\/uploads\/2022\/12\/Stephanie-Leyland-768x768.png 768w, https:\/\/www.runottawa.ca\/wp-content\/uploads\/2022\/12\/Stephanie-Leyland-590x590.png 590w, https:\/\/www.runottawa.ca\/wp-content\/uploads\/2022\/12\/Stephanie-Leyland.png 1080w\" sizes=\"auto, (max-width: 1024px) 100vw, 1024px\" \/><\/a><\/p>\n<h2><b>Stephanie Leyland\u00a0<\/b><i>Ottawa, ON<\/i><\/h2>\n<p>Stephanie a grandi \u00e0 Ottawa et \u00e9tait une danseuse de comp\u00e9tition. La course a toujours fait partie des autres activit\u00e9s qu\u2019elle pratiquait, mais elle n\u2019a jamais pens\u00e9 qu\u2019elle deviendrait une passion en soi.<\/p>\n<p>Son opinion \u00e0 propos de la course a radicalement chang\u00e9 apr\u00e8s qu\u2019elle ait particip\u00e9 \u00e0 sa premi\u00e8re \u00e9preuve de 10 km en 2016. L\u2019esprit de communaut\u00e9 qu\u2019elle y a senti \u00e9tait semblable \u00e0 celui qui r\u00e9gnait au studio de danse de son enfance. Elle a su \u00e0 cet instant qu\u2019elle ne pourrait plus s\u2019en passer. Il lui a fallu \u00e0 peine deux ans pour se convaincre de participer \u00e0 un marathon. Stephanie en a maintenant six \u00e0 son actif. Son objectif est de se qualifier pour Boston, et elle esp\u00e8re y arriver cette ann\u00e9e.<\/p>\n<p>Stephanie est ravie de faire partie de l\u2019Escouade active d\u2019Otto\u2019s Ottawa et est impatiente de parler de son cheminement avec les autres coureurs. Sa devise\u00a0: Si tu veux, tu peux!<\/p>\n<hr \/>\n<p><a href=\"https:\/\/www.runottawa.ca\/wp-content\/uploads\/2022\/12\/Vivian-Luk.png\"><img loading=\"lazy\" decoding=\"async\" class=\"alignnone wp-image-35041 size-large\" src=\"https:\/\/www.runottawa.ca\/wp-content\/uploads\/2022\/12\/Vivian-Luk-1024x1024.png\" alt=\"\" width=\"1024\" height=\"1024\" srcset=\"https:\/\/www.runottawa.ca\/wp-content\/uploads\/2022\/12\/Vivian-Luk-1024x1024.png 1024w, https:\/\/www.runottawa.ca\/wp-content\/uploads\/2022\/12\/Vivian-Luk-300x300.png 300w, https:\/\/www.runottawa.ca\/wp-content\/uploads\/2022\/12\/Vivian-Luk-150x150.png 150w, https:\/\/www.runottawa.ca\/wp-content\/uploads\/2022\/12\/Vivian-Luk-768x768.png 768w, https:\/\/www.runottawa.ca\/wp-content\/uploads\/2022\/12\/Vivian-Luk-590x590.png 590w, https:\/\/www.runottawa.ca\/wp-content\/uploads\/2022\/12\/Vivian-Luk.png 1080w\" sizes=\"auto, (max-width: 1024px) 100vw, 1024px\" \/><\/a><\/p>\n<h2><b>Vivian Luk<\/b><b>\u00a0<\/b><i>Ottawa, ON<\/i><\/h2>\n<p>Vivian a particip\u00e9 \u00e0 son premier 5 km en 2012. Depuis, elle a fait de nombreuses \u00e9preuves de 5 km et 10 km, et a m\u00eame termin\u00e9 un demi-marathon. Malheureusement, apr\u00e8s une blessure au genou, elle a d\u00fb arr\u00eater la course pendant quelques ann\u00e9es. Pendant cette p\u00e9riode, elle a concentr\u00e9 son \u00e9nergie sur le volleyball, le cardiov\u00e9lo et la musculation, mais la course \u00e9tait toujours dans son c\u0153ur.<\/p>\n<p>Lors de la pand\u00e9mie, Vivian a d\u00e9couvert le\u00a0<a href=\"https:\/\/www.instagram.com\/arboretumhillclub\/\">Arboretum Hill Club<\/a>, qui propose un trio gagnant : mouvement, activit\u00e9s ext\u00e9rieures et esprit de communaut\u00e9. Entour\u00e9e de l\u2019extraordinaire communaut\u00e9 active d\u2019Ottawa, elle a raviv\u00e9 sa passion pour la course.<\/p>\n<p>Vivian est impatiente de parler de son exp\u00e9rience en tant que coureuse et de motivatrice en tant que membre de l\u2019Escouade active d\u2019Otto\u2019s Ottawa de 2023!<\/p>\n<hr \/>\n<p><a href=\"https:\/\/www.runottawa.ca\/wp-content\/uploads\/2022\/12\/Deborah-Parent.png\"><img loading=\"lazy\" decoding=\"async\" class=\"alignnone wp-image-35043 size-large\" src=\"https:\/\/www.runottawa.ca\/wp-content\/uploads\/2022\/12\/Deborah-Parent-1024x1024.png\" alt=\"\" width=\"1024\" height=\"1024\" srcset=\"https:\/\/www.runottawa.ca\/wp-content\/uploads\/2022\/12\/Deborah-Parent-1024x1024.png 1024w, https:\/\/www.runottawa.ca\/wp-content\/uploads\/2022\/12\/Deborah-Parent-300x300.png 300w, https:\/\/www.runottawa.ca\/wp-content\/uploads\/2022\/12\/Deborah-Parent-150x150.png 150w, https:\/\/www.runottawa.ca\/wp-content\/uploads\/2022\/12\/Deborah-Parent-768x768.png 768w, https:\/\/www.runottawa.ca\/wp-content\/uploads\/2022\/12\/Deborah-Parent-590x590.png 590w, https:\/\/www.runottawa.ca\/wp-content\/uploads\/2022\/12\/Deborah-Parent.png 1080w\" sizes=\"auto, (max-width: 1024px) 100vw, 1024px\" \/><\/a><\/p>\n<h2><b>D\u00e9borah Parent<\/b><b>\u00a0<\/b><i>Ottawa, ON<\/i><\/h2>\n<p><strong>Un ancien de l\u2019<span id=\"E117\">Escouade<\/span><span id=\"E118\">\u00a0active 2022<\/span><\/strong><\/p>\n<p>D\u00e9borah s\u2019est mise \u00e0 la course en 2009 et son cheminement est tr\u00e8s int\u00e9ressant. La course l\u2019a accompagn\u00e9e lorsqu\u2019elle a entrepris sa carri\u00e8re d\u2019enseignante, lorsqu\u2019elle s\u2019est mari\u00e9e \u00e0 un militaire, lorsqu\u2019elle a eu son premier enfant, lorsqu\u2019elle a d\u00fb d\u00e9m\u00e9nager apr\u00e8s que son mari ait \u00e9t\u00e9 affect\u00e9 dans une autre ville, lorsqu\u2019elle a eu son deuxi\u00e8me enfant, lorsqu\u2019elle a de nouveau d\u00e9m\u00e9nag\u00e9, lorsqu\u2019elle a eu son troisi\u00e8me enfant et lorsqu\u2019elle a encore d\u00e9m\u00e9nag\u00e9.<\/p>\n<p>Pour D\u00e9borah, la course est un moment de calme o\u00f9 elle est seule avec ses pens\u00e9es et o\u00f9 elle peut vraiment connecter avec elle-m\u00eame (elle s\u2019oublie trop souvent entre ses r\u00f4les de m\u00e8re, d\u2019employ\u00e9e et d\u2019\u00e9pouse). C\u2019est souvent gr\u00e2ce \u00e0 la course qu\u2019elle s\u2019est fait de nouveaux amis en arrivant dans une nouvelle ville, et \u00e0 ce jour, c\u2019est gr\u00e2ce \u00e0 la course qu\u2019elle reste pr\u00e8s d\u2019eux. D\u00e9borah adore la fa\u00e7on dont la course la fait sentir : heureuse et pleine d\u2019\u00e9nergie.<\/p>\n<hr \/>\n<p><a href=\"https:\/\/www.runottawa.ca\/wp-content\/uploads\/2022\/12\/Kristen-Paterson.png\"><img loading=\"lazy\" decoding=\"async\" class=\"alignnone wp-image-35045 size-large\" src=\"https:\/\/www.runottawa.ca\/wp-content\/uploads\/2022\/12\/Kristen-Paterson-1024x1024.png\" alt=\"\" width=\"1024\" height=\"1024\" srcset=\"https:\/\/www.runottawa.ca\/wp-content\/uploads\/2022\/12\/Kristen-Paterson-1024x1024.png 1024w, https:\/\/www.runottawa.ca\/wp-content\/uploads\/2022\/12\/Kristen-Paterson-300x300.png 300w, https:\/\/www.runottawa.ca\/wp-content\/uploads\/2022\/12\/Kristen-Paterson-150x150.png 150w, https:\/\/www.runottawa.ca\/wp-content\/uploads\/2022\/12\/Kristen-Paterson-768x768.png 768w, https:\/\/www.runottawa.ca\/wp-content\/uploads\/2022\/12\/Kristen-Paterson-590x590.png 590w, https:\/\/www.runottawa.ca\/wp-content\/uploads\/2022\/12\/Kristen-Paterson.png 1080w\" sizes=\"auto, (max-width: 1024px) 100vw, 1024px\" \/><\/a><\/p>\n<h2><b>Kristin Paterson\u00a0<\/b><i>Ottawa, ON<\/i><\/h2>\n<p><strong>Un ancien de l\u2019<span id=\"E117\">Escouade<\/span><span id=\"E118\">\u00a0active 2022<\/span><\/strong><\/p>\n<p>Enfant, Kristin n\u2019aimait pas le sport ni l\u2019activit\u00e9 physique. Ce n\u2019est qu\u2019au d\u00e9but de la trentaine (et quatre enfants plus tard) qu\u2019elle a essay\u00e9 la course. Elle voulait perdre le poids qu\u2019elle avait pris pendant ses grossesses, tout en prenant de l\u2019air et du temps pour elle afin de se vider l\u2019esprit. Pour elle, la course semblait la meilleure option, et elle est rapidement devenue bien plus \u00e0 ses yeux! Kristin a particip\u00e9 \u00e0 sa premi\u00e8re \u00e9preuve officielle sur route, la Grande Cookie Run, en novembre 2018. Elle a imm\u00e9diatement eu la piq\u00fbre! Depuis, elle a termin\u00e9 deux marathons, deux demi-marathons et plusieurs \u00e9preuves de 5 km et 10 km. Pour elle, la course signifie bonheur, force, d\u00e9fi et calme. Kristin court parce que cela lui apporte un sentiment de satisfaction.<\/p>\n<p>Elle croit qu\u2019Ottawa a la plus belle communaut\u00e9 de coureurs, qui est solidaire et si unie. Elle est reconnaissante d\u2019en faire partie et tr\u00e8s honor\u00e9e d\u2019avoir \u00e9t\u00e9 choisie pour faire partie de l\u2019Escouade active d\u2019Otto\u2019s Ottawa de 2023.<\/p>\n<hr \/>\n<p><a href=\"https:\/\/www.runottawa.ca\/wp-content\/uploads\/2023\/06\/2023-TORW-Ottos-Ottawa-Power-Crew.png\"><img loading=\"lazy\" decoding=\"async\" class=\"alignnone wp-image-36716 size-large\" src=\"https:\/\/www.runottawa.ca\/wp-content\/uploads\/2023\/06\/2023-TORW-Ottos-Ottawa-Power-Crew-1024x1024.png\" alt=\"\" width=\"1024\" height=\"1024\" srcset=\"https:\/\/www.runottawa.ca\/wp-content\/uploads\/2023\/06\/2023-TORW-Ottos-Ottawa-Power-Crew-1024x1024.png 1024w, https:\/\/www.runottawa.ca\/wp-content\/uploads\/2023\/06\/2023-TORW-Ottos-Ottawa-Power-Crew-300x300.png 300w, https:\/\/www.runottawa.ca\/wp-content\/uploads\/2023\/06\/2023-TORW-Ottos-Ottawa-Power-Crew-150x150.png 150w, https:\/\/www.runottawa.ca\/wp-content\/uploads\/2023\/06\/2023-TORW-Ottos-Ottawa-Power-Crew-768x768.png 768w, https:\/\/www.runottawa.ca\/wp-content\/uploads\/2023\/06\/2023-TORW-Ottos-Ottawa-Power-Crew-590x590.png 590w, https:\/\/www.runottawa.ca\/wp-content\/uploads\/2023\/06\/2023-TORW-Ottos-Ottawa-Power-Crew.png 1080w\" sizes=\"auto, (max-width: 1024px) 100vw, 1024px\" \/><\/a><\/p>\n<h2><b>Matthew Timms\u00a0<\/b><i>Ottawa, ON<\/i><\/h2>\n<p>Matthew est n\u00e9 \u00e0 Londres, en Angleterre, et a d\u00e9m\u00e9nag\u00e9 \u00e0 Ottawa en 2016. Il vit avec son \u00e9pouse et leurs deux chats, et il travaille en tant que dessinateur d\u2019animation et d\u2019effets sp\u00e9ciaux en 2D pour Disney et Netflix.<\/p>\n<p>Matthew court depuis plus de dix ans. En Angleterre, il a particip\u00e9 \u00e0 plusieurs demi-marathons et \u00e0 un marathon. Apr\u00e8s son d\u00e9m\u00e9nagement \u00e0 Ottawa, comme la course lui rappelait trop son pays natal et une p\u00e9riode difficile o\u00f9 sa m\u00e8re s\u2019est battue contre le cancer, il a arr\u00eat\u00e9 de courir pendant quelques ann\u00e9es. Apr\u00e8s son deuil suite au d\u00e9part de sa m\u00e8re, Matthew a d\u00e9cid\u00e9 de se remettre \u00e0 la course en 2021. Sa passion pour le sport \u00e9tait raviv\u00e9e! Il a m\u00eame consult\u00e9 un physioth\u00e9rapeute sp\u00e9cialis\u00e9 en course pour bien faire les choses. Il a commenc\u00e9 par le protocole classique \u00ab 1 minute de marche pour 1 minute de course \u00bb. Matthew est maintenant rendu \u00e0 des distances \u00e9quivalentes \u00e0 celle d\u2019un demi-marathon.<\/p>\n<p>Il souligne \u00e9galement qu\u2019il est ravi par la communaut\u00e9 de coureurs d\u2019Ottawa. M\u00eame s\u2019il n\u2019en fait partie que depuis peu, il a d\u00e9j\u00e0 rencontr\u00e9 plusieurs personnes inspirantes. Matthew court avec le\u00a0<a href=\"https:\/\/www.instagram.com\/westottrunclub\/\">West Ottawa Run Club<\/a>,\u00a0<a href=\"https:\/\/www.k2jfitness.com\/\">K2J<\/a>\u00a0et le\u00a0<a href=\"https:\/\/www.instagram.com\/ottawatrailcrew\/\">Ottawa Trail Crew<\/a>. La plupart de l\u2019ann\u00e9e, il court seul dans la Ceinture de verdure ou les nombreux sentiers \u00e0 Ottawa.<\/p>\n<hr \/>\n<p><a href=\"https:\/\/www.runottawa.ca\/wp-content\/uploads\/2022\/12\/2_20221227_135850_0001.png\"><img loading=\"lazy\" decoding=\"async\" class=\"alignnone wp-image-35066 size-large\" src=\"https:\/\/www.runottawa.ca\/wp-content\/uploads\/2022\/12\/2_20221227_135850_0001-1024x1024.png\" alt=\"\" width=\"1024\" height=\"1024\" srcset=\"https:\/\/www.runottawa.ca\/wp-content\/uploads\/2022\/12\/2_20221227_135850_0001-1024x1024.png 1024w, https:\/\/www.runottawa.ca\/wp-content\/uploads\/2022\/12\/2_20221227_135850_0001-300x300.png 300w, https:\/\/www.runottawa.ca\/wp-content\/uploads\/2022\/12\/2_20221227_135850_0001-150x150.png 150w, https:\/\/www.runottawa.ca\/wp-content\/uploads\/2022\/12\/2_20221227_135850_0001-768x768.png 768w, https:\/\/www.runottawa.ca\/wp-content\/uploads\/2022\/12\/2_20221227_135850_0001-590x590.png 590w, https:\/\/www.runottawa.ca\/wp-content\/uploads\/2022\/12\/2_20221227_135850_0001.png 1080w\" sizes=\"auto, (max-width: 1024px) 100vw, 1024px\" \/><\/a><\/p>\n<h2><b>Winston To\u00a0<\/b><i>Ottawa, ON<\/i><b><\/b><\/h2>\n<p>Winston a grandi \u00e0 Hong Kong et Toronto, et vit maintenant \u00e0 Ottawa depuis deux ans. Comme il a jou\u00e9 au rugby \u00e0 l\u2019Universit\u00e9 de Windsor, il a d\u00e9velopp\u00e9 ses comp\u00e9tences de sprinter. Il est devenu un coureur sur longue distance pendant la pand\u00e9mie.<\/p>\n<p>Winston peut maintenant courir sur des distances \u00e9quivalentes \u00e0 celle d\u2019un demi-marathon sans s\u2019arr\u00eater et il a particip\u00e9 \u00e0 sa premi\u00e8re \u00e9preuve sur route \u00e0 la Fin de semaine des courses Tamarack d\u2019Ottawa de l\u2019ann\u00e9e derni\u00e8re, soit le\u00a0<a href=\"https:\/\/www.runottawa.ca\/fr\/les-courses\/le-10k-dottawa\">10K d\u2019Ottawa pr\u00e9sent\u00e9 par Otto\u2019s\u00a0Ottawa<\/a> 2022.<\/p>\n<p>Il adore l\u2019activit\u00e9 physique, les activit\u00e9s ext\u00e9rieures, essayer de nouvelles choses et partir \u00e0 l\u2019aventure. Il est le champion canadien actuel en sauvetage sportif et il fait aussi partie de l\u2019\u00e9quipe nationale de d\u00e9veloppement du skeleton.<\/p>\n<p>Winston est ravi de faire partie de l\u2019Escouade active d\u2019Otto\u2019s\u00a0Ottawa de 2023!<\/p>\n","protected":false},"excerpt":{"rendered":"<p>L\u2019Escouade active\u00a0est un groupe d\u00e9vou\u00e9 de coureurs et de marcheurs qui partagent des exp\u00e9riences d&rsquo;entra\u00eenement utiles, l&rsquo;enthousiasme pour leurs prochains \u00e9v\u00e9nements de Courez Ottawa, des d\u00e9tails sur l&rsquo;entra\u00eenement, la r\u00e9cup\u00e9ration apr\u00e8s la course, des recettes d\u00e9licieuses, des itin\u00e9raires sympas, et plus encore! Jetez un coup d&rsquo;\u0153il aux membres de l&rsquo;\u00e9quipe [&hellip;]<\/p>\n","protected":false},"author":33,"featured_media":0,"parent":0,"menu_order":72,"comment_status":"closed","ping_status":"closed","template":"","meta":{"_acf_changed":false,"footnotes":""},"class_list":["post-36705","page","type-page","status-publish","hentry"],"acf":[],"yoast_head":"<!-- This site is optimized with the Yoast SEO plugin v27.5 - https:\/\/yoast.com\/product\/yoast-seo-wordpress\/ -->\n<title>l\u2019Escouade active d\u2019Otto\u2019s Ottawa 2023 - Run Ottawa<\/title>\n<meta name=\"robots\" content=\"index, follow, max-snippet:-1, max-image-preview:large, max-video-preview:-1\" \/>\n<link rel=\"canonical\" href=\"https:\/\/www.runottawa.ca\/fr\/lescouade-active-dottos-ottawa-2023\/\" \/>\n<meta name=\"twitter:label1\" content=\"Dur\u00e9e de lecture estim\u00e9e\" \/>\n\t<meta name=\"twitter:data1\" content=\"8 minutes\" \/>\n<script type=\"application\/ld+json\" class=\"yoast-schema-graph\">{\"@context\":\"https:\\\/\\\/schema.org\",\"@graph\":[{\"@type\":\"WebPage\",\"@id\":\"https:\\\/\\\/www.runottawa.ca\\\/fr\\\/lescouade-active-dottos-ottawa-2023\\\/\",\"url\":\"https:\\\/\\\/www.runottawa.ca\\\/fr\\\/lescouade-active-dottos-ottawa-2023\\\/\",\"name\":\"l\u2019Escouade active d\u2019Otto\u2019s Ottawa 2023 - Run Ottawa\",\"isPartOf\":{\"@id\":\"https:\\\/\\\/www.runottawa.ca\\\/fr\\\/#website\"},\"datePublished\":\"2023-06-12T19:37:28+00:00\",\"dateModified\":\"2023-06-14T16:06:43+00:00\",\"breadcrumb\":{\"@id\":\"https:\\\/\\\/www.runottawa.ca\\\/fr\\\/lescouade-active-dottos-ottawa-2023\\\/#breadcrumb\"},\"inLanguage\":\"fr-FR\",\"potentialAction\":[{\"@type\":\"ReadAction\",\"target\":[\"https:\\\/\\\/www.runottawa.ca\\\/fr\\\/lescouade-active-dottos-ottawa-2023\\\/\"]}]},{\"@type\":\"BreadcrumbList\",\"@id\":\"https:\\\/\\\/www.runottawa.ca\\\/fr\\\/lescouade-active-dottos-ottawa-2023\\\/#breadcrumb\",\"itemListElement\":[{\"@type\":\"ListItem\",\"position\":1,\"name\":\"Home\",\"item\":\"https:\\\/\\\/www.runottawa.ca\\\/fr\\\/\"},{\"@type\":\"ListItem\",\"position\":2,\"name\":\"l\u2019Escouade active d\u2019Otto\u2019s Ottawa 2023\"}]},{\"@type\":\"WebSite\",\"@id\":\"https:\\\/\\\/www.runottawa.ca\\\/fr\\\/#website\",\"url\":\"https:\\\/\\\/www.runottawa.ca\\\/fr\\\/\",\"name\":\"Run Ottawa\",\"description\":\"\",\"potentialAction\":[{\"@type\":\"SearchAction\",\"target\":{\"@type\":\"EntryPoint\",\"urlTemplate\":\"https:\\\/\\\/www.runottawa.ca\\\/fr\\\/?s={search_term_string}\"},\"query-input\":{\"@type\":\"PropertyValueSpecification\",\"valueRequired\":true,\"valueName\":\"search_term_string\"}}],\"inLanguage\":\"fr-FR\"}]}<\/script>\n<!-- \/ Yoast SEO plugin. -->","yoast_head_json":{"title":"l\u2019Escouade active d\u2019Otto\u2019s Ottawa 2023 - Run Ottawa","robots":{"index":"index","follow":"follow","max-snippet":"max-snippet:-1","max-image-preview":"max-image-preview:large","max-video-preview":"max-video-preview:-1"},"canonical":"https:\/\/www.runottawa.ca\/fr\/lescouade-active-dottos-ottawa-2023\/","twitter_misc":{"Dur\u00e9e de lecture estim\u00e9e":"8 minutes"},"schema":{"@context":"https:\/\/schema.org","@graph":[{"@type":"WebPage","@id":"https:\/\/www.runottawa.ca\/fr\/lescouade-active-dottos-ottawa-2023\/","url":"https:\/\/www.runottawa.ca\/fr\/lescouade-active-dottos-ottawa-2023\/","name":"l\u2019Escouade active d\u2019Otto\u2019s Ottawa 2023 - Run Ottawa","isPartOf":{"@id":"https:\/\/www.runottawa.ca\/fr\/#website"},"datePublished":"2023-06-12T19:37:28+00:00","dateModified":"2023-06-14T16:06:43+00:00","breadcrumb":{"@id":"https:\/\/www.runottawa.ca\/fr\/lescouade-active-dottos-ottawa-2023\/#breadcrumb"},"inLanguage":"fr-FR","potentialAction":[{"@type":"ReadAction","target":["https:\/\/www.runottawa.ca\/fr\/lescouade-active-dottos-ottawa-2023\/"]}]},{"@type":"BreadcrumbList","@id":"https:\/\/www.runottawa.ca\/fr\/lescouade-active-dottos-ottawa-2023\/#breadcrumb","itemListElement":[{"@type":"ListItem","position":1,"name":"Home","item":"https:\/\/www.runottawa.ca\/fr\/"},{"@type":"ListItem","position":2,"name":"l\u2019Escouade active d\u2019Otto\u2019s Ottawa 2023"}]},{"@type":"WebSite","@id":"https:\/\/www.runottawa.ca\/fr\/#website","url":"https:\/\/www.runottawa.ca\/fr\/","name":"Run Ottawa","description":"","potentialAction":[{"@type":"SearchAction","target":{"@type":"EntryPoint","urlTemplate":"https:\/\/www.runottawa.ca\/fr\/?s={search_term_string}"},"query-input":{"@type":"PropertyValueSpecification","valueRequired":true,"valueName":"search_term_string"}}],"inLanguage":"fr-FR"}]}},"_links":{"self":[{"href":"https:\/\/www.runottawa.ca\/fr\/wp-json\/wp\/v2\/pages\/36705","targetHints":{"allow":["GET"]}}],"collection":[{"href":"https:\/\/www.runottawa.ca\/fr\/wp-json\/wp\/v2\/pages"}],"about":[{"href":"https:\/\/www.runottawa.ca\/fr\/wp-json\/wp\/v2\/types\/page"}],"author":[{"embeddable":true,"href":"https:\/\/www.runottawa.ca\/fr\/wp-json\/wp\/v2\/users\/33"}],"replies":[{"embeddable":true,"href":"https:\/\/www.runottawa.ca\/fr\/wp-json\/wp\/v2\/comments?post=36705"}],"version-history":[{"count":5,"href":"https:\/\/www.runottawa.ca\/fr\/wp-json\/wp\/v2\/pages\/36705\/revisions"}],"predecessor-version":[{"id":36718,"href":"https:\/\/www.runottawa.ca\/fr\/wp-json\/wp\/v2\/pages\/36705\/revisions\/36718"}],"wp:attachment":[{"href":"https:\/\/www.runottawa.ca\/fr\/wp-json\/wp\/v2\/media?parent=36705"}],"curies":[{"name":"wp","href":"https:\/\/api.w.org\/{rel}","templated":true}]}}