{"id":36580,"date":"2023-05-26T06:36:53","date_gmt":"2023-05-26T10:36:53","guid":{"rendered":"https:\/\/www.runottawa.ca\/?page_id=36580"},"modified":"2024-04-22T09:46:08","modified_gmt":"2024-04-22T13:46:08","slug":"nommez-une-etoile","status":"publish","type":"page","link":"https:\/\/www.runottawa.ca\/fr\/nommez-une-etoile\/","title":{"rendered":"Nommez une \u00e9toile !"},"content":{"rendered":"<p class=\"p2\">Depuis 50 ans, des centaines de milliers de personnes ont particip\u00e9 \u00e0 la fin de semaine de course<br \/>\nla plus populaire du pays. Chacune d\u2019entre elles a une histoire unique.<br \/>\nUne raison de participer, d\u2019amasser des fonds, de faire du b\u00e9n\u00e9volat.<\/p>\n<p class=\"p2\">Nous cherchons 50 personnes \u00e0 mettre en vedette pour c\u00e9l\u00e9brer 50 ann\u00e9es de course.<\/p>\n<p><b>Les nominations sont maintenant termin\u00e9es.<\/b> <b>Merci \u00e0 tous ceux qui ont fait part de leurs nominations.<\/b><\/p>\n","protected":false},"excerpt":{"rendered":"<p>Depuis 50 ans, des centaines de milliers de personnes ont particip\u00e9 \u00e0 la fin de semaine de course la plus populaire du pays. Chacune d\u2019entre elles a une histoire unique. Une raison de participer, d\u2019amasser des fonds, de faire du b\u00e9n\u00e9volat. Nous cherchons 50 personnes \u00e0 mettre en vedette pour [&hellip;]<\/p>\n","protected":false},"author":29,"featured_media":0,"parent":0,"menu_order":74,"comment_status":"closed","ping_status":"closed","template":"","meta":{"_acf_changed":false,"footnotes":""},"class_list":["post-36580","page","type-page","status-publish","hentry"],"acf":[],"yoast_head":"<!-- This site is optimized with the Yoast SEO plugin v27.4 - https:\/\/yoast.com\/product\/yoast-seo-wordpress\/ -->\n<title>Nommez une \u00e9toile ! - Run Ottawa<\/title>\n<meta name=\"robots\" content=\"index, follow, max-snippet:-1, max-image-preview:large, max-video-preview:-1\" \/>\n<link rel=\"canonical\" href=\"https:\/\/www.runottawa.ca\/fr\/nommez-une-etoile\/\" \/>\n<meta name=\"twitter:label1\" content=\"Dur\u00e9e de lecture estim\u00e9e\" \/>\n\t<meta name=\"twitter:data1\" content=\"1 minute\" \/>\n<script type=\"application\/ld+json\" class=\"yoast-schema-graph\">{\"@context\":\"https:\\\/\\\/schema.org\",\"@graph\":[{\"@type\":\"WebPage\",\"@id\":\"https:\\\/\\\/www.runottawa.ca\\\/fr\\\/nommez-une-etoile\\\/\",\"url\":\"https:\\\/\\\/www.runottawa.ca\\\/fr\\\/nommez-une-etoile\\\/\",\"name\":\"Nommez une \u00e9toile ! - Run Ottawa\",\"isPartOf\":{\"@id\":\"https:\\\/\\\/www.runottawa.ca\\\/fr\\\/#website\"},\"datePublished\":\"2023-05-26T10:36:53+00:00\",\"dateModified\":\"2024-04-22T13:46:08+00:00\",\"breadcrumb\":{\"@id\":\"https:\\\/\\\/www.runottawa.ca\\\/fr\\\/nommez-une-etoile\\\/#breadcrumb\"},\"inLanguage\":\"fr-FR\",\"potentialAction\":[{\"@type\":\"ReadAction\",\"target\":[\"https:\\\/\\\/www.runottawa.ca\\\/fr\\\/nommez-une-etoile\\\/\"]}]},{\"@type\":\"BreadcrumbList\",\"@id\":\"https:\\\/\\\/www.runottawa.ca\\\/fr\\\/nommez-une-etoile\\\/#breadcrumb\",\"itemListElement\":[{\"@type\":\"ListItem\",\"position\":1,\"name\":\"Home\",\"item\":\"https:\\\/\\\/www.runottawa.ca\\\/fr\\\/\"},{\"@type\":\"ListItem\",\"position\":2,\"name\":\"Nommez une \u00e9toile !\"}]},{\"@type\":\"WebSite\",\"@id\":\"https:\\\/\\\/www.runottawa.ca\\\/fr\\\/#website\",\"url\":\"https:\\\/\\\/www.runottawa.ca\\\/fr\\\/\",\"name\":\"Run Ottawa\",\"description\":\"\",\"potentialAction\":[{\"@type\":\"SearchAction\",\"target\":{\"@type\":\"EntryPoint\",\"urlTemplate\":\"https:\\\/\\\/www.runottawa.ca\\\/fr\\\/?s={search_term_string}\"},\"query-input\":{\"@type\":\"PropertyValueSpecification\",\"valueRequired\":true,\"valueName\":\"search_term_string\"}}],\"inLanguage\":\"fr-FR\"}]}<\/script>\n<!-- \/ Yoast SEO plugin. -->","yoast_head_json":{"title":"Nommez une \u00e9toile ! - Run Ottawa","robots":{"index":"index","follow":"follow","max-snippet":"max-snippet:-1","max-image-preview":"max-image-preview:large","max-video-preview":"max-video-preview:-1"},"canonical":"https:\/\/www.runottawa.ca\/fr\/nommez-une-etoile\/","twitter_misc":{"Dur\u00e9e de lecture estim\u00e9e":"1 minute"},"schema":{"@context":"https:\/\/schema.org","@graph":[{"@type":"WebPage","@id":"https:\/\/www.runottawa.ca\/fr\/nommez-une-etoile\/","url":"https:\/\/www.runottawa.ca\/fr\/nommez-une-etoile\/","name":"Nommez une \u00e9toile ! - Run Ottawa","isPartOf":{"@id":"https:\/\/www.runottawa.ca\/fr\/#website"},"datePublished":"2023-05-26T10:36:53+00:00","dateModified":"2024-04-22T13:46:08+00:00","breadcrumb":{"@id":"https:\/\/www.runottawa.ca\/fr\/nommez-une-etoile\/#breadcrumb"},"inLanguage":"fr-FR","potentialAction":[{"@type":"ReadAction","target":["https:\/\/www.runottawa.ca\/fr\/nommez-une-etoile\/"]}]},{"@type":"BreadcrumbList","@id":"https:\/\/www.runottawa.ca\/fr\/nommez-une-etoile\/#breadcrumb","itemListElement":[{"@type":"ListItem","position":1,"name":"Home","item":"https:\/\/www.runottawa.ca\/fr\/"},{"@type":"ListItem","position":2,"name":"Nommez une \u00e9toile !"}]},{"@type":"WebSite","@id":"https:\/\/www.runottawa.ca\/fr\/#website","url":"https:\/\/www.runottawa.ca\/fr\/","name":"Run Ottawa","description":"","potentialAction":[{"@type":"SearchAction","target":{"@type":"EntryPoint","urlTemplate":"https:\/\/www.runottawa.ca\/fr\/?s={search_term_string}"},"query-input":{"@type":"PropertyValueSpecification","valueRequired":true,"valueName":"search_term_string"}}],"inLanguage":"fr-FR"}]}},"_links":{"self":[{"href":"https:\/\/www.runottawa.ca\/fr\/wp-json\/wp\/v2\/pages\/36580","targetHints":{"allow":["GET"]}}],"collection":[{"href":"https:\/\/www.runottawa.ca\/fr\/wp-json\/wp\/v2\/pages"}],"about":[{"href":"https:\/\/www.runottawa.ca\/fr\/wp-json\/wp\/v2\/types\/page"}],"author":[{"embeddable":true,"href":"https:\/\/www.runottawa.ca\/fr\/wp-json\/wp\/v2\/users\/29"}],"replies":[{"embeddable":true,"href":"https:\/\/www.runottawa.ca\/fr\/wp-json\/wp\/v2\/comments?post=36580"}],"version-history":[{"count":5,"href":"https:\/\/www.runottawa.ca\/fr\/wp-json\/wp\/v2\/pages\/36580\/revisions"}],"predecessor-version":[{"id":38929,"href":"https:\/\/www.runottawa.ca\/fr\/wp-json\/wp\/v2\/pages\/36580\/revisions\/38929"}],"wp:attachment":[{"href":"https:\/\/www.runottawa.ca\/fr\/wp-json\/wp\/v2\/media?parent=36580"}],"curies":[{"name":"wp","href":"https:\/\/api.w.org\/{rel}","templated":true}]}}