{"id":34728,"date":"2022-12-20T12:22:26","date_gmt":"2022-12-20T17:22:26","guid":{"rendered":"https:\/\/www.runottawa.ca\/?page_id=34728"},"modified":"2024-01-03T18:06:21","modified_gmt":"2024-01-03T23:06:21","slug":"mise-a-niveau-de-votre-compte-runkeeper-go","status":"publish","type":"page","link":"https:\/\/www.runottawa.ca\/fr\/mise-a-niveau-de-votre-compte-runkeeper-go\/","title":{"rendered":"Mise \u00e0 niveau de votre compte Runkeeper Go!"},"content":{"rendered":"<p><a href=\"https:\/\/www.runottawa.ca\/wp-content\/uploads\/2023\/01\/Runkeeper-Go_Logo_RGB_Indigo.png\"><img loading=\"lazy\" decoding=\"async\" class=\"size-medium wp-image-35358 aligncenter\" src=\"https:\/\/www.runottawa.ca\/wp-content\/uploads\/2023\/01\/Runkeeper-Go_Logo_RGB_Indigo-300x56.png\" alt=\"\" width=\"300\" height=\"56\" srcset=\"https:\/\/www.runottawa.ca\/wp-content\/uploads\/2023\/01\/Runkeeper-Go_Logo_RGB_Indigo-300x56.png 300w, https:\/\/www.runottawa.ca\/wp-content\/uploads\/2023\/01\/Runkeeper-Go_Logo_RGB_Indigo-1024x193.png 1024w, https:\/\/www.runottawa.ca\/wp-content\/uploads\/2023\/01\/Runkeeper-Go_Logo_RGB_Indigo-768x145.png 768w, https:\/\/www.runottawa.ca\/wp-content\/uploads\/2023\/01\/Runkeeper-Go_Logo_RGB_Indigo-1536x289.png 1536w, https:\/\/www.runottawa.ca\/wp-content\/uploads\/2023\/01\/Runkeeper-Go_Logo_RGB_Indigo-2048x385.png 2048w\" sizes=\"auto, (max-width: 300px) 100vw, 300px\" \/><\/a><\/p>\n<h2>Des programmes d&rsquo;entra\u00eenement personnalis\u00e9s juste pour vous.<\/h2>\n<p>\u00c0 la recherche du bon outil pour vous aider \u00e0 vous pr\u00e9parer pour votre \u00e9v\u00e9nement de la Fin de semaine des courses Tamarack d&rsquo;Ottawa? L&rsquo;application Runkeeper d&rsquo;ASICS est votre meilleure alli\u00e9e! Nos programmes d&rsquo;entra\u00eenement s&rsquo;adaptent \u00e0 votre horaire. Vous n&rsquo;avez qu&rsquo;\u00e0 indiquer la date d\u00e9sir\u00e9e, le rythme de course moyen et la distance pr\u00e9f\u00e9r\u00e9e et l&rsquo;application vous guidera jusqu&rsquo;au succ\u00e8s.<\/p>\n<p>Jusqu&rsquo;au jour de la course, tous les participants peuvent profiter d&rsquo;un essai gratuit de la version Premium de l&rsquo;abonnement Runkeeper Go\u2122, qui permet entre autres d&rsquo;acc\u00e9der \u00e0 des programmes d&rsquo;entra\u00eenement.<\/p>\n<p>Inscrivez-vous \u00e0 <a href=\"https:\/\/raceroster.com\/events\/2024\/76026\/tamarack-ottawa-race-weekend-2024\">la Fin de semaine des courses Tamarack d&rsquo;Ottawa<\/a> et profitez de votre essai gratuit ! Cette offre se termine le 25 mai 2024.<\/p>\n<p>Si vous \u00eates d\u00e9j\u00e0 inscrit, vous devriez avoir re\u00e7u un courriel avec tous les d\u00e9tails. Si vous ne trouvez pas ce courriel, veuillez contacter <a href=\"mailto:questions@runottawa.ca\">questions@runottawa.ca<\/a>.<\/p>\n<p>&nbsp;<\/p>\n<p><span style=\"font-weight: 400;\">Les plans d\u2019entra\u00eenement sont adapt\u00e9s \u00e0 votre distance et votre horaire. Ils seront envoy\u00e9s lorsque nous commencerons les pr\u00e9paratifs en vue de l\u2019\u00e9dition 2024 et ils vous guideront jusqu\u2019au jour de la course.\u00a0<\/span><\/p>\n<p><span style=\"font-weight: 400;\">Le lancement du programme d\u2019entra\u00eenement pour le marathon de Runkeeper Go\u2122 aura lieu le 8 janvier 2024, soit 20 semaines avant <a href=\"https:\/\/www.runottawa.ca\/fr\/les-courses\/marathon-ottawa\"><strong>le Marathon international d\u2019Ottawa Tartan<\/strong><\/a><\/span><span style=\"font-weight: 400;\">. Vous aurez l\u2019option de choisir un plan de 12 \u00e0 20\u00a0semaines, en fonction de ce qui convient le mieux \u00e0 votre horaire.\u00a0<\/span><\/p>\n<p><span style=\"font-weight: 400;\">Le lancement du programme d\u2019entra\u00eenement pour le demi-marathon de Runkeeper Go\u2122 au lieu le 29 janvier 2024, soit 16 semaines avant <a href=\"https:\/\/www.runottawa.ca\/fr\/les-courses\/le-demi-marathon-dottawa\"><strong>le Demi-marathon d\u2019Ottawa pr\u00e9sent\u00e9 par Desjardins<\/strong><\/a><\/span><span style=\"font-weight: 400;\">. Vous aurez l\u2019option de choisir un plan de 12 \u00e0 16\u00a0semaines, en fonction de ce qui convient le mieux \u00e0 votre horaire.\u00a0<\/span><\/p>\n<p><span style=\"font-weight: 400;\">Le lancement du programme d\u2019entra\u00eenement pour le 10 km de Runkeeper Go\u2122 aura lieu le 29 janvier 2024, soit 16 semaines avant <a href=\"https:\/\/www.runottawa.ca\/fr\/les-courses\/le-10k-dottawa\"><strong>le 10K d\u2019Ottawa pr\u00e9sent\u00e9 par Otto\u2019s Ottawa<\/strong><\/a><\/span><span style=\"font-weight: 400;\">. Vous aurez l\u2019option de choisir un plan de 5 \u00e0 16\u00a0semaines, en fonction de ce qui convient le mieux \u00e0 votre horaire.\u00a0<\/span><\/p>\n<p><span style=\"font-weight: 400;\">Le lancement du programme d\u2019entra\u00eenement pour le 5 km de Runkeeper Go\u2122 aura lieu le 29 janvier 2024, soit 16 semaines avant <a href=\"https:\/\/www.runottawa.ca\/fr\/les-courses\/5k-htg-sports-dottawa\"><strong>le 5K d\u2019Ottawa pr\u00e9sent\u00e9 par Asics Runkeeper<\/strong><\/a><\/span><span style=\"font-weight: 400;\">. Vous aurez l\u2019option de choisir un plan de 5 \u00e0 16\u00a0semaines, en fonction de ce qui convient le mieux \u00e0 votre horaire.\u00a0<\/span><\/p>\n<p><span style=\"font-weight: 400;\">Nous sommes impatients de vous voir r\u00e9aliser vos objectifs\u00a0: <a href=\"https:\/\/raceroster.com\/events\/2024\/76026\/tamarack-ottawa-race-weekend-2024\">inscrivez-vous \u00e0 la Fin de semaine des courses Tamarack d\u2019Ottawa<\/a> d\u00e8s aujourd\u2019hui! <\/span><\/p>\n","protected":false},"excerpt":{"rendered":"<p>Des programmes d&rsquo;entra\u00eenement personnalis\u00e9s juste pour vous. \u00c0 la recherche du bon outil pour vous aider \u00e0 vous pr\u00e9parer pour votre \u00e9v\u00e9nement de la Fin de semaine des courses Tamarack d&rsquo;Ottawa? L&rsquo;application Runkeeper d&rsquo;ASICS est votre meilleure alli\u00e9e! Nos programmes d&rsquo;entra\u00eenement s&rsquo;adaptent \u00e0 votre horaire. Vous n&rsquo;avez qu&rsquo;\u00e0 indiquer la [&hellip;]<\/p>\n","protected":false},"author":30,"featured_media":0,"parent":0,"menu_order":79,"comment_status":"closed","ping_status":"closed","template":"","meta":{"_acf_changed":false,"footnotes":""},"class_list":["post-34728","page","type-page","status-publish","hentry"],"acf":[],"yoast_head":"<!-- This site is optimized with the Yoast SEO plugin v27.4 - https:\/\/yoast.com\/product\/yoast-seo-wordpress\/ -->\n<title>Mise \u00e0 niveau de votre compte Runkeeper Go! - Run Ottawa<\/title>\n<meta name=\"robots\" content=\"index, follow, max-snippet:-1, max-image-preview:large, max-video-preview:-1\" \/>\n<link rel=\"canonical\" href=\"https:\/\/www.runottawa.ca\/fr\/mise-a-niveau-de-votre-compte-runkeeper-go\/\" \/>\n<meta name=\"twitter:label1\" content=\"Dur\u00e9e de lecture estim\u00e9e\" \/>\n\t<meta name=\"twitter:data1\" content=\"2 minutes\" \/>\n<script type=\"application\/ld+json\" class=\"yoast-schema-graph\">{\"@context\":\"https:\\\/\\\/schema.org\",\"@graph\":[{\"@type\":\"WebPage\",\"@id\":\"https:\\\/\\\/www.runottawa.ca\\\/fr\\\/mise-a-niveau-de-votre-compte-runkeeper-go\\\/\",\"url\":\"https:\\\/\\\/www.runottawa.ca\\\/fr\\\/mise-a-niveau-de-votre-compte-runkeeper-go\\\/\",\"name\":\"Mise \u00e0 niveau de votre compte Runkeeper Go! - Run Ottawa\",\"isPartOf\":{\"@id\":\"https:\\\/\\\/www.runottawa.ca\\\/fr\\\/#website\"},\"datePublished\":\"2022-12-20T17:22:26+00:00\",\"dateModified\":\"2024-01-03T23:06:21+00:00\",\"breadcrumb\":{\"@id\":\"https:\\\/\\\/www.runottawa.ca\\\/fr\\\/mise-a-niveau-de-votre-compte-runkeeper-go\\\/#breadcrumb\"},\"inLanguage\":\"fr-FR\",\"potentialAction\":[{\"@type\":\"ReadAction\",\"target\":[\"https:\\\/\\\/www.runottawa.ca\\\/fr\\\/mise-a-niveau-de-votre-compte-runkeeper-go\\\/\"]}]},{\"@type\":\"BreadcrumbList\",\"@id\":\"https:\\\/\\\/www.runottawa.ca\\\/fr\\\/mise-a-niveau-de-votre-compte-runkeeper-go\\\/#breadcrumb\",\"itemListElement\":[{\"@type\":\"ListItem\",\"position\":1,\"name\":\"Home\",\"item\":\"https:\\\/\\\/www.runottawa.ca\\\/fr\\\/\"},{\"@type\":\"ListItem\",\"position\":2,\"name\":\"Mise \u00e0 niveau de votre compte Runkeeper Go!\"}]},{\"@type\":\"WebSite\",\"@id\":\"https:\\\/\\\/www.runottawa.ca\\\/fr\\\/#website\",\"url\":\"https:\\\/\\\/www.runottawa.ca\\\/fr\\\/\",\"name\":\"Run Ottawa\",\"description\":\"\",\"potentialAction\":[{\"@type\":\"SearchAction\",\"target\":{\"@type\":\"EntryPoint\",\"urlTemplate\":\"https:\\\/\\\/www.runottawa.ca\\\/fr\\\/?s={search_term_string}\"},\"query-input\":{\"@type\":\"PropertyValueSpecification\",\"valueRequired\":true,\"valueName\":\"search_term_string\"}}],\"inLanguage\":\"fr-FR\"}]}<\/script>\n<!-- \/ Yoast SEO plugin. -->","yoast_head_json":{"title":"Mise \u00e0 niveau de votre compte Runkeeper Go! - Run Ottawa","robots":{"index":"index","follow":"follow","max-snippet":"max-snippet:-1","max-image-preview":"max-image-preview:large","max-video-preview":"max-video-preview:-1"},"canonical":"https:\/\/www.runottawa.ca\/fr\/mise-a-niveau-de-votre-compte-runkeeper-go\/","twitter_misc":{"Dur\u00e9e de lecture estim\u00e9e":"2 minutes"},"schema":{"@context":"https:\/\/schema.org","@graph":[{"@type":"WebPage","@id":"https:\/\/www.runottawa.ca\/fr\/mise-a-niveau-de-votre-compte-runkeeper-go\/","url":"https:\/\/www.runottawa.ca\/fr\/mise-a-niveau-de-votre-compte-runkeeper-go\/","name":"Mise \u00e0 niveau de votre compte Runkeeper Go! - Run Ottawa","isPartOf":{"@id":"https:\/\/www.runottawa.ca\/fr\/#website"},"datePublished":"2022-12-20T17:22:26+00:00","dateModified":"2024-01-03T23:06:21+00:00","breadcrumb":{"@id":"https:\/\/www.runottawa.ca\/fr\/mise-a-niveau-de-votre-compte-runkeeper-go\/#breadcrumb"},"inLanguage":"fr-FR","potentialAction":[{"@type":"ReadAction","target":["https:\/\/www.runottawa.ca\/fr\/mise-a-niveau-de-votre-compte-runkeeper-go\/"]}]},{"@type":"BreadcrumbList","@id":"https:\/\/www.runottawa.ca\/fr\/mise-a-niveau-de-votre-compte-runkeeper-go\/#breadcrumb","itemListElement":[{"@type":"ListItem","position":1,"name":"Home","item":"https:\/\/www.runottawa.ca\/fr\/"},{"@type":"ListItem","position":2,"name":"Mise \u00e0 niveau de votre compte Runkeeper Go!"}]},{"@type":"WebSite","@id":"https:\/\/www.runottawa.ca\/fr\/#website","url":"https:\/\/www.runottawa.ca\/fr\/","name":"Run Ottawa","description":"","potentialAction":[{"@type":"SearchAction","target":{"@type":"EntryPoint","urlTemplate":"https:\/\/www.runottawa.ca\/fr\/?s={search_term_string}"},"query-input":{"@type":"PropertyValueSpecification","valueRequired":true,"valueName":"search_term_string"}}],"inLanguage":"fr-FR"}]}},"_links":{"self":[{"href":"https:\/\/www.runottawa.ca\/fr\/wp-json\/wp\/v2\/pages\/34728","targetHints":{"allow":["GET"]}}],"collection":[{"href":"https:\/\/www.runottawa.ca\/fr\/wp-json\/wp\/v2\/pages"}],"about":[{"href":"https:\/\/www.runottawa.ca\/fr\/wp-json\/wp\/v2\/types\/page"}],"author":[{"embeddable":true,"href":"https:\/\/www.runottawa.ca\/fr\/wp-json\/wp\/v2\/users\/30"}],"replies":[{"embeddable":true,"href":"https:\/\/www.runottawa.ca\/fr\/wp-json\/wp\/v2\/comments?post=34728"}],"version-history":[{"count":10,"href":"https:\/\/www.runottawa.ca\/fr\/wp-json\/wp\/v2\/pages\/34728\/revisions"}],"predecessor-version":[{"id":37674,"href":"https:\/\/www.runottawa.ca\/fr\/wp-json\/wp\/v2\/pages\/34728\/revisions\/37674"}],"wp:attachment":[{"href":"https:\/\/www.runottawa.ca\/fr\/wp-json\/wp\/v2\/media?parent=34728"}],"curies":[{"name":"wp","href":"https:\/\/api.w.org\/{rel}","templated":true}]}}