{"id":34548,"date":"2022-10-26T15:12:11","date_gmt":"2022-10-26T19:12:11","guid":{"rendered":"https:\/\/www.runottawa.ca\/?page_id=34548"},"modified":"2024-06-03T13:19:27","modified_gmt":"2024-06-03T17:19:27","slug":"comment-utiliser-votre-numero-de-membre-de-courez-ottawa-pour-obtenir-une-inscription-gratuite-pour-une-course","status":"publish","type":"page","link":"https:\/\/www.runottawa.ca\/fr\/comment-utiliser-votre-numero-de-membre-de-courez-ottawa-pour-obtenir-une-inscription-gratuite-pour-une-course\/","title":{"rendered":"Comment utiliser votre num\u00e9ro de membre de Courez Ottawa pour obtenir une inscription gratuite pour une course"},"content":{"rendered":"<p>Votre num\u00e9ro de membre de Courez Ottawa est toujours accessible \u00e0 partir du <a href=\"https:\/\/raceroster.com\/signin\">tableau de bord Race Roster<\/a>, et\/ou vous pouvez l&rsquo;ajouter \u00e0 votre portefeuille Apple.<\/p>\n<p>Vous avez droit \u00e0 une inscription gratuite \u00e0 un \u00e9v\u00e9nement 2024 Courez Ottawa de votre choix, \u00e0 l&rsquo;exception de la Fin de semaine des courses d&rsquo;Ottawa Tamarack. Veuillez utiliser votre num\u00e9ro de membre+FREE dans le cadre \u00a0\u00bb Entrez le code promotionnel ou le num\u00e9ro de membre de Courez Ottawa ici \u00a0\u00bb au bas de la page d&rsquo;inscription. (ex : RO24XXXFREE)<\/p>\n<p>Pour utiliser votre num\u00e9ro de membre de Courez Ottawa afin de recevoir un rabais imm\u00e9diat de 10 % sur une nouvelle inscription \u00e0 la Fin de semaine des courses d&rsquo;Ottawa Tamarack 2024. Entrez-le dans le cadre \u00a0\u00bb Entrez le code promotionnel ou le num\u00e9ro de membre de Courez Ottawa ici \u00a0\u00bb au bas de la page d&rsquo;inscription.<\/p>\n<p>Pour vous inscrire gratuitement \u00e0 la s\u00e9rie des 5 K du samedi et la s\u00e9rie des 1 K pour enfants pr\u00e9sent\u00e9e par Sports4, veuillez utiliser votre <strong>num\u00e9ro de membre<\/strong> dans le champ &lt;&lt;&lt; <strong>Entrez le code promotionnel ou le num\u00e9ro de membre 2024 Courir Ottawa ici<\/strong> &gt;&gt; au bas de la page d&rsquo;inscription (p. ex. : <strong>RO2940<\/strong>).<\/p>\n","protected":false},"excerpt":{"rendered":"<p>Votre num\u00e9ro de membre de Courez Ottawa est toujours accessible \u00e0 partir du tableau de bord Race Roster, et\/ou vous pouvez l&rsquo;ajouter \u00e0 votre portefeuille Apple. Vous avez droit \u00e0 une inscription gratuite \u00e0 un \u00e9v\u00e9nement 2024 Courez Ottawa de votre choix, \u00e0 l&rsquo;exception de la Fin de semaine des [&hellip;]<\/p>\n","protected":false},"author":33,"featured_media":0,"parent":0,"menu_order":81,"comment_status":"closed","ping_status":"closed","template":"","meta":{"_acf_changed":false,"footnotes":""},"class_list":["post-34548","page","type-page","status-publish","hentry"],"acf":[],"yoast_head":"<!-- This site is optimized with the Yoast SEO plugin v27.4 - https:\/\/yoast.com\/product\/yoast-seo-wordpress\/ -->\n<title>Comment utiliser votre num\u00e9ro de membre de Courez Ottawa pour obtenir une inscription gratuite pour une course - Run Ottawa<\/title>\n<meta name=\"robots\" content=\"index, follow, max-snippet:-1, max-image-preview:large, max-video-preview:-1\" \/>\n<link rel=\"canonical\" href=\"https:\/\/www.runottawa.ca\/fr\/comment-utiliser-votre-numero-de-membre-de-courez-ottawa-pour-obtenir-une-inscription-gratuite-pour-une-course\/\" \/>\n<meta name=\"twitter:label1\" content=\"Dur\u00e9e de lecture estim\u00e9e\" \/>\n\t<meta name=\"twitter:data1\" content=\"1 minute\" \/>\n<script type=\"application\/ld+json\" class=\"yoast-schema-graph\">{\"@context\":\"https:\\\/\\\/schema.org\",\"@graph\":[{\"@type\":\"WebPage\",\"@id\":\"https:\\\/\\\/www.runottawa.ca\\\/fr\\\/comment-utiliser-votre-numero-de-membre-de-courez-ottawa-pour-obtenir-une-inscription-gratuite-pour-une-course\\\/\",\"url\":\"https:\\\/\\\/www.runottawa.ca\\\/fr\\\/comment-utiliser-votre-numero-de-membre-de-courez-ottawa-pour-obtenir-une-inscription-gratuite-pour-une-course\\\/\",\"name\":\"Comment utiliser votre num\u00e9ro de membre de Courez Ottawa pour obtenir une inscription gratuite pour une course - Run Ottawa\",\"isPartOf\":{\"@id\":\"https:\\\/\\\/www.runottawa.ca\\\/fr\\\/#website\"},\"datePublished\":\"2022-10-26T19:12:11+00:00\",\"dateModified\":\"2024-06-03T17:19:27+00:00\",\"breadcrumb\":{\"@id\":\"https:\\\/\\\/www.runottawa.ca\\\/fr\\\/comment-utiliser-votre-numero-de-membre-de-courez-ottawa-pour-obtenir-une-inscription-gratuite-pour-une-course\\\/#breadcrumb\"},\"inLanguage\":\"fr-FR\",\"potentialAction\":[{\"@type\":\"ReadAction\",\"target\":[\"https:\\\/\\\/www.runottawa.ca\\\/fr\\\/comment-utiliser-votre-numero-de-membre-de-courez-ottawa-pour-obtenir-une-inscription-gratuite-pour-une-course\\\/\"]}]},{\"@type\":\"BreadcrumbList\",\"@id\":\"https:\\\/\\\/www.runottawa.ca\\\/fr\\\/comment-utiliser-votre-numero-de-membre-de-courez-ottawa-pour-obtenir-une-inscription-gratuite-pour-une-course\\\/#breadcrumb\",\"itemListElement\":[{\"@type\":\"ListItem\",\"position\":1,\"name\":\"Home\",\"item\":\"https:\\\/\\\/www.runottawa.ca\\\/fr\\\/\"},{\"@type\":\"ListItem\",\"position\":2,\"name\":\"Comment utiliser votre num\u00e9ro de membre de Courez Ottawa pour obtenir une inscription gratuite pour une course\"}]},{\"@type\":\"WebSite\",\"@id\":\"https:\\\/\\\/www.runottawa.ca\\\/fr\\\/#website\",\"url\":\"https:\\\/\\\/www.runottawa.ca\\\/fr\\\/\",\"name\":\"Run Ottawa\",\"description\":\"\",\"potentialAction\":[{\"@type\":\"SearchAction\",\"target\":{\"@type\":\"EntryPoint\",\"urlTemplate\":\"https:\\\/\\\/www.runottawa.ca\\\/fr\\\/?s={search_term_string}\"},\"query-input\":{\"@type\":\"PropertyValueSpecification\",\"valueRequired\":true,\"valueName\":\"search_term_string\"}}],\"inLanguage\":\"fr-FR\"}]}<\/script>\n<!-- \/ Yoast SEO plugin. -->","yoast_head_json":{"title":"Comment utiliser votre num\u00e9ro de membre de Courez Ottawa pour obtenir une inscription gratuite pour une course - Run Ottawa","robots":{"index":"index","follow":"follow","max-snippet":"max-snippet:-1","max-image-preview":"max-image-preview:large","max-video-preview":"max-video-preview:-1"},"canonical":"https:\/\/www.runottawa.ca\/fr\/comment-utiliser-votre-numero-de-membre-de-courez-ottawa-pour-obtenir-une-inscription-gratuite-pour-une-course\/","twitter_misc":{"Dur\u00e9e de lecture estim\u00e9e":"1 minute"},"schema":{"@context":"https:\/\/schema.org","@graph":[{"@type":"WebPage","@id":"https:\/\/www.runottawa.ca\/fr\/comment-utiliser-votre-numero-de-membre-de-courez-ottawa-pour-obtenir-une-inscription-gratuite-pour-une-course\/","url":"https:\/\/www.runottawa.ca\/fr\/comment-utiliser-votre-numero-de-membre-de-courez-ottawa-pour-obtenir-une-inscription-gratuite-pour-une-course\/","name":"Comment utiliser votre num\u00e9ro de membre de Courez Ottawa pour obtenir une inscription gratuite pour une course - Run Ottawa","isPartOf":{"@id":"https:\/\/www.runottawa.ca\/fr\/#website"},"datePublished":"2022-10-26T19:12:11+00:00","dateModified":"2024-06-03T17:19:27+00:00","breadcrumb":{"@id":"https:\/\/www.runottawa.ca\/fr\/comment-utiliser-votre-numero-de-membre-de-courez-ottawa-pour-obtenir-une-inscription-gratuite-pour-une-course\/#breadcrumb"},"inLanguage":"fr-FR","potentialAction":[{"@type":"ReadAction","target":["https:\/\/www.runottawa.ca\/fr\/comment-utiliser-votre-numero-de-membre-de-courez-ottawa-pour-obtenir-une-inscription-gratuite-pour-une-course\/"]}]},{"@type":"BreadcrumbList","@id":"https:\/\/www.runottawa.ca\/fr\/comment-utiliser-votre-numero-de-membre-de-courez-ottawa-pour-obtenir-une-inscription-gratuite-pour-une-course\/#breadcrumb","itemListElement":[{"@type":"ListItem","position":1,"name":"Home","item":"https:\/\/www.runottawa.ca\/fr\/"},{"@type":"ListItem","position":2,"name":"Comment utiliser votre num\u00e9ro de membre de Courez Ottawa pour obtenir une inscription gratuite pour une course"}]},{"@type":"WebSite","@id":"https:\/\/www.runottawa.ca\/fr\/#website","url":"https:\/\/www.runottawa.ca\/fr\/","name":"Run Ottawa","description":"","potentialAction":[{"@type":"SearchAction","target":{"@type":"EntryPoint","urlTemplate":"https:\/\/www.runottawa.ca\/fr\/?s={search_term_string}"},"query-input":{"@type":"PropertyValueSpecification","valueRequired":true,"valueName":"search_term_string"}}],"inLanguage":"fr-FR"}]}},"_links":{"self":[{"href":"https:\/\/www.runottawa.ca\/fr\/wp-json\/wp\/v2\/pages\/34548","targetHints":{"allow":["GET"]}}],"collection":[{"href":"https:\/\/www.runottawa.ca\/fr\/wp-json\/wp\/v2\/pages"}],"about":[{"href":"https:\/\/www.runottawa.ca\/fr\/wp-json\/wp\/v2\/types\/page"}],"author":[{"embeddable":true,"href":"https:\/\/www.runottawa.ca\/fr\/wp-json\/wp\/v2\/users\/33"}],"replies":[{"embeddable":true,"href":"https:\/\/www.runottawa.ca\/fr\/wp-json\/wp\/v2\/comments?post=34548"}],"version-history":[{"count":5,"href":"https:\/\/www.runottawa.ca\/fr\/wp-json\/wp\/v2\/pages\/34548\/revisions"}],"predecessor-version":[{"id":39522,"href":"https:\/\/www.runottawa.ca\/fr\/wp-json\/wp\/v2\/pages\/34548\/revisions\/39522"}],"wp:attachment":[{"href":"https:\/\/www.runottawa.ca\/fr\/wp-json\/wp\/v2\/media?parent=34548"}],"curies":[{"name":"wp","href":"https:\/\/api.w.org\/{rel}","templated":true}]}}