{"id":33796,"date":"2022-08-10T13:11:27","date_gmt":"2022-08-10T17:11:27","guid":{"rendered":"https:\/\/www.runottawa.ca\/?page_id=33796"},"modified":"2022-08-22T12:17:58","modified_gmt":"2022-08-22T16:17:58","slug":"joignez-vous-a-lescouade-active-dottos-ottawa","status":"publish","type":"page","link":"https:\/\/www.runottawa.ca\/fr\/joignez-vous-a-lescouade-active-dottos-ottawa\/","title":{"rendered":"Joignez-vous \u00e0 L&rsquo;escouade active d&rsquo;Otto\u2019s Ottawa"},"content":{"rendered":"<div id=\"contentsContainer\" class=\"style-scope qowt-page\">\n<div id=\"contents\" class=\"style-scope qowt-page\">\n<h3 id=\"E288\" class=\"x-scope qowt-word-para-4\"><span id=\"E289\">Joignez-vous \u00e0 L&rsquo;escouade active d&rsquo;<\/span><span id=\"E291\">Otto\u2019s<\/span><span id=\"E293\"> Ottawa<\/span><\/h3>\n<p id=\"E294\" class=\"x-scope qowt-word-para-4\"><span id=\"E295\">Vous aimez utiliser Twitter, \u00e9crire des articles de blogue ou r\u00e9diger des publications sur la course, la marche, l\u2019entra\u00eenement physique ou le bien-\u00eatre? Vous aimez partager votre entra\u00eenement et de vos exp\u00e9riences de course ainsi qu\u2019encourager les autres coureurs? Vous avez r\u00e9pondu \u00ab Oui \u00bb \u00e0 ces questions? Vous faites donc partie des personnes que nous cherchons pour devenir membres de notre L&rsquo;escouade active<\/span><span id=\"E296\"> d&rsquo;<\/span><span id=\"E298\">Otto\u2019s<\/span><span id=\"E300\"> Ottawa<\/span><span id=\"E301\">!<\/span><\/p>\n<p id=\"E302\" class=\"x-scope qowt-word-para-0\"><span id=\"E304\"><span id=\"E295\">L&rsquo;escouade active<\/span> est un groupe de participants<\/span><span id=\"E308\"> qui partagent des conseils d\u2019entra\u00eenement, leur f\u00e9brilit\u00e9 en vue des \u00e9preuves de Courez Ottawa et des d\u00e9tails sur leur processus de participation (conseils pour amasser des fonds, photos de repas d\u00e9licieux, itin\u00e9raires et bien plus!). Les membres de l<span id=\"E295\">&lsquo;escouade<\/span> seront des coureurs exp\u00e9riment\u00e9s, des d\u00e9butants et des coureurs caritatifs. Ils mobiliseront et encourageront leur communaut\u00e9, et en feront la promotion. Ils feront aussi la promotion des \u00e9v\u00e9nements de Courez Ottawa<\/span><span id=\"E312\">, en plus de parler des avantages physiques et mentaux de l\u2019activit\u00e9 physique.<\/span><\/p>\n<\/div>\n<\/div>\n<div id=\"contentsContainer\" class=\"style-scope qowt-page\">\n<div id=\"contents\" class=\"style-scope qowt-page\">\n<p id=\"E314\" class=\"x-scope qowt-word-para-0 x-scope qowt-word-para-0 x-scope qowt-word-para-0\"><span id=\"E315\">Les membres recevront de la marchandise de <\/span><span id=\"E316\" style=\"color: #333333;\"><span id=\"E295\">L&rsquo;escouade active<\/span><\/span><span id=\"E317\"><span style=\"color: #333333;\">,<\/span> un rabais sur les produits, des invitations \u00e0 des \u00e9v\u00e9nements exclusifs et des avantages uniques de Courez Ottawa !\u00a0<\/span><\/p>\n<p id=\"E322\" class=\"x-scope qowt-word-para-0\"><span id=\"E328\">Si vous voulez faire partie de <span id=\"E295\">L&rsquo;escouade active<\/span><\/span><span id=\"E330\">, remplissez le formulaire qui suit. Malheureusement, le nombre de places est limit\u00e9, mais nous r\u00e9pondrons \u00e0 toutes les personnes qui enverront leur candidature.<\/span><\/p>\n<p id=\"E331\" class=\"x-scope qowt-word-para-0\"><strong><span id=\"E332\">Merci <span id=\"E317\">\u00e0 tous ceux qui ont <\/span>envoy<span id=\"E330\">\u00e9<\/span> leur candidature, les candidatures sont maintenant ferm<span id=\"E330\">\u00e9<\/span><\/span><span id=\"E340\">.<\/span><\/strong><\/p>\n\n<\/div>\n<\/div>\n","protected":false},"excerpt":{"rendered":"<p>Joignez-vous \u00e0 L&rsquo;escouade active d&rsquo;Otto\u2019s Ottawa Vous aimez utiliser Twitter, \u00e9crire des articles de blogue ou r\u00e9diger des publications sur la course, la marche, l\u2019entra\u00eenement physique ou le bien-\u00eatre? Vous aimez partager votre entra\u00eenement et de vos exp\u00e9riences de course ainsi qu\u2019encourager les autres coureurs? Vous avez r\u00e9pondu \u00ab Oui [&hellip;]<\/p>\n","protected":false},"author":33,"featured_media":0,"parent":0,"menu_order":106,"comment_status":"closed","ping_status":"closed","template":"","meta":{"_acf_changed":false,"footnotes":""},"class_list":["post-33796","page","type-page","status-publish","hentry"],"acf":[],"yoast_head":"<!-- This site is optimized with the Yoast SEO plugin v27.5 - https:\/\/yoast.com\/product\/yoast-seo-wordpress\/ -->\n<title>Joignez-vous \u00e0 L&#039;escouade active d&#039;Otto\u2019s Ottawa - Run Ottawa<\/title>\n<meta name=\"robots\" content=\"index, follow, max-snippet:-1, max-image-preview:large, max-video-preview:-1\" \/>\n<link rel=\"canonical\" href=\"https:\/\/www.runottawa.ca\/fr\/joignez-vous-a-lescouade-active-dottos-ottawa\/\" \/>\n<meta name=\"twitter:label1\" content=\"Dur\u00e9e de lecture estim\u00e9e\" \/>\n\t<meta name=\"twitter:data1\" content=\"2 minutes\" \/>\n<script type=\"application\/ld+json\" class=\"yoast-schema-graph\">{\"@context\":\"https:\\\/\\\/schema.org\",\"@graph\":[{\"@type\":\"WebPage\",\"@id\":\"https:\\\/\\\/www.runottawa.ca\\\/fr\\\/joignez-vous-a-lescouade-active-dottos-ottawa\\\/\",\"url\":\"https:\\\/\\\/www.runottawa.ca\\\/fr\\\/joignez-vous-a-lescouade-active-dottos-ottawa\\\/\",\"name\":\"Joignez-vous \u00e0 L'escouade active d'Otto\u2019s Ottawa - Run Ottawa\",\"isPartOf\":{\"@id\":\"https:\\\/\\\/www.runottawa.ca\\\/fr\\\/#website\"},\"datePublished\":\"2022-08-10T17:11:27+00:00\",\"dateModified\":\"2022-08-22T16:17:58+00:00\",\"breadcrumb\":{\"@id\":\"https:\\\/\\\/www.runottawa.ca\\\/fr\\\/joignez-vous-a-lescouade-active-dottos-ottawa\\\/#breadcrumb\"},\"inLanguage\":\"fr-FR\",\"potentialAction\":[{\"@type\":\"ReadAction\",\"target\":[\"https:\\\/\\\/www.runottawa.ca\\\/fr\\\/joignez-vous-a-lescouade-active-dottos-ottawa\\\/\"]}]},{\"@type\":\"BreadcrumbList\",\"@id\":\"https:\\\/\\\/www.runottawa.ca\\\/fr\\\/joignez-vous-a-lescouade-active-dottos-ottawa\\\/#breadcrumb\",\"itemListElement\":[{\"@type\":\"ListItem\",\"position\":1,\"name\":\"Home\",\"item\":\"https:\\\/\\\/www.runottawa.ca\\\/fr\\\/\"},{\"@type\":\"ListItem\",\"position\":2,\"name\":\"Joignez-vous \u00e0 L&rsquo;escouade active d&rsquo;Otto\u2019s Ottawa\"}]},{\"@type\":\"WebSite\",\"@id\":\"https:\\\/\\\/www.runottawa.ca\\\/fr\\\/#website\",\"url\":\"https:\\\/\\\/www.runottawa.ca\\\/fr\\\/\",\"name\":\"Run Ottawa\",\"description\":\"\",\"potentialAction\":[{\"@type\":\"SearchAction\",\"target\":{\"@type\":\"EntryPoint\",\"urlTemplate\":\"https:\\\/\\\/www.runottawa.ca\\\/fr\\\/?s={search_term_string}\"},\"query-input\":{\"@type\":\"PropertyValueSpecification\",\"valueRequired\":true,\"valueName\":\"search_term_string\"}}],\"inLanguage\":\"fr-FR\"}]}<\/script>\n<!-- \/ Yoast SEO plugin. -->","yoast_head_json":{"title":"Joignez-vous \u00e0 L'escouade active d'Otto\u2019s Ottawa - Run Ottawa","robots":{"index":"index","follow":"follow","max-snippet":"max-snippet:-1","max-image-preview":"max-image-preview:large","max-video-preview":"max-video-preview:-1"},"canonical":"https:\/\/www.runottawa.ca\/fr\/joignez-vous-a-lescouade-active-dottos-ottawa\/","twitter_misc":{"Dur\u00e9e de lecture estim\u00e9e":"2 minutes"},"schema":{"@context":"https:\/\/schema.org","@graph":[{"@type":"WebPage","@id":"https:\/\/www.runottawa.ca\/fr\/joignez-vous-a-lescouade-active-dottos-ottawa\/","url":"https:\/\/www.runottawa.ca\/fr\/joignez-vous-a-lescouade-active-dottos-ottawa\/","name":"Joignez-vous \u00e0 L'escouade active d'Otto\u2019s Ottawa - Run Ottawa","isPartOf":{"@id":"https:\/\/www.runottawa.ca\/fr\/#website"},"datePublished":"2022-08-10T17:11:27+00:00","dateModified":"2022-08-22T16:17:58+00:00","breadcrumb":{"@id":"https:\/\/www.runottawa.ca\/fr\/joignez-vous-a-lescouade-active-dottos-ottawa\/#breadcrumb"},"inLanguage":"fr-FR","potentialAction":[{"@type":"ReadAction","target":["https:\/\/www.runottawa.ca\/fr\/joignez-vous-a-lescouade-active-dottos-ottawa\/"]}]},{"@type":"BreadcrumbList","@id":"https:\/\/www.runottawa.ca\/fr\/joignez-vous-a-lescouade-active-dottos-ottawa\/#breadcrumb","itemListElement":[{"@type":"ListItem","position":1,"name":"Home","item":"https:\/\/www.runottawa.ca\/fr\/"},{"@type":"ListItem","position":2,"name":"Joignez-vous \u00e0 L&rsquo;escouade active d&rsquo;Otto\u2019s Ottawa"}]},{"@type":"WebSite","@id":"https:\/\/www.runottawa.ca\/fr\/#website","url":"https:\/\/www.runottawa.ca\/fr\/","name":"Run Ottawa","description":"","potentialAction":[{"@type":"SearchAction","target":{"@type":"EntryPoint","urlTemplate":"https:\/\/www.runottawa.ca\/fr\/?s={search_term_string}"},"query-input":{"@type":"PropertyValueSpecification","valueRequired":true,"valueName":"search_term_string"}}],"inLanguage":"fr-FR"}]}},"_links":{"self":[{"href":"https:\/\/www.runottawa.ca\/fr\/wp-json\/wp\/v2\/pages\/33796","targetHints":{"allow":["GET"]}}],"collection":[{"href":"https:\/\/www.runottawa.ca\/fr\/wp-json\/wp\/v2\/pages"}],"about":[{"href":"https:\/\/www.runottawa.ca\/fr\/wp-json\/wp\/v2\/types\/page"}],"author":[{"embeddable":true,"href":"https:\/\/www.runottawa.ca\/fr\/wp-json\/wp\/v2\/users\/33"}],"replies":[{"embeddable":true,"href":"https:\/\/www.runottawa.ca\/fr\/wp-json\/wp\/v2\/comments?post=33796"}],"version-history":[{"count":7,"href":"https:\/\/www.runottawa.ca\/fr\/wp-json\/wp\/v2\/pages\/33796\/revisions"}],"predecessor-version":[{"id":33990,"href":"https:\/\/www.runottawa.ca\/fr\/wp-json\/wp\/v2\/pages\/33796\/revisions\/33990"}],"wp:attachment":[{"href":"https:\/\/www.runottawa.ca\/fr\/wp-json\/wp\/v2\/media?parent=33796"}],"curies":[{"name":"wp","href":"https:\/\/api.w.org\/{rel}","templated":true}]}}