{"id":33356,"date":"2022-05-26T11:32:53","date_gmt":"2022-05-26T15:32:53","guid":{"rendered":"https:\/\/www.runottawa.ca\/?page_id=33356"},"modified":"2022-05-26T11:32:53","modified_gmt":"2022-05-26T15:32:53","slug":"trouvez-vos-resultats-de-la-fin-de-semaine-des-courses-tamarack-ottawa-2022","status":"publish","type":"page","link":"https:\/\/www.runottawa.ca\/fr\/trouvez-vos-resultats-de-la-fin-de-semaine-des-courses-tamarack-ottawa-2022\/","title":{"rendered":"Trouvez vos r\u00e9sultats de la Fin de semaine des courses Tamarack Ottawa 2022"},"content":{"rendered":"<p>Trouvez vos r\u00e9sultats sur <a href=\"https:\/\/www.sportstats.ca\/events.xhtml?eventname=tamarack+ottawa+race+weekend\">Sportstats<\/a> ou t\u00e9l\u00e9chargez <a href=\"https:\/\/www.runottawa.ca\/fr\/telechargez-lapplication-de-la-fin-de-semaine-des-courses\">l&rsquo;application Run Ottawa Tamarack Ottawa Race Weekend<\/a> pour suivre vos amis et vos athl\u00e8tes pr\u00e9f\u00e9r\u00e9s. N&rsquo;oubliez pas de partager l&rsquo;application avec vos amis et votre famille pour qu&rsquo;ils puissent vous suivre aussi.<\/p>\n","protected":false},"excerpt":{"rendered":"<p>Trouvez vos r\u00e9sultats sur Sportstats ou t\u00e9l\u00e9chargez l&rsquo;application Run Ottawa Tamarack Ottawa Race Weekend pour suivre vos amis et vos athl\u00e8tes pr\u00e9f\u00e9r\u00e9s. N&rsquo;oubliez pas de partager l&rsquo;application avec vos amis et votre famille pour qu&rsquo;ils puissent vous suivre aussi.<\/p>\n","protected":false},"author":33,"featured_media":0,"parent":0,"menu_order":86,"comment_status":"closed","ping_status":"closed","template":"","meta":{"_acf_changed":false,"footnotes":""},"class_list":["post-33356","page","type-page","status-publish","hentry"],"acf":[],"yoast_head":"<!-- This site is optimized with the Yoast SEO plugin v27.4 - https:\/\/yoast.com\/product\/yoast-seo-wordpress\/ -->\n<title>Trouvez vos r\u00e9sultats de la Fin de semaine des courses Tamarack Ottawa 2022 - Run Ottawa<\/title>\n<meta name=\"robots\" content=\"index, follow, max-snippet:-1, max-image-preview:large, max-video-preview:-1\" \/>\n<link rel=\"canonical\" href=\"https:\/\/www.runottawa.ca\/fr\/trouvez-vos-resultats-de-la-fin-de-semaine-des-courses-tamarack-ottawa-2022\/\" \/>\n<meta name=\"twitter:label1\" content=\"Dur\u00e9e de lecture estim\u00e9e\" \/>\n\t<meta name=\"twitter:data1\" content=\"1 minute\" \/>\n<script type=\"application\/ld+json\" class=\"yoast-schema-graph\">{\"@context\":\"https:\\\/\\\/schema.org\",\"@graph\":[{\"@type\":\"WebPage\",\"@id\":\"https:\\\/\\\/www.runottawa.ca\\\/fr\\\/trouvez-vos-resultats-de-la-fin-de-semaine-des-courses-tamarack-ottawa-2022\\\/\",\"url\":\"https:\\\/\\\/www.runottawa.ca\\\/fr\\\/trouvez-vos-resultats-de-la-fin-de-semaine-des-courses-tamarack-ottawa-2022\\\/\",\"name\":\"Trouvez vos r\u00e9sultats de la Fin de semaine des courses Tamarack Ottawa 2022 - Run Ottawa\",\"isPartOf\":{\"@id\":\"https:\\\/\\\/www.runottawa.ca\\\/fr\\\/#website\"},\"datePublished\":\"2022-05-26T15:32:53+00:00\",\"breadcrumb\":{\"@id\":\"https:\\\/\\\/www.runottawa.ca\\\/fr\\\/trouvez-vos-resultats-de-la-fin-de-semaine-des-courses-tamarack-ottawa-2022\\\/#breadcrumb\"},\"inLanguage\":\"fr-FR\",\"potentialAction\":[{\"@type\":\"ReadAction\",\"target\":[\"https:\\\/\\\/www.runottawa.ca\\\/fr\\\/trouvez-vos-resultats-de-la-fin-de-semaine-des-courses-tamarack-ottawa-2022\\\/\"]}]},{\"@type\":\"BreadcrumbList\",\"@id\":\"https:\\\/\\\/www.runottawa.ca\\\/fr\\\/trouvez-vos-resultats-de-la-fin-de-semaine-des-courses-tamarack-ottawa-2022\\\/#breadcrumb\",\"itemListElement\":[{\"@type\":\"ListItem\",\"position\":1,\"name\":\"Home\",\"item\":\"https:\\\/\\\/www.runottawa.ca\\\/fr\\\/\"},{\"@type\":\"ListItem\",\"position\":2,\"name\":\"Trouvez vos r\u00e9sultats de la Fin de semaine des courses Tamarack Ottawa 2022\"}]},{\"@type\":\"WebSite\",\"@id\":\"https:\\\/\\\/www.runottawa.ca\\\/fr\\\/#website\",\"url\":\"https:\\\/\\\/www.runottawa.ca\\\/fr\\\/\",\"name\":\"Run Ottawa\",\"description\":\"\",\"potentialAction\":[{\"@type\":\"SearchAction\",\"target\":{\"@type\":\"EntryPoint\",\"urlTemplate\":\"https:\\\/\\\/www.runottawa.ca\\\/fr\\\/?s={search_term_string}\"},\"query-input\":{\"@type\":\"PropertyValueSpecification\",\"valueRequired\":true,\"valueName\":\"search_term_string\"}}],\"inLanguage\":\"fr-FR\"}]}<\/script>\n<!-- \/ Yoast SEO plugin. -->","yoast_head_json":{"title":"Trouvez vos r\u00e9sultats de la Fin de semaine des courses Tamarack Ottawa 2022 - Run Ottawa","robots":{"index":"index","follow":"follow","max-snippet":"max-snippet:-1","max-image-preview":"max-image-preview:large","max-video-preview":"max-video-preview:-1"},"canonical":"https:\/\/www.runottawa.ca\/fr\/trouvez-vos-resultats-de-la-fin-de-semaine-des-courses-tamarack-ottawa-2022\/","twitter_misc":{"Dur\u00e9e de lecture estim\u00e9e":"1 minute"},"schema":{"@context":"https:\/\/schema.org","@graph":[{"@type":"WebPage","@id":"https:\/\/www.runottawa.ca\/fr\/trouvez-vos-resultats-de-la-fin-de-semaine-des-courses-tamarack-ottawa-2022\/","url":"https:\/\/www.runottawa.ca\/fr\/trouvez-vos-resultats-de-la-fin-de-semaine-des-courses-tamarack-ottawa-2022\/","name":"Trouvez vos r\u00e9sultats de la Fin de semaine des courses Tamarack Ottawa 2022 - Run Ottawa","isPartOf":{"@id":"https:\/\/www.runottawa.ca\/fr\/#website"},"datePublished":"2022-05-26T15:32:53+00:00","breadcrumb":{"@id":"https:\/\/www.runottawa.ca\/fr\/trouvez-vos-resultats-de-la-fin-de-semaine-des-courses-tamarack-ottawa-2022\/#breadcrumb"},"inLanguage":"fr-FR","potentialAction":[{"@type":"ReadAction","target":["https:\/\/www.runottawa.ca\/fr\/trouvez-vos-resultats-de-la-fin-de-semaine-des-courses-tamarack-ottawa-2022\/"]}]},{"@type":"BreadcrumbList","@id":"https:\/\/www.runottawa.ca\/fr\/trouvez-vos-resultats-de-la-fin-de-semaine-des-courses-tamarack-ottawa-2022\/#breadcrumb","itemListElement":[{"@type":"ListItem","position":1,"name":"Home","item":"https:\/\/www.runottawa.ca\/fr\/"},{"@type":"ListItem","position":2,"name":"Trouvez vos r\u00e9sultats de la Fin de semaine des courses Tamarack Ottawa 2022"}]},{"@type":"WebSite","@id":"https:\/\/www.runottawa.ca\/fr\/#website","url":"https:\/\/www.runottawa.ca\/fr\/","name":"Run Ottawa","description":"","potentialAction":[{"@type":"SearchAction","target":{"@type":"EntryPoint","urlTemplate":"https:\/\/www.runottawa.ca\/fr\/?s={search_term_string}"},"query-input":{"@type":"PropertyValueSpecification","valueRequired":true,"valueName":"search_term_string"}}],"inLanguage":"fr-FR"}]}},"_links":{"self":[{"href":"https:\/\/www.runottawa.ca\/fr\/wp-json\/wp\/v2\/pages\/33356","targetHints":{"allow":["GET"]}}],"collection":[{"href":"https:\/\/www.runottawa.ca\/fr\/wp-json\/wp\/v2\/pages"}],"about":[{"href":"https:\/\/www.runottawa.ca\/fr\/wp-json\/wp\/v2\/types\/page"}],"author":[{"embeddable":true,"href":"https:\/\/www.runottawa.ca\/fr\/wp-json\/wp\/v2\/users\/33"}],"replies":[{"embeddable":true,"href":"https:\/\/www.runottawa.ca\/fr\/wp-json\/wp\/v2\/comments?post=33356"}],"version-history":[{"count":2,"href":"https:\/\/www.runottawa.ca\/fr\/wp-json\/wp\/v2\/pages\/33356\/revisions"}],"predecessor-version":[{"id":33359,"href":"https:\/\/www.runottawa.ca\/fr\/wp-json\/wp\/v2\/pages\/33356\/revisions\/33359"}],"wp:attachment":[{"href":"https:\/\/www.runottawa.ca\/fr\/wp-json\/wp\/v2\/media?parent=33356"}],"curies":[{"name":"wp","href":"https:\/\/api.w.org\/{rel}","templated":true}]}}