{"id":33337,"date":"2022-05-26T10:38:13","date_gmt":"2022-05-26T14:38:13","guid":{"rendered":"https:\/\/www.runottawa.ca\/?page_id=33337"},"modified":"2025-05-21T16:27:24","modified_gmt":"2025-05-21T20:27:24","slug":"retransmission-en-direct-de-la-fin-de-semaine-des-courses-dottawa-tamarack","status":"publish","type":"page","link":"https:\/\/www.runottawa.ca\/fr\/retransmission-en-direct-de-la-fin-de-semaine-des-courses-dottawa-tamarack\/","title":{"rendered":"Retransmission en direct de la Fin de semaine des courses d\u2019Ottawa Tamarack 2025"},"content":{"rendered":"<p>Regardez toute l&rsquo;excitation de la Fin de semaine des courses Tamarack Ottawa ! La course d&rsquo;\u00e9lite du Marathon international d&rsquo;Ottawa et les Championnats canadiens du 10 km d&rsquo;Athl\u00e9tisme Canada ont \u00e9t\u00e9 diffus\u00e9s en direct sur <a href=\"https:\/\/www.youtube.com\/@OttawaRaceWknd\">youtube<\/a> et <span style=\"font-weight: 400;\"><a href=\"https:\/\/www.athleticscanada.tv\/\">AthleticsCanada.TV<\/a>.<\/span><\/p>\n<p><strong>Le 24 mai, 18h00<\/strong><\/p>\n<p style=\"font-weight: 400;\"><a href=\"https:\/\/youtube.com\/live\/JpHFKsfon8Y?feature=share\"><strong>Le 10K d\u2019Ottawa present\u00e9 par Otto\u2019s Ottawa (anglais)<\/strong><\/a><\/p>\n<p><strong>Le 25 mai, 6h45<\/strong><\/p>\n<p style=\"font-weight: 400;\"><strong><a href=\"https:\/\/www.youtube.com\/live\/bA4ksZ9Tb5s\">Le marathon international d\u2019Ottawa Tartan (anglais)<\/a><\/strong><\/p>\n<hr \/>\n<p><span style=\"font-weight: 400;\">Nous sommes heureux de vous pr\u00e9senter l\u2019\u00e9quipe de diffusion de la Fin de semaine des courses Tamarack d\u2019Ottawa, qui couvrira l\u2019\u00e9dition de cette ann\u00e9e du Championnat canadien du 10\u00a0km d\u2019Athl\u00e9tisme Canada le samedi\u00a024\u00a0mai et le Marathon international d\u2019Ottawa Tartan le dimanche\u00a025\u00a0mai. Ces deux \u00e9preuves de niveau professionnel seront comment\u00e9es par une \u00e9quipe d\u2019animateurs dynamiques et de sp\u00e9cialistes de la course. Ils vous raconteront des anecdotes, vous parleront de strat\u00e9gies et vous relateront des moments inoubliables alors que les \u00e9preuves se d\u00e9roulent en direct dans les rues de la r\u00e9gion de la capitale nationale.<\/span><\/p>\n<p><span style=\"font-weight: 400;\">Vous pouvez voir le <\/span><span style=\"font-weight: 400;\">Marathon international d\u2019Ottawa Tartan et le Championnat canadien du 10\u00a0km d\u2019Athl\u00e9tisme Canada en temps r\u00e9el, sur notre cha\u00eene <\/span><a href=\"https:\/\/www.youtube.com\/@OttawaRaceWknd\"><span style=\"font-weight: 400;\">YouTube<\/span><\/a><span style=\"font-weight: 400;\"> et sur la cha\u00eene <\/span><a href=\"https:\/\/www.athleticscanada.tv\/\"><span style=\"font-weight: 400;\">AthleticsCanada.TV<\/span><\/a><span style=\"font-weight: 400;\">.<\/span><\/p>\n<p>&nbsp;<\/p>\n<p><a href=\"https:\/\/www.runottawa.ca\/wp-content\/uploads\/2025\/05\/TORW-photis-45-ratio-.-77.png\"><img loading=\"lazy\" decoding=\"async\" class=\"alignnone wp-image-42532 size-large\" src=\"https:\/\/www.runottawa.ca\/wp-content\/uploads\/2025\/05\/TORW-photis-45-ratio-.-77-819x1024.png\" alt=\"\" width=\"819\" height=\"1024\" srcset=\"https:\/\/www.runottawa.ca\/wp-content\/uploads\/2025\/05\/TORW-photis-45-ratio-.-77-819x1024.png 819w, https:\/\/www.runottawa.ca\/wp-content\/uploads\/2025\/05\/TORW-photis-45-ratio-.-77-240x300.png 240w, https:\/\/www.runottawa.ca\/wp-content\/uploads\/2025\/05\/TORW-photis-45-ratio-.-77-768x960.png 768w, https:\/\/www.runottawa.ca\/wp-content\/uploads\/2025\/05\/TORW-photis-45-ratio-.-77.png 1080w\" sizes=\"auto, (max-width: 819px) 100vw, 819px\" \/><\/a><\/p>\n<p><b>Arash\u00a0Madani<\/b><\/p>\n<p><span style=\"font-weight: 400;\"><a href=\"https:\/\/www.instagram.com\/arashmadani_?utm_source=ig_web_button_share_sheet&amp;igsh=ZDNlZDc0MzIxNw==\">Arash Madani<\/a> est un animateur prim\u00e9 qui couvre de grands \u00e9v\u00e9nements sportifs dans le monde entier. Il est reconnu pour ses r\u00e9cits d\u00e9taill\u00e9s.<\/span><\/p>\n<p><span style=\"font-weight: 400;\">Du Super Bowl aux Jeux olympiques, en passant par les finales de la NBA, la S\u00e9rie mondiale du baseball, le tournoi de Wimbledon, la finale de la Coupe Stanley et le Tournoi des Ma\u00eetres, Arash a fait des reportages depuis les plus grandes sc\u00e8nes mondiales et a captur\u00e9 des moments sportifs inoubliables.<\/span><\/p>\n<p><span style=\"font-weight: 400;\">Il s\u2019est entretenu avec les plus grands noms du sport, notamment Roger\u00a0Federer, Christine\u00a0Sinclair, Derek\u00a0Jeter et Shai\u00a0Gilgeous-Alexander. Il a \u00e9galement recueilli les impressions de c\u00e9l\u00e8bres figures embl\u00e9matiques comme Usain\u00a0Bolt, Bianca\u00a0Andreescu, Novak\u00a0Djokovic, Marie-Philip\u00a0Poulin, David\u00a0Beckham et Mark\u00a0Cuban. Pendant pr\u00e8s d\u2019une d\u00e9cennie, Arash a \u00e9t\u00e9 le journaliste derri\u00e8re le banc des Blue Jays et pour <\/span><i><span style=\"font-weight: 400;\">Hockey Night in Canada (La Soir\u00e9e du hockey)<\/span><\/i><span style=\"font-weight: 400;\">.<\/span><\/p>\n<p><span style=\"font-weight: 400;\">La passion d\u2019Arash est de comprendre le point de vue des athl\u00e8tes et de raconter leur histoire. Il aime creuser pour r\u00e9v\u00e9ler ce qui motive les sportifs de haut niveau.<\/span><\/p>\n<p><span style=\"font-weight: 400;\">En 2017, il a re\u00e7u le prix George\u00a0Gross en reconnaissance de son r\u00f4le d\u00e9terminant en tant qu\u2019animateur sportif.<\/span><\/p>\n<p>&nbsp;<\/p>\n<p><a href=\"https:\/\/www.runottawa.ca\/wp-content\/uploads\/2025\/05\/TORW-photis-45-ratio-.-79.png\"><img loading=\"lazy\" decoding=\"async\" class=\"alignnone wp-image-42536 size-large\" src=\"https:\/\/www.runottawa.ca\/wp-content\/uploads\/2025\/05\/TORW-photis-45-ratio-.-79-819x1024.png\" alt=\"\" width=\"819\" height=\"1024\" srcset=\"https:\/\/www.runottawa.ca\/wp-content\/uploads\/2025\/05\/TORW-photis-45-ratio-.-79-819x1024.png 819w, https:\/\/www.runottawa.ca\/wp-content\/uploads\/2025\/05\/TORW-photis-45-ratio-.-79-240x300.png 240w, https:\/\/www.runottawa.ca\/wp-content\/uploads\/2025\/05\/TORW-photis-45-ratio-.-79-768x960.png 768w, https:\/\/www.runottawa.ca\/wp-content\/uploads\/2025\/05\/TORW-photis-45-ratio-.-79.png 1080w\" sizes=\"auto, (max-width: 819px) 100vw, 819px\" \/><\/a><\/p>\n<p><b>Jenna\u00a0Ladd<\/b><\/p>\n<p><span style=\"font-weight: 400;\"><a href=\"https:\/\/www.instagram.com\/jennerladd?utm_source=ig_web_button_share_sheet&amp;igsh=ZDNlZDc0MzIxNw==\">Jenna Ladd<\/a> est une coureuse exp\u00e9riment\u00e9e, une entra\u00eeneuse et la propri\u00e9taire d\u2019une petite entreprise profond\u00e9ment ancr\u00e9e dans la communaut\u00e9 active d\u2019Ottawa.<\/span><\/p>\n<p><span style=\"font-weight: 400;\">En tant que propri\u00e9taire d\u2019une petite entreprise, Jenna dirige des athl\u00e8tes locaux et leur donne les moyens d\u2019agir depuis 2015. Elle se concentre sur l\u2019entra\u00eenement musculaire, la course, le cyclisme et la flexibilit\u00e9. Forte de ses 18\u00a0ann\u00e9es d\u2019exp\u00e9rience en tant qu\u2019entra\u00eeneur et de plusieurs d\u00e9cennies \u00e0 participer \u00e0 des \u00e9v\u00e9nements d\u2019endurance, Jenna a une expertise professionnelle et une passion personnelle pour les sports. Elle est fi\u00e8re de demeurer \u00e0 Ottawa et elle conna\u00eet le parcours des \u00e9preuves de la Fin de semaine des courses Tamarack d\u2019Ottawa par c\u0153ur. En effet, elle l\u2019a foul\u00e9, elle a entra\u00een\u00e9 des athl\u00e8tes qui l\u2019ont emprunt\u00e9, elle a \u00e9t\u00e9 un lapin de cadence pour l\u2019\u00e9v\u00e9nement et elle y encourage les participants depuis 2000.<\/span><\/p>\n<p><span style=\"font-weight: 400;\">En tant que membre de l\u2019\u00e9quipe de diffusion de la Fin de semaine des courses Tamarack d\u2019Ottawa, elle apportera une perspective locale, un point de vue d\u2019athl\u00e8te et l\u2019\u0153il d\u2019une entra\u00eeneuse \u00e0 chaque kilom\u00e8tre. Jenna est aussi une maman\u00a0: elle sait donc comment jongler avec la vie personnelle, le travail et l\u2019entra\u00eenement. Elle inspire les autres gr\u00e2ce \u00e0 sa force et son intentionnalit\u00e9.<\/span><\/p>\n<p>&nbsp;<\/p>\n<p><a href=\"https:\/\/www.runottawa.ca\/wp-content\/uploads\/2025\/05\/TORW-photis-45-ratio-.-78.png\"><img loading=\"lazy\" decoding=\"async\" class=\"alignnone wp-image-42534 size-large\" src=\"https:\/\/www.runottawa.ca\/wp-content\/uploads\/2025\/05\/TORW-photis-45-ratio-.-78-819x1024.png\" alt=\"\" width=\"819\" height=\"1024\" srcset=\"https:\/\/www.runottawa.ca\/wp-content\/uploads\/2025\/05\/TORW-photis-45-ratio-.-78-819x1024.png 819w, https:\/\/www.runottawa.ca\/wp-content\/uploads\/2025\/05\/TORW-photis-45-ratio-.-78-240x300.png 240w, https:\/\/www.runottawa.ca\/wp-content\/uploads\/2025\/05\/TORW-photis-45-ratio-.-78-768x960.png 768w, https:\/\/www.runottawa.ca\/wp-content\/uploads\/2025\/05\/TORW-photis-45-ratio-.-78.png 1080w\" sizes=\"auto, (max-width: 819px) 100vw, 819px\" \/><\/a><\/p>\n<p><b>Reid\u00a0Coolsaet<\/b><\/p>\n<p><span style=\"font-weight: 400;\"><a href=\"https:\/\/www.instagram.com\/reidcoolsaet?utm_source=ig_web_button_share_sheet&amp;igsh=ZDNlZDc0MzIxNw==\">Reid Coolsaet<\/a> est l\u2019un des coureurs de fond canadiens les plus accomplis et une voix respect\u00e9e du monde du sport.<\/span><\/p>\n<p><span style=\"font-weight: 400;\">Il a particip\u00e9 \u00e0 l\u2019\u00e9preuve <\/span><span style=\"font-weight: 400;\">du <\/span><a href=\"https:\/\/olympique.ca\/team-canada\/reid-coolsaet\/\"><span style=\"font-weight: 400;\">marathon lors de deux Jeux olympiques<\/span><\/a><span style=\"font-weight: 400;\"> (\u00e0 Londres en 2012 et \u00e0 Rio en 2016). Il a aussi repr\u00e9sent\u00e9 le Canada sur la <\/span><a href=\"https:\/\/worldathletics.org\/athletes\/canada\/reid-coolsaet-14174428\"><span style=\"font-weight: 400;\">sc\u00e8ne internationale<\/span><\/a><span style=\"font-weight: 400;\"> aux \u00e9preuves de 5\u2009000\u00a0m, de 10\u2009000\u00a0m et au marathon. Reid d\u00e9tient plusieurs titres nationaux, est class\u00e9 au deuxi\u00e8me rang des marathoniens les plus rapides de l\u2019histoire du Canada (<\/span><a href=\"https:\/\/www.cbc.ca\/sports\/olympics\/summer\/trackandfield\/reid-coolsaet-berlin-marathon-1.3245781\"><span style=\"font-weight: 400;\">2:10:28<\/span><\/a><span style=\"font-weight: 400;\">)<\/span><span style=\"font-weight: 400;\"> et a particip\u00e9 \u00e0 des \u00e9preuves internationales en cross-country et sur route.<\/span><\/p>\n<p><span style=\"font-weight: 400;\">Reconnu pour son approche r\u00e9fl\u00e9chie et ses connaissances approfondies sur la course de fond, Reid a fait une transition r\u00e9ussie du statut de coureur professionnel au r\u00f4le d\u2019analyste et d\u2019entra\u00eeneur. Il apporte son exp\u00e9rience personnelle, sa capacit\u00e9 d\u2019analyse pointue et sa perspective d\u2019athl\u00e8te au groupe d\u2019animateurs.<\/span><\/p>\n<p><span style=\"font-weight: 400;\">Reid peut expliquer les strat\u00e9gies de course et il aime raconter des anecdotes int\u00e9ressantes. Il sait rejoindre les coureurs de tous les niveaux, et sa passion pour le sport est ind\u00e9niable.<\/span><\/p>\n","protected":false},"excerpt":{"rendered":"<p>Regardez toute l&rsquo;excitation de la Fin de semaine des courses Tamarack Ottawa ! La course d&rsquo;\u00e9lite du Marathon international d&rsquo;Ottawa et les Championnats canadiens du 10 km d&rsquo;Athl\u00e9tisme Canada ont \u00e9t\u00e9 diffus\u00e9s en direct sur youtube et AthleticsCanada.TV. Le 24 mai, 18h00 Le 10K d\u2019Ottawa present\u00e9 par Otto\u2019s Ottawa (anglais) [&hellip;]<\/p>\n","protected":false},"author":33,"featured_media":0,"parent":0,"menu_order":89,"comment_status":"closed","ping_status":"closed","template":"","meta":{"_acf_changed":false,"footnotes":""},"class_list":["post-33337","page","type-page","status-publish","hentry"],"acf":[],"yoast_head":"<!-- This site is optimized with the Yoast SEO plugin v27.4 - https:\/\/yoast.com\/product\/yoast-seo-wordpress\/ -->\n<title>Retransmission en direct de la Fin de semaine des courses d\u2019Ottawa Tamarack 2025 - Run Ottawa<\/title>\n<meta name=\"robots\" content=\"index, follow, max-snippet:-1, max-image-preview:large, max-video-preview:-1\" \/>\n<link rel=\"canonical\" href=\"https:\/\/www.runottawa.ca\/fr\/retransmission-en-direct-de-la-fin-de-semaine-des-courses-dottawa-tamarack\/\" \/>\n<meta name=\"twitter:label1\" content=\"Dur\u00e9e de lecture estim\u00e9e\" \/>\n\t<meta name=\"twitter:data1\" content=\"4 minutes\" \/>\n<script type=\"application\/ld+json\" class=\"yoast-schema-graph\">{\"@context\":\"https:\\\/\\\/schema.org\",\"@graph\":[{\"@type\":\"WebPage\",\"@id\":\"https:\\\/\\\/www.runottawa.ca\\\/fr\\\/retransmission-en-direct-de-la-fin-de-semaine-des-courses-dottawa-tamarack\\\/\",\"url\":\"https:\\\/\\\/www.runottawa.ca\\\/fr\\\/retransmission-en-direct-de-la-fin-de-semaine-des-courses-dottawa-tamarack\\\/\",\"name\":\"Retransmission en direct de la Fin de semaine des courses d\u2019Ottawa Tamarack 2025 - Run Ottawa\",\"isPartOf\":{\"@id\":\"https:\\\/\\\/www.runottawa.ca\\\/fr\\\/#website\"},\"datePublished\":\"2022-05-26T14:38:13+00:00\",\"dateModified\":\"2025-05-21T20:27:24+00:00\",\"breadcrumb\":{\"@id\":\"https:\\\/\\\/www.runottawa.ca\\\/fr\\\/retransmission-en-direct-de-la-fin-de-semaine-des-courses-dottawa-tamarack\\\/#breadcrumb\"},\"inLanguage\":\"fr-FR\",\"potentialAction\":[{\"@type\":\"ReadAction\",\"target\":[\"https:\\\/\\\/www.runottawa.ca\\\/fr\\\/retransmission-en-direct-de-la-fin-de-semaine-des-courses-dottawa-tamarack\\\/\"]}]},{\"@type\":\"BreadcrumbList\",\"@id\":\"https:\\\/\\\/www.runottawa.ca\\\/fr\\\/retransmission-en-direct-de-la-fin-de-semaine-des-courses-dottawa-tamarack\\\/#breadcrumb\",\"itemListElement\":[{\"@type\":\"ListItem\",\"position\":1,\"name\":\"Home\",\"item\":\"https:\\\/\\\/www.runottawa.ca\\\/fr\\\/\"},{\"@type\":\"ListItem\",\"position\":2,\"name\":\"Retransmission en direct de la Fin de semaine des courses d\u2019Ottawa Tamarack 2025\"}]},{\"@type\":\"WebSite\",\"@id\":\"https:\\\/\\\/www.runottawa.ca\\\/fr\\\/#website\",\"url\":\"https:\\\/\\\/www.runottawa.ca\\\/fr\\\/\",\"name\":\"Run Ottawa\",\"description\":\"\",\"potentialAction\":[{\"@type\":\"SearchAction\",\"target\":{\"@type\":\"EntryPoint\",\"urlTemplate\":\"https:\\\/\\\/www.runottawa.ca\\\/fr\\\/?s={search_term_string}\"},\"query-input\":{\"@type\":\"PropertyValueSpecification\",\"valueRequired\":true,\"valueName\":\"search_term_string\"}}],\"inLanguage\":\"fr-FR\"}]}<\/script>\n<!-- \/ Yoast SEO plugin. -->","yoast_head_json":{"title":"Retransmission en direct de la Fin de semaine des courses d\u2019Ottawa Tamarack 2025 - Run Ottawa","robots":{"index":"index","follow":"follow","max-snippet":"max-snippet:-1","max-image-preview":"max-image-preview:large","max-video-preview":"max-video-preview:-1"},"canonical":"https:\/\/www.runottawa.ca\/fr\/retransmission-en-direct-de-la-fin-de-semaine-des-courses-dottawa-tamarack\/","twitter_misc":{"Dur\u00e9e de lecture estim\u00e9e":"4 minutes"},"schema":{"@context":"https:\/\/schema.org","@graph":[{"@type":"WebPage","@id":"https:\/\/www.runottawa.ca\/fr\/retransmission-en-direct-de-la-fin-de-semaine-des-courses-dottawa-tamarack\/","url":"https:\/\/www.runottawa.ca\/fr\/retransmission-en-direct-de-la-fin-de-semaine-des-courses-dottawa-tamarack\/","name":"Retransmission en direct de la Fin de semaine des courses d\u2019Ottawa Tamarack 2025 - Run Ottawa","isPartOf":{"@id":"https:\/\/www.runottawa.ca\/fr\/#website"},"datePublished":"2022-05-26T14:38:13+00:00","dateModified":"2025-05-21T20:27:24+00:00","breadcrumb":{"@id":"https:\/\/www.runottawa.ca\/fr\/retransmission-en-direct-de-la-fin-de-semaine-des-courses-dottawa-tamarack\/#breadcrumb"},"inLanguage":"fr-FR","potentialAction":[{"@type":"ReadAction","target":["https:\/\/www.runottawa.ca\/fr\/retransmission-en-direct-de-la-fin-de-semaine-des-courses-dottawa-tamarack\/"]}]},{"@type":"BreadcrumbList","@id":"https:\/\/www.runottawa.ca\/fr\/retransmission-en-direct-de-la-fin-de-semaine-des-courses-dottawa-tamarack\/#breadcrumb","itemListElement":[{"@type":"ListItem","position":1,"name":"Home","item":"https:\/\/www.runottawa.ca\/fr\/"},{"@type":"ListItem","position":2,"name":"Retransmission en direct de la Fin de semaine des courses d\u2019Ottawa Tamarack 2025"}]},{"@type":"WebSite","@id":"https:\/\/www.runottawa.ca\/fr\/#website","url":"https:\/\/www.runottawa.ca\/fr\/","name":"Run Ottawa","description":"","potentialAction":[{"@type":"SearchAction","target":{"@type":"EntryPoint","urlTemplate":"https:\/\/www.runottawa.ca\/fr\/?s={search_term_string}"},"query-input":{"@type":"PropertyValueSpecification","valueRequired":true,"valueName":"search_term_string"}}],"inLanguage":"fr-FR"}]}},"_links":{"self":[{"href":"https:\/\/www.runottawa.ca\/fr\/wp-json\/wp\/v2\/pages\/33337","targetHints":{"allow":["GET"]}}],"collection":[{"href":"https:\/\/www.runottawa.ca\/fr\/wp-json\/wp\/v2\/pages"}],"about":[{"href":"https:\/\/www.runottawa.ca\/fr\/wp-json\/wp\/v2\/types\/page"}],"author":[{"embeddable":true,"href":"https:\/\/www.runottawa.ca\/fr\/wp-json\/wp\/v2\/users\/33"}],"replies":[{"embeddable":true,"href":"https:\/\/www.runottawa.ca\/fr\/wp-json\/wp\/v2\/comments?post=33337"}],"version-history":[{"count":10,"href":"https:\/\/www.runottawa.ca\/fr\/wp-json\/wp\/v2\/pages\/33337\/revisions"}],"predecessor-version":[{"id":42661,"href":"https:\/\/www.runottawa.ca\/fr\/wp-json\/wp\/v2\/pages\/33337\/revisions\/42661"}],"wp:attachment":[{"href":"https:\/\/www.runottawa.ca\/fr\/wp-json\/wp\/v2\/media?parent=33337"}],"curies":[{"name":"wp","href":"https:\/\/api.w.org\/{rel}","templated":true}]}}