{"id":31224,"date":"2022-02-11T16:51:28","date_gmt":"2022-02-11T21:51:28","guid":{"rendered":"https:\/\/www.runottawa.ca\/?page_id=31224"},"modified":"2025-10-26T17:23:59","modified_gmt":"2025-10-26T21:23:59","slug":"bougez-avec-nous","status":"publish","type":"page","link":"https:\/\/www.runottawa.ca\/fr\/bougez-avec-nous\/","title":{"rendered":"Bougez avec nous"},"content":{"rendered":"<h2><strong>Devenez membre de l\u2019Escouade active d\u2019Otto\u2019s Ottawa!<\/strong><\/h2>\n<p><span style=\"font-weight: 400;\">Nous acceptons maintenant les candidatures pour l\u2019Escouade active d\u2019Otto\u2019s\u00a0Ottawa de 2026! Voici l\u2019occasion de faire partie d\u2019une \u00e9quipe dynamique et inclusive d\u2019ambassadeurs de la Fin de semaine des courses Tamarack d\u2019Ottawa.<\/span><\/p>\n<p><strong>Qu\u2019est-ce que l\u2019Escouade active d\u2019Otto\u2019s\u00a0Ottawa?<\/strong><\/p>\n<p><span style=\"font-weight: 400;\">L\u2019Escouade active d\u2019Otto\u2019s Ottawa est un groupe diversifi\u00e9 de personnes enthousiastes qui repr\u00e9sentent tous les aspects du mouvement. Les membres utilisent leurs plateformes pour inspirer et motiver les autres. Ils font part de leurs exp\u00e9riences d\u2019entra\u00eenement, de leurs conseils pour le jour de la course, de leurs pratiques de r\u00e9cup\u00e9ration pr\u00e9f\u00e9r\u00e9es, et de leur enthousiasme pour la Fin de semaine des courses Tamarack d\u2019Ottawa.<\/span><\/p>\n<p><span style=\"font-weight: 400;\">En tant que membre de l\u2019Escouade active d\u2019Otto\u2019s\u00a0Ottawa de 2026, vous ferez partie d\u2019un groupe accueillant et solidaire d\u2019ambassadeurs de toutes capacit\u00e9s. Vous aurez l\u2019occasion de tisser des liens avec votre communaut\u00e9 lors d\u2019\u00e9v\u00e9nements sp\u00e9ciaux, ce qui aidera \u00e0 inspirer des milliers de participants qui se pr\u00e9parent pour la Fin de semaine des courses Tamarack d\u2019Ottawa. De plus, vous recevrez des articles et des avantages exclusifs de l\u2019Escouade active d\u2019Otto\u2019s\u00a0Ottawa.\u00a0<\/span><\/p>\n<p><strong>Instructions pour soumettre votre candidature<\/strong><\/p>\n<p><span style=\"font-weight: 400;\">Les candidatures sont maintenant compl\u00e8tes, merci \u00e0 tous ceux qui ont postul\u00e9. Durant la semaine du 3 novembre, les candidats seront inform\u00e9s des prochaines \u00e9tapes.<\/span><\/p>\n<p><span style=\"font-weight: 400;\">Montrez votre enthousiasme, racontez votre histoire, et contribuez au dynamisme de la Fin de semaine des courses Tamarack d\u2019Ottawa de 2026.<\/span><\/p>\n","protected":false},"excerpt":{"rendered":"<p>Devenez membre de l\u2019Escouade active d\u2019Otto\u2019s Ottawa! Nous acceptons maintenant les candidatures pour l\u2019Escouade active d\u2019Otto\u2019s\u00a0Ottawa de 2026! Voici l\u2019occasion de faire partie d\u2019une \u00e9quipe dynamique et inclusive d\u2019ambassadeurs de la Fin de semaine des courses Tamarack d\u2019Ottawa. Qu\u2019est-ce que l\u2019Escouade active d\u2019Otto\u2019s\u00a0Ottawa? L\u2019Escouade active d\u2019Otto\u2019s Ottawa est un groupe [&hellip;]<\/p>\n","protected":false},"author":33,"featured_media":0,"parent":0,"menu_order":103,"comment_status":"closed","ping_status":"closed","template":"","meta":{"_acf_changed":false,"footnotes":""},"class_list":["post-31224","page","type-page","status-publish","hentry"],"acf":[],"yoast_head":"<!-- This site is optimized with the Yoast SEO plugin v27.5 - https:\/\/yoast.com\/product\/yoast-seo-wordpress\/ -->\n<title>Bougez avec nous - Run Ottawa<\/title>\n<meta name=\"robots\" content=\"index, follow, max-snippet:-1, max-image-preview:large, max-video-preview:-1\" \/>\n<link rel=\"canonical\" href=\"https:\/\/www.runottawa.ca\/fr\/bougez-avec-nous\/\" \/>\n<meta name=\"twitter:label1\" content=\"Dur\u00e9e de lecture estim\u00e9e\" \/>\n\t<meta name=\"twitter:data1\" content=\"2 minutes\" \/>\n<script type=\"application\/ld+json\" class=\"yoast-schema-graph\">{\"@context\":\"https:\\\/\\\/schema.org\",\"@graph\":[{\"@type\":\"WebPage\",\"@id\":\"https:\\\/\\\/www.runottawa.ca\\\/fr\\\/bougez-avec-nous\\\/\",\"url\":\"https:\\\/\\\/www.runottawa.ca\\\/fr\\\/bougez-avec-nous\\\/\",\"name\":\"Bougez avec nous - Run Ottawa\",\"isPartOf\":{\"@id\":\"https:\\\/\\\/www.runottawa.ca\\\/fr\\\/#website\"},\"datePublished\":\"2022-02-11T21:51:28+00:00\",\"dateModified\":\"2025-10-26T21:23:59+00:00\",\"breadcrumb\":{\"@id\":\"https:\\\/\\\/www.runottawa.ca\\\/fr\\\/bougez-avec-nous\\\/#breadcrumb\"},\"inLanguage\":\"fr-FR\",\"potentialAction\":[{\"@type\":\"ReadAction\",\"target\":[\"https:\\\/\\\/www.runottawa.ca\\\/fr\\\/bougez-avec-nous\\\/\"]}]},{\"@type\":\"BreadcrumbList\",\"@id\":\"https:\\\/\\\/www.runottawa.ca\\\/fr\\\/bougez-avec-nous\\\/#breadcrumb\",\"itemListElement\":[{\"@type\":\"ListItem\",\"position\":1,\"name\":\"Home\",\"item\":\"https:\\\/\\\/www.runottawa.ca\\\/fr\\\/\"},{\"@type\":\"ListItem\",\"position\":2,\"name\":\"Bougez avec nous\"}]},{\"@type\":\"WebSite\",\"@id\":\"https:\\\/\\\/www.runottawa.ca\\\/fr\\\/#website\",\"url\":\"https:\\\/\\\/www.runottawa.ca\\\/fr\\\/\",\"name\":\"Run Ottawa\",\"description\":\"\",\"potentialAction\":[{\"@type\":\"SearchAction\",\"target\":{\"@type\":\"EntryPoint\",\"urlTemplate\":\"https:\\\/\\\/www.runottawa.ca\\\/fr\\\/?s={search_term_string}\"},\"query-input\":{\"@type\":\"PropertyValueSpecification\",\"valueRequired\":true,\"valueName\":\"search_term_string\"}}],\"inLanguage\":\"fr-FR\"}]}<\/script>\n<!-- \/ Yoast SEO plugin. -->","yoast_head_json":{"title":"Bougez avec nous - Run Ottawa","robots":{"index":"index","follow":"follow","max-snippet":"max-snippet:-1","max-image-preview":"max-image-preview:large","max-video-preview":"max-video-preview:-1"},"canonical":"https:\/\/www.runottawa.ca\/fr\/bougez-avec-nous\/","twitter_misc":{"Dur\u00e9e de lecture estim\u00e9e":"2 minutes"},"schema":{"@context":"https:\/\/schema.org","@graph":[{"@type":"WebPage","@id":"https:\/\/www.runottawa.ca\/fr\/bougez-avec-nous\/","url":"https:\/\/www.runottawa.ca\/fr\/bougez-avec-nous\/","name":"Bougez avec nous - Run Ottawa","isPartOf":{"@id":"https:\/\/www.runottawa.ca\/fr\/#website"},"datePublished":"2022-02-11T21:51:28+00:00","dateModified":"2025-10-26T21:23:59+00:00","breadcrumb":{"@id":"https:\/\/www.runottawa.ca\/fr\/bougez-avec-nous\/#breadcrumb"},"inLanguage":"fr-FR","potentialAction":[{"@type":"ReadAction","target":["https:\/\/www.runottawa.ca\/fr\/bougez-avec-nous\/"]}]},{"@type":"BreadcrumbList","@id":"https:\/\/www.runottawa.ca\/fr\/bougez-avec-nous\/#breadcrumb","itemListElement":[{"@type":"ListItem","position":1,"name":"Home","item":"https:\/\/www.runottawa.ca\/fr\/"},{"@type":"ListItem","position":2,"name":"Bougez avec nous"}]},{"@type":"WebSite","@id":"https:\/\/www.runottawa.ca\/fr\/#website","url":"https:\/\/www.runottawa.ca\/fr\/","name":"Run Ottawa","description":"","potentialAction":[{"@type":"SearchAction","target":{"@type":"EntryPoint","urlTemplate":"https:\/\/www.runottawa.ca\/fr\/?s={search_term_string}"},"query-input":{"@type":"PropertyValueSpecification","valueRequired":true,"valueName":"search_term_string"}}],"inLanguage":"fr-FR"}]}},"_links":{"self":[{"href":"https:\/\/www.runottawa.ca\/fr\/wp-json\/wp\/v2\/pages\/31224","targetHints":{"allow":["GET"]}}],"collection":[{"href":"https:\/\/www.runottawa.ca\/fr\/wp-json\/wp\/v2\/pages"}],"about":[{"href":"https:\/\/www.runottawa.ca\/fr\/wp-json\/wp\/v2\/types\/page"}],"author":[{"embeddable":true,"href":"https:\/\/www.runottawa.ca\/fr\/wp-json\/wp\/v2\/users\/33"}],"replies":[{"embeddable":true,"href":"https:\/\/www.runottawa.ca\/fr\/wp-json\/wp\/v2\/comments?post=31224"}],"version-history":[{"count":10,"href":"https:\/\/www.runottawa.ca\/fr\/wp-json\/wp\/v2\/pages\/31224\/revisions"}],"predecessor-version":[{"id":43445,"href":"https:\/\/www.runottawa.ca\/fr\/wp-json\/wp\/v2\/pages\/31224\/revisions\/43445"}],"wp:attachment":[{"href":"https:\/\/www.runottawa.ca\/fr\/wp-json\/wp\/v2\/media?parent=31224"}],"curies":[{"name":"wp","href":"https:\/\/api.w.org\/{rel}","templated":true}]}}