{"id":29268,"date":"2021-05-01T20:39:35","date_gmt":"2021-05-02T00:39:35","guid":{"rendered":"https:\/\/www.runottawa.ca\/?page_id=29268"},"modified":"2021-05-03T08:07:27","modified_gmt":"2021-05-03T12:07:27","slug":"lexperience","status":"publish","type":"page","link":"https:\/\/www.runottawa.ca\/fr\/lexperience\/","title":{"rendered":"L&rsquo;experience"},"content":{"rendered":"<p><a href=\"https:\/\/www.runottawa.ca\/fr\/telechargez-lapplication-de-la-fin-de-semaine-des-courses\">T\u00e9l\u00e9chargez l&rsquo;application de la Fin de semaines des courses Tamarack d&rsquo;Ottawa<\/a><\/p>\n<p><a href=\"https:\/\/www.runottawa.ca\/fr\/motigo-invitez-vos-plus-grands-supporters-a-devenir-votre-equipe-dencouragement-personnelle\">Motigo<\/a><\/p>\n<p><a href=\"https:\/\/open.spotify.com\/user\/tklqzr6g5gx9svrqt5ynlj40m\">Spotify<\/a><\/p>\n<p><a href=\"https:\/\/youtube.com\/playlist?list=PLgRML10d7fmYYe-3JSl0VxglldavF-H25\" target=\"_blank\" rel=\"noopener noreferrer\">S\u00e9rie de videos \u00abSpeedwork\u00bb<\/a><\/p>\n<p><a href=\"https:\/\/youtube.com\/playlist?list=PLgRML10d7fmZhcZQbG9uUvm2eTOcJV1pM\">S\u00e9rie de videos pour enfants<\/a><\/p>\n<p><a href=\"https:\/\/run-ottawa.myshopify.com\/collections\/apparel\">V\u00eatements 2021<\/a><\/p>\n<p>&nbsp;<\/p>\n","protected":false},"excerpt":{"rendered":"<p>T\u00e9l\u00e9chargez l&rsquo;application de la Fin de semaines des courses Tamarack d&rsquo;Ottawa Motigo Spotify S\u00e9rie de videos \u00abSpeedwork\u00bb S\u00e9rie de videos pour enfants V\u00eatements 2021 &nbsp;<\/p>\n","protected":false},"author":29,"featured_media":0,"parent":0,"menu_order":112,"comment_status":"closed","ping_status":"closed","template":"","meta":{"_acf_changed":false,"footnotes":""},"class_list":["post-29268","page","type-page","status-publish","hentry"],"acf":[],"yoast_head":"<!-- This site is optimized with the Yoast SEO plugin v27.4 - https:\/\/yoast.com\/product\/yoast-seo-wordpress\/ -->\n<title>L&#039;experience - Run Ottawa<\/title>\n<meta name=\"robots\" content=\"index, follow, max-snippet:-1, max-image-preview:large, max-video-preview:-1\" \/>\n<link rel=\"canonical\" href=\"https:\/\/www.runottawa.ca\/fr\/lexperience\/\" \/>\n<script type=\"application\/ld+json\" class=\"yoast-schema-graph\">{\"@context\":\"https:\\\/\\\/schema.org\",\"@graph\":[{\"@type\":\"WebPage\",\"@id\":\"https:\\\/\\\/www.runottawa.ca\\\/fr\\\/lexperience\\\/\",\"url\":\"https:\\\/\\\/www.runottawa.ca\\\/fr\\\/lexperience\\\/\",\"name\":\"L'experience - Run Ottawa\",\"isPartOf\":{\"@id\":\"https:\\\/\\\/www.runottawa.ca\\\/fr\\\/#website\"},\"datePublished\":\"2021-05-02T00:39:35+00:00\",\"dateModified\":\"2021-05-03T12:07:27+00:00\",\"breadcrumb\":{\"@id\":\"https:\\\/\\\/www.runottawa.ca\\\/fr\\\/lexperience\\\/#breadcrumb\"},\"inLanguage\":\"fr-FR\",\"potentialAction\":[{\"@type\":\"ReadAction\",\"target\":[\"https:\\\/\\\/www.runottawa.ca\\\/fr\\\/lexperience\\\/\"]}]},{\"@type\":\"BreadcrumbList\",\"@id\":\"https:\\\/\\\/www.runottawa.ca\\\/fr\\\/lexperience\\\/#breadcrumb\",\"itemListElement\":[{\"@type\":\"ListItem\",\"position\":1,\"name\":\"Home\",\"item\":\"https:\\\/\\\/www.runottawa.ca\\\/fr\\\/\"},{\"@type\":\"ListItem\",\"position\":2,\"name\":\"L&rsquo;experience\"}]},{\"@type\":\"WebSite\",\"@id\":\"https:\\\/\\\/www.runottawa.ca\\\/fr\\\/#website\",\"url\":\"https:\\\/\\\/www.runottawa.ca\\\/fr\\\/\",\"name\":\"Run Ottawa\",\"description\":\"\",\"potentialAction\":[{\"@type\":\"SearchAction\",\"target\":{\"@type\":\"EntryPoint\",\"urlTemplate\":\"https:\\\/\\\/www.runottawa.ca\\\/fr\\\/?s={search_term_string}\"},\"query-input\":{\"@type\":\"PropertyValueSpecification\",\"valueRequired\":true,\"valueName\":\"search_term_string\"}}],\"inLanguage\":\"fr-FR\"}]}<\/script>\n<!-- \/ Yoast SEO plugin. -->","yoast_head_json":{"title":"L'experience - Run Ottawa","robots":{"index":"index","follow":"follow","max-snippet":"max-snippet:-1","max-image-preview":"max-image-preview:large","max-video-preview":"max-video-preview:-1"},"canonical":"https:\/\/www.runottawa.ca\/fr\/lexperience\/","schema":{"@context":"https:\/\/schema.org","@graph":[{"@type":"WebPage","@id":"https:\/\/www.runottawa.ca\/fr\/lexperience\/","url":"https:\/\/www.runottawa.ca\/fr\/lexperience\/","name":"L'experience - Run Ottawa","isPartOf":{"@id":"https:\/\/www.runottawa.ca\/fr\/#website"},"datePublished":"2021-05-02T00:39:35+00:00","dateModified":"2021-05-03T12:07:27+00:00","breadcrumb":{"@id":"https:\/\/www.runottawa.ca\/fr\/lexperience\/#breadcrumb"},"inLanguage":"fr-FR","potentialAction":[{"@type":"ReadAction","target":["https:\/\/www.runottawa.ca\/fr\/lexperience\/"]}]},{"@type":"BreadcrumbList","@id":"https:\/\/www.runottawa.ca\/fr\/lexperience\/#breadcrumb","itemListElement":[{"@type":"ListItem","position":1,"name":"Home","item":"https:\/\/www.runottawa.ca\/fr\/"},{"@type":"ListItem","position":2,"name":"L&rsquo;experience"}]},{"@type":"WebSite","@id":"https:\/\/www.runottawa.ca\/fr\/#website","url":"https:\/\/www.runottawa.ca\/fr\/","name":"Run Ottawa","description":"","potentialAction":[{"@type":"SearchAction","target":{"@type":"EntryPoint","urlTemplate":"https:\/\/www.runottawa.ca\/fr\/?s={search_term_string}"},"query-input":{"@type":"PropertyValueSpecification","valueRequired":true,"valueName":"search_term_string"}}],"inLanguage":"fr-FR"}]}},"_links":{"self":[{"href":"https:\/\/www.runottawa.ca\/fr\/wp-json\/wp\/v2\/pages\/29268","targetHints":{"allow":["GET"]}}],"collection":[{"href":"https:\/\/www.runottawa.ca\/fr\/wp-json\/wp\/v2\/pages"}],"about":[{"href":"https:\/\/www.runottawa.ca\/fr\/wp-json\/wp\/v2\/types\/page"}],"author":[{"embeddable":true,"href":"https:\/\/www.runottawa.ca\/fr\/wp-json\/wp\/v2\/users\/29"}],"replies":[{"embeddable":true,"href":"https:\/\/www.runottawa.ca\/fr\/wp-json\/wp\/v2\/comments?post=29268"}],"version-history":[{"count":3,"href":"https:\/\/www.runottawa.ca\/fr\/wp-json\/wp\/v2\/pages\/29268\/revisions"}],"predecessor-version":[{"id":29287,"href":"https:\/\/www.runottawa.ca\/fr\/wp-json\/wp\/v2\/pages\/29268\/revisions\/29287"}],"wp:attachment":[{"href":"https:\/\/www.runottawa.ca\/fr\/wp-json\/wp\/v2\/media?parent=29268"}],"curies":[{"name":"wp","href":"https:\/\/api.w.org\/{rel}","templated":true}]}}