{"id":2876,"date":"2014-08-27T07:57:22","date_gmt":"2014-08-27T11:57:22","guid":{"rendered":"http:\/\/www.runottawa.ca\/?page_id=2876"},"modified":"2026-03-31T16:41:27","modified_gmt":"2026-03-31T20:41:27","slug":"commanditaires","status":"publish","type":"page","link":"https:\/\/www.runottawa.ca\/fr\/torw\/information\/commanditaires\/","title":{"rendered":"Commanditaires"},"content":{"rendered":"<p>La Fin de semaine des courses\u00a0Tamarack\u00a0d\u2019Ottawa n\u2019est rendue possible que gr\u00e2ce \u00e0 l\u2019appui de l\u2019incroyable \u00e9quipe de commanditaires et de partenaires suivants.<\/p>\n<p>Nous sommes toujours \u00e0 la recherche d\u2019organisations de premier plan pour aider la Fin de semaine des courses <em>Tamarack<\/em> d\u2019Ottawa \u00e0 grandir encore et \u00e0 s\u2019am\u00e9liorer davantage. Si vous \u00eates int\u00e9ress\u00e9s \u00e0 devenir un de nos commanditaires ou partenaires, contactez-nous \u00e0 l\u2019adresse <a href=\"mailto:questions@runottawa.ca\">questions@runottawa.ca<\/a>.<\/p>\n<h2>Commanditaires et partenaires<\/h2>\n<table border=\"0\" cellspacing=\"0\" cellpadding=\"0\">\n<tbody>\n<tr>\n<td class=\"sponsorpagelogos\" valign=\"top\" width=\"177\"><a href=\"https:\/\/tamarackhomes.com\/\"><img loading=\"lazy\" decoding=\"async\" class=\"alignnone size-medium wp-image-44495\" src=\"https:\/\/www.runottawa.ca\/wp-content\/uploads\/2026\/03\/2026-Tamarack-logo-300x78.png\" alt=\"\" width=\"300\" height=\"78\" srcset=\"https:\/\/www.runottawa.ca\/wp-content\/uploads\/2026\/03\/2026-Tamarack-logo-300x78.png 300w, https:\/\/www.runottawa.ca\/wp-content\/uploads\/2026\/03\/2026-Tamarack-logo-1024x265.png 1024w, https:\/\/www.runottawa.ca\/wp-content\/uploads\/2026\/03\/2026-Tamarack-logo-768x199.png 768w, https:\/\/www.runottawa.ca\/wp-content\/uploads\/2026\/03\/2026-Tamarack-logo.png 1052w\" sizes=\"auto, (max-width: 300px) 100vw, 300px\" \/><\/a><\/td>\n<td class=\"sponsorpagesummary\">Commanditaire principal de la Fin de semaine des courses Tamarack d\u2019Ottawa et du Marathon international d\u2019Ottawa Tamarack Homes<\/td>\n<\/tr>\n<tr>\n<td class=\"sponsorpagelogos\" valign=\"top\" width=\"177\"><a href=\"https:\/\/www.desjardins.com\/qc\/fr.html\"><img loading=\"lazy\" decoding=\"async\" class=\"alignnone size-medium wp-image-41892\" src=\"https:\/\/www.runottawa.ca\/wp-content\/uploads\/2025\/04\/6-1-1-300x175.png\" alt=\"\" width=\"300\" height=\"175\" srcset=\"https:\/\/www.runottawa.ca\/wp-content\/uploads\/2025\/04\/6-1-1-300x175.png 300w, https:\/\/www.runottawa.ca\/wp-content\/uploads\/2025\/04\/6-1-1.png 356w\" sizes=\"auto, (max-width: 300px) 100vw, 300px\" \/><\/a><\/td>\n<td class=\"sponsorpagesummary\">Partenaire financier et d&rsquo;assurance officiel de Courez Ottawa et de la Fin de semaine des courses d&rsquo;Ottawa Tamarack, commanditaire en titre du programme de bienfaisance de la Fin de semaine des courses d&rsquo;Ottawa Tamarack et commanditaire principal du Demi-marathon d&rsquo;Ottawa<\/td>\n<\/tr>\n<tr>\n<td class=\"sponsorpagelogos\" valign=\"top\" width=\"177\"><a href=\"https:\/\/www.subaruottawa.ca\/en\"><img loading=\"lazy\" decoding=\"async\" class=\"alignnone size-medium wp-image-44042\" src=\"https:\/\/www.runottawa.ca\/wp-content\/uploads\/2026\/01\/ottos_BMW-Subaru_logos-RunOttawa-8-1-300x113.png\" alt=\"\" width=\"300\" height=\"113\" srcset=\"https:\/\/www.runottawa.ca\/wp-content\/uploads\/2026\/01\/ottos_BMW-Subaru_logos-RunOttawa-8-1-300x113.png 300w, https:\/\/www.runottawa.ca\/wp-content\/uploads\/2026\/01\/ottos_BMW-Subaru_logos-RunOttawa-8-1-1024x384.png 1024w, https:\/\/www.runottawa.ca\/wp-content\/uploads\/2026\/01\/ottos_BMW-Subaru_logos-RunOttawa-8-1-768x288.png 768w, https:\/\/www.runottawa.ca\/wp-content\/uploads\/2026\/01\/ottos_BMW-Subaru_logos-RunOttawa-8-1.png 1200w\" sizes=\"auto, (max-width: 300px) 100vw, 300px\" \/><\/a><\/td>\n<td class=\"sponsorpagesummary\">Partenaire automobile officiel de la Fin de semaine des courses Tamarack d&rsquo;Ottawa et de Courez Ottawa, et commanditaire principal du 10 km d&rsquo;Ottawa, o\u00f9 se d\u00e9roulent les Championnats canadiens du 10 km<\/td>\n<\/tr>\n<tr>\n<td class=\"sponsorpagelogos\" valign=\"top\" width=\"177\"><a href=\"https:\/\/www.bmwottos.ca\/\"><img loading=\"lazy\" decoding=\"async\" class=\"alignnone size-medium wp-image-44040\" src=\"https:\/\/www.runottawa.ca\/wp-content\/uploads\/2026\/01\/ottos_BMW-Subaru_logos-RunOttawa-4-1-300x113.png\" alt=\"\" width=\"300\" height=\"113\" srcset=\"https:\/\/www.runottawa.ca\/wp-content\/uploads\/2026\/01\/ottos_BMW-Subaru_logos-RunOttawa-4-1-300x113.png 300w, https:\/\/www.runottawa.ca\/wp-content\/uploads\/2026\/01\/ottos_BMW-Subaru_logos-RunOttawa-4-1-1024x384.png 1024w, https:\/\/www.runottawa.ca\/wp-content\/uploads\/2026\/01\/ottos_BMW-Subaru_logos-RunOttawa-4-1-768x288.png 768w, https:\/\/www.runottawa.ca\/wp-content\/uploads\/2026\/01\/ottos_BMW-Subaru_logos-RunOttawa-4-1.png 1200w\" sizes=\"auto, (max-width: 300px) 100vw, 300px\" \/><\/a><\/td>\n<td class=\"sponsorpagesummary\">Partenaire automobile officiel de la Fin de semaine des courses Tamarack d&rsquo;Ottawa et de Courez Ottawa, et commanditaire principal du 10 km d&rsquo;Ottawa, o\u00f9 se d\u00e9roulent les Championnats canadiens du 10 km<\/td>\n<\/tr>\n<tr>\n<td class=\"sponsorpagelogos\" valign=\"top\" width=\"177\"><a href=\"https:\/\/www.moveradio.ca\/ottawa.html\"><img loading=\"lazy\" decoding=\"async\" class=\"alignnone size-medium wp-image-41916\" src=\"https:\/\/www.runottawa.ca\/wp-content\/uploads\/2025\/04\/16-300x175.png\" alt=\"\" width=\"300\" height=\"175\" srcset=\"https:\/\/www.runottawa.ca\/wp-content\/uploads\/2025\/04\/16-300x175.png 300w, https:\/\/www.runottawa.ca\/wp-content\/uploads\/2025\/04\/16.png 356w\" sizes=\"auto, (max-width: 300px) 100vw, 300px\" \/><\/a><\/td>\n<td class=\"sponsorpagesummary\">Partenaire m\u00e9diatique officiel de la Fin de semaine des courses d&rsquo;Ottawa Tamarack<\/td>\n<\/tr>\n<tr>\n<td class=\"sponsorpagelogos\" valign=\"top\" width=\"177\"><a href=\"https:\/\/www.tsn.ca\/radio\/ottawa-1200\/\"><img loading=\"lazy\" decoding=\"async\" class=\"alignnone size-medium wp-image-41876\" src=\"https:\/\/www.runottawa.ca\/wp-content\/uploads\/2025\/04\/2-1-300x175.png\" alt=\"\" width=\"300\" height=\"175\" srcset=\"https:\/\/www.runottawa.ca\/wp-content\/uploads\/2025\/04\/2-1-300x175.png 300w, https:\/\/www.runottawa.ca\/wp-content\/uploads\/2025\/04\/2-1.png 356w\" sizes=\"auto, (max-width: 300px) 100vw, 300px\" \/><\/a><\/td>\n<td class=\"sponsorpagesummary\">Partenaire m\u00e9diatique officiel de la Fin de semaine des courses d&rsquo;Ottawa Tamarack<\/td>\n<\/tr>\n<tr>\n<td class=\"sponsorpagelogos\" valign=\"top\" width=\"177\"><a href=\"https:\/\/www.ctv.ca\/\"><img loading=\"lazy\" decoding=\"async\" class=\"alignnone size-medium wp-image-41902\" src=\"https:\/\/www.runottawa.ca\/wp-content\/uploads\/2025\/04\/9-300x175.png\" alt=\"\" width=\"300\" height=\"175\" srcset=\"https:\/\/www.runottawa.ca\/wp-content\/uploads\/2025\/04\/9-300x175.png 300w, https:\/\/www.runottawa.ca\/wp-content\/uploads\/2025\/04\/9.png 356w\" sizes=\"auto, (max-width: 300px) 100vw, 300px\" \/><\/a><\/td>\n<td class=\"sponsorpagesummary\">Partenaire m\u00e9diatique officiel de la Fin de semaine des courses d&rsquo;Ottawa Tamarack<\/td>\n<\/tr>\n<tr>\n<td class=\"sponsorpagelogos\" valign=\"top\" width=\"177\"><a href=\"https:\/\/www.xactnutrition.com\/fr\"><img loading=\"lazy\" decoding=\"async\" class=\"alignnone size-medium wp-image-41880\" src=\"https:\/\/www.runottawa.ca\/wp-content\/uploads\/2025\/04\/3-1-300x175.png\" alt=\"\" width=\"300\" height=\"175\" srcset=\"https:\/\/www.runottawa.ca\/wp-content\/uploads\/2025\/04\/3-1-300x175.png 300w, https:\/\/www.runottawa.ca\/wp-content\/uploads\/2025\/04\/3-1.png 356w\" sizes=\"auto, (max-width: 300px) 100vw, 300px\" \/><\/a><\/td>\n<td class=\"sponsorpagesummary\">Partenaire officiel de nutrition et de boissons aux \u00e9lectrolytes de la Fin de semaine des courses Tamarack d\u2019Ottawa et de Courez Ottawa<\/td>\n<\/tr>\n<tr>\n<td class=\"sponsorpagelogos\" valign=\"top\" width=\"177\"><a href=\"https:\/\/btpshop.ca\/\"><img loading=\"lazy\" decoding=\"async\" class=\"alignnone size-medium wp-image-42457\" src=\"https:\/\/www.runottawa.ca\/wp-content\/uploads\/2025\/05\/sponsor-webpage-rectangles-2-1-300x175.png\" alt=\"\" width=\"300\" height=\"175\" srcset=\"https:\/\/www.runottawa.ca\/wp-content\/uploads\/2025\/05\/sponsor-webpage-rectangles-2-1-300x175.png 300w, https:\/\/www.runottawa.ca\/wp-content\/uploads\/2025\/05\/sponsor-webpage-rectangles-2-1.png 356w\" sizes=\"auto, (max-width: 300px) 100vw, 300px\" \/><\/a><\/td>\n<td class=\"sponsorpagesummary\">Fournisseur de bi\u00e8re officiel de la Fin de semaine des courses Tamarack d\u2019Ottawa de 2025<\/td>\n<\/tr>\n<tr>\n<td class=\"sponsorpagelogos\" valign=\"top\" width=\"177\"><a href=\"https:\/\/www.garmin.com\/en-CA\/\"><img loading=\"lazy\" decoding=\"async\" class=\"alignnone size-medium wp-image-41896\" src=\"https:\/\/www.runottawa.ca\/wp-content\/uploads\/2025\/04\/7-1-1-300x175.png\" alt=\"\" width=\"300\" height=\"175\" srcset=\"https:\/\/www.runottawa.ca\/wp-content\/uploads\/2025\/04\/7-1-1-300x175.png 300w, https:\/\/www.runottawa.ca\/wp-content\/uploads\/2025\/04\/7-1-1.png 356w\" sizes=\"auto, (max-width: 300px) 100vw, 300px\" \/><\/a><\/td>\n<td class=\"sponsorpagesummary\">Partenaire officiel de chronom\u00e9trage de la Fin de semaine des courses Tamarack d&rsquo;Ottawa<\/td>\n<\/tr>\n<tr>\n<td class=\"sponsorpagelogos\" valign=\"top\" width=\"177\"><a href=\"https:\/\/www.dominos.ca\/\"><img loading=\"lazy\" decoding=\"async\" class=\"alignnone size-medium wp-image-41906\" src=\"https:\/\/www.runottawa.ca\/wp-content\/uploads\/2025\/04\/11-300x175.png\" alt=\"\" width=\"300\" height=\"175\" srcset=\"https:\/\/www.runottawa.ca\/wp-content\/uploads\/2025\/04\/11-300x175.png 300w, https:\/\/www.runottawa.ca\/wp-content\/uploads\/2025\/04\/11.png 356w\" sizes=\"auto, (max-width: 300px) 100vw, 300px\" \/><\/a><\/td>\n<td class=\"sponsorpagesummary\">Pizza officielle de la fin de semaine des courses de Tamarack d&rsquo;Ottawa<\/td>\n<\/tr>\n<tr>\n<td class=\"sponsorpagelogos\" valign=\"top\" width=\"177\"><a href=\"https:\/\/www.runottawa.ca\/wp-content\/uploads\/2025\/04\/sponsor-webpage-rectangles-1-1.png\"><img loading=\"lazy\" decoding=\"async\" class=\"alignnone size-medium wp-image-41933\" src=\"https:\/\/www.runottawa.ca\/wp-content\/uploads\/2025\/04\/sponsor-webpage-rectangles-1-1-300x175.png\" alt=\"\" width=\"300\" height=\"175\" srcset=\"https:\/\/www.runottawa.ca\/wp-content\/uploads\/2025\/04\/sponsor-webpage-rectangles-1-1-300x175.png 300w, https:\/\/www.runottawa.ca\/wp-content\/uploads\/2025\/04\/sponsor-webpage-rectangles-1-1.png 356w\" sizes=\"auto, (max-width: 300px) 100vw, 300px\" \/><\/a><\/td>\n<td class=\"sponsorpagesummary\">Fournisseur de solutions radio bidirectionnelles de la Fin de semaine des courses Tamarack d\u2019Ottawa<\/td>\n<\/tr>\n<tr>\n<td class=\"sponsorpagelogos\" valign=\"top\" width=\"177\"><a href=\"https:\/\/www.runna.com\/\"><img loading=\"lazy\" decoding=\"async\" class=\"alignnone size-medium wp-image-43006\" src=\"https:\/\/www.runottawa.ca\/wp-content\/uploads\/2025\/06\/sponsor-webpage-rectangles-5-300x175.png\" alt=\"\" width=\"300\" height=\"175\" srcset=\"https:\/\/www.runottawa.ca\/wp-content\/uploads\/2025\/06\/sponsor-webpage-rectangles-5-300x175.png 300w, https:\/\/www.runottawa.ca\/wp-content\/uploads\/2025\/06\/sponsor-webpage-rectangles-5.png 356w\" sizes=\"auto, (max-width: 300px) 100vw, 300px\" \/><\/a><\/td>\n<td class=\"sponsorpagesummary\">L\u2019application d\u2019entra\u00eenement officielle de la Fin de semaine des courses d\u2019Ottawa Tamarack<\/td>\n<\/tr>\n<tr>\n<td class=\"sponsorpagelogos\" valign=\"top\" width=\"177\"><a href=\"https:\/\/www.marsquest.com\/\"><img loading=\"lazy\" decoding=\"async\" class=\"alignnone size-medium wp-image-41918\" src=\"https:\/\/www.runottawa.ca\/wp-content\/uploads\/2025\/04\/17-300x175.png\" alt=\"\" width=\"300\" height=\"175\" srcset=\"https:\/\/www.runottawa.ca\/wp-content\/uploads\/2025\/04\/17-300x175.png 300w, https:\/\/www.runottawa.ca\/wp-content\/uploads\/2025\/04\/17.png 356w\" sizes=\"auto, (max-width: 300px) 100vw, 300px\" \/><\/a><\/td>\n<td class=\"sponsorpagesummary\">Partenaire officiel des lunettes de soleil de Run Ottawa<\/td>\n<\/tr>\n<tr>\n<td class=\"sponsorpagelogos\" valign=\"top\" width=\"177\"><a href=\"https:\/\/www.praiseendurance.com\/fr\"><img loading=\"lazy\" decoding=\"async\" class=\"alignnone size-medium wp-image-44044\" src=\"https:\/\/www.runottawa.ca\/wp-content\/uploads\/2026\/01\/sponsor-webpage-rectangles-6-300x175.png\" alt=\"\" width=\"300\" height=\"175\" srcset=\"https:\/\/www.runottawa.ca\/wp-content\/uploads\/2026\/01\/sponsor-webpage-rectangles-6-300x175.png 300w, https:\/\/www.runottawa.ca\/wp-content\/uploads\/2026\/01\/sponsor-webpage-rectangles-6.png 356w\" sizes=\"auto, (max-width: 300px) 100vw, 300px\" \/><\/a><\/td>\n<td class=\"sponsorpagesummary\">Fournisseur officiel de v\u00eatements et de marchandise souvenir de la Fin de semaine des courses Tamarack d\u2019Ottawa<\/td>\n<\/tr>\n<tr>\n<td class=\"sponsorpagelogos\" valign=\"top\" width=\"177\"><a href=\"https:\/\/htgsports.com\/\"><img loading=\"lazy\" decoding=\"async\" class=\"alignnone size-medium wp-image-44056\" src=\"https:\/\/www.runottawa.ca\/wp-content\/uploads\/2026\/01\/sponsor-webpage-rectangles-8-2-300x175.png\" alt=\"\" width=\"300\" height=\"175\" srcset=\"https:\/\/www.runottawa.ca\/wp-content\/uploads\/2026\/01\/sponsor-webpage-rectangles-8-2-300x175.png 300w, https:\/\/www.runottawa.ca\/wp-content\/uploads\/2026\/01\/sponsor-webpage-rectangles-8-2.png 356w\" sizes=\"auto, (max-width: 300px) 100vw, 300px\" \/><\/a><\/td>\n<td class=\"sponsorpagesummary\">Partenaire officiel pour les r\u00e9servations h\u00f4teli\u00e8res de la Fin de semaine des courses Tamarack d\u2019Ottawa<\/td>\n<\/tr>\n<\/tbody>\n<\/table>\n<p>&nbsp;<\/p>\n<table style=\"font-size: 16px;\" border=\"0\" cellspacing=\"0\" cellpadding=\"0\">\n<tbody>\n<tr>\n<td class=\"partnerpagelogos\" width=\"177\"><a href=\"https:\/\/www.ottawahospital.on.ca\/fr\/\"><img loading=\"lazy\" decoding=\"async\" class=\"alignnone size-medium wp-image-41922\" src=\"https:\/\/www.runottawa.ca\/wp-content\/uploads\/2025\/04\/19-300x175.png\" alt=\"\" width=\"300\" height=\"175\" srcset=\"https:\/\/www.runottawa.ca\/wp-content\/uploads\/2025\/04\/19-300x175.png 300w, https:\/\/www.runottawa.ca\/wp-content\/uploads\/2025\/04\/19.png 356w\" sizes=\"auto, (max-width: 300px) 100vw, 300px\" \/><\/a><\/td>\n<td class=\"partnerpagesummary\">Fournisseur officiel de services m\u00e9dicaux et partenaire philanthropique de longue dur\u00e9e de la Fin de semaine des courses Tamarack d\u2019Ottawa<\/td>\n<\/tr>\n<tr>\n<td class=\"partnerpagelogos\" width=\"177\"><a href=\"https:\/\/athletics.ca\/fr\/\"><img loading=\"lazy\" decoding=\"async\" class=\"alignnone size-medium wp-image-41937\" src=\"https:\/\/www.runottawa.ca\/wp-content\/uploads\/2025\/04\/sponsor-webpage-rectangles-2-1-300x175.png\" alt=\"\" width=\"300\" height=\"175\" srcset=\"https:\/\/www.runottawa.ca\/wp-content\/uploads\/2025\/04\/sponsor-webpage-rectangles-2-1-300x175.png 300w, https:\/\/www.runottawa.ca\/wp-content\/uploads\/2025\/04\/sponsor-webpage-rectangles-2-1.png 356w\" sizes=\"auto, (max-width: 300px) 100vw, 300px\" \/><\/a><\/td>\n<td class=\"partnerpagesummary\">Partenaire officiel de la Fin de semaine des courses Tamarack d\u2019Ottawa<\/td>\n<\/tr>\n<tr>\n<td class=\"partnerpagelogos\" width=\"177\"><a href=\"https:\/\/irun.ca\/\"><img loading=\"lazy\" decoding=\"async\" class=\"alignnone size-medium wp-image-41914\" src=\"https:\/\/www.runottawa.ca\/wp-content\/uploads\/2025\/04\/15-300x175.png\" alt=\"\" width=\"300\" height=\"175\" srcset=\"https:\/\/www.runottawa.ca\/wp-content\/uploads\/2025\/04\/15-300x175.png 300w, https:\/\/www.runottawa.ca\/wp-content\/uploads\/2025\/04\/15.png 356w\" sizes=\"auto, (max-width: 300px) 100vw, 300px\" \/><\/a><\/td>\n<td class=\"partnerpagesummary\">Partenaire m\u00e9dia officiel de la Fin de semaine des courses Tamarack d\u2019Ottawa<\/td>\n<\/tr>\n<tr>\n<td class=\"partnerpagelogos\" width=\"177\"><a href=\"https:\/\/ottawatourism.ca\/fr\"><img loading=\"lazy\" decoding=\"async\" class=\"alignnone size-medium wp-image-44648\" src=\"https:\/\/www.runottawa.ca\/wp-content\/uploads\/2026\/03\/sponsor-webpage-rectangles-11-300x175.png\" alt=\"\" width=\"300\" height=\"175\" srcset=\"https:\/\/www.runottawa.ca\/wp-content\/uploads\/2026\/03\/sponsor-webpage-rectangles-11-300x175.png 300w, https:\/\/www.runottawa.ca\/wp-content\/uploads\/2026\/03\/sponsor-webpage-rectangles-11.png 356w\" sizes=\"auto, (max-width: 300px) 100vw, 300px\" \/><\/a><\/td>\n<td class=\"partnerpagesummary\"><a href=\"https:\/\/ottawatourism.ca\/fr?fbclid=IwZXh0bgNhZW0BMABhZGlkAasWdhgyH4UBHbjJYFKRWT9XoKnwh3Q9gUrzCNU96H4oB3e2T6-AwteI096WkQC-0TRfEA_aem_9wH2CCdf9vtf6mct5YPLog\">Partenaire touristiques de la fin de semaine des courses Tamarack d\u2019Ottawa<\/a><\/td>\n<\/tr>\n<tr>\n<td class=\"partnerpagelogos\" width=\"177\"><a href=\"https:\/\/runningmagazine.ca\/\" target=\"_blank\" rel=\"noopener\"><img decoding=\"async\" style=\"box-sizing: border-box; border: 0px; vertical-align: middle; max-width: 177px; height: auto; max-height: 117px;\" src=\"https:\/\/www.runottawa.ca\/wp-content\/uploads\/2020\/06\/canadian-running-356-2.png\" alt=\"Canadian Running\" width=\"356&gt;\" height=\"208\" \/><\/a><\/td>\n<td class=\"partnerpagesummary\">Le guide essentiel des personnes, du style de vie, des chaussures, du mat\u00e9riel et des \u00e9v\u00e9nements li\u00e9s \u00e0 la course \u00e0 pied<\/td>\n<\/tr>\n<tr>\n<td class=\"partnerpagelogos\" width=\"177\"><a href=\"https:\/\/www.carrousel.ca\/\"><img loading=\"lazy\" decoding=\"async\" class=\"alignnone size-medium wp-image-44593\" src=\"https:\/\/www.runottawa.ca\/wp-content\/uploads\/2026\/03\/sponsor-webpage-rectangles-9-300x175.png\" alt=\"\" width=\"300\" height=\"175\" srcset=\"https:\/\/www.runottawa.ca\/wp-content\/uploads\/2026\/03\/sponsor-webpage-rectangles-9-300x175.png 300w, https:\/\/www.runottawa.ca\/wp-content\/uploads\/2026\/03\/sponsor-webpage-rectangles-9.png 356w\" sizes=\"auto, (max-width: 300px) 100vw, 300px\" \/><\/a><\/td>\n<td class=\"partnerpagesummary\">Fournisseur de verres de breuvage recyclables et compostables<\/td>\n<\/tr>\n<\/tbody>\n<\/table>\n<h2>Partenaires communautaires<\/h2>\n<p>&nbsp;<\/p>\n<table border=\"0\" cellspacing=\"0\" cellpadding=\"0\">\n<tbody>\n<tr>\n<td class=\"partnerpagelogos\" width=\"177\"><a href=\"https:\/\/www.kaltire.com\/\"><img loading=\"lazy\" decoding=\"async\" class=\"alignnone size-medium wp-image-41928\" src=\"https:\/\/www.runottawa.ca\/wp-content\/uploads\/2025\/04\/sponsor-webpage-rectangles-2-300x175.png\" alt=\"\" width=\"300\" height=\"175\" srcset=\"https:\/\/www.runottawa.ca\/wp-content\/uploads\/2025\/04\/sponsor-webpage-rectangles-2-300x175.png 300w, https:\/\/www.runottawa.ca\/wp-content\/uploads\/2025\/04\/sponsor-webpage-rectangles-2.png 356w\" sizes=\"auto, (max-width: 300px) 100vw, 300px\" \/><\/a><\/td>\n<td class=\"partnerpagesummary\">Les experts en pneus au Canada<\/td>\n<\/tr>\n<tr>\n<td class=\"partnerpagelogos\" width=\"177\"><a href=\"https:\/\/freeformfitness.ca\/\"><img loading=\"lazy\" decoding=\"async\" class=\"alignnone size-medium wp-image-44601\" src=\"https:\/\/www.runottawa.ca\/wp-content\/uploads\/2026\/03\/sponsor-webpage-rectangles-10-300x175.png\" alt=\"\" width=\"300\" height=\"175\" srcset=\"https:\/\/www.runottawa.ca\/wp-content\/uploads\/2026\/03\/sponsor-webpage-rectangles-10-300x175.png 300w, https:\/\/www.runottawa.ca\/wp-content\/uploads\/2026\/03\/sponsor-webpage-rectangles-10.png 356w\" sizes=\"auto, (max-width: 300px) 100vw, 300px\" \/><\/a><\/td>\n<td class=\"partnerpagesummary\">Entra\u00eenement personnel \u00e0 Ottawa<\/td>\n<\/tr>\n<\/tbody>\n<\/table>\n","protected":false},"excerpt":{"rendered":"<p>La Fin de semaine des courses\u00a0Tamarack\u00a0d\u2019Ottawa n\u2019est rendue possible que gr\u00e2ce \u00e0 l\u2019appui de l\u2019incroyable \u00e9quipe de commanditaires et de partenaires suivants. Nous sommes toujours \u00e0 la recherche d\u2019organisations de premier plan pour aider la Fin de semaine des courses Tamarack d\u2019Ottawa \u00e0 grandir encore et \u00e0 s\u2019am\u00e9liorer davantage. Si [&hellip;]<\/p>\n","protected":false},"author":33,"featured_media":0,"parent":13534,"menu_order":495,"comment_status":"closed","ping_status":"open","template":"template-page.php","meta":{"_acf_changed":false,"footnotes":""},"class_list":["post-2876","page","type-page","status-publish","hentry"],"acf":[],"yoast_head":"<!-- This site is optimized with the Yoast SEO plugin v27.4 - https:\/\/yoast.com\/product\/yoast-seo-wordpress\/ -->\n<title>Commanditaires - Run Ottawa<\/title>\n<meta name=\"robots\" content=\"index, follow, max-snippet:-1, max-image-preview:large, max-video-preview:-1\" \/>\n<link rel=\"canonical\" href=\"https:\/\/www.runottawa.ca\/fr\/torw\/information\/commanditaires\/\" \/>\n<meta name=\"twitter:label1\" content=\"Dur\u00e9e de lecture estim\u00e9e\" \/>\n\t<meta name=\"twitter:data1\" content=\"7 minutes\" \/>\n<script type=\"application\/ld+json\" class=\"yoast-schema-graph\">{\"@context\":\"https:\\\/\\\/schema.org\",\"@graph\":[{\"@type\":\"WebPage\",\"@id\":\"https:\\\/\\\/www.runottawa.ca\\\/fr\\\/torw\\\/information\\\/commanditaires\\\/\",\"url\":\"https:\\\/\\\/www.runottawa.ca\\\/fr\\\/torw\\\/information\\\/commanditaires\\\/\",\"name\":\"Commanditaires - Run Ottawa\",\"isPartOf\":{\"@id\":\"https:\\\/\\\/www.runottawa.ca\\\/fr\\\/#website\"},\"datePublished\":\"2014-08-27T11:57:22+00:00\",\"dateModified\":\"2026-03-31T20:41:27+00:00\",\"breadcrumb\":{\"@id\":\"https:\\\/\\\/www.runottawa.ca\\\/fr\\\/torw\\\/information\\\/commanditaires\\\/#breadcrumb\"},\"inLanguage\":\"fr-FR\",\"potentialAction\":[{\"@type\":\"ReadAction\",\"target\":[\"https:\\\/\\\/www.runottawa.ca\\\/fr\\\/torw\\\/information\\\/commanditaires\\\/\"]}]},{\"@type\":\"BreadcrumbList\",\"@id\":\"https:\\\/\\\/www.runottawa.ca\\\/fr\\\/torw\\\/information\\\/commanditaires\\\/#breadcrumb\",\"itemListElement\":[{\"@type\":\"ListItem\",\"position\":1,\"name\":\"Home\",\"item\":\"https:\\\/\\\/www.runottawa.ca\\\/fr\\\/\"},{\"@type\":\"ListItem\",\"position\":2,\"name\":\"Fin de semaine des courses Tamarack d\u2019Ottawa\",\"item\":\"https:\\\/\\\/www.runottawa.ca\\\/fr\\\/\"},{\"@type\":\"ListItem\",\"position\":3,\"name\":\"Information\",\"item\":\"https:\\\/\\\/www.runottawa.ca\\\/fr\\\/torw\\\/information\\\/\"},{\"@type\":\"ListItem\",\"position\":4,\"name\":\"Commanditaires\"}]},{\"@type\":\"WebSite\",\"@id\":\"https:\\\/\\\/www.runottawa.ca\\\/fr\\\/#website\",\"url\":\"https:\\\/\\\/www.runottawa.ca\\\/fr\\\/\",\"name\":\"Run Ottawa\",\"description\":\"\",\"potentialAction\":[{\"@type\":\"SearchAction\",\"target\":{\"@type\":\"EntryPoint\",\"urlTemplate\":\"https:\\\/\\\/www.runottawa.ca\\\/fr\\\/?s={search_term_string}\"},\"query-input\":{\"@type\":\"PropertyValueSpecification\",\"valueRequired\":true,\"valueName\":\"search_term_string\"}}],\"inLanguage\":\"fr-FR\"}]}<\/script>\n<!-- \/ Yoast SEO plugin. -->","yoast_head_json":{"title":"Commanditaires - Run Ottawa","robots":{"index":"index","follow":"follow","max-snippet":"max-snippet:-1","max-image-preview":"max-image-preview:large","max-video-preview":"max-video-preview:-1"},"canonical":"https:\/\/www.runottawa.ca\/fr\/torw\/information\/commanditaires\/","twitter_misc":{"Dur\u00e9e de lecture estim\u00e9e":"7 minutes"},"schema":{"@context":"https:\/\/schema.org","@graph":[{"@type":"WebPage","@id":"https:\/\/www.runottawa.ca\/fr\/torw\/information\/commanditaires\/","url":"https:\/\/www.runottawa.ca\/fr\/torw\/information\/commanditaires\/","name":"Commanditaires - Run Ottawa","isPartOf":{"@id":"https:\/\/www.runottawa.ca\/fr\/#website"},"datePublished":"2014-08-27T11:57:22+00:00","dateModified":"2026-03-31T20:41:27+00:00","breadcrumb":{"@id":"https:\/\/www.runottawa.ca\/fr\/torw\/information\/commanditaires\/#breadcrumb"},"inLanguage":"fr-FR","potentialAction":[{"@type":"ReadAction","target":["https:\/\/www.runottawa.ca\/fr\/torw\/information\/commanditaires\/"]}]},{"@type":"BreadcrumbList","@id":"https:\/\/www.runottawa.ca\/fr\/torw\/information\/commanditaires\/#breadcrumb","itemListElement":[{"@type":"ListItem","position":1,"name":"Home","item":"https:\/\/www.runottawa.ca\/fr\/"},{"@type":"ListItem","position":2,"name":"Fin de semaine des courses Tamarack d\u2019Ottawa","item":"https:\/\/www.runottawa.ca\/fr\/"},{"@type":"ListItem","position":3,"name":"Information","item":"https:\/\/www.runottawa.ca\/fr\/torw\/information\/"},{"@type":"ListItem","position":4,"name":"Commanditaires"}]},{"@type":"WebSite","@id":"https:\/\/www.runottawa.ca\/fr\/#website","url":"https:\/\/www.runottawa.ca\/fr\/","name":"Run Ottawa","description":"","potentialAction":[{"@type":"SearchAction","target":{"@type":"EntryPoint","urlTemplate":"https:\/\/www.runottawa.ca\/fr\/?s={search_term_string}"},"query-input":{"@type":"PropertyValueSpecification","valueRequired":true,"valueName":"search_term_string"}}],"inLanguage":"fr-FR"}]}},"_links":{"self":[{"href":"https:\/\/www.runottawa.ca\/fr\/wp-json\/wp\/v2\/pages\/2876","targetHints":{"allow":["GET"]}}],"collection":[{"href":"https:\/\/www.runottawa.ca\/fr\/wp-json\/wp\/v2\/pages"}],"about":[{"href":"https:\/\/www.runottawa.ca\/fr\/wp-json\/wp\/v2\/types\/page"}],"author":[{"embeddable":true,"href":"https:\/\/www.runottawa.ca\/fr\/wp-json\/wp\/v2\/users\/33"}],"replies":[{"embeddable":true,"href":"https:\/\/www.runottawa.ca\/fr\/wp-json\/wp\/v2\/comments?post=2876"}],"version-history":[{"count":26,"href":"https:\/\/www.runottawa.ca\/fr\/wp-json\/wp\/v2\/pages\/2876\/revisions"}],"predecessor-version":[{"id":44689,"href":"https:\/\/www.runottawa.ca\/fr\/wp-json\/wp\/v2\/pages\/2876\/revisions\/44689"}],"up":[{"embeddable":true,"href":"https:\/\/www.runottawa.ca\/fr\/wp-json\/wp\/v2\/pages\/13534"}],"wp:attachment":[{"href":"https:\/\/www.runottawa.ca\/fr\/wp-json\/wp\/v2\/media?parent=2876"}],"curies":[{"name":"wp","href":"https:\/\/api.w.org\/{rel}","templated":true}]}}