{"id":27350,"date":"2020-06-24T11:45:18","date_gmt":"2020-06-24T15:45:18","guid":{"rendered":"https:\/\/www.runottawa.ca\/?page_id=27350"},"modified":"2020-06-29T14:12:37","modified_gmt":"2020-06-29T18:12:37","slug":"championnat-canadien-virtuel-du-10-km","status":"publish","type":"page","link":"https:\/\/www.runottawa.ca\/fr\/championnat-canadien-virtuel-du-10-km\/","title":{"rendered":"Championnat canadien virtuel du 10\u00a0km"},"content":{"rendered":"<p><span style=\"font-weight: 400;\"><a href=\"https:\/\/www.runottawa.ca\/wp-content\/uploads\/2020\/06\/VC10KC2020-logo.jpg\"><img loading=\"lazy\" decoding=\"async\" class=\"alignright size-full wp-image-27198\" src=\"https:\/\/www.runottawa.ca\/wp-content\/uploads\/2020\/06\/VC10KC2020-logo.jpg\" alt=\"\" width=\"441\" height=\"343\" srcset=\"https:\/\/www.runottawa.ca\/wp-content\/uploads\/2020\/06\/VC10KC2020-logo.jpg 441w, https:\/\/www.runottawa.ca\/wp-content\/uploads\/2020\/06\/VC10KC2020-logo-300x233.jpg 300w\" sizes=\"auto, (max-width: 441px) 100vw, 441px\" \/><\/a>La Fin de semaine des courses virtuelle Tamarack d\u2019Ottawa\u00a02020 et Athl\u00e9tisme Canada sont fiers d\u2019annoncer le lancement du <\/span><b>Championnat canadien virtuel du 10\u00a0km<\/b><span style=\"font-weight: 400;\">, en appui au d\u00e9vouement et \u00e0 l\u2019engagement des athl\u00e8tes professionnels dans l\u2019ensemble du pays. Cette ann\u00e9e, les organisateurs invitent les athl\u00e8tes professionnels \u00e0 participer \u00e0 l\u2019\u00e9v\u00e9nement de fa\u00e7on virtuelle au 10K d\u2019Ottawa. Ils offrent m\u00eame des prix pour les encourager!<\/span><\/p>\n<p><span style=\"font-weight: 400;\">Le top 5 (hommes et femmes canadiens seulement) recevra les prix en argent suivants :<\/span><\/p>\n<p><span style=\"font-weight: 400;\">1<\/span><span style=\"font-weight: 400;\">re<\/span><span style=\"font-weight: 400;\">\u00a0place\u00a0: 500\u00a0$<\/span><\/p>\n<p><span style=\"font-weight: 400;\">2<\/span><span style=\"font-weight: 400;\">e<\/span><span style=\"font-weight: 400;\">\u00a0place\u00a0: 400\u00a0$<\/span><\/p>\n<p><span style=\"font-weight: 400;\">3<\/span><span style=\"font-weight: 400;\">e<\/span><span style=\"font-weight: 400;\">\u00a0place\u00a0: 300\u00a0$<\/span><\/p>\n<p><span style=\"font-weight: 400;\">4<\/span><span style=\"font-weight: 400;\">e<\/span><span style=\"font-weight: 400;\">\u00a0place\u00a0: 200\u00a0$<\/span><\/p>\n<p><span style=\"font-weight: 400;\">5<\/span><span style=\"font-weight: 400;\">e<\/span><span style=\"font-weight: 400;\">\u00a0place\u00a0: 100\u00a0$<\/span><\/p>\n<p>&nbsp;<\/p>\n<p><span style=\"font-weight: 400;\">De plus, le top\u00a05 (hommes et femmes) choisira une \u0153uvre caritative participant au D\u00e9fi caritatif Banque Scotia, et les organisateurs de la Fin de semaine des courses Tamarack d\u2019Ottawa feront un don au nom de chaque gagnant\u00a0:<\/span><\/p>\n<p><span style=\"font-weight: 400;\">1<\/span><span style=\"font-weight: 400;\">re<\/span><span style=\"font-weight: 400;\">\u00a0place\u00a0: 500\u00a0$<\/span><\/p>\n<p><span style=\"font-weight: 400;\">2<\/span><span style=\"font-weight: 400;\">e<\/span><span style=\"font-weight: 400;\">\u00a0place\u00a0: 400\u00a0$<\/span><\/p>\n<p><span style=\"font-weight: 400;\">3<\/span><span style=\"font-weight: 400;\">e<\/span><span style=\"font-weight: 400;\">\u00a0place\u00a0: 300\u00a0$<\/span><\/p>\n<p><span style=\"font-weight: 400;\">4<\/span><span style=\"font-weight: 400;\">e<\/span><span style=\"font-weight: 400;\">\u00a0place\u00a0: 200\u00a0$<\/span><\/p>\n<p><span style=\"font-weight: 400;\">5<\/span><span style=\"font-weight: 400;\">e<\/span><span style=\"font-weight: 400;\">\u00a0place\u00a0: 100\u00a0$<\/span><\/p>\n<p><span style=\"font-weight: 400;\">Les prix en argent pour le 10K d\u2019Ottawa sont remis seulement aux athl\u00e8tes qui s\u2019inscrivent \u00e0 l\u2019avance en utilisant le formulaire d\u2019inscription appropri\u00e9. Les athl\u00e8tes qui s\u2019inscrivent par l\u2019interm\u00e9diaire du processus d\u2019inscription ouvert ne seront pas admissibles.<\/span><\/p>\n<h2><b>Statut d\u2019athl\u00e8te professionnel canadien<\/b><\/h2>\n<p><span style=\"font-weight: 400;\">Les athl\u00e8tes professionnels canadiens doivent respecter les normes athl\u00e9tiques d\u00e9crites ci-dessous pour \u00eatre admissibles au titre d\u2019athl\u00e8te professionnel. Les athl\u00e8tes professionnels des volets A et B recevront une inscription gratuite.\u00a0<\/span><\/p>\n<p><b>D\u00e9tails de la course<\/b><\/p>\n<ul>\n<li style=\"font-weight: 400;\"><span style=\"font-weight: 400;\">Date\u00a0: F\u00eate du Canada\u00a0\u2013 Mercredi le 1<\/span><span style=\"font-weight: 400;\">er<\/span><span style=\"font-weight: 400;\">\u00a0juillet<\/span><\/li>\n<li style=\"font-weight: 400;\"><span style=\"font-weight: 400;\">Heure : De 6 h \u00e0 18 h (heure local). Les coureurs ont une p\u00e9riode de douze heures pour faire la course.<\/span><\/li>\n<li style=\"font-weight: 400;\"><span style=\"font-weight: 400;\">Les participants choisissent leur propre parcours. Les parcours doivent former une boucle.<\/span><\/li>\n<li style=\"font-weight: 400;\"><span style=\"font-weight: 400;\">La course doit \u00eatre enregistr\u00e9e avec un appareil GPS qui g\u00e9n\u00e8re des fichiers GPX. Seul le temps \u00e9coul\u00e9 sera pris en consid\u00e9ration.<\/span><\/li>\n<li style=\"font-weight: 400;\"><span style=\"font-weight: 400;\">Les participants doivent avoir un accompagnateur (\u00e0 v\u00e9lo ou dans un v\u00e9hicule) qui fera aussi le suivi par GPS et enregistrera une vid\u00e9o d\u2019au moins 5\u00a0minutes de la course.\u00a0<\/span><\/li>\n<li style=\"font-weight: 400;\"><span style=\"font-weight: 400;\">Les participants auront 90\u00a0minutes apr\u00e8s la fin de leur course pour t\u00e9l\u00e9charger leur fichier GPX sur le site de Sportstats (le lien sera fourni apr\u00e8s l\u2019inscription).\u00a0<\/span><\/li>\n<\/ul>\n<p>&nbsp;<\/p>\n<h3><b>Normes athl\u00e9tiques<\/b><\/h3>\n<table>\n<tbody>\n<tr>\n<td colspan=\"2\"><b>Qualification pour le 10K<\/b><\/td>\n<td><b>Norme\u00a0\u2013 Volet\u00a0A<\/b><\/td>\n<td><b>Norme\u00a0\u2013 Volet\u00a0B<\/b><\/td>\n<td><b>Remarques<\/b><\/td>\n<\/tr>\n<tr>\n<td rowspan=\"2\"><span style=\"font-weight: 400;\">HOMMES<\/span><\/td>\n<td><span style=\"font-weight: 400;\">\u00c9preuve de 5\u00a0km<\/span><\/td>\n<td><span style=\"font-weight: 400;\">Inf\u00e9rieur \u00e0 14:25<\/span><\/td>\n<td><span style=\"font-weight: 400;\">Inf\u00e9rieur \u00e0 15:30<\/span><\/td>\n<td><span style=\"font-weight: 400;\">Il faut avoir respect\u00e9 la norme depuis le 26\u00a0mai\u00a02019.<\/span><\/td>\n<\/tr>\n<tr>\n<td><span style=\"font-weight: 400;\">\u00c9preuve de 10\u00a0km<\/span><\/td>\n<td><span style=\"font-weight: 400;\">Inf\u00e9rieur \u00e0 29:45<\/span><\/td>\n<td><span style=\"font-weight: 400;\">Inf\u00e9rieur \u00e0 32:30<\/span><\/td>\n<td><span style=\"font-weight: 400;\">Il faut avoir respect\u00e9 la norme depuis le 26\u00a0mai\u00a02019.<\/span><\/td>\n<\/tr>\n<tr>\n<td rowspan=\"2\"><span style=\"font-weight: 400;\">FEMMES<\/span><\/td>\n<td><span style=\"font-weight: 400;\">\u00c9preuve de 5\u00a0km<\/span><\/td>\n<td><span style=\"font-weight: 400;\">Inf\u00e9rieur \u00e0 16:30<\/span><\/td>\n<td><span style=\"font-weight: 400;\">Inf\u00e9rieur \u00e0 19:00<\/span><\/td>\n<td><span style=\"font-weight: 400;\">Il faut avoir respect\u00e9 la norme depuis le 26\u00a0mai\u00a02019.<\/span><\/td>\n<\/tr>\n<tr>\n<td><span style=\"font-weight: 400;\">\u00c9preuve de 10\u00a0km<\/span><\/td>\n<td><span style=\"font-weight: 400;\">Inf\u00e9rieur \u00e0 34:00<\/span><\/td>\n<td><span style=\"font-weight: 400;\">Inf\u00e9rieur \u00e0 40:00<\/span><\/td>\n<td><span style=\"font-weight: 400;\">Il faut avoir respect\u00e9 la norme depuis le 26\u00a0mai\u00a02019.<\/span><\/td>\n<\/tr>\n<\/tbody>\n<\/table>\n<p>&nbsp;<\/p>\n","protected":false},"excerpt":{"rendered":"<p>La Fin de semaine des courses virtuelle Tamarack d\u2019Ottawa\u00a02020 et Athl\u00e9tisme Canada sont fiers d\u2019annoncer le lancement du Championnat canadien virtuel du 10\u00a0km, en appui au d\u00e9vouement et \u00e0 l\u2019engagement des athl\u00e8tes professionnels dans l\u2019ensemble du pays. Cette ann\u00e9e, les organisateurs invitent les athl\u00e8tes professionnels \u00e0 participer \u00e0 l\u2019\u00e9v\u00e9nement de [&hellip;]<\/p>\n","protected":false},"author":29,"featured_media":0,"parent":0,"menu_order":121,"comment_status":"closed","ping_status":"closed","template":"","meta":{"_acf_changed":false,"footnotes":""},"class_list":["post-27350","page","type-page","status-publish","hentry"],"acf":[],"yoast_head":"<!-- This site is optimized with the Yoast SEO plugin v27.4 - https:\/\/yoast.com\/product\/yoast-seo-wordpress\/ -->\n<title>Championnat canadien virtuel du 10\u00a0km - Run Ottawa<\/title>\n<meta name=\"robots\" content=\"index, follow, max-snippet:-1, max-image-preview:large, max-video-preview:-1\" \/>\n<link rel=\"canonical\" href=\"https:\/\/www.runottawa.ca\/fr\/championnat-canadien-virtuel-du-10-km\/\" \/>\n<meta name=\"twitter:label1\" content=\"Dur\u00e9e de lecture estim\u00e9e\" \/>\n\t<meta name=\"twitter:data1\" content=\"2 minutes\" \/>\n<script type=\"application\/ld+json\" class=\"yoast-schema-graph\">{\"@context\":\"https:\\\/\\\/schema.org\",\"@graph\":[{\"@type\":\"WebPage\",\"@id\":\"https:\\\/\\\/www.runottawa.ca\\\/fr\\\/championnat-canadien-virtuel-du-10-km\\\/\",\"url\":\"https:\\\/\\\/www.runottawa.ca\\\/fr\\\/championnat-canadien-virtuel-du-10-km\\\/\",\"name\":\"Championnat canadien virtuel du 10\u00a0km - Run Ottawa\",\"isPartOf\":{\"@id\":\"https:\\\/\\\/www.runottawa.ca\\\/fr\\\/#website\"},\"datePublished\":\"2020-06-24T15:45:18+00:00\",\"dateModified\":\"2020-06-29T18:12:37+00:00\",\"breadcrumb\":{\"@id\":\"https:\\\/\\\/www.runottawa.ca\\\/fr\\\/championnat-canadien-virtuel-du-10-km\\\/#breadcrumb\"},\"inLanguage\":\"fr-FR\",\"potentialAction\":[{\"@type\":\"ReadAction\",\"target\":[\"https:\\\/\\\/www.runottawa.ca\\\/fr\\\/championnat-canadien-virtuel-du-10-km\\\/\"]}]},{\"@type\":\"BreadcrumbList\",\"@id\":\"https:\\\/\\\/www.runottawa.ca\\\/fr\\\/championnat-canadien-virtuel-du-10-km\\\/#breadcrumb\",\"itemListElement\":[{\"@type\":\"ListItem\",\"position\":1,\"name\":\"Home\",\"item\":\"https:\\\/\\\/www.runottawa.ca\\\/fr\\\/\"},{\"@type\":\"ListItem\",\"position\":2,\"name\":\"Championnat canadien virtuel du 10\u00a0km\"}]},{\"@type\":\"WebSite\",\"@id\":\"https:\\\/\\\/www.runottawa.ca\\\/fr\\\/#website\",\"url\":\"https:\\\/\\\/www.runottawa.ca\\\/fr\\\/\",\"name\":\"Run Ottawa\",\"description\":\"\",\"potentialAction\":[{\"@type\":\"SearchAction\",\"target\":{\"@type\":\"EntryPoint\",\"urlTemplate\":\"https:\\\/\\\/www.runottawa.ca\\\/fr\\\/?s={search_term_string}\"},\"query-input\":{\"@type\":\"PropertyValueSpecification\",\"valueRequired\":true,\"valueName\":\"search_term_string\"}}],\"inLanguage\":\"fr-FR\"}]}<\/script>\n<!-- \/ Yoast SEO plugin. -->","yoast_head_json":{"title":"Championnat canadien virtuel du 10\u00a0km - Run Ottawa","robots":{"index":"index","follow":"follow","max-snippet":"max-snippet:-1","max-image-preview":"max-image-preview:large","max-video-preview":"max-video-preview:-1"},"canonical":"https:\/\/www.runottawa.ca\/fr\/championnat-canadien-virtuel-du-10-km\/","twitter_misc":{"Dur\u00e9e de lecture estim\u00e9e":"2 minutes"},"schema":{"@context":"https:\/\/schema.org","@graph":[{"@type":"WebPage","@id":"https:\/\/www.runottawa.ca\/fr\/championnat-canadien-virtuel-du-10-km\/","url":"https:\/\/www.runottawa.ca\/fr\/championnat-canadien-virtuel-du-10-km\/","name":"Championnat canadien virtuel du 10\u00a0km - Run Ottawa","isPartOf":{"@id":"https:\/\/www.runottawa.ca\/fr\/#website"},"datePublished":"2020-06-24T15:45:18+00:00","dateModified":"2020-06-29T18:12:37+00:00","breadcrumb":{"@id":"https:\/\/www.runottawa.ca\/fr\/championnat-canadien-virtuel-du-10-km\/#breadcrumb"},"inLanguage":"fr-FR","potentialAction":[{"@type":"ReadAction","target":["https:\/\/www.runottawa.ca\/fr\/championnat-canadien-virtuel-du-10-km\/"]}]},{"@type":"BreadcrumbList","@id":"https:\/\/www.runottawa.ca\/fr\/championnat-canadien-virtuel-du-10-km\/#breadcrumb","itemListElement":[{"@type":"ListItem","position":1,"name":"Home","item":"https:\/\/www.runottawa.ca\/fr\/"},{"@type":"ListItem","position":2,"name":"Championnat canadien virtuel du 10\u00a0km"}]},{"@type":"WebSite","@id":"https:\/\/www.runottawa.ca\/fr\/#website","url":"https:\/\/www.runottawa.ca\/fr\/","name":"Run Ottawa","description":"","potentialAction":[{"@type":"SearchAction","target":{"@type":"EntryPoint","urlTemplate":"https:\/\/www.runottawa.ca\/fr\/?s={search_term_string}"},"query-input":{"@type":"PropertyValueSpecification","valueRequired":true,"valueName":"search_term_string"}}],"inLanguage":"fr-FR"}]}},"_links":{"self":[{"href":"https:\/\/www.runottawa.ca\/fr\/wp-json\/wp\/v2\/pages\/27350","targetHints":{"allow":["GET"]}}],"collection":[{"href":"https:\/\/www.runottawa.ca\/fr\/wp-json\/wp\/v2\/pages"}],"about":[{"href":"https:\/\/www.runottawa.ca\/fr\/wp-json\/wp\/v2\/types\/page"}],"author":[{"embeddable":true,"href":"https:\/\/www.runottawa.ca\/fr\/wp-json\/wp\/v2\/users\/29"}],"replies":[{"embeddable":true,"href":"https:\/\/www.runottawa.ca\/fr\/wp-json\/wp\/v2\/comments?post=27350"}],"version-history":[{"count":4,"href":"https:\/\/www.runottawa.ca\/fr\/wp-json\/wp\/v2\/pages\/27350\/revisions"}],"predecessor-version":[{"id":27450,"href":"https:\/\/www.runottawa.ca\/fr\/wp-json\/wp\/v2\/pages\/27350\/revisions\/27450"}],"wp:attachment":[{"href":"https:\/\/www.runottawa.ca\/fr\/wp-json\/wp\/v2\/media?parent=27350"}],"curies":[{"name":"wp","href":"https:\/\/api.w.org\/{rel}","templated":true}]}}