{"id":27046,"date":"2020-05-28T14:21:12","date_gmt":"2020-05-28T18:21:12","guid":{"rendered":"https:\/\/www.runottawa.ca\/?page_id=27046"},"modified":"2025-05-18T20:08:02","modified_gmt":"2025-05-19T00:08:02","slug":"telechargez-lapplication-de-la-fin-de-semaine-des-courses","status":"publish","type":"page","link":"https:\/\/www.runottawa.ca\/fr\/telechargez-lapplication-de-la-fin-de-semaine-des-courses\/","title":{"rendered":"T\u00e9l\u00e9chargez l\u2019application de la Fin de semaine des courses d&rsquo;Ottawa Tamarack !"},"content":{"rendered":"<p style=\"font-weight: 400;\">L&rsquo;application de la Fin de semaine des courses d&rsquo;Ottawa Tamarack 2025 est disponible aux fins de t\u00e9l\u00e9chargement sur la plateforme de votre choix. Il s\u2019agit d\u2019un outil fort utile, qui vous permet de suivre vos coureurs pr\u00e9f\u00e9r\u00e9s et de recevoir des informations actualis\u00e9es. N\u2019oubliez pas d\u2019activer les notifications afin de recevoir des annonces sp\u00e9ciales sur les concours et des promotions exclusives.<\/p>\n<p style=\"font-weight: 400;\"><strong>T\u00e9l\u00e9chargez l\u2019application de la Fin de semaine des courses sur\u00a0<a href=\"https:\/\/apps.apple.com\/ca\/app\/ottawa-race-weekend\/id1510587883\">iTunes<\/a>\u00a0ou\u00a0<a href=\"https:\/\/play.google.com\/store\/apps\/details?id=com.mylaps.eventapp.tamarackottawaraceweekend&amp;hl=fr\">Google Play<\/a>.<\/strong><\/p>\n","protected":false},"excerpt":{"rendered":"<p>L&rsquo;application de la Fin de semaine des courses d&rsquo;Ottawa Tamarack 2025 est disponible aux fins de t\u00e9l\u00e9chargement sur la plateforme de votre choix. Il s\u2019agit d\u2019un outil fort utile, qui vous permet de suivre vos coureurs pr\u00e9f\u00e9r\u00e9s et de recevoir des informations actualis\u00e9es. N\u2019oubliez pas d\u2019activer les notifications afin de [&hellip;]<\/p>\n","protected":false},"author":29,"featured_media":0,"parent":0,"menu_order":123,"comment_status":"closed","ping_status":"closed","template":"","meta":{"_acf_changed":false,"footnotes":""},"class_list":["post-27046","page","type-page","status-publish","hentry"],"acf":[],"yoast_head":"<!-- This site is optimized with the Yoast SEO plugin v27.4 - https:\/\/yoast.com\/product\/yoast-seo-wordpress\/ -->\n<title>T\u00e9l\u00e9chargez l\u2019application de la Fin de semaine des courses d&#039;Ottawa Tamarack ! - Run Ottawa<\/title>\n<meta name=\"robots\" content=\"index, follow, max-snippet:-1, max-image-preview:large, max-video-preview:-1\" \/>\n<link rel=\"canonical\" href=\"https:\/\/www.runottawa.ca\/fr\/telechargez-lapplication-de-la-fin-de-semaine-des-courses\/\" \/>\n<meta name=\"twitter:label1\" content=\"Dur\u00e9e de lecture estim\u00e9e\" \/>\n\t<meta name=\"twitter:data1\" content=\"1 minute\" \/>\n<script type=\"application\/ld+json\" class=\"yoast-schema-graph\">{\"@context\":\"https:\\\/\\\/schema.org\",\"@graph\":[{\"@type\":\"WebPage\",\"@id\":\"https:\\\/\\\/www.runottawa.ca\\\/fr\\\/telechargez-lapplication-de-la-fin-de-semaine-des-courses\\\/\",\"url\":\"https:\\\/\\\/www.runottawa.ca\\\/fr\\\/telechargez-lapplication-de-la-fin-de-semaine-des-courses\\\/\",\"name\":\"T\u00e9l\u00e9chargez l\u2019application de la Fin de semaine des courses d'Ottawa Tamarack ! - Run Ottawa\",\"isPartOf\":{\"@id\":\"https:\\\/\\\/www.runottawa.ca\\\/fr\\\/#website\"},\"datePublished\":\"2020-05-28T18:21:12+00:00\",\"dateModified\":\"2025-05-19T00:08:02+00:00\",\"breadcrumb\":{\"@id\":\"https:\\\/\\\/www.runottawa.ca\\\/fr\\\/telechargez-lapplication-de-la-fin-de-semaine-des-courses\\\/#breadcrumb\"},\"inLanguage\":\"fr-FR\",\"potentialAction\":[{\"@type\":\"ReadAction\",\"target\":[\"https:\\\/\\\/www.runottawa.ca\\\/fr\\\/telechargez-lapplication-de-la-fin-de-semaine-des-courses\\\/\"]}]},{\"@type\":\"BreadcrumbList\",\"@id\":\"https:\\\/\\\/www.runottawa.ca\\\/fr\\\/telechargez-lapplication-de-la-fin-de-semaine-des-courses\\\/#breadcrumb\",\"itemListElement\":[{\"@type\":\"ListItem\",\"position\":1,\"name\":\"Home\",\"item\":\"https:\\\/\\\/www.runottawa.ca\\\/fr\\\/\"},{\"@type\":\"ListItem\",\"position\":2,\"name\":\"T\u00e9l\u00e9chargez l\u2019application de la Fin de semaine des courses d&#8217;Ottawa Tamarack !\"}]},{\"@type\":\"WebSite\",\"@id\":\"https:\\\/\\\/www.runottawa.ca\\\/fr\\\/#website\",\"url\":\"https:\\\/\\\/www.runottawa.ca\\\/fr\\\/\",\"name\":\"Run Ottawa\",\"description\":\"\",\"potentialAction\":[{\"@type\":\"SearchAction\",\"target\":{\"@type\":\"EntryPoint\",\"urlTemplate\":\"https:\\\/\\\/www.runottawa.ca\\\/fr\\\/?s={search_term_string}\"},\"query-input\":{\"@type\":\"PropertyValueSpecification\",\"valueRequired\":true,\"valueName\":\"search_term_string\"}}],\"inLanguage\":\"fr-FR\"}]}<\/script>\n<!-- \/ Yoast SEO plugin. -->","yoast_head_json":{"title":"T\u00e9l\u00e9chargez l\u2019application de la Fin de semaine des courses d'Ottawa Tamarack ! - Run Ottawa","robots":{"index":"index","follow":"follow","max-snippet":"max-snippet:-1","max-image-preview":"max-image-preview:large","max-video-preview":"max-video-preview:-1"},"canonical":"https:\/\/www.runottawa.ca\/fr\/telechargez-lapplication-de-la-fin-de-semaine-des-courses\/","twitter_misc":{"Dur\u00e9e de lecture estim\u00e9e":"1 minute"},"schema":{"@context":"https:\/\/schema.org","@graph":[{"@type":"WebPage","@id":"https:\/\/www.runottawa.ca\/fr\/telechargez-lapplication-de-la-fin-de-semaine-des-courses\/","url":"https:\/\/www.runottawa.ca\/fr\/telechargez-lapplication-de-la-fin-de-semaine-des-courses\/","name":"T\u00e9l\u00e9chargez l\u2019application de la Fin de semaine des courses d'Ottawa Tamarack ! - Run Ottawa","isPartOf":{"@id":"https:\/\/www.runottawa.ca\/fr\/#website"},"datePublished":"2020-05-28T18:21:12+00:00","dateModified":"2025-05-19T00:08:02+00:00","breadcrumb":{"@id":"https:\/\/www.runottawa.ca\/fr\/telechargez-lapplication-de-la-fin-de-semaine-des-courses\/#breadcrumb"},"inLanguage":"fr-FR","potentialAction":[{"@type":"ReadAction","target":["https:\/\/www.runottawa.ca\/fr\/telechargez-lapplication-de-la-fin-de-semaine-des-courses\/"]}]},{"@type":"BreadcrumbList","@id":"https:\/\/www.runottawa.ca\/fr\/telechargez-lapplication-de-la-fin-de-semaine-des-courses\/#breadcrumb","itemListElement":[{"@type":"ListItem","position":1,"name":"Home","item":"https:\/\/www.runottawa.ca\/fr\/"},{"@type":"ListItem","position":2,"name":"T\u00e9l\u00e9chargez l\u2019application de la Fin de semaine des courses d&#8217;Ottawa Tamarack !"}]},{"@type":"WebSite","@id":"https:\/\/www.runottawa.ca\/fr\/#website","url":"https:\/\/www.runottawa.ca\/fr\/","name":"Run Ottawa","description":"","potentialAction":[{"@type":"SearchAction","target":{"@type":"EntryPoint","urlTemplate":"https:\/\/www.runottawa.ca\/fr\/?s={search_term_string}"},"query-input":{"@type":"PropertyValueSpecification","valueRequired":true,"valueName":"search_term_string"}}],"inLanguage":"fr-FR"}]}},"_links":{"self":[{"href":"https:\/\/www.runottawa.ca\/fr\/wp-json\/wp\/v2\/pages\/27046","targetHints":{"allow":["GET"]}}],"collection":[{"href":"https:\/\/www.runottawa.ca\/fr\/wp-json\/wp\/v2\/pages"}],"about":[{"href":"https:\/\/www.runottawa.ca\/fr\/wp-json\/wp\/v2\/types\/page"}],"author":[{"embeddable":true,"href":"https:\/\/www.runottawa.ca\/fr\/wp-json\/wp\/v2\/users\/29"}],"replies":[{"embeddable":true,"href":"https:\/\/www.runottawa.ca\/fr\/wp-json\/wp\/v2\/comments?post=27046"}],"version-history":[{"count":8,"href":"https:\/\/www.runottawa.ca\/fr\/wp-json\/wp\/v2\/pages\/27046\/revisions"}],"predecessor-version":[{"id":42549,"href":"https:\/\/www.runottawa.ca\/fr\/wp-json\/wp\/v2\/pages\/27046\/revisions\/42549"}],"wp:attachment":[{"href":"https:\/\/www.runottawa.ca\/fr\/wp-json\/wp\/v2\/media?parent=27046"}],"curies":[{"name":"wp","href":"https:\/\/api.w.org\/{rel}","templated":true}]}}