{"id":2657,"date":"2014-08-19T05:54:21","date_gmt":"2014-08-19T09:54:21","guid":{"rendered":"http:\/\/www.runottawa.ca\/?page_id=2657"},"modified":"2017-04-12T07:51:19","modified_gmt":"2017-04-12T11:51:19","slug":"membres","status":"publish","type":"page","link":"https:\/\/www.runottawa.ca\/fr\/ro\/membres\/","title":{"rendered":"Membres"},"content":{"rendered":"<p>Chez Courez Ottawa, nous nous engageons \u00e0 promouvoir le sport de la course et \u00e0 am\u00e9liorer la sant\u00e9 et le bien-\u00eatre de notre communaut\u00e9. Pour ce faire, nous organisons des courses de calibre mondial qui sont ouvertes aux coureurs de tous les \u00e2ges et de tous les niveaux de comp\u00e9tence.<\/p>\n<p>Vous pouvez faire partie de notre mission en devenant membre de Courez Ottawa. Sous la direction de notre coordonnatrice des membres de Courez Ottawa, nous offrons un large assortiment de courses amusantes tout au long de l\u2019ann\u00e9e, des rabais sur les courses, ainsi que des occasions de courir d\u2019un caract\u00e8re unique et toujours amusantes \u00e0 faire, des id\u00e9es d\u2019entra\u00eenement et des activit\u00e9s sociales.<\/p>\n<p>Quels que soient vos objectifs de course, nous nous r\u00e9jouissons de vous aider \u00e0 les atteindre. Pour devenir membre de Courez Ottawa et obtenir plus de renseignements sur les b\u00e9n\u00e9fices annuels associ\u00e9s \u00e0 l\u2019adh\u00e9sion, pri\u00e8re de\u00a0<u><a href=\"https:\/\/www.runottawa.ca\/fr\/au-sujet-de-courez-ottawa\/joignez-vous-a-courez-ottawa\/\">visiter notre page des membres<\/a><\/u>.<\/p>\n<p>Au revoir, \u00e0 la ligne de d\u00e9part\u00a0!<\/p>\n","protected":false},"excerpt":{"rendered":"<p>Chez Courez Ottawa, nous nous engageons \u00e0 promouvoir le sport de la course et \u00e0 am\u00e9liorer la sant\u00e9 et le bien-\u00eatre de notre communaut\u00e9. Pour ce faire, nous organisons des courses de calibre mondial qui sont ouvertes aux coureurs de tous les \u00e2ges et de tous les niveaux de comp\u00e9tence. [&hellip;]<\/p>\n","protected":false},"author":33,"featured_media":0,"parent":13351,"menu_order":365,"comment_status":"closed","ping_status":"open","template":"","meta":{"_acf_changed":false,"footnotes":""},"class_list":["post-2657","page","type-page","status-publish","hentry"],"acf":[],"yoast_head":"<!-- This site is optimized with the Yoast SEO plugin v27.4 - https:\/\/yoast.com\/product\/yoast-seo-wordpress\/ -->\n<title>Membres - Run Ottawa<\/title>\n<meta name=\"robots\" content=\"index, follow, max-snippet:-1, max-image-preview:large, max-video-preview:-1\" \/>\n<link rel=\"canonical\" href=\"https:\/\/www.runottawa.ca\/fr\/ro\/membres\/\" \/>\n<meta name=\"twitter:label1\" content=\"Dur\u00e9e de lecture estim\u00e9e\" \/>\n\t<meta name=\"twitter:data1\" content=\"1 minute\" \/>\n<script type=\"application\/ld+json\" class=\"yoast-schema-graph\">{\"@context\":\"https:\\\/\\\/schema.org\",\"@graph\":[{\"@type\":\"WebPage\",\"@id\":\"https:\\\/\\\/www.runottawa.ca\\\/fr\\\/ro\\\/membres\\\/\",\"url\":\"https:\\\/\\\/www.runottawa.ca\\\/fr\\\/ro\\\/membres\\\/\",\"name\":\"Membres - Run Ottawa\",\"isPartOf\":{\"@id\":\"https:\\\/\\\/www.runottawa.ca\\\/fr\\\/#website\"},\"datePublished\":\"2014-08-19T09:54:21+00:00\",\"dateModified\":\"2017-04-12T11:51:19+00:00\",\"breadcrumb\":{\"@id\":\"https:\\\/\\\/www.runottawa.ca\\\/fr\\\/ro\\\/membres\\\/#breadcrumb\"},\"inLanguage\":\"fr-FR\",\"potentialAction\":[{\"@type\":\"ReadAction\",\"target\":[\"https:\\\/\\\/www.runottawa.ca\\\/fr\\\/ro\\\/membres\\\/\"]}]},{\"@type\":\"BreadcrumbList\",\"@id\":\"https:\\\/\\\/www.runottawa.ca\\\/fr\\\/ro\\\/membres\\\/#breadcrumb\",\"itemListElement\":[{\"@type\":\"ListItem\",\"position\":1,\"name\":\"Home\",\"item\":\"https:\\\/\\\/www.runottawa.ca\\\/fr\\\/\"},{\"@type\":\"ListItem\",\"position\":2,\"name\":\"Courez Ottawa\",\"item\":\"https:\\\/\\\/www.runottawa.ca\\\/fr\\\/ro\\\/\"},{\"@type\":\"ListItem\",\"position\":3,\"name\":\"Membres\"}]},{\"@type\":\"WebSite\",\"@id\":\"https:\\\/\\\/www.runottawa.ca\\\/fr\\\/#website\",\"url\":\"https:\\\/\\\/www.runottawa.ca\\\/fr\\\/\",\"name\":\"Run Ottawa\",\"description\":\"\",\"potentialAction\":[{\"@type\":\"SearchAction\",\"target\":{\"@type\":\"EntryPoint\",\"urlTemplate\":\"https:\\\/\\\/www.runottawa.ca\\\/fr\\\/?s={search_term_string}\"},\"query-input\":{\"@type\":\"PropertyValueSpecification\",\"valueRequired\":true,\"valueName\":\"search_term_string\"}}],\"inLanguage\":\"fr-FR\"}]}<\/script>\n<!-- \/ Yoast SEO plugin. -->","yoast_head_json":{"title":"Membres - Run Ottawa","robots":{"index":"index","follow":"follow","max-snippet":"max-snippet:-1","max-image-preview":"max-image-preview:large","max-video-preview":"max-video-preview:-1"},"canonical":"https:\/\/www.runottawa.ca\/fr\/ro\/membres\/","twitter_misc":{"Dur\u00e9e de lecture estim\u00e9e":"1 minute"},"schema":{"@context":"https:\/\/schema.org","@graph":[{"@type":"WebPage","@id":"https:\/\/www.runottawa.ca\/fr\/ro\/membres\/","url":"https:\/\/www.runottawa.ca\/fr\/ro\/membres\/","name":"Membres - Run Ottawa","isPartOf":{"@id":"https:\/\/www.runottawa.ca\/fr\/#website"},"datePublished":"2014-08-19T09:54:21+00:00","dateModified":"2017-04-12T11:51:19+00:00","breadcrumb":{"@id":"https:\/\/www.runottawa.ca\/fr\/ro\/membres\/#breadcrumb"},"inLanguage":"fr-FR","potentialAction":[{"@type":"ReadAction","target":["https:\/\/www.runottawa.ca\/fr\/ro\/membres\/"]}]},{"@type":"BreadcrumbList","@id":"https:\/\/www.runottawa.ca\/fr\/ro\/membres\/#breadcrumb","itemListElement":[{"@type":"ListItem","position":1,"name":"Home","item":"https:\/\/www.runottawa.ca\/fr\/"},{"@type":"ListItem","position":2,"name":"Courez Ottawa","item":"https:\/\/www.runottawa.ca\/fr\/ro\/"},{"@type":"ListItem","position":3,"name":"Membres"}]},{"@type":"WebSite","@id":"https:\/\/www.runottawa.ca\/fr\/#website","url":"https:\/\/www.runottawa.ca\/fr\/","name":"Run Ottawa","description":"","potentialAction":[{"@type":"SearchAction","target":{"@type":"EntryPoint","urlTemplate":"https:\/\/www.runottawa.ca\/fr\/?s={search_term_string}"},"query-input":{"@type":"PropertyValueSpecification","valueRequired":true,"valueName":"search_term_string"}}],"inLanguage":"fr-FR"}]}},"_links":{"self":[{"href":"https:\/\/www.runottawa.ca\/fr\/wp-json\/wp\/v2\/pages\/2657","targetHints":{"allow":["GET"]}}],"collection":[{"href":"https:\/\/www.runottawa.ca\/fr\/wp-json\/wp\/v2\/pages"}],"about":[{"href":"https:\/\/www.runottawa.ca\/fr\/wp-json\/wp\/v2\/types\/page"}],"author":[{"embeddable":true,"href":"https:\/\/www.runottawa.ca\/fr\/wp-json\/wp\/v2\/users\/33"}],"replies":[{"embeddable":true,"href":"https:\/\/www.runottawa.ca\/fr\/wp-json\/wp\/v2\/comments?post=2657"}],"version-history":[{"count":6,"href":"https:\/\/www.runottawa.ca\/fr\/wp-json\/wp\/v2\/pages\/2657\/revisions"}],"predecessor-version":[{"id":9631,"href":"https:\/\/www.runottawa.ca\/fr\/wp-json\/wp\/v2\/pages\/2657\/revisions\/9631"}],"up":[{"embeddable":true,"href":"https:\/\/www.runottawa.ca\/fr\/wp-json\/wp\/v2\/pages\/13351"}],"wp:attachment":[{"href":"https:\/\/www.runottawa.ca\/fr\/wp-json\/wp\/v2\/media?parent=2657"}],"curies":[{"name":"wp","href":"https:\/\/api.w.org\/{rel}","templated":true}]}}