{"id":2531,"date":"2014-07-28T10:36:26","date_gmt":"2014-07-28T14:36:26","guid":{"rendered":"http:\/\/www.runottawa.ca\/?page_id=2531"},"modified":"2017-01-10T10:27:25","modified_gmt":"2017-01-10T15:27:25","slug":"information-exposants","status":"publish","type":"page","link":"https:\/\/www.runottawa.ca\/fr\/torw\/les-courses\/information-exposants\/","title":{"rendered":"Information exposants"},"content":{"rendered":"<p>L\u2019Expo Sports Sant\u00e9 a une dur\u00e9e de 2,5 jours et attire des exposants de toute l\u2019Am\u00e9rique du Nord.\u00a0 Elle se trouve dans le Centre Shaw, au 55, promenade Colonel By, au c\u0153ur du centre-ville d\u2019Ottawa.\u00a0 Tous les 40\u00a0000+ coureurs doivent passer \u00e0 travers l\u2019Expo, qui est aussi ouverte au public.\u00a0 C\u2019est l\u2019expo de marathon la plus consid\u00e9rable au Canada et de nombreux marchands d\u00e9taillants se font une obligation d\u2019y para\u00eetre.\u00a0 L\u2019espace d\u2019exposants affiche complet chaque ann\u00e9e.<\/p>\n<h2 style=\"color: #cd003a;\">R\u00e9servation d&rsquo;espaces de kiosques<\/h2>\n<p>Pour r\u00e9server votre kiosque pour 2017, communiquez avec Jim Robinson \u00e0 <a href=\"mailto:jim@runottawa.ca\" target=\"_blank\">jim@runottawa.ca<\/a>.\u00a0Pour en savoir plus, t\u00e9l\u00e9chargez notre <a href=\"https:\/\/www.runottawa.ca\/wp-content\/uploads\/2017\/01\/Tamarack-Ottawa-Race-Weekend-2017-Exhibitor-Kit.pdf\" target=\"_blank\">trousse de l\u2019exposant<\/a>\u00a0et <a href=\"https:\/\/www.runottawa.ca\/wp-content\/uploads\/2016\/11\/RO_OM_17_TORW_SportsExpo.pdf\" target=\"_blank\">le carte d&rsquo;Expo<\/a>.<\/p>\n<h2 style=\"color: #cd003a;\">\u00c9chantillon de produits<\/h2>\n<p>Pour vous renseigner sur l\u2019insertion d\u2019\u00e9chantillons de produits dans les trousses de course, pri\u00e8re de contacter directement notre bureau au 613-234-2221 ou, par courriel, \u00e0\u00a0<a href=\"mailto:media@runottawa.ca\">media@runottawa.ca<\/a>.<\/p>\n<h2 style=\"color: #cd003a;\">Services aux exposants<\/h2>\n<p>Une fois que vous aurez r\u00e9serv\u00e9 votre espace de kiosque, contactez Freeman\u00a0\u00e0\u00a0:<\/p>\n<p>FREEMAN<br \/>\n940, chemin Belfast<br \/>\nOttawa (Ontario) Canada<br \/>\nK1G 4A2<br \/>\nT\u00e9l\u00e9phone\u00a0: 613-748-7180, poste 234<br \/>\nFax\u00a0: 613-748-5977.<\/p>\n<p>Freeman est le fournisseur exclusif de tout ce qui est n\u00e9cessaire aux exposants.<\/p>\n<h2>Heures d\u2019ouverture\u00a0:<\/h2>\n<p>L\u2019expo est ouverte comme suit\u00a0:<\/p>\n<ul>\n<li>Jeudi, le 26 mai, de 16h00 \u00e0 20h00<\/li>\n<li>Vendredi, le 27 mai, de 10h00 \u00e0 20h00<\/li>\n<li>Samedi, le 28 mai, de 9h00 \u00e0 16h00<\/li>\n<\/ul>\n<h2>Endroit<\/h2>\n<p>Centre\u00a0Shaw<\/p>\n<p>55, promenade Colonel By<br \/>\nOttawa (Ontario)<br \/>\nK1N 9J2<\/p>\n<p style=\"color: #666666;\"><a href=\"http:\/\/ottawaconventioncentre.com\/en\/venue-services\/location\" target=\"_blank\">Cliquez ici<\/a>\u00a0pour les indications routi\u00e8res.<\/p>\n","protected":false},"excerpt":{"rendered":"<p>L\u2019Expo Sports Sant\u00e9 a une dur\u00e9e de 2,5 jours et attire des exposants de toute l\u2019Am\u00e9rique du Nord.\u00a0 Elle se trouve dans le Centre Shaw, au 55, promenade Colonel By, au c\u0153ur du centre-ville d\u2019Ottawa.\u00a0 Tous les 40\u00a0000+ coureurs doivent passer \u00e0 travers l\u2019Expo, qui est aussi ouverte au public.\u00a0 [&hellip;]<\/p>\n","protected":false},"author":33,"featured_media":0,"parent":751,"menu_order":273,"comment_status":"closed","ping_status":"open","template":"template-race-weekend.php","meta":{"_acf_changed":false,"footnotes":""},"class_list":["post-2531","page","type-page","status-publish","hentry"],"acf":[],"yoast_head":"<!-- This site is optimized with the Yoast SEO plugin v27.4 - https:\/\/yoast.com\/product\/yoast-seo-wordpress\/ -->\n<title>Information exposants - Run Ottawa<\/title>\n<meta name=\"robots\" content=\"index, follow, max-snippet:-1, max-image-preview:large, max-video-preview:-1\" \/>\n<link rel=\"canonical\" href=\"https:\/\/www.runottawa.ca\/fr\/torw\/les-courses\/information-exposants\/\" \/>\n<meta name=\"twitter:label1\" content=\"Dur\u00e9e de lecture estim\u00e9e\" \/>\n\t<meta name=\"twitter:data1\" content=\"1 minute\" \/>\n<script type=\"application\/ld+json\" class=\"yoast-schema-graph\">{\"@context\":\"https:\\\/\\\/schema.org\",\"@graph\":[{\"@type\":\"WebPage\",\"@id\":\"https:\\\/\\\/www.runottawa.ca\\\/fr\\\/torw\\\/les-courses\\\/information-exposants\\\/\",\"url\":\"https:\\\/\\\/www.runottawa.ca\\\/fr\\\/torw\\\/les-courses\\\/information-exposants\\\/\",\"name\":\"Information exposants - Run Ottawa\",\"isPartOf\":{\"@id\":\"https:\\\/\\\/www.runottawa.ca\\\/fr\\\/#website\"},\"datePublished\":\"2014-07-28T14:36:26+00:00\",\"dateModified\":\"2017-01-10T15:27:25+00:00\",\"breadcrumb\":{\"@id\":\"https:\\\/\\\/www.runottawa.ca\\\/fr\\\/torw\\\/les-courses\\\/information-exposants\\\/#breadcrumb\"},\"inLanguage\":\"fr-FR\",\"potentialAction\":[{\"@type\":\"ReadAction\",\"target\":[\"https:\\\/\\\/www.runottawa.ca\\\/fr\\\/torw\\\/les-courses\\\/information-exposants\\\/\"]}]},{\"@type\":\"BreadcrumbList\",\"@id\":\"https:\\\/\\\/www.runottawa.ca\\\/fr\\\/torw\\\/les-courses\\\/information-exposants\\\/#breadcrumb\",\"itemListElement\":[{\"@type\":\"ListItem\",\"position\":1,\"name\":\"Home\",\"item\":\"https:\\\/\\\/www.runottawa.ca\\\/fr\\\/\"},{\"@type\":\"ListItem\",\"position\":2,\"name\":\"Fin de semaine des courses Tamarack d\u2019Ottawa\",\"item\":\"https:\\\/\\\/www.runottawa.ca\\\/fr\\\/\"},{\"@type\":\"ListItem\",\"position\":3,\"name\":\"Les courses\",\"item\":\"https:\\\/\\\/www.runottawa.ca\\\/fr\\\/torw\\\/les-courses\\\/\"},{\"@type\":\"ListItem\",\"position\":4,\"name\":\"Information exposants\"}]},{\"@type\":\"WebSite\",\"@id\":\"https:\\\/\\\/www.runottawa.ca\\\/fr\\\/#website\",\"url\":\"https:\\\/\\\/www.runottawa.ca\\\/fr\\\/\",\"name\":\"Run Ottawa\",\"description\":\"\",\"potentialAction\":[{\"@type\":\"SearchAction\",\"target\":{\"@type\":\"EntryPoint\",\"urlTemplate\":\"https:\\\/\\\/www.runottawa.ca\\\/fr\\\/?s={search_term_string}\"},\"query-input\":{\"@type\":\"PropertyValueSpecification\",\"valueRequired\":true,\"valueName\":\"search_term_string\"}}],\"inLanguage\":\"fr-FR\"}]}<\/script>\n<!-- \/ Yoast SEO plugin. -->","yoast_head_json":{"title":"Information exposants - Run Ottawa","robots":{"index":"index","follow":"follow","max-snippet":"max-snippet:-1","max-image-preview":"max-image-preview:large","max-video-preview":"max-video-preview:-1"},"canonical":"https:\/\/www.runottawa.ca\/fr\/torw\/les-courses\/information-exposants\/","twitter_misc":{"Dur\u00e9e de lecture estim\u00e9e":"1 minute"},"schema":{"@context":"https:\/\/schema.org","@graph":[{"@type":"WebPage","@id":"https:\/\/www.runottawa.ca\/fr\/torw\/les-courses\/information-exposants\/","url":"https:\/\/www.runottawa.ca\/fr\/torw\/les-courses\/information-exposants\/","name":"Information exposants - Run Ottawa","isPartOf":{"@id":"https:\/\/www.runottawa.ca\/fr\/#website"},"datePublished":"2014-07-28T14:36:26+00:00","dateModified":"2017-01-10T15:27:25+00:00","breadcrumb":{"@id":"https:\/\/www.runottawa.ca\/fr\/torw\/les-courses\/information-exposants\/#breadcrumb"},"inLanguage":"fr-FR","potentialAction":[{"@type":"ReadAction","target":["https:\/\/www.runottawa.ca\/fr\/torw\/les-courses\/information-exposants\/"]}]},{"@type":"BreadcrumbList","@id":"https:\/\/www.runottawa.ca\/fr\/torw\/les-courses\/information-exposants\/#breadcrumb","itemListElement":[{"@type":"ListItem","position":1,"name":"Home","item":"https:\/\/www.runottawa.ca\/fr\/"},{"@type":"ListItem","position":2,"name":"Fin de semaine des courses Tamarack d\u2019Ottawa","item":"https:\/\/www.runottawa.ca\/fr\/"},{"@type":"ListItem","position":3,"name":"Les courses","item":"https:\/\/www.runottawa.ca\/fr\/torw\/les-courses\/"},{"@type":"ListItem","position":4,"name":"Information exposants"}]},{"@type":"WebSite","@id":"https:\/\/www.runottawa.ca\/fr\/#website","url":"https:\/\/www.runottawa.ca\/fr\/","name":"Run Ottawa","description":"","potentialAction":[{"@type":"SearchAction","target":{"@type":"EntryPoint","urlTemplate":"https:\/\/www.runottawa.ca\/fr\/?s={search_term_string}"},"query-input":{"@type":"PropertyValueSpecification","valueRequired":true,"valueName":"search_term_string"}}],"inLanguage":"fr-FR"}]}},"_links":{"self":[{"href":"https:\/\/www.runottawa.ca\/fr\/wp-json\/wp\/v2\/pages\/2531","targetHints":{"allow":["GET"]}}],"collection":[{"href":"https:\/\/www.runottawa.ca\/fr\/wp-json\/wp\/v2\/pages"}],"about":[{"href":"https:\/\/www.runottawa.ca\/fr\/wp-json\/wp\/v2\/types\/page"}],"author":[{"embeddable":true,"href":"https:\/\/www.runottawa.ca\/fr\/wp-json\/wp\/v2\/users\/33"}],"replies":[{"embeddable":true,"href":"https:\/\/www.runottawa.ca\/fr\/wp-json\/wp\/v2\/comments?post=2531"}],"version-history":[{"count":25,"href":"https:\/\/www.runottawa.ca\/fr\/wp-json\/wp\/v2\/pages\/2531\/revisions"}],"predecessor-version":[{"id":12156,"href":"https:\/\/www.runottawa.ca\/fr\/wp-json\/wp\/v2\/pages\/2531\/revisions\/12156"}],"up":[{"embeddable":true,"href":"https:\/\/www.runottawa.ca\/fr\/wp-json\/wp\/v2\/pages\/751"}],"wp:attachment":[{"href":"https:\/\/www.runottawa.ca\/fr\/wp-json\/wp\/v2\/media?parent=2531"}],"curies":[{"name":"wp","href":"https:\/\/api.w.org\/{rel}","templated":true}]}}