{"id":25196,"date":"2019-12-05T16:29:18","date_gmt":"2019-12-05T21:29:18","guid":{"rendered":"https:\/\/www.runottawa.ca\/?page_id=25196"},"modified":"2020-12-14T07:28:45","modified_gmt":"2020-12-14T12:28:45","slug":"certificats-cadeaux","status":"publish","type":"page","link":"https:\/\/www.runottawa.ca\/fr\/torw\/information\/certificats-cadeaux\/","title":{"rendered":"Certificats-cadeaux"},"content":{"rendered":"<p>Vous cherchez le cadeau parfait pour le coureur sur votre liste de No\u00ebl? Vous voulez offrir une exp\u00e9rience inoubliable? Une exp\u00e9rience \u00e0 partager? Offrez une inscription \u00e0 une \u00e9preuve ou un d\u00e9fi sur route !<\/p>\n<div>Il vous suffit d&rsquo;aller \u00e0 <a href=\"https:\/\/raceroster.com\/events\/2020\/24011\/tamarack-ottawa-race-weekend-2020\">notre page d&rsquo;inscription de Race Roster<\/a>, de cliquer sur ACHETER INSCRIPTION CADEAU (panneau droit) et de s\u00e9lectionner la course ou le d\u00e9fi que vous voulez donner en cadeau.<\/div>\n<div><strong>Remarque :<\/strong> vous devez ouvrir une session ou cr\u00e9er un compte sur Race Roster.<\/div>\n<p><a href=\"https:\/\/raceroster.com\/events\/2021\/34303\/tamarack-ottawa-virtual-race-weekend-2021\" target=\"_blank\" rel=\"noopener noreferrer\"><img loading=\"lazy\" decoding=\"async\" class=\"alignnone wp-image-25197 size-full\" src=\"https:\/\/www.runottawa.ca\/wp-content\/uploads\/2019\/12\/GiftCertificate-Button-FR-e1575581271701.png\" alt=\"\" width=\"400\" height=\"100\" srcset=\"https:\/\/www.runottawa.ca\/wp-content\/uploads\/2019\/12\/GiftCertificate-Button-FR-e1575581271701.png 400w, https:\/\/www.runottawa.ca\/wp-content\/uploads\/2019\/12\/GiftCertificate-Button-FR-e1575581271701-300x75.png 300w\" sizes=\"auto, (max-width: 400px) 100vw, 400px\" \/><\/a><\/p>\n<h2>Pourquoi offrir une course en cadeau?<\/h2>\n<p>Il s\u2019agit d\u2019un cadeau unique et emballant, parfait pour toutes les occasions (No\u00ebl, anniversaire, pour l\u2019\u00eatre aim\u00e9, pour une amie). Et c\u2019est une activit\u00e9 que vous pouvez faire ensemble ou vous pouvez encourager la personne \u00e0 qui vous offrez l\u2019inscription tout le long du parcours!\u00a0 Que ce soit en marchant, en courant ou en roulant&#8230; Que ce soit le 2K ou le marathon, il n\u2019y a rien de plus enivrant que de franchir une ligne d\u2019arriv\u00e9e ET d\u2019obtenir une m\u00e9daille pour souligner l\u2019accomplissement.<\/p>\n<p>Choisissez parmi l\u2019une des sept \u00e9preuves, le relais au Marathon ou l\u2019un des d\u00e9fis longue distance. Nous avons m\u00eame une course sp\u00e9ciale pour les enfants!<\/p>\n<h3>Courses sur route<\/h3>\n<ul>\n<li><a href=\"https:\/\/www.runottawa.ca\/fr\/les-courses\/le-2k-dottawa\">2K d\u2019Ottawa<\/a><\/li>\n<li><a href=\"https:\/\/www.runottawa.ca\/fr\/les-courses\/5k-htg-sports-dottawa\">5K d\u2019Ottawa<\/a><\/li>\n<li><a href=\"https:\/\/www.runottawa.ca\/fr\/les-courses\/le-10k-dottawa\">10K d\u2019Ottawa<\/a><\/li>\n<li>50K d&rsquo;Ottawa<\/li>\n<li><a href=\"https:\/\/www.runottawa.ca\/fr\/les-courses\/le-demi-marathon-dottawa-banque-scotia\">Demi-marathon d\u2019Ottawa Banque Scotia<\/a><\/li>\n<li><a href=\"https:\/\/www.runottawa.ca\/fr\/les-courses\/marathon-ottawa-banque-scotia\">Marathon d\u2019Ottawa Banque Scotia<\/a><\/li>\n<li><a href=\"https:\/\/www.runottawa.ca\/fr\/les-courses\/le-marathon-dottawa-pour-les-enfants-banque-scotia\">Marathon pour les enfants Banque Scotia<\/a><\/li>\n<li><a href=\"https:\/\/www.runottawa.ca\/fr\/les-courses\/relais-au-marathon\">Relais au Marathon (jusqu\u2019\u00e0 quatre participants)<\/a><\/li>\n<\/ul>\n<h3>D\u00e9fis longue distance<\/h3>\n<ul>\n<li><a href=\"https:\/\/www.runottawa.ca\/fr\/les-courses\/defi-bytown\">D\u00e9fi Bytown \u2013 17 km<\/a><\/li>\n<li>D\u00e9fi d&rsquo;\u00e9quipe Bytown en support de l&rsquo;h\u00f4pital d&rsquo;Ottawa<\/li>\n<li><a href=\"https:\/\/www.runottawa.ca\/fr\/les-courses\/defi-du-voyageur\">D\u00e9fi du voyageur\u00a0\u2013 36,1\u00a0km<\/a><\/li>\n<li><a href=\"https:\/\/www.runottawa.ca\/fr\/les-courses\/defi-du-bucheron\">D\u00e9fi du b\u00fbcheron \u2013 59,2 km<\/a><\/li>\n<\/ul>\n<p><a href=\"https:\/\/raceroster.com\/events\/2021\/34303\/tamarack-ottawa-virtual-race-weekend-2021\" target=\"_blank\" rel=\"noopener noreferrer\"><img loading=\"lazy\" decoding=\"async\" class=\"alignnone wp-image-25197 size-full\" src=\"https:\/\/www.runottawa.ca\/wp-content\/uploads\/2019\/12\/GiftCertificate-Button-FR-e1575581271701.png\" alt=\"\" width=\"400\" height=\"100\" srcset=\"https:\/\/www.runottawa.ca\/wp-content\/uploads\/2019\/12\/GiftCertificate-Button-FR-e1575581271701.png 400w, https:\/\/www.runottawa.ca\/wp-content\/uploads\/2019\/12\/GiftCertificate-Button-FR-e1575581271701-300x75.png 300w\" sizes=\"auto, (max-width: 400px) 100vw, 400px\" \/><\/a><\/p>\n","protected":false},"excerpt":{"rendered":"<p>Vous cherchez le cadeau parfait pour le coureur sur votre liste de No\u00ebl? Vous voulez offrir une exp\u00e9rience inoubliable? Une exp\u00e9rience \u00e0 partager? Offrez une inscription \u00e0 une \u00e9preuve ou un d\u00e9fi sur route ! Il vous suffit d&rsquo;aller \u00e0 notre page d&rsquo;inscription de Race Roster, de cliquer sur ACHETER [&hellip;]<\/p>\n","protected":false},"author":22,"featured_media":0,"parent":13534,"menu_order":129,"comment_status":"closed","ping_status":"closed","template":"","meta":{"_acf_changed":false,"footnotes":""},"class_list":["post-25196","page","type-page","status-publish","hentry"],"acf":[],"yoast_head":"<!-- This site is optimized with the Yoast SEO plugin v27.4 - https:\/\/yoast.com\/product\/yoast-seo-wordpress\/ -->\n<title>Certificats-cadeaux - Run Ottawa<\/title>\n<meta name=\"description\" content=\"Vous cherchez le cadeau parfait pour un coureur? Offrez une inscription \u00e0 une \u00e9preuve ou un d\u00e9fi sur route lors de la Fin de semaine des courses Tamarack.\" \/>\n<meta name=\"robots\" content=\"index, follow, max-snippet:-1, max-image-preview:large, max-video-preview:-1\" \/>\n<link rel=\"canonical\" href=\"https:\/\/www.runottawa.ca\/fr\/torw\/information\/certificats-cadeaux\/\" \/>\n<meta name=\"twitter:label1\" content=\"Dur\u00e9e de lecture estim\u00e9e\" \/>\n\t<meta name=\"twitter:data1\" content=\"1 minute\" \/>\n<script type=\"application\/ld+json\" class=\"yoast-schema-graph\">{\"@context\":\"https:\\\/\\\/schema.org\",\"@graph\":[{\"@type\":\"WebPage\",\"@id\":\"https:\\\/\\\/www.runottawa.ca\\\/fr\\\/torw\\\/information\\\/certificats-cadeaux\\\/\",\"url\":\"https:\\\/\\\/www.runottawa.ca\\\/fr\\\/torw\\\/information\\\/certificats-cadeaux\\\/\",\"name\":\"Certificats-cadeaux - Run Ottawa\",\"isPartOf\":{\"@id\":\"https:\\\/\\\/www.runottawa.ca\\\/fr\\\/#website\"},\"datePublished\":\"2019-12-05T21:29:18+00:00\",\"dateModified\":\"2020-12-14T12:28:45+00:00\",\"description\":\"Vous cherchez le cadeau parfait pour un coureur? Offrez une inscription \u00e0 une \u00e9preuve ou un d\u00e9fi sur route lors de la Fin de semaine des courses Tamarack.\",\"breadcrumb\":{\"@id\":\"https:\\\/\\\/www.runottawa.ca\\\/fr\\\/torw\\\/information\\\/certificats-cadeaux\\\/#breadcrumb\"},\"inLanguage\":\"fr-FR\",\"potentialAction\":[{\"@type\":\"ReadAction\",\"target\":[\"https:\\\/\\\/www.runottawa.ca\\\/fr\\\/torw\\\/information\\\/certificats-cadeaux\\\/\"]}]},{\"@type\":\"BreadcrumbList\",\"@id\":\"https:\\\/\\\/www.runottawa.ca\\\/fr\\\/torw\\\/information\\\/certificats-cadeaux\\\/#breadcrumb\",\"itemListElement\":[{\"@type\":\"ListItem\",\"position\":1,\"name\":\"Home\",\"item\":\"https:\\\/\\\/www.runottawa.ca\\\/fr\\\/\"},{\"@type\":\"ListItem\",\"position\":2,\"name\":\"Fin de semaine des courses Tamarack d\u2019Ottawa\",\"item\":\"https:\\\/\\\/www.runottawa.ca\\\/fr\\\/\"},{\"@type\":\"ListItem\",\"position\":3,\"name\":\"Information\",\"item\":\"https:\\\/\\\/www.runottawa.ca\\\/fr\\\/torw\\\/information\\\/\"},{\"@type\":\"ListItem\",\"position\":4,\"name\":\"Certificats-cadeaux\"}]},{\"@type\":\"WebSite\",\"@id\":\"https:\\\/\\\/www.runottawa.ca\\\/fr\\\/#website\",\"url\":\"https:\\\/\\\/www.runottawa.ca\\\/fr\\\/\",\"name\":\"Run Ottawa\",\"description\":\"\",\"potentialAction\":[{\"@type\":\"SearchAction\",\"target\":{\"@type\":\"EntryPoint\",\"urlTemplate\":\"https:\\\/\\\/www.runottawa.ca\\\/fr\\\/?s={search_term_string}\"},\"query-input\":{\"@type\":\"PropertyValueSpecification\",\"valueRequired\":true,\"valueName\":\"search_term_string\"}}],\"inLanguage\":\"fr-FR\"}]}<\/script>\n<!-- \/ Yoast SEO plugin. -->","yoast_head_json":{"title":"Certificats-cadeaux - Run Ottawa","description":"Vous cherchez le cadeau parfait pour un coureur? Offrez une inscription \u00e0 une \u00e9preuve ou un d\u00e9fi sur route lors de la Fin de semaine des courses Tamarack.","robots":{"index":"index","follow":"follow","max-snippet":"max-snippet:-1","max-image-preview":"max-image-preview:large","max-video-preview":"max-video-preview:-1"},"canonical":"https:\/\/www.runottawa.ca\/fr\/torw\/information\/certificats-cadeaux\/","twitter_misc":{"Dur\u00e9e de lecture estim\u00e9e":"1 minute"},"schema":{"@context":"https:\/\/schema.org","@graph":[{"@type":"WebPage","@id":"https:\/\/www.runottawa.ca\/fr\/torw\/information\/certificats-cadeaux\/","url":"https:\/\/www.runottawa.ca\/fr\/torw\/information\/certificats-cadeaux\/","name":"Certificats-cadeaux - Run Ottawa","isPartOf":{"@id":"https:\/\/www.runottawa.ca\/fr\/#website"},"datePublished":"2019-12-05T21:29:18+00:00","dateModified":"2020-12-14T12:28:45+00:00","description":"Vous cherchez le cadeau parfait pour un coureur? Offrez une inscription \u00e0 une \u00e9preuve ou un d\u00e9fi sur route lors de la Fin de semaine des courses Tamarack.","breadcrumb":{"@id":"https:\/\/www.runottawa.ca\/fr\/torw\/information\/certificats-cadeaux\/#breadcrumb"},"inLanguage":"fr-FR","potentialAction":[{"@type":"ReadAction","target":["https:\/\/www.runottawa.ca\/fr\/torw\/information\/certificats-cadeaux\/"]}]},{"@type":"BreadcrumbList","@id":"https:\/\/www.runottawa.ca\/fr\/torw\/information\/certificats-cadeaux\/#breadcrumb","itemListElement":[{"@type":"ListItem","position":1,"name":"Home","item":"https:\/\/www.runottawa.ca\/fr\/"},{"@type":"ListItem","position":2,"name":"Fin de semaine des courses Tamarack d\u2019Ottawa","item":"https:\/\/www.runottawa.ca\/fr\/"},{"@type":"ListItem","position":3,"name":"Information","item":"https:\/\/www.runottawa.ca\/fr\/torw\/information\/"},{"@type":"ListItem","position":4,"name":"Certificats-cadeaux"}]},{"@type":"WebSite","@id":"https:\/\/www.runottawa.ca\/fr\/#website","url":"https:\/\/www.runottawa.ca\/fr\/","name":"Run Ottawa","description":"","potentialAction":[{"@type":"SearchAction","target":{"@type":"EntryPoint","urlTemplate":"https:\/\/www.runottawa.ca\/fr\/?s={search_term_string}"},"query-input":{"@type":"PropertyValueSpecification","valueRequired":true,"valueName":"search_term_string"}}],"inLanguage":"fr-FR"}]}},"_links":{"self":[{"href":"https:\/\/www.runottawa.ca\/fr\/wp-json\/wp\/v2\/pages\/25196","targetHints":{"allow":["GET"]}}],"collection":[{"href":"https:\/\/www.runottawa.ca\/fr\/wp-json\/wp\/v2\/pages"}],"about":[{"href":"https:\/\/www.runottawa.ca\/fr\/wp-json\/wp\/v2\/types\/page"}],"author":[{"embeddable":true,"href":"https:\/\/www.runottawa.ca\/fr\/wp-json\/wp\/v2\/users\/22"}],"replies":[{"embeddable":true,"href":"https:\/\/www.runottawa.ca\/fr\/wp-json\/wp\/v2\/comments?post=25196"}],"version-history":[{"count":7,"href":"https:\/\/www.runottawa.ca\/fr\/wp-json\/wp\/v2\/pages\/25196\/revisions"}],"predecessor-version":[{"id":28291,"href":"https:\/\/www.runottawa.ca\/fr\/wp-json\/wp\/v2\/pages\/25196\/revisions\/28291"}],"up":[{"embeddable":true,"href":"https:\/\/www.runottawa.ca\/fr\/wp-json\/wp\/v2\/pages\/13534"}],"wp:attachment":[{"href":"https:\/\/www.runottawa.ca\/fr\/wp-json\/wp\/v2\/media?parent=25196"}],"curies":[{"name":"wp","href":"https:\/\/api.w.org\/{rel}","templated":true}]}}