{"id":24909,"date":"2019-11-20T13:56:40","date_gmt":"2019-11-20T18:56:40","guid":{"rendered":"https:\/\/www.runottawa.ca\/?page_id=24909"},"modified":"2019-11-29T14:09:22","modified_gmt":"2019-11-29T19:09:22","slug":"equipeformidable-2","status":"publish","type":"page","link":"https:\/\/www.runottawa.ca\/fr\/torw\/centre-des-medias\/equipeformidable-2\/","title":{"rendered":"\u00c9quipe Formidable 2020"},"content":{"rendered":"<h2><strong>Qu\u2019est-ce que l\u2019\u00c9quipe Formidable\u00a0?<\/strong><\/h2>\n<p>L\u2019\u00c9quipe Formidable est un groupe de coureurs enthousiastes (et fanatiques des m\u00e9dias sociaux) qui participent \u00e0 la Fin de semaine des courses\u00a0Tamarack d\u2019Ottawa 2020, et qui veulent partager des nouvelles concernant leur entra\u00eenement et des renseignements sur la fin de semaine des courses, ainsi qu\u2019offrir du soutien \u00e0 d\u2019autres coureurs chemin faisant.<\/p>\n<p>Rencontrez nos membres pour 2020 ci-dessous!<\/p>\n","protected":false},"excerpt":{"rendered":"<p>Qu\u2019est-ce que l\u2019\u00c9quipe Formidable\u00a0? L\u2019\u00c9quipe Formidable est un groupe de coureurs enthousiastes (et fanatiques des m\u00e9dias sociaux) qui participent \u00e0 la Fin de semaine des courses\u00a0Tamarack d\u2019Ottawa 2020, et qui veulent partager des nouvelles concernant leur entra\u00eenement et des renseignements sur la fin de semaine des courses, ainsi qu\u2019offrir du [&hellip;]<\/p>\n","protected":false},"author":33,"featured_media":0,"parent":13771,"menu_order":522,"comment_status":"closed","ping_status":"closed","template":"template-team-awesome.php","meta":{"_acf_changed":false,"footnotes":""},"class_list":["post-24909","page","type-page","status-publish","hentry"],"acf":[],"yoast_head":"<!-- This site is optimized with the Yoast SEO plugin v27.6 - https:\/\/yoast.com\/product\/yoast-seo-wordpress\/ -->\n<title>\u00c9quipe Formidable 2020 - Run Ottawa<\/title>\n<meta name=\"robots\" content=\"index, follow, max-snippet:-1, max-image-preview:large, max-video-preview:-1\" \/>\n<link rel=\"canonical\" href=\"https:\/\/www.runottawa.ca\/fr\/torw\/centre-des-medias\/equipeformidable-2\/\" \/>\n<script type=\"application\/ld+json\" class=\"yoast-schema-graph\">{\"@context\":\"https:\\\/\\\/schema.org\",\"@graph\":[{\"@type\":\"WebPage\",\"@id\":\"https:\\\/\\\/www.runottawa.ca\\\/fr\\\/torw\\\/centre-des-medias\\\/equipeformidable-2\\\/\",\"url\":\"https:\\\/\\\/www.runottawa.ca\\\/fr\\\/torw\\\/centre-des-medias\\\/equipeformidable-2\\\/\",\"name\":\"\u00c9quipe Formidable 2020 - Run Ottawa\",\"isPartOf\":{\"@id\":\"https:\\\/\\\/www.runottawa.ca\\\/fr\\\/#website\"},\"datePublished\":\"2019-11-20T18:56:40+00:00\",\"dateModified\":\"2019-11-29T19:09:22+00:00\",\"breadcrumb\":{\"@id\":\"https:\\\/\\\/www.runottawa.ca\\\/fr\\\/torw\\\/centre-des-medias\\\/equipeformidable-2\\\/#breadcrumb\"},\"inLanguage\":\"fr-FR\",\"potentialAction\":[{\"@type\":\"ReadAction\",\"target\":[\"https:\\\/\\\/www.runottawa.ca\\\/fr\\\/torw\\\/centre-des-medias\\\/equipeformidable-2\\\/\"]}]},{\"@type\":\"BreadcrumbList\",\"@id\":\"https:\\\/\\\/www.runottawa.ca\\\/fr\\\/torw\\\/centre-des-medias\\\/equipeformidable-2\\\/#breadcrumb\",\"itemListElement\":[{\"@type\":\"ListItem\",\"position\":1,\"name\":\"Home\",\"item\":\"https:\\\/\\\/www.runottawa.ca\\\/fr\\\/\"},{\"@type\":\"ListItem\",\"position\":2,\"name\":\"Fin de semaine des courses Tamarack d\u2019Ottawa\",\"item\":\"https:\\\/\\\/www.runottawa.ca\\\/fr\\\/\"},{\"@type\":\"ListItem\",\"position\":3,\"name\":\"Centre des m\u00e9dias\",\"item\":\"https:\\\/\\\/www.runottawa.ca\\\/fr\\\/torw\\\/centre-des-medias\\\/\"},{\"@type\":\"ListItem\",\"position\":4,\"name\":\"\u00c9quipe Formidable 2020\"}]},{\"@type\":\"WebSite\",\"@id\":\"https:\\\/\\\/www.runottawa.ca\\\/fr\\\/#website\",\"url\":\"https:\\\/\\\/www.runottawa.ca\\\/fr\\\/\",\"name\":\"Run Ottawa\",\"description\":\"\",\"potentialAction\":[{\"@type\":\"SearchAction\",\"target\":{\"@type\":\"EntryPoint\",\"urlTemplate\":\"https:\\\/\\\/www.runottawa.ca\\\/fr\\\/?s={search_term_string}\"},\"query-input\":{\"@type\":\"PropertyValueSpecification\",\"valueRequired\":true,\"valueName\":\"search_term_string\"}}],\"inLanguage\":\"fr-FR\"}]}<\/script>\n<!-- \/ Yoast SEO plugin. -->","yoast_head_json":{"title":"\u00c9quipe Formidable 2020 - Run Ottawa","robots":{"index":"index","follow":"follow","max-snippet":"max-snippet:-1","max-image-preview":"max-image-preview:large","max-video-preview":"max-video-preview:-1"},"canonical":"https:\/\/www.runottawa.ca\/fr\/torw\/centre-des-medias\/equipeformidable-2\/","schema":{"@context":"https:\/\/schema.org","@graph":[{"@type":"WebPage","@id":"https:\/\/www.runottawa.ca\/fr\/torw\/centre-des-medias\/equipeformidable-2\/","url":"https:\/\/www.runottawa.ca\/fr\/torw\/centre-des-medias\/equipeformidable-2\/","name":"\u00c9quipe Formidable 2020 - Run Ottawa","isPartOf":{"@id":"https:\/\/www.runottawa.ca\/fr\/#website"},"datePublished":"2019-11-20T18:56:40+00:00","dateModified":"2019-11-29T19:09:22+00:00","breadcrumb":{"@id":"https:\/\/www.runottawa.ca\/fr\/torw\/centre-des-medias\/equipeformidable-2\/#breadcrumb"},"inLanguage":"fr-FR","potentialAction":[{"@type":"ReadAction","target":["https:\/\/www.runottawa.ca\/fr\/torw\/centre-des-medias\/equipeformidable-2\/"]}]},{"@type":"BreadcrumbList","@id":"https:\/\/www.runottawa.ca\/fr\/torw\/centre-des-medias\/equipeformidable-2\/#breadcrumb","itemListElement":[{"@type":"ListItem","position":1,"name":"Home","item":"https:\/\/www.runottawa.ca\/fr\/"},{"@type":"ListItem","position":2,"name":"Fin de semaine des courses Tamarack d\u2019Ottawa","item":"https:\/\/www.runottawa.ca\/fr\/"},{"@type":"ListItem","position":3,"name":"Centre des m\u00e9dias","item":"https:\/\/www.runottawa.ca\/fr\/torw\/centre-des-medias\/"},{"@type":"ListItem","position":4,"name":"\u00c9quipe Formidable 2020"}]},{"@type":"WebSite","@id":"https:\/\/www.runottawa.ca\/fr\/#website","url":"https:\/\/www.runottawa.ca\/fr\/","name":"Run Ottawa","description":"","potentialAction":[{"@type":"SearchAction","target":{"@type":"EntryPoint","urlTemplate":"https:\/\/www.runottawa.ca\/fr\/?s={search_term_string}"},"query-input":{"@type":"PropertyValueSpecification","valueRequired":true,"valueName":"search_term_string"}}],"inLanguage":"fr-FR"}]}},"_links":{"self":[{"href":"https:\/\/www.runottawa.ca\/fr\/wp-json\/wp\/v2\/pages\/24909","targetHints":{"allow":["GET"]}}],"collection":[{"href":"https:\/\/www.runottawa.ca\/fr\/wp-json\/wp\/v2\/pages"}],"about":[{"href":"https:\/\/www.runottawa.ca\/fr\/wp-json\/wp\/v2\/types\/page"}],"author":[{"embeddable":true,"href":"https:\/\/www.runottawa.ca\/fr\/wp-json\/wp\/v2\/users\/33"}],"replies":[{"embeddable":true,"href":"https:\/\/www.runottawa.ca\/fr\/wp-json\/wp\/v2\/comments?post=24909"}],"version-history":[{"count":16,"href":"https:\/\/www.runottawa.ca\/fr\/wp-json\/wp\/v2\/pages\/24909\/revisions"}],"predecessor-version":[{"id":25099,"href":"https:\/\/www.runottawa.ca\/fr\/wp-json\/wp\/v2\/pages\/24909\/revisions\/25099"}],"up":[{"embeddable":true,"href":"https:\/\/www.runottawa.ca\/fr\/wp-json\/wp\/v2\/pages\/13771"}],"wp:attachment":[{"href":"https:\/\/www.runottawa.ca\/fr\/wp-json\/wp\/v2\/media?parent=24909"}],"curies":[{"name":"wp","href":"https:\/\/api.w.org\/{rel}","templated":true}]}}