{"id":2484,"date":"2014-07-28T09:08:19","date_gmt":"2014-07-28T13:08:19","guid":{"rendered":"http:\/\/www.runottawa.ca\/?page_id=2484"},"modified":"2024-01-31T19:54:29","modified_gmt":"2024-02-01T00:54:29","slug":"recompenses-et-prix","status":"publish","type":"page","link":"https:\/\/www.runottawa.ca\/fr\/torw\/coureurs\/recompenses-et-prix\/","title":{"rendered":"Prix remis lors de la Fin de semaine des courses Tamarack d\u2019Ottawa 2024"},"content":{"rendered":"<p><span style=\"font-weight: 400;\">Tous les montants sont en dollars canadiens , y compris la bourse ouverte du Marathon international\u00a0 Tartan d&rsquo;Ottawa.<\/span><\/p>\n<p><span style=\"font-weight: 400;\">Tous les prix en argent sont remis strictement aux athl\u00e8tes professionnels, \u00e0 moins d\u2019indication contraire.<\/span><\/p>\n<p><span style=\"font-weight: 400;\">Tous les prix seront attribu\u00e9s en fonction du temps de tir.<\/span><\/p>\n<h2><b>Le 10K d\u2019Ottawa <\/b>pr\u00e9sent\u00e9 par Otto\u2019s Ottawa <b>2024<\/b><\/h2>\n<h3><b>Championnat canadien du 10 km 2024<\/b><\/h3>\n<p><span style=\"font-weight: 400;\">Le 10K d&rsquo;Ottawa 2024 pr\u00e9sent\u00e9 par Otto&rsquo;s Ottawa fait office de<\/span><a href=\"https:\/\/athletics.ca\/fr\/championnat\/2020-canadian-10km-championships\/\"> <span style=\"font-weight: 400;\">Championnat canadien du 10 km<\/span><\/a><span style=\"font-weight: 400;\">. <strong>Seuls les citoyens canadiens ou les personnes titulaires d&rsquo;une carte de r\u00e9sident permanent en cours de validit\u00e9 peuvent \u00eatre d\u00e9clar\u00e9s champions canadiens et recevoir une m\u00e9daille, un prix ou une reconnaissance financi\u00e8re.<\/strong><\/span><\/p>\n<p><span style=\"font-weight: 400;\">Les prix suivants sont remis aux hommes et aux femmes.<\/span><\/p>\n<table>\n<tbody>\n<tr>\n<td><b>Classemen<\/b><\/td>\n<td><b>Montant<\/b><\/td>\n<\/tr>\n<tr>\n<td><span style=\"font-weight: 400;\">1<\/span><\/td>\n<td><span style=\"font-weight: 400;\">5 000.00 $<\/span><\/td>\n<\/tr>\n<tr>\n<td><span style=\"font-weight: 400;\">2<\/span><\/td>\n<td><span style=\"font-weight: 400;\">3 000.00 $<\/span><\/td>\n<\/tr>\n<tr>\n<td><span style=\"font-weight: 400;\">3<\/span><\/td>\n<td><span style=\"font-weight: 400;\">2 000.00 $<\/span><\/td>\n<\/tr>\n<tr>\n<td><span style=\"font-weight: 400;\">4<\/span><\/td>\n<td><span style=\"font-weight: 400;\">1 500.00 $<\/span><\/td>\n<\/tr>\n<tr>\n<td><span style=\"font-weight: 400;\">5<\/span><\/td>\n<td><span style=\"font-weight: 400;\">1 000.00 $<\/span><\/td>\n<\/tr>\n<tr>\n<td><span style=\"font-weight: 400;\">6<\/span><\/td>\n<td><span style=\"font-weight: 400;\">700.00 $\u00a0<\/span><\/td>\n<\/tr>\n<tr>\n<td><span style=\"font-weight: 400;\">7<\/span><\/td>\n<td><span style=\"font-weight: 400;\">500.00 $<\/span><\/td>\n<\/tr>\n<tr>\n<td><span style=\"font-weight: 400;\">8<\/span><\/td>\n<td><span style=\"font-weight: 400;\">300.00 $<\/span><\/td>\n<\/tr>\n<tr>\n<td><span style=\"font-weight: 400;\">9<\/span><\/td>\n<td><span style=\"font-weight: 400;\">200.00 $<\/span><\/td>\n<\/tr>\n<tr>\n<td><span style=\"font-weight: 400;\">10<\/span><\/td>\n<td><span style=\"font-weight: 400;\">100.00 $<\/span><\/td>\n<\/tr>\n<\/tbody>\n<\/table>\n<h2>Prime de record canadien<\/h2>\n<p>Si un citoyen canadien faisant partie de l&rsquo;\u00e9lite bat le record national du Canada, il recevra une prime de 1 000 dollars.<\/p>\n<p>&nbsp;<\/p>\n<table>\n<tbody>\n<tr>\n<td><b>\u00a0<\/b><\/td>\n<td><strong>Athl\u00e8te<\/strong><\/td>\n<td><strong>Ann\u00e9e<\/strong><\/td>\n<td><b>Temps<\/b><\/td>\n<\/tr>\n<tr>\n<td><span style=\"font-weight: 400;\">Record chez les hommes<\/span><\/td>\n<td><span style=\"font-weight: 400;\">Benjamin Flanagan<\/span><\/td>\n<td><span style=\"font-weight: 400;\">2022<\/span><\/td>\n<td><span style=\"font-weight: 400;\">28:11<\/span><\/td>\n<\/tr>\n<tr>\n<td><span style=\"font-weight: 400;\">Record chez les femmes<\/span><\/td>\n<td><span style=\"font-weight: 400;\">Lynn Williams<\/span><\/td>\n<td><span style=\"font-weight: 400;\">1989<\/span><\/td>\n<td><span style=\"font-weight: 400;\">31:44<\/span><\/td>\n<\/tr>\n<\/tbody>\n<\/table>\n<p>&nbsp;<\/p>\n<p><a href=\"https:\/\/www.runottawa.ca\/wp-content\/uploads\/2024\/01\/athletics-canada-bil-logo.png\"><img loading=\"lazy\" decoding=\"async\" class=\"alignnone size-medium wp-image-37848\" src=\"https:\/\/www.runottawa.ca\/wp-content\/uploads\/2024\/01\/athletics-canada-bil-logo.png\" alt=\"\" width=\"160\" height=\"186\" \/><\/a><\/p>\n<hr \/>\n<h1><b>Marathon International d\u2019Ottawa Tartan 2024\u00a0<\/b><\/h1>\n<h2><b>Marathon International d\u2019Ottawa Tartan (cat\u00e9gorie ouverte) <\/b>2024 Prix en argent<\/h2>\n<p>Tous les prix sont en dollars canadiens.<\/p>\n<p>Les premiers coureurs masculins et f\u00e9minins de la cat\u00e9gorie \u00e9lite seront r\u00e9compens\u00e9s :<\/p>\n<table>\n<tbody>\n<tr>\n<td><b>Position<\/b><\/td>\n<td><b>Montant<\/b><\/td>\n<\/tr>\n<tr>\n<td><span style=\"font-weight: 400;\">1<\/span><\/td>\n<td><span style=\"font-weight: 400;\">8 000.00 $<\/span><\/td>\n<\/tr>\n<tr>\n<td><span style=\"font-weight: 400;\">2<\/span><\/td>\n<td><span style=\"font-weight: 400;\">3 000.00 $<\/span><\/td>\n<\/tr>\n<tr>\n<td><span style=\"font-weight: 400;\">3<\/span><\/td>\n<td><span style=\"font-weight: 400;\">1 800.00 $<\/span><\/td>\n<\/tr>\n<tr>\n<td><span style=\"font-weight: 400;\">4<\/span><\/td>\n<td><span style=\"font-weight: 400;\">1 500.00 $<\/span><\/td>\n<\/tr>\n<tr>\n<td><span style=\"font-weight: 400;\">5<\/span><\/td>\n<td><span style=\"font-weight: 400;\">1 000.00 $<\/span><\/td>\n<\/tr>\n<tr>\n<td><span style=\"font-weight: 400;\">6<\/span><\/td>\n<td><span style=\"font-weight: 400;\">500.00 $<\/span><\/td>\n<\/tr>\n<tr>\n<td><span style=\"font-weight: 400;\">\u00a0<\/span><\/td>\n<td><span style=\"font-weight: 400;\">\u00a0<\/span><\/td>\n<\/tr>\n<tr>\n<td><span style=\"font-weight: 400;\">\u00a0<\/span><\/td>\n<td><\/td>\n<\/tr>\n<\/tbody>\n<\/table>\n<h2><b>Prime du record d&rsquo;\u00e9v\u00e9nement<\/b><\/h2>\n<p><span style=\"font-weight: 400;\">Tout athl\u00e8te professionnel (homme ou femme) qui bat le record d&rsquo;\u00e9v\u00e9nement obtiendra une prime de 10 000 $.<\/span><\/p>\n<table>\n<tbody>\n<tr>\n<td><b>\u00a0<\/b><\/td>\n<td><strong>Athl\u00e8te<\/strong><\/td>\n<td><b><strong>Ann\u00e9e<\/strong><\/b><\/td>\n<td><b>Temps<\/b><\/td>\n<\/tr>\n<tr>\n<td><span style=\"font-weight: 400;\">Record chez les homme<\/span><\/td>\n<td><span style=\"font-weight: 400;\">Andualem Belay Shiferaw<\/span><\/td>\n<td><span style=\"font-weight: 400;\">2022<\/span><\/td>\n<td><span style=\"font-weight: 400;\">2:06:04<\/span><\/td>\n<\/tr>\n<tr>\n<td><span style=\"font-weight: 400;\">Record chez les femmes<\/span><\/td>\n<td><span style=\"font-weight: 400;\">Gelete Burka<\/span><\/td>\n<td><span style=\"font-weight: 400;\">2018<\/span><\/td>\n<td><span style=\"font-weight: 400;\">2:22:17<\/span><\/td>\n<\/tr>\n<\/tbody>\n<\/table>\n<h2><b>Marathon International d\u2019Ottawa Tartan <\/b>2024 Prix canadien<\/h2>\n<p><span style=\"font-weight: 400;\">Les prix canadiens sont ouverts \u00e0 tous les athl\u00e8tes canadiens professionnels. Les trois meilleurs hommes et femmes re\u00e7oivent les prix suivants :<\/span><\/p>\n<table>\n<tbody>\n<tr>\n<td><b>Position<\/b><\/td>\n<td><b>Montant<\/b><\/td>\n<\/tr>\n<tr>\n<td><span style=\"font-weight: 400;\">1<\/span><\/td>\n<td><span style=\"font-weight: 400;\">2 500.00 $<\/span><\/td>\n<\/tr>\n<tr>\n<td><span style=\"font-weight: 400;\">2<\/span><\/td>\n<td><span style=\"font-weight: 400;\">1 500.00 $<\/span><\/td>\n<\/tr>\n<tr>\n<td><span style=\"font-weight: 400;\">3<\/span><\/td>\n<td><span style=\"font-weight: 400;\">750.00 $<\/span><\/td>\n<\/tr>\n<tr>\n<td><\/td>\n<td><\/td>\n<\/tr>\n<tr>\n<td><\/td>\n<td><\/td>\n<\/tr>\n<tr>\n<td><span style=\"font-weight: 400;\">\u00a0<\/span><\/td>\n<td><span style=\"font-weight: 400;\">\u00a0<\/span><\/td>\n<\/tr>\n<tr>\n<td><span style=\"font-weight: 400;\">\u00a0<\/span><\/td>\n<td><span style=\"font-weight: 400;\">\u00a0<\/span><\/td>\n<\/tr>\n<tr>\n<td><span style=\"font-weight: 400;\">\u00a0<\/span><\/td>\n<td><span style=\"font-weight: 400;\">\u00a0<\/span><\/td>\n<\/tr>\n<tr>\n<td><span style=\"font-weight: 400;\">\u00a0<\/span><\/td>\n<td><span style=\"font-weight: 400;\">\u00a0<\/span><\/td>\n<\/tr>\n<tr>\n<td><span style=\"font-weight: 400;\">\u00a0<\/span><\/td>\n<td><span style=\"font-weight: 400;\">\u00a0<\/span><\/td>\n<\/tr>\n<\/tbody>\n<\/table>\n<p>*Avec une r\u00e9duction de 50% pour les temps inf\u00e9rieurs \u00e0 2:25 (hommes), 2:45 (femmes).<\/p>\n<h2><b>Prime du record canadien pour le Marathon International d\u2019Ottawa Tartan 2024<\/b><\/h2>\n<p>Si le citoyen canadien qui termine \u00e0 la premi\u00e8re place dans la cat\u00e9gorie des hommes ou des femmes \u00e9lites bat le record national du Canada, il recevra une prime de 10 000 dollars.<\/p>\n<table>\n<tbody>\n<tr>\n<td><b>\u00a0<\/b><\/td>\n<td><strong>Athl\u00e8te<\/strong><\/td>\n<td><b><strong>Ann\u00e9e<\/strong><\/b><\/td>\n<td><b>Temps<\/b><\/td>\n<\/tr>\n<tr>\n<td><span style=\"font-weight: 400;\">Men\u2019s Record<\/span><\/td>\n<td><span style=\"font-weight: 400;\">Cam Levins<\/span><\/td>\n<td><span style=\"font-weight: 400;\">2023<\/span><\/td>\n<td><span style=\"font-weight: 400;\">2:05:36<\/span><\/td>\n<\/tr>\n<tr>\n<td><span style=\"font-weight: 400;\">Women\u2019s Record<\/span><\/td>\n<td><span style=\"font-weight: 400;\">Natasha Wodak<\/span><\/td>\n<td><span style=\"font-weight: 400;\">2022<\/span><\/td>\n<td><span style=\"font-weight: 400;\">2:23:12<\/span><\/td>\n<\/tr>\n<\/tbody>\n<\/table>\n","protected":false},"excerpt":{"rendered":"<p>Tous les montants sont en dollars canadiens , y compris la bourse ouverte du Marathon international\u00a0 Tartan d&rsquo;Ottawa. Tous les prix en argent sont remis strictement aux athl\u00e8tes professionnels, \u00e0 moins d\u2019indication contraire. Tous les prix seront attribu\u00e9s en fonction du temps de tir. Le 10K d\u2019Ottawa pr\u00e9sent\u00e9 par Otto\u2019s [&hellip;]<\/p>\n","protected":false},"author":33,"featured_media":0,"parent":13551,"menu_order":512,"comment_status":"closed","ping_status":"open","template":"template-race-weekend.php","meta":{"_acf_changed":false,"footnotes":""},"class_list":["post-2484","page","type-page","status-publish","hentry"],"acf":[],"yoast_head":"<!-- This site is optimized with the Yoast SEO plugin v27.4 - https:\/\/yoast.com\/product\/yoast-seo-wordpress\/ -->\n<title>Prix remis lors de la Fin de semaine des courses Tamarack d\u2019Ottawa 2024 - Run Ottawa<\/title>\n<meta name=\"robots\" content=\"index, follow, max-snippet:-1, max-image-preview:large, max-video-preview:-1\" \/>\n<link rel=\"canonical\" href=\"https:\/\/www.runottawa.ca\/fr\/torw\/coureurs\/recompenses-et-prix\/\" \/>\n<meta name=\"twitter:label1\" content=\"Dur\u00e9e de lecture estim\u00e9e\" \/>\n\t<meta name=\"twitter:data1\" content=\"3 minutes\" \/>\n<script type=\"application\/ld+json\" class=\"yoast-schema-graph\">{\"@context\":\"https:\\\/\\\/schema.org\",\"@graph\":[{\"@type\":\"WebPage\",\"@id\":\"https:\\\/\\\/www.runottawa.ca\\\/fr\\\/torw\\\/coureurs\\\/recompenses-et-prix\\\/\",\"url\":\"https:\\\/\\\/www.runottawa.ca\\\/fr\\\/torw\\\/coureurs\\\/recompenses-et-prix\\\/\",\"name\":\"Prix remis lors de la Fin de semaine des courses Tamarack d\u2019Ottawa 2024 - Run Ottawa\",\"isPartOf\":{\"@id\":\"https:\\\/\\\/www.runottawa.ca\\\/fr\\\/#website\"},\"datePublished\":\"2014-07-28T13:08:19+00:00\",\"dateModified\":\"2024-02-01T00:54:29+00:00\",\"breadcrumb\":{\"@id\":\"https:\\\/\\\/www.runottawa.ca\\\/fr\\\/torw\\\/coureurs\\\/recompenses-et-prix\\\/#breadcrumb\"},\"inLanguage\":\"fr-FR\",\"potentialAction\":[{\"@type\":\"ReadAction\",\"target\":[\"https:\\\/\\\/www.runottawa.ca\\\/fr\\\/torw\\\/coureurs\\\/recompenses-et-prix\\\/\"]}]},{\"@type\":\"BreadcrumbList\",\"@id\":\"https:\\\/\\\/www.runottawa.ca\\\/fr\\\/torw\\\/coureurs\\\/recompenses-et-prix\\\/#breadcrumb\",\"itemListElement\":[{\"@type\":\"ListItem\",\"position\":1,\"name\":\"Home\",\"item\":\"https:\\\/\\\/www.runottawa.ca\\\/fr\\\/\"},{\"@type\":\"ListItem\",\"position\":2,\"name\":\"Fin de semaine des courses Tamarack d\u2019Ottawa\",\"item\":\"https:\\\/\\\/www.runottawa.ca\\\/fr\\\/\"},{\"@type\":\"ListItem\",\"position\":3,\"name\":\"Coureurs\",\"item\":\"https:\\\/\\\/www.runottawa.ca\\\/fr\\\/torw\\\/coureurs\\\/\"},{\"@type\":\"ListItem\",\"position\":4,\"name\":\"Prix remis lors de la Fin de semaine des courses Tamarack d\u2019Ottawa 2024\"}]},{\"@type\":\"WebSite\",\"@id\":\"https:\\\/\\\/www.runottawa.ca\\\/fr\\\/#website\",\"url\":\"https:\\\/\\\/www.runottawa.ca\\\/fr\\\/\",\"name\":\"Run Ottawa\",\"description\":\"\",\"potentialAction\":[{\"@type\":\"SearchAction\",\"target\":{\"@type\":\"EntryPoint\",\"urlTemplate\":\"https:\\\/\\\/www.runottawa.ca\\\/fr\\\/?s={search_term_string}\"},\"query-input\":{\"@type\":\"PropertyValueSpecification\",\"valueRequired\":true,\"valueName\":\"search_term_string\"}}],\"inLanguage\":\"fr-FR\"}]}<\/script>\n<!-- \/ Yoast SEO plugin. -->","yoast_head_json":{"title":"Prix remis lors de la Fin de semaine des courses Tamarack d\u2019Ottawa 2024 - Run Ottawa","robots":{"index":"index","follow":"follow","max-snippet":"max-snippet:-1","max-image-preview":"max-image-preview:large","max-video-preview":"max-video-preview:-1"},"canonical":"https:\/\/www.runottawa.ca\/fr\/torw\/coureurs\/recompenses-et-prix\/","twitter_misc":{"Dur\u00e9e de lecture estim\u00e9e":"3 minutes"},"schema":{"@context":"https:\/\/schema.org","@graph":[{"@type":"WebPage","@id":"https:\/\/www.runottawa.ca\/fr\/torw\/coureurs\/recompenses-et-prix\/","url":"https:\/\/www.runottawa.ca\/fr\/torw\/coureurs\/recompenses-et-prix\/","name":"Prix remis lors de la Fin de semaine des courses Tamarack d\u2019Ottawa 2024 - Run Ottawa","isPartOf":{"@id":"https:\/\/www.runottawa.ca\/fr\/#website"},"datePublished":"2014-07-28T13:08:19+00:00","dateModified":"2024-02-01T00:54:29+00:00","breadcrumb":{"@id":"https:\/\/www.runottawa.ca\/fr\/torw\/coureurs\/recompenses-et-prix\/#breadcrumb"},"inLanguage":"fr-FR","potentialAction":[{"@type":"ReadAction","target":["https:\/\/www.runottawa.ca\/fr\/torw\/coureurs\/recompenses-et-prix\/"]}]},{"@type":"BreadcrumbList","@id":"https:\/\/www.runottawa.ca\/fr\/torw\/coureurs\/recompenses-et-prix\/#breadcrumb","itemListElement":[{"@type":"ListItem","position":1,"name":"Home","item":"https:\/\/www.runottawa.ca\/fr\/"},{"@type":"ListItem","position":2,"name":"Fin de semaine des courses Tamarack d\u2019Ottawa","item":"https:\/\/www.runottawa.ca\/fr\/"},{"@type":"ListItem","position":3,"name":"Coureurs","item":"https:\/\/www.runottawa.ca\/fr\/torw\/coureurs\/"},{"@type":"ListItem","position":4,"name":"Prix remis lors de la Fin de semaine des courses Tamarack d\u2019Ottawa 2024"}]},{"@type":"WebSite","@id":"https:\/\/www.runottawa.ca\/fr\/#website","url":"https:\/\/www.runottawa.ca\/fr\/","name":"Run Ottawa","description":"","potentialAction":[{"@type":"SearchAction","target":{"@type":"EntryPoint","urlTemplate":"https:\/\/www.runottawa.ca\/fr\/?s={search_term_string}"},"query-input":{"@type":"PropertyValueSpecification","valueRequired":true,"valueName":"search_term_string"}}],"inLanguage":"fr-FR"}]}},"_links":{"self":[{"href":"https:\/\/www.runottawa.ca\/fr\/wp-json\/wp\/v2\/pages\/2484","targetHints":{"allow":["GET"]}}],"collection":[{"href":"https:\/\/www.runottawa.ca\/fr\/wp-json\/wp\/v2\/pages"}],"about":[{"href":"https:\/\/www.runottawa.ca\/fr\/wp-json\/wp\/v2\/types\/page"}],"author":[{"embeddable":true,"href":"https:\/\/www.runottawa.ca\/fr\/wp-json\/wp\/v2\/users\/33"}],"replies":[{"embeddable":true,"href":"https:\/\/www.runottawa.ca\/fr\/wp-json\/wp\/v2\/comments?post=2484"}],"version-history":[{"count":16,"href":"https:\/\/www.runottawa.ca\/fr\/wp-json\/wp\/v2\/pages\/2484\/revisions"}],"predecessor-version":[{"id":37927,"href":"https:\/\/www.runottawa.ca\/fr\/wp-json\/wp\/v2\/pages\/2484\/revisions\/37927"}],"up":[{"embeddable":true,"href":"https:\/\/www.runottawa.ca\/fr\/wp-json\/wp\/v2\/pages\/13551"}],"wp:attachment":[{"href":"https:\/\/www.runottawa.ca\/fr\/wp-json\/wp\/v2\/media?parent=2484"}],"curies":[{"name":"wp","href":"https:\/\/api.w.org\/{rel}","templated":true}]}}