{"id":2478,"date":"2014-07-28T08:29:51","date_gmt":"2014-07-28T12:29:51","guid":{"rendered":"http:\/\/www.runottawa.ca\/?page_id=2478"},"modified":"2023-02-01T14:18:23","modified_gmt":"2023-02-01T19:18:23","slug":"pour-les-medias","status":"publish","type":"page","link":"https:\/\/www.runottawa.ca\/fr\/pour-les-medias\/","title":{"rendered":"Pour les m\u00e9dias"},"content":{"rendered":"<p>La Fin de semaine des courses Tamarack d\u2019Ottawa compte une course label d\u2019Or de la F\u00e9d\u00e9ration internationale d\u2019athl\u00e9tisme amateur (IAAF) : le Marathon d\u2019Ottawa Banque Scotia.<\/p>\n<ul>\n<li><a href=\"https:\/\/www.runottawa.ca\/fr\/nouvelles-et-information\/centre-des-medias\/horaire-des-medias\/\">Horaire des\u00a0m\u00e9dias<\/a><\/li>\n<li><a href=\"https:\/\/www.runottawa.ca\/fr\/news\/communiques\/\">Communiqu\u00e9s de presse<\/a><\/li>\n<li><a href=\"https:\/\/www.runottawa.ca\/fr\/nouvelles-et-information\/centre-des-medias\/courses-en-chiffres\/\">Faits et chiffres<\/a><\/li>\n<li><a href=\"https:\/\/www.runottawa.ca\/fr\/formulaire-daccreditation\">Accr\u00e9ditation<\/a><\/li>\n<\/ul>\n<p><strong>Contacts avec les m\u00e9dias\u00a0<\/strong><\/p>\n<p><strong>Lisa Georges<\/strong><a href=\"mailto:media@runottawa.ca\"><br \/>\n<\/a>Directrice du marketing<br \/>\n<a href=\"mailto:Lisa.Georges@runottawa.ca\">Lisa.Georges@runottawa.ca<\/a><br \/>\n(613) 234-2221<\/p>\n<p><strong>Centre des m\u00e9dias de la fin de semaine<\/strong><\/p>\n<p>H\u00f4tel de ville d\u2019Ottawa<br \/>\n110 ouest, avenue Laurier<br \/>\nOttawa (Ontario) K1P 1J1<br \/>\n1er \u00e9tage \u2013 Salle Richmond<\/p>\n<p>T\u00e9l\u00e9phone\u00a0: 613-234-2221<br \/>\nFax\u00a0: 613-234-5880<\/p>\n","protected":false},"excerpt":{"rendered":"<p>La Fin de semaine des courses Tamarack d\u2019Ottawa compte une course label d\u2019Or de la F\u00e9d\u00e9ration internationale d\u2019athl\u00e9tisme amateur (IAAF) : le Marathon d\u2019Ottawa Banque Scotia. Horaire des\u00a0m\u00e9dias Communiqu\u00e9s de presse Faits et chiffres Accr\u00e9ditation Contacts avec les m\u00e9dias\u00a0 Lisa Georges Directrice du marketing Lisa.Georges@runottawa.ca (613) 234-2221 Centre des m\u00e9dias [&hellip;]<\/p>\n","protected":false},"author":33,"featured_media":0,"parent":0,"menu_order":289,"comment_status":"closed","ping_status":"open","template":"template-page.php","meta":{"_acf_changed":false,"footnotes":""},"class_list":["post-2478","page","type-page","status-publish","hentry"],"acf":[],"yoast_head":"<!-- This site is optimized with the Yoast SEO plugin v27.4 - https:\/\/yoast.com\/product\/yoast-seo-wordpress\/ -->\n<title>Pour les m\u00e9dias - Run Ottawa<\/title>\n<meta name=\"robots\" content=\"index, follow, max-snippet:-1, max-image-preview:large, max-video-preview:-1\" \/>\n<link rel=\"canonical\" href=\"https:\/\/www.runottawa.ca\/fr\/pour-les-medias\/\" \/>\n<meta name=\"twitter:label1\" content=\"Dur\u00e9e de lecture estim\u00e9e\" \/>\n\t<meta name=\"twitter:data1\" content=\"1 minute\" \/>\n<script type=\"application\/ld+json\" class=\"yoast-schema-graph\">{\"@context\":\"https:\\\/\\\/schema.org\",\"@graph\":[{\"@type\":\"WebPage\",\"@id\":\"https:\\\/\\\/www.runottawa.ca\\\/fr\\\/pour-les-medias\\\/\",\"url\":\"https:\\\/\\\/www.runottawa.ca\\\/fr\\\/pour-les-medias\\\/\",\"name\":\"Pour les m\u00e9dias - Run Ottawa\",\"isPartOf\":{\"@id\":\"https:\\\/\\\/www.runottawa.ca\\\/fr\\\/#website\"},\"datePublished\":\"2014-07-28T12:29:51+00:00\",\"dateModified\":\"2023-02-01T19:18:23+00:00\",\"breadcrumb\":{\"@id\":\"https:\\\/\\\/www.runottawa.ca\\\/fr\\\/pour-les-medias\\\/#breadcrumb\"},\"inLanguage\":\"fr-FR\",\"potentialAction\":[{\"@type\":\"ReadAction\",\"target\":[\"https:\\\/\\\/www.runottawa.ca\\\/fr\\\/pour-les-medias\\\/\"]}]},{\"@type\":\"BreadcrumbList\",\"@id\":\"https:\\\/\\\/www.runottawa.ca\\\/fr\\\/pour-les-medias\\\/#breadcrumb\",\"itemListElement\":[{\"@type\":\"ListItem\",\"position\":1,\"name\":\"Home\",\"item\":\"https:\\\/\\\/www.runottawa.ca\\\/fr\\\/\"},{\"@type\":\"ListItem\",\"position\":2,\"name\":\"Pour les m\u00e9dias\"}]},{\"@type\":\"WebSite\",\"@id\":\"https:\\\/\\\/www.runottawa.ca\\\/fr\\\/#website\",\"url\":\"https:\\\/\\\/www.runottawa.ca\\\/fr\\\/\",\"name\":\"Run Ottawa\",\"description\":\"\",\"potentialAction\":[{\"@type\":\"SearchAction\",\"target\":{\"@type\":\"EntryPoint\",\"urlTemplate\":\"https:\\\/\\\/www.runottawa.ca\\\/fr\\\/?s={search_term_string}\"},\"query-input\":{\"@type\":\"PropertyValueSpecification\",\"valueRequired\":true,\"valueName\":\"search_term_string\"}}],\"inLanguage\":\"fr-FR\"}]}<\/script>\n<!-- \/ Yoast SEO plugin. -->","yoast_head_json":{"title":"Pour les m\u00e9dias - Run Ottawa","robots":{"index":"index","follow":"follow","max-snippet":"max-snippet:-1","max-image-preview":"max-image-preview:large","max-video-preview":"max-video-preview:-1"},"canonical":"https:\/\/www.runottawa.ca\/fr\/pour-les-medias\/","twitter_misc":{"Dur\u00e9e de lecture estim\u00e9e":"1 minute"},"schema":{"@context":"https:\/\/schema.org","@graph":[{"@type":"WebPage","@id":"https:\/\/www.runottawa.ca\/fr\/pour-les-medias\/","url":"https:\/\/www.runottawa.ca\/fr\/pour-les-medias\/","name":"Pour les m\u00e9dias - Run Ottawa","isPartOf":{"@id":"https:\/\/www.runottawa.ca\/fr\/#website"},"datePublished":"2014-07-28T12:29:51+00:00","dateModified":"2023-02-01T19:18:23+00:00","breadcrumb":{"@id":"https:\/\/www.runottawa.ca\/fr\/pour-les-medias\/#breadcrumb"},"inLanguage":"fr-FR","potentialAction":[{"@type":"ReadAction","target":["https:\/\/www.runottawa.ca\/fr\/pour-les-medias\/"]}]},{"@type":"BreadcrumbList","@id":"https:\/\/www.runottawa.ca\/fr\/pour-les-medias\/#breadcrumb","itemListElement":[{"@type":"ListItem","position":1,"name":"Home","item":"https:\/\/www.runottawa.ca\/fr\/"},{"@type":"ListItem","position":2,"name":"Pour les m\u00e9dias"}]},{"@type":"WebSite","@id":"https:\/\/www.runottawa.ca\/fr\/#website","url":"https:\/\/www.runottawa.ca\/fr\/","name":"Run Ottawa","description":"","potentialAction":[{"@type":"SearchAction","target":{"@type":"EntryPoint","urlTemplate":"https:\/\/www.runottawa.ca\/fr\/?s={search_term_string}"},"query-input":{"@type":"PropertyValueSpecification","valueRequired":true,"valueName":"search_term_string"}}],"inLanguage":"fr-FR"}]}},"_links":{"self":[{"href":"https:\/\/www.runottawa.ca\/fr\/wp-json\/wp\/v2\/pages\/2478","targetHints":{"allow":["GET"]}}],"collection":[{"href":"https:\/\/www.runottawa.ca\/fr\/wp-json\/wp\/v2\/pages"}],"about":[{"href":"https:\/\/www.runottawa.ca\/fr\/wp-json\/wp\/v2\/types\/page"}],"author":[{"embeddable":true,"href":"https:\/\/www.runottawa.ca\/fr\/wp-json\/wp\/v2\/users\/33"}],"replies":[{"embeddable":true,"href":"https:\/\/www.runottawa.ca\/fr\/wp-json\/wp\/v2\/comments?post=2478"}],"version-history":[{"count":9,"href":"https:\/\/www.runottawa.ca\/fr\/wp-json\/wp\/v2\/pages\/2478\/revisions"}],"predecessor-version":[{"id":36175,"href":"https:\/\/www.runottawa.ca\/fr\/wp-json\/wp\/v2\/pages\/2478\/revisions\/36175"}],"wp:attachment":[{"href":"https:\/\/www.runottawa.ca\/fr\/wp-json\/wp\/v2\/media?parent=2478"}],"curies":[{"name":"wp","href":"https:\/\/api.w.org\/{rel}","templated":true}]}}