{"id":24504,"date":"2019-11-01T09:33:23","date_gmt":"2019-11-01T13:33:23","guid":{"rendered":"https:\/\/www.runottawa.ca\/?page_id=24504"},"modified":"2026-04-01T09:37:58","modified_gmt":"2026-04-01T13:37:58","slug":"propos-du-defi-caritatif","status":"publish","type":"page","link":"https:\/\/www.runottawa.ca\/fr\/propos-du-defi-caritatif\/","title":{"rendered":"Le D\u00e9fi caritatif Desjardins"},"content":{"rendered":"<h2><strong>Donnez un sens \u00e0 chaque kilom\u00e8tre\u00a0: amassez, aidez, c\u00e9l\u00e9brez!<\/strong><\/h2>\n<p><a href=\"https:\/\/www.runottawa.ca\/wp-content\/uploads\/2022\/04\/DesjardinsCharityChallenge-CMYK-logo-FR.png\"><img loading=\"lazy\" decoding=\"async\" class=\"size-medium wp-image-32502 alignright\" src=\"https:\/\/www.runottawa.ca\/wp-content\/uploads\/2022\/04\/DesjardinsCharityChallenge-CMYK-logo-FR-300x200.png\" alt=\"\" width=\"300\" height=\"200\" srcset=\"https:\/\/www.runottawa.ca\/wp-content\/uploads\/2022\/04\/DesjardinsCharityChallenge-CMYK-logo-FR-300x200.png 300w, https:\/\/www.runottawa.ca\/wp-content\/uploads\/2022\/04\/DesjardinsCharityChallenge-CMYK-logo-FR.png 574w\" sizes=\"auto, (max-width: 300px) 100vw, 300px\" \/><\/a>En 2025, les participants ont recueilli <strong>969,602.02<\/strong> <strong>$<\/strong> pour des organismes de bienfaisance locaux !<\/p>\n<p>Ces derni\u00e8res ann\u00e9ea a \u00e9t\u00e9 difficile pour beaucoup, notamment pour les organisations de premi\u00e8re ligne et les organisations caritatives de notre communaut\u00e9, qui ont plus que jamais besoin de votre soutien. Le <strong>D\u00e9fi caritatif Desjardins <\/strong>est un moyen pour VOUS de les aider. Ce programme associe l&rsquo;esprit des coureurs et des marcheurs \u00e0 une plateforme de collecte de fonds, afin de r\u00e9colter des fonds pour les organisations caritatives de leur choix. Cette plateforme permet aux organisations caritatives de soutenir et de d\u00e9velopper des programmes indispensables pour aider des centaines de milliers de personnes (et d&rsquo;animaux !) dans le besoin.<\/p>\n<p>Chaque dollar amass\u00e9 aidera l\u2019organisme caritatif officiel de votre choix \u00e0 gagner l\u2019un des neuf prix en argent d\u2019une valeur totale de 24\u2009750 $! En effet, parmi les organismes caritatifs officiels, la Fin de semaine des courses Tamarack d&rsquo;Ottawa remettra neuf prix en argent \u00e0 ceux qui se d\u00e9marqueront dans les cat\u00e9gories suivantes :<\/p>\n<p>&nbsp;<\/p>\n<h4>1. Organisme ayant amass\u00e9 le plus d\u2019argent<\/h4>\n<p>Crit\u00e8res d\u2019admissibilit\u00e9 : Le total inclut les dons en ligne et hors ligne v\u00e9rifi\u00e9s qui ont \u00e9t\u00e9 recueillis par les coureurs individuels, les \u00e9quipes et l\u2019organisme caritatif lui-m\u00eame.<\/p>\n<p>1re place \u2013 4\u2009250 $<br \/>\n2e place \u2013 2\u2009500 $<br \/>\n3e place \u2013 1\u2009500 $<\/p>\n<p>&nbsp;<\/p>\n<h4><\/h4>\n<h4>2. Partenaire officiel attirant le plus de coureurs-financeurs<\/h4>\n<p>Crit\u00e8res d\u2019admissibilit\u00e9 : Les organismes doivent avoir au moins dix coureurs inscrits. Les coureurs peuvent participer \u00e0 une ou plusieurs \u00e9preuves. Pour cette cat\u00e9gorie de prix, seuls les dons vers\u00e9s directement \u00e0 une personne inscrite ayant amass\u00e9 plus de 50 $ (en ligne ou dons v\u00e9rifi\u00e9s faits directement au coureur) seront comptabilis\u00e9s.<\/p>\n<p>1re place \u2013 4\u2009250 $<br \/>\n2e place \u2013 2\u2009500 $<br \/>\n3e place \u2013 1\u2009500 $<\/p>\n<p>&nbsp;<\/p>\n<h4><\/h4>\n<h4>3. Organisme de bienfaisance officiel avec la plus grande moyenne de dollars collect\u00e9s par \u00e9quipe de collecte de fonds<\/h4>\n<p>Crit\u00e8res d\u2019admissibilit\u00e9 :<\/p>\n<p>\u00c9ligibilit\u00e9 : Votre \u00e9quipe caritative doit avoir un minimum de 6 coureurs de collecte de fonds inscrits. La moyenne des dollars collect\u00e9s sera calcul\u00e9e sur la base des totaux des \u00e9quipes uniquement. Pour cette cat\u00e9gorie de prix, seuls les dons faits directement \u00e0 une \u00e9quipe ou \u00e0 une personne au sein d&rsquo;une \u00e9quipe seront pris en compte dans le calcul. Les dons faits \u00e0 votre organisme de bienfaisance ne seront pas pris en compte dans le calcul.<\/p>\n<p>1re place \u2013 4\u2009250 $<br \/>\n2e place \u2013 2\u2009500 $<br \/>\n3e place \u2013 1\u2009500 $<\/p>\n<p>&nbsp;<\/p>\n<p><a href=\"https:\/\/www.runottawa.ca\/wp-content\/uploads\/2026\/02\/2.png\"><img loading=\"lazy\" decoding=\"async\" class=\"alignnone wp-image-44254 size-large\" src=\"https:\/\/www.runottawa.ca\/wp-content\/uploads\/2026\/02\/2-1024x711.png\" alt=\"\" width=\"1024\" height=\"711\" srcset=\"https:\/\/www.runottawa.ca\/wp-content\/uploads\/2026\/02\/2-1024x711.png 1024w, https:\/\/www.runottawa.ca\/wp-content\/uploads\/2026\/02\/2-300x208.png 300w, https:\/\/www.runottawa.ca\/wp-content\/uploads\/2026\/02\/2-768x533.png 768w, https:\/\/www.runottawa.ca\/wp-content\/uploads\/2026\/02\/2.png 1080w\" sizes=\"auto, (max-width: 1024px) 100vw, 1024px\" \/><\/a><\/p>\n<h3><strong>D\u00e9couvrez <a href=\"https:\/\/www.runottawa.ca\/fr\/news-item\/courez-ottawa-et-desjardins-annoncent-les-gagnants-du-defi-caritatif-desjardins-de-2025\/\">ici<\/a> les gagnants du D\u00e9fi caritatif Desjardins 2025.<\/strong><\/h3>\n<p>&nbsp;<\/p>\n<p><a href=\"https:\/\/www.runottawa.ca\/fr\/participez-au-defi-caritatif\/\"><strong>Participez au D\u00e9fi caritatif Desjardins<\/strong><\/a><br \/>\n<a href=\"https:\/\/www.runottawa.ca\/fr\/participez-au-defi-caritatif\/\"><strong>Figurez parmi les \u0153uvres caritatives officielles du D\u00e9fi caritatif Desjardins<\/strong><\/a><br \/>\n<a href=\"https:\/\/www.runottawa.ca\/fr\/organismes-de-bienfaisance-qui-participent-au-defi-caritatif-desjardins-2026\/\"><strong>Donnez \u00e0 un organisme<\/strong><\/a><\/p>\n","protected":false},"excerpt":{"rendered":"<p>Donnez un sens \u00e0 chaque kilom\u00e8tre\u00a0: amassez, aidez, c\u00e9l\u00e9brez! En 2025, les participants ont recueilli 969,602.02 $ pour des organismes de bienfaisance locaux ! Ces derni\u00e8res ann\u00e9ea a \u00e9t\u00e9 difficile pour beaucoup, notamment pour les organisations de premi\u00e8re ligne et les organisations caritatives de notre communaut\u00e9, qui ont plus que [&hellip;]<\/p>\n","protected":false},"author":28,"featured_media":0,"parent":0,"menu_order":138,"comment_status":"closed","ping_status":"closed","template":"","meta":{"_acf_changed":false,"footnotes":""},"class_list":["post-24504","page","type-page","status-publish","hentry"],"acf":[],"yoast_head":"<!-- This site is optimized with the Yoast SEO plugin v27.5 - https:\/\/yoast.com\/product\/yoast-seo-wordpress\/ -->\n<title>Le D\u00e9fi caritatif Desjardins - Run Ottawa<\/title>\n<meta name=\"robots\" content=\"index, follow, max-snippet:-1, max-image-preview:large, max-video-preview:-1\" \/>\n<link rel=\"canonical\" href=\"https:\/\/www.runottawa.ca\/fr\/propos-du-defi-caritatif\/\" \/>\n<meta name=\"twitter:label1\" content=\"Dur\u00e9e de lecture estim\u00e9e\" \/>\n\t<meta name=\"twitter:data1\" content=\"3 minutes\" \/>\n<script type=\"application\/ld+json\" class=\"yoast-schema-graph\">{\"@context\":\"https:\\\/\\\/schema.org\",\"@graph\":[{\"@type\":\"WebPage\",\"@id\":\"https:\\\/\\\/www.runottawa.ca\\\/fr\\\/propos-du-defi-caritatif\\\/\",\"url\":\"https:\\\/\\\/www.runottawa.ca\\\/fr\\\/propos-du-defi-caritatif\\\/\",\"name\":\"Le D\u00e9fi caritatif Desjardins - Run Ottawa\",\"isPartOf\":{\"@id\":\"https:\\\/\\\/www.runottawa.ca\\\/fr\\\/#website\"},\"datePublished\":\"2019-11-01T13:33:23+00:00\",\"dateModified\":\"2026-04-01T13:37:58+00:00\",\"breadcrumb\":{\"@id\":\"https:\\\/\\\/www.runottawa.ca\\\/fr\\\/propos-du-defi-caritatif\\\/#breadcrumb\"},\"inLanguage\":\"fr-FR\",\"potentialAction\":[{\"@type\":\"ReadAction\",\"target\":[\"https:\\\/\\\/www.runottawa.ca\\\/fr\\\/propos-du-defi-caritatif\\\/\"]}]},{\"@type\":\"BreadcrumbList\",\"@id\":\"https:\\\/\\\/www.runottawa.ca\\\/fr\\\/propos-du-defi-caritatif\\\/#breadcrumb\",\"itemListElement\":[{\"@type\":\"ListItem\",\"position\":1,\"name\":\"Home\",\"item\":\"https:\\\/\\\/www.runottawa.ca\\\/fr\\\/\"},{\"@type\":\"ListItem\",\"position\":2,\"name\":\"Le D\u00e9fi caritatif Desjardins\"}]},{\"@type\":\"WebSite\",\"@id\":\"https:\\\/\\\/www.runottawa.ca\\\/fr\\\/#website\",\"url\":\"https:\\\/\\\/www.runottawa.ca\\\/fr\\\/\",\"name\":\"Run Ottawa\",\"description\":\"\",\"potentialAction\":[{\"@type\":\"SearchAction\",\"target\":{\"@type\":\"EntryPoint\",\"urlTemplate\":\"https:\\\/\\\/www.runottawa.ca\\\/fr\\\/?s={search_term_string}\"},\"query-input\":{\"@type\":\"PropertyValueSpecification\",\"valueRequired\":true,\"valueName\":\"search_term_string\"}}],\"inLanguage\":\"fr-FR\"}]}<\/script>\n<!-- \/ Yoast SEO plugin. -->","yoast_head_json":{"title":"Le D\u00e9fi caritatif Desjardins - Run Ottawa","robots":{"index":"index","follow":"follow","max-snippet":"max-snippet:-1","max-image-preview":"max-image-preview:large","max-video-preview":"max-video-preview:-1"},"canonical":"https:\/\/www.runottawa.ca\/fr\/propos-du-defi-caritatif\/","twitter_misc":{"Dur\u00e9e de lecture estim\u00e9e":"3 minutes"},"schema":{"@context":"https:\/\/schema.org","@graph":[{"@type":"WebPage","@id":"https:\/\/www.runottawa.ca\/fr\/propos-du-defi-caritatif\/","url":"https:\/\/www.runottawa.ca\/fr\/propos-du-defi-caritatif\/","name":"Le D\u00e9fi caritatif Desjardins - Run Ottawa","isPartOf":{"@id":"https:\/\/www.runottawa.ca\/fr\/#website"},"datePublished":"2019-11-01T13:33:23+00:00","dateModified":"2026-04-01T13:37:58+00:00","breadcrumb":{"@id":"https:\/\/www.runottawa.ca\/fr\/propos-du-defi-caritatif\/#breadcrumb"},"inLanguage":"fr-FR","potentialAction":[{"@type":"ReadAction","target":["https:\/\/www.runottawa.ca\/fr\/propos-du-defi-caritatif\/"]}]},{"@type":"BreadcrumbList","@id":"https:\/\/www.runottawa.ca\/fr\/propos-du-defi-caritatif\/#breadcrumb","itemListElement":[{"@type":"ListItem","position":1,"name":"Home","item":"https:\/\/www.runottawa.ca\/fr\/"},{"@type":"ListItem","position":2,"name":"Le D\u00e9fi caritatif Desjardins"}]},{"@type":"WebSite","@id":"https:\/\/www.runottawa.ca\/fr\/#website","url":"https:\/\/www.runottawa.ca\/fr\/","name":"Run Ottawa","description":"","potentialAction":[{"@type":"SearchAction","target":{"@type":"EntryPoint","urlTemplate":"https:\/\/www.runottawa.ca\/fr\/?s={search_term_string}"},"query-input":{"@type":"PropertyValueSpecification","valueRequired":true,"valueName":"search_term_string"}}],"inLanguage":"fr-FR"}]}},"_links":{"self":[{"href":"https:\/\/www.runottawa.ca\/fr\/wp-json\/wp\/v2\/pages\/24504","targetHints":{"allow":["GET"]}}],"collection":[{"href":"https:\/\/www.runottawa.ca\/fr\/wp-json\/wp\/v2\/pages"}],"about":[{"href":"https:\/\/www.runottawa.ca\/fr\/wp-json\/wp\/v2\/types\/page"}],"author":[{"embeddable":true,"href":"https:\/\/www.runottawa.ca\/fr\/wp-json\/wp\/v2\/users\/28"}],"replies":[{"embeddable":true,"href":"https:\/\/www.runottawa.ca\/fr\/wp-json\/wp\/v2\/comments?post=24504"}],"version-history":[{"count":11,"href":"https:\/\/www.runottawa.ca\/fr\/wp-json\/wp\/v2\/pages\/24504\/revisions"}],"predecessor-version":[{"id":44698,"href":"https:\/\/www.runottawa.ca\/fr\/wp-json\/wp\/v2\/pages\/24504\/revisions\/44698"}],"wp:attachment":[{"href":"https:\/\/www.runottawa.ca\/fr\/wp-json\/wp\/v2\/media?parent=24504"}],"curies":[{"name":"wp","href":"https:\/\/api.w.org\/{rel}","templated":true}]}}