{"id":24502,"date":"2019-11-01T09:51:36","date_gmt":"2019-11-01T13:51:36","guid":{"rendered":"https:\/\/www.runottawa.ca\/?page_id=24502"},"modified":"2026-04-01T09:42:26","modified_gmt":"2026-04-01T13:42:26","slug":"devenir-une-oeuvre-caritative-officielle","status":"publish","type":"page","link":"https:\/\/www.runottawa.ca\/fr\/devenir-une-oeuvre-caritative-officielle\/","title":{"rendered":"Figurez parmi les \u0153uvres caritatives officielles du D\u00e9fi caritatif Desjardins"},"content":{"rendered":"<p><a href=\"https:\/\/www.runottawa.ca\/wp-content\/uploads\/2022\/04\/DesjardinsCharityChallenge-CMYK-logo-FR.png\"><img loading=\"lazy\" decoding=\"async\" class=\"size-medium wp-image-32502 alignright\" src=\"https:\/\/www.runottawa.ca\/wp-content\/uploads\/2022\/04\/DesjardinsCharityChallenge-CMYK-logo-FR-300x200.png\" alt=\"\" width=\"300\" height=\"200\" srcset=\"https:\/\/www.runottawa.ca\/wp-content\/uploads\/2022\/04\/DesjardinsCharityChallenge-CMYK-logo-FR-300x200.png 300w, https:\/\/www.runottawa.ca\/wp-content\/uploads\/2022\/04\/DesjardinsCharityChallenge-CMYK-logo-FR.png 574w\" sizes=\"auto, (max-width: 300px) 100vw, 300px\" \/><\/a><span style=\"text-decoration: underline;\"><a href=\"https:\/\/docs.google.com\/forms\/d\/e\/1FAIpQLSfv19QbKP8igq6hus3aLkXo0vOlYuNkiD50xLl0D2HnsXzmHg\/viewform\">Inscrivez votre \u0153uvre caritative ou votre organisme et participez au D\u00e9fi caritatif Desjardins 2026<\/a><\/span>. Recrutez des athl\u00e8tes pour courir et amasser des fonds pour <em>votre<\/em> cause!<strong>\u00a0<\/strong><\/p>\n<p><strong>TROIS avantages de participer au D\u00e9fi caritatif Desjardins :<\/strong><\/p>\n<ol>\n<li>La fin de semaine des courses Tamarack d&rsquo;Ottawa 2026 est un \u00e9v\u00e9nement virtuel organis\u00e9 et promu qui se d\u00e9roule du 23 et 24 mai. Les organisations caritatives peuvent y participer sans courir de risque financier, les dons ayant la priorit\u00e9 sur la logistique ;<\/li>\n<li>Les organisations caritatives et les collecteurs de fonds b\u00e9n\u00e9ficient d&rsquo;acc\u00e8s \u00e0 la plateforme d&rsquo;inscription et de collecte de fonds en ligne qui permet aux organisations caritatives et aux participants d&rsquo;automatiser facilement leur collecte de fonds gr\u00e2ce \u00e0 des pages de collecte de fonds personnelles et d&rsquo;\u00e9quipe modifiables ;<\/li>\n<li>Vous aurez du plaisir \u00e0 vous entra\u00eener (nous fournissons \u00e9galement ce service !), \u00e0 collecter des fonds et \u00e0 franchir la ligne d&rsquo;arriv\u00e9e avec votre \u00e9quipe de personnes partageant les m\u00eames id\u00e9es !<\/li>\n<\/ol>\n<p>Vous repr\u00e9sentez une \u0153uvre caritative et vous aimeriez obtenir de l\u2019information sur la fa\u00e7on d\u2019inscrire votre \u0153uvre caritative sur la liste officielle du D\u00e9fi caritatif\u00a0 ? Communiquez avec <a href=\"mailto:almac@runottawa.ca\">Al Macartney<\/a>, coordonnateur du D\u00e9fi caritatif Desjardins. Il vous fournira tous les d\u00e9tails dont vous avez besoin pour vous inscrire.<\/p>\n<p><em>Important : Les organismes qui souhaitent figurer parmi les \u0153uvres caritatives officielles doivent \u00eatre inscrits en tant qu\u2019organismes de bienfaisance canadiens en r\u00e8gle aupr\u00e8s de l\u2019ARC.\u00a0<\/em><\/p>\n","protected":false},"excerpt":{"rendered":"<p>Inscrivez votre \u0153uvre caritative ou votre organisme et participez au D\u00e9fi caritatif Desjardins 2026. Recrutez des athl\u00e8tes pour courir et amasser des fonds pour votre cause!\u00a0 TROIS avantages de participer au D\u00e9fi caritatif Desjardins : La fin de semaine des courses Tamarack d&rsquo;Ottawa 2026 est un \u00e9v\u00e9nement virtuel organis\u00e9 et [&hellip;]<\/p>\n","protected":false},"author":28,"featured_media":0,"parent":0,"menu_order":136,"comment_status":"closed","ping_status":"closed","template":"","meta":{"_acf_changed":false,"footnotes":""},"class_list":["post-24502","page","type-page","status-publish","hentry"],"acf":[],"yoast_head":"<!-- This site is optimized with the Yoast SEO plugin v27.4 - https:\/\/yoast.com\/product\/yoast-seo-wordpress\/ -->\n<title>Figurez parmi les \u0153uvres caritatives officielles du D\u00e9fi caritatif Desjardins - Run Ottawa<\/title>\n<meta name=\"robots\" content=\"index, follow, max-snippet:-1, max-image-preview:large, max-video-preview:-1\" \/>\n<link rel=\"canonical\" href=\"https:\/\/www.runottawa.ca\/fr\/devenir-une-oeuvre-caritative-officielle\/\" \/>\n<meta name=\"twitter:label1\" content=\"Dur\u00e9e de lecture estim\u00e9e\" \/>\n\t<meta name=\"twitter:data1\" content=\"2 minutes\" \/>\n<script type=\"application\/ld+json\" class=\"yoast-schema-graph\">{\"@context\":\"https:\\\/\\\/schema.org\",\"@graph\":[{\"@type\":\"WebPage\",\"@id\":\"https:\\\/\\\/www.runottawa.ca\\\/fr\\\/devenir-une-oeuvre-caritative-officielle\\\/\",\"url\":\"https:\\\/\\\/www.runottawa.ca\\\/fr\\\/devenir-une-oeuvre-caritative-officielle\\\/\",\"name\":\"Figurez parmi les \u0153uvres caritatives officielles du D\u00e9fi caritatif Desjardins - Run Ottawa\",\"isPartOf\":{\"@id\":\"https:\\\/\\\/www.runottawa.ca\\\/fr\\\/#website\"},\"datePublished\":\"2019-11-01T13:51:36+00:00\",\"dateModified\":\"2026-04-01T13:42:26+00:00\",\"breadcrumb\":{\"@id\":\"https:\\\/\\\/www.runottawa.ca\\\/fr\\\/devenir-une-oeuvre-caritative-officielle\\\/#breadcrumb\"},\"inLanguage\":\"fr-FR\",\"potentialAction\":[{\"@type\":\"ReadAction\",\"target\":[\"https:\\\/\\\/www.runottawa.ca\\\/fr\\\/devenir-une-oeuvre-caritative-officielle\\\/\"]}]},{\"@type\":\"BreadcrumbList\",\"@id\":\"https:\\\/\\\/www.runottawa.ca\\\/fr\\\/devenir-une-oeuvre-caritative-officielle\\\/#breadcrumb\",\"itemListElement\":[{\"@type\":\"ListItem\",\"position\":1,\"name\":\"Home\",\"item\":\"https:\\\/\\\/www.runottawa.ca\\\/fr\\\/\"},{\"@type\":\"ListItem\",\"position\":2,\"name\":\"Figurez parmi les \u0153uvres caritatives officielles du D\u00e9fi caritatif Desjardins\"}]},{\"@type\":\"WebSite\",\"@id\":\"https:\\\/\\\/www.runottawa.ca\\\/fr\\\/#website\",\"url\":\"https:\\\/\\\/www.runottawa.ca\\\/fr\\\/\",\"name\":\"Run Ottawa\",\"description\":\"\",\"potentialAction\":[{\"@type\":\"SearchAction\",\"target\":{\"@type\":\"EntryPoint\",\"urlTemplate\":\"https:\\\/\\\/www.runottawa.ca\\\/fr\\\/?s={search_term_string}\"},\"query-input\":{\"@type\":\"PropertyValueSpecification\",\"valueRequired\":true,\"valueName\":\"search_term_string\"}}],\"inLanguage\":\"fr-FR\"}]}<\/script>\n<!-- \/ Yoast SEO plugin. -->","yoast_head_json":{"title":"Figurez parmi les \u0153uvres caritatives officielles du D\u00e9fi caritatif Desjardins - Run Ottawa","robots":{"index":"index","follow":"follow","max-snippet":"max-snippet:-1","max-image-preview":"max-image-preview:large","max-video-preview":"max-video-preview:-1"},"canonical":"https:\/\/www.runottawa.ca\/fr\/devenir-une-oeuvre-caritative-officielle\/","twitter_misc":{"Dur\u00e9e de lecture estim\u00e9e":"2 minutes"},"schema":{"@context":"https:\/\/schema.org","@graph":[{"@type":"WebPage","@id":"https:\/\/www.runottawa.ca\/fr\/devenir-une-oeuvre-caritative-officielle\/","url":"https:\/\/www.runottawa.ca\/fr\/devenir-une-oeuvre-caritative-officielle\/","name":"Figurez parmi les \u0153uvres caritatives officielles du D\u00e9fi caritatif Desjardins - Run Ottawa","isPartOf":{"@id":"https:\/\/www.runottawa.ca\/fr\/#website"},"datePublished":"2019-11-01T13:51:36+00:00","dateModified":"2026-04-01T13:42:26+00:00","breadcrumb":{"@id":"https:\/\/www.runottawa.ca\/fr\/devenir-une-oeuvre-caritative-officielle\/#breadcrumb"},"inLanguage":"fr-FR","potentialAction":[{"@type":"ReadAction","target":["https:\/\/www.runottawa.ca\/fr\/devenir-une-oeuvre-caritative-officielle\/"]}]},{"@type":"BreadcrumbList","@id":"https:\/\/www.runottawa.ca\/fr\/devenir-une-oeuvre-caritative-officielle\/#breadcrumb","itemListElement":[{"@type":"ListItem","position":1,"name":"Home","item":"https:\/\/www.runottawa.ca\/fr\/"},{"@type":"ListItem","position":2,"name":"Figurez parmi les \u0153uvres caritatives officielles du D\u00e9fi caritatif Desjardins"}]},{"@type":"WebSite","@id":"https:\/\/www.runottawa.ca\/fr\/#website","url":"https:\/\/www.runottawa.ca\/fr\/","name":"Run Ottawa","description":"","potentialAction":[{"@type":"SearchAction","target":{"@type":"EntryPoint","urlTemplate":"https:\/\/www.runottawa.ca\/fr\/?s={search_term_string}"},"query-input":{"@type":"PropertyValueSpecification","valueRequired":true,"valueName":"search_term_string"}}],"inLanguage":"fr-FR"}]}},"_links":{"self":[{"href":"https:\/\/www.runottawa.ca\/fr\/wp-json\/wp\/v2\/pages\/24502","targetHints":{"allow":["GET"]}}],"collection":[{"href":"https:\/\/www.runottawa.ca\/fr\/wp-json\/wp\/v2\/pages"}],"about":[{"href":"https:\/\/www.runottawa.ca\/fr\/wp-json\/wp\/v2\/types\/page"}],"author":[{"embeddable":true,"href":"https:\/\/www.runottawa.ca\/fr\/wp-json\/wp\/v2\/users\/28"}],"replies":[{"embeddable":true,"href":"https:\/\/www.runottawa.ca\/fr\/wp-json\/wp\/v2\/comments?post=24502"}],"version-history":[{"count":11,"href":"https:\/\/www.runottawa.ca\/fr\/wp-json\/wp\/v2\/pages\/24502\/revisions"}],"predecessor-version":[{"id":43043,"href":"https:\/\/www.runottawa.ca\/fr\/wp-json\/wp\/v2\/pages\/24502\/revisions\/43043"}],"wp:attachment":[{"href":"https:\/\/www.runottawa.ca\/fr\/wp-json\/wp\/v2\/media?parent=24502"}],"curies":[{"name":"wp","href":"https:\/\/api.w.org\/{rel}","templated":true}]}}