{"id":24500,"date":"2019-11-01T09:41:23","date_gmt":"2019-11-01T13:41:23","guid":{"rendered":"https:\/\/www.runottawa.ca\/?page_id=24500"},"modified":"2026-04-08T13:13:56","modified_gmt":"2026-04-08T17:13:56","slug":"participez-au-defi-caritatif","status":"publish","type":"page","link":"https:\/\/www.runottawa.ca\/fr\/participez-au-defi-caritatif\/","title":{"rendered":"Joignez-vous au D\u00e9fi caritatif Desjardins et courez pour une bonne cause!"},"content":{"rendered":"<p><iframe loading=\"lazy\" title=\"YouTube video player\" src=\"https:\/\/www.youtube.com\/embed\/Txd9w4P4O8Y?si=yltpqBShuwu4GdFg\" width=\"560\" height=\"315\" frameborder=\"0\" allowfullscreen=\"allowfullscreen\"><\/iframe><\/p>\n<p><b>Donnez un sens \u00e0 chaque kilom\u00e8tre\u00a0: amassez, aidez, c\u00e9l\u00e9brez!<\/b><\/p>\n<p>Merci de l\u2019int\u00e9r\u00eat que vous portez \u00e0 la collecte de fonds pour un organisme inscrit au <strong>D\u00e9fi caritatif Desjardins<\/strong>! En 2025, les participants de la Fin de semaine des courses Tamarack d\u2019Ottawa ont r\u00e9colt\u00e9 <span style=\"font-weight: 400;\"><strong>969,602.02<\/strong><strong>\u00a0$<\/strong><\/span> pour soutenir plus de 80 organismes locaux et nationaux. Cette ann\u00e9e, nous voulons d\u00e9passer ce montant : non seulement pour \u00e9tablir un record annuel, mais aussi pour franchir le cap des 10 millions de dollars pour l\u2019ensemble du programme, gr\u00e2ce \u00e0 des participants comme vous!<\/p>\n<ul>\n<li style=\"font-weight: 400;\" aria-level=\"1\"><b>Exp\u00e9rience utilisateur am\u00e9lior\u00e9e\u00a0:<\/b><span style=\"font-weight: 400;\"> solutions adapt\u00e9es aux organismes caritatifs, aux \u00e9quipes, aux personnes qui amassent des fonds et aux donateurs afin de faciliter chaque interaction et d\u2019inspirer en cours de route.<\/span><\/li>\n<li style=\"font-weight: 400;\" aria-level=\"1\"><b>Outils dynamiques de collecte de fonds\u00a0:<\/b><span style=\"font-weight: 400;\"> d\u00e9couvrez un vaste ensemble d\u2019outils innovateurs et de conseils sp\u00e9cialis\u00e9s pour intensifier vos efforts de collecte de fonds et maximiser votre incidence positive.<\/span><\/li>\n<li style=\"font-weight: 400;\" aria-level=\"1\"><b>Service \u00e0 la client\u00e8le exceptionnel\u00a0:<\/b><span style=\"font-weight: 400;\"> une \u00e9quipe de soutien toujours pr\u00eate \u00e0 vous aider dans votre aventure de collecte de fonds, en toute confiance.<\/span><\/li>\n<li style=\"font-weight: 400;\" aria-level=\"1\"><b>Maximiser votre potentiel de collecte de fonds\u00a0:<\/b><span style=\"font-weight: 400;\"> soyez pr\u00eats \u00e0 voir votre total amass\u00e9 monter en fl\u00e8che gr\u00e2ce \u00e0 notre aide.<\/span><\/li>\n<\/ul>\n<h3><strong>Vous voulez rendre votre exp\u00e9rience de course encore plus significative? Inscrivez-vous en utilisant l\u2019une des options qui suivent.<\/strong><\/h3>\n<h4><b>Je ne suis pas encore inscrit(e) \u00e0 la Fin de semaine des courses Tamarack d\u2019Ottawa.<\/b><\/h4>\n<p style=\"padding-left: 40px;\"><span style=\"font-weight: 400;\"><a href=\"https:\/\/www.letsdothis.com\/ca\/e\/tamarack-ottawa-race-weekend-248331\"><strong>Inscrivez-vous \u00e0 l\u2019\u00e9preuve de votre choix ici!<\/strong><\/a> Pendant le processus d\u2019inscription, on vous demandera si vous voulez amasser des fonds pour un organisme caritatif. Si vous r\u00e9pondez \u00ab\u00a0Oui\u00a0\u00bb, le syst\u00e8me vous enverra un lien vers votre page de collecte de fonds APR\u00c8S le paiement de vos frais d\u2019inscription. Il ne vous restera qu\u2019\u00e0 personnaliser votre page, puis \u00e0 amasser des fonds!\u00a0<\/span><\/p>\n<h4><b>Je suis d\u00e9j\u00e0 inscrit(e) \u00e0 la Fin de semaine des courses Tamarack d\u2019Ottawa.<\/b><\/h4>\n<div style=\"padding-left: 40px;\"><strong><span id=\"m_-4831698215021155859gmail-docs-internal-guid-bdd08567-7fff-6581-884a-55f49da221df\">Commencez par cr\u00e9er votre NOUVELLE page de collecte de fonds.<\/span><\/strong><\/div>\n<div style=\"padding-left: 40px;\"><span id=\"m_-4831698215021155859gmail-docs-internal-guid-bdd08567-7fff-6581-884a-55f49da221df\"><br \/>\nConsultez la\u00a0<a href=\"https:\/\/www.runottawa.ca\/fr\/organismes-de-bienfaisance-qui-participent-au-defi-caritatif-desjardins-2026\/\">liste des organismes caritatifs<\/a>\u00a0et choisissez celui pour lequel vous voulez amasser des fonds. Par la suite, on vous demandera imm\u00e9diatement de cr\u00e9er votre NOUVELLE page de collecte de fonds. Si l\u2019organisme que vous voulez choisir ne figure pas sur la liste, c\u2019est simplement qu\u2019il n\u2019a pas encore \u00e9t\u00e9 int\u00e9gr\u00e9 \u00e0 la plateforme JustGiving. Envoyez un courriel \u00e0 l\u2019adresse\u00a0<a href=\"mailto:charitychallenge@runottawa.ca\" target=\"_blank\" rel=\"noopener\">charitychallenge@runottawa.ca<\/a> en indiquant le nom de l\u2019organisme. Nous vous aviserons lorsque vous pourrez cr\u00e9er vos pages.\u00a0<\/span><\/div>\n<h3><strong><br \/>\nVoici quelques conseils pour commencer :<\/strong><\/h3>\n<p><strong>CR\u00c9ER UNE PAGE DE COLLECTE DE FONDS<\/strong><br \/>\n<a href=\"https:\/\/www.justgiving.com\/for-fundraising\/how-to-create-a-fundraising-page\" target=\"_new\" rel=\"noopener\">https:\/\/www.justgiving.com\/for-fundraising\/how-to-create-a-fundraising-page<\/a><\/p>\n<p><strong>CR\u00c9ER UNE PAGE D\u2019\u00c9QUIPE<\/strong><br \/>\n<a href=\"https:\/\/help.justgiving.com\/hc\/en-us\/articles\/360002598077-How-to-create-a-team-page\" target=\"_new\" rel=\"noopener\">https:\/\/help.justgiving.com\/hc\/en-us\/articles\/360002598077-How-to-create-a-team-page<\/a><\/p>\n<p>&nbsp;<\/p>\n<p><span style=\"font-weight: 400;\">Si vous avez besoin d\u2019aide pour personnaliser votre page JustGiving, communiquez avec l\u2019\u00e9quipe responsable \u00e0 l\u2019adresse <\/span><a href=\"mailto:GettingStarted@justgiving.com\"><span style=\"font-weight: 400;\">GettingStarted@justgiving.com<\/span><\/a><span style=\"font-weight: 400;\">. <\/span><\/p>\n","protected":false},"excerpt":{"rendered":"<p>Donnez un sens \u00e0 chaque kilom\u00e8tre\u00a0: amassez, aidez, c\u00e9l\u00e9brez! Merci de l\u2019int\u00e9r\u00eat que vous portez \u00e0 la collecte de fonds pour un organisme inscrit au D\u00e9fi caritatif Desjardins! En 2025, les participants de la Fin de semaine des courses Tamarack d\u2019Ottawa ont r\u00e9colt\u00e9 969,602.02\u00a0$ pour soutenir plus de 80 organismes [&hellip;]<\/p>\n","protected":false},"author":28,"featured_media":0,"parent":0,"menu_order":134,"comment_status":"closed","ping_status":"closed","template":"","meta":{"_acf_changed":false,"footnotes":""},"class_list":["post-24500","page","type-page","status-publish","hentry"],"acf":[],"yoast_head":"<!-- This site is optimized with the Yoast SEO plugin v27.4 - https:\/\/yoast.com\/product\/yoast-seo-wordpress\/ -->\n<title>Joignez-vous au D\u00e9fi caritatif Desjardins et courez pour une bonne cause! - Run Ottawa<\/title>\n<meta name=\"robots\" content=\"index, follow, max-snippet:-1, max-image-preview:large, max-video-preview:-1\" \/>\n<link rel=\"canonical\" href=\"https:\/\/www.runottawa.ca\/fr\/participez-au-defi-caritatif\/\" \/>\n<meta name=\"twitter:label1\" content=\"Dur\u00e9e de lecture estim\u00e9e\" \/>\n\t<meta name=\"twitter:data1\" content=\"2 minutes\" \/>\n<script type=\"application\/ld+json\" class=\"yoast-schema-graph\">{\"@context\":\"https:\\\/\\\/schema.org\",\"@graph\":[{\"@type\":\"WebPage\",\"@id\":\"https:\\\/\\\/www.runottawa.ca\\\/fr\\\/participez-au-defi-caritatif\\\/\",\"url\":\"https:\\\/\\\/www.runottawa.ca\\\/fr\\\/participez-au-defi-caritatif\\\/\",\"name\":\"Joignez-vous au D\u00e9fi caritatif Desjardins et courez pour une bonne cause! - Run Ottawa\",\"isPartOf\":{\"@id\":\"https:\\\/\\\/www.runottawa.ca\\\/fr\\\/#website\"},\"datePublished\":\"2019-11-01T13:41:23+00:00\",\"dateModified\":\"2026-04-08T17:13:56+00:00\",\"breadcrumb\":{\"@id\":\"https:\\\/\\\/www.runottawa.ca\\\/fr\\\/participez-au-defi-caritatif\\\/#breadcrumb\"},\"inLanguage\":\"fr-FR\",\"potentialAction\":[{\"@type\":\"ReadAction\",\"target\":[\"https:\\\/\\\/www.runottawa.ca\\\/fr\\\/participez-au-defi-caritatif\\\/\"]}]},{\"@type\":\"BreadcrumbList\",\"@id\":\"https:\\\/\\\/www.runottawa.ca\\\/fr\\\/participez-au-defi-caritatif\\\/#breadcrumb\",\"itemListElement\":[{\"@type\":\"ListItem\",\"position\":1,\"name\":\"Home\",\"item\":\"https:\\\/\\\/www.runottawa.ca\\\/fr\\\/\"},{\"@type\":\"ListItem\",\"position\":2,\"name\":\"Joignez-vous au D\u00e9fi caritatif Desjardins et courez pour une bonne cause!\"}]},{\"@type\":\"WebSite\",\"@id\":\"https:\\\/\\\/www.runottawa.ca\\\/fr\\\/#website\",\"url\":\"https:\\\/\\\/www.runottawa.ca\\\/fr\\\/\",\"name\":\"Run Ottawa\",\"description\":\"\",\"potentialAction\":[{\"@type\":\"SearchAction\",\"target\":{\"@type\":\"EntryPoint\",\"urlTemplate\":\"https:\\\/\\\/www.runottawa.ca\\\/fr\\\/?s={search_term_string}\"},\"query-input\":{\"@type\":\"PropertyValueSpecification\",\"valueRequired\":true,\"valueName\":\"search_term_string\"}}],\"inLanguage\":\"fr-FR\"}]}<\/script>\n<!-- \/ Yoast SEO plugin. -->","yoast_head_json":{"title":"Joignez-vous au D\u00e9fi caritatif Desjardins et courez pour une bonne cause! - Run Ottawa","robots":{"index":"index","follow":"follow","max-snippet":"max-snippet:-1","max-image-preview":"max-image-preview:large","max-video-preview":"max-video-preview:-1"},"canonical":"https:\/\/www.runottawa.ca\/fr\/participez-au-defi-caritatif\/","twitter_misc":{"Dur\u00e9e de lecture estim\u00e9e":"2 minutes"},"schema":{"@context":"https:\/\/schema.org","@graph":[{"@type":"WebPage","@id":"https:\/\/www.runottawa.ca\/fr\/participez-au-defi-caritatif\/","url":"https:\/\/www.runottawa.ca\/fr\/participez-au-defi-caritatif\/","name":"Joignez-vous au D\u00e9fi caritatif Desjardins et courez pour une bonne cause! - Run Ottawa","isPartOf":{"@id":"https:\/\/www.runottawa.ca\/fr\/#website"},"datePublished":"2019-11-01T13:41:23+00:00","dateModified":"2026-04-08T17:13:56+00:00","breadcrumb":{"@id":"https:\/\/www.runottawa.ca\/fr\/participez-au-defi-caritatif\/#breadcrumb"},"inLanguage":"fr-FR","potentialAction":[{"@type":"ReadAction","target":["https:\/\/www.runottawa.ca\/fr\/participez-au-defi-caritatif\/"]}]},{"@type":"BreadcrumbList","@id":"https:\/\/www.runottawa.ca\/fr\/participez-au-defi-caritatif\/#breadcrumb","itemListElement":[{"@type":"ListItem","position":1,"name":"Home","item":"https:\/\/www.runottawa.ca\/fr\/"},{"@type":"ListItem","position":2,"name":"Joignez-vous au D\u00e9fi caritatif Desjardins et courez pour une bonne cause!"}]},{"@type":"WebSite","@id":"https:\/\/www.runottawa.ca\/fr\/#website","url":"https:\/\/www.runottawa.ca\/fr\/","name":"Run Ottawa","description":"","potentialAction":[{"@type":"SearchAction","target":{"@type":"EntryPoint","urlTemplate":"https:\/\/www.runottawa.ca\/fr\/?s={search_term_string}"},"query-input":{"@type":"PropertyValueSpecification","valueRequired":true,"valueName":"search_term_string"}}],"inLanguage":"fr-FR"}]}},"_links":{"self":[{"href":"https:\/\/www.runottawa.ca\/fr\/wp-json\/wp\/v2\/pages\/24500","targetHints":{"allow":["GET"]}}],"collection":[{"href":"https:\/\/www.runottawa.ca\/fr\/wp-json\/wp\/v2\/pages"}],"about":[{"href":"https:\/\/www.runottawa.ca\/fr\/wp-json\/wp\/v2\/types\/page"}],"author":[{"embeddable":true,"href":"https:\/\/www.runottawa.ca\/fr\/wp-json\/wp\/v2\/users\/28"}],"replies":[{"embeddable":true,"href":"https:\/\/www.runottawa.ca\/fr\/wp-json\/wp\/v2\/comments?post=24500"}],"version-history":[{"count":11,"href":"https:\/\/www.runottawa.ca\/fr\/wp-json\/wp\/v2\/pages\/24500\/revisions"}],"predecessor-version":[{"id":44729,"href":"https:\/\/www.runottawa.ca\/fr\/wp-json\/wp\/v2\/pages\/24500\/revisions\/44729"}],"wp:attachment":[{"href":"https:\/\/www.runottawa.ca\/fr\/wp-json\/wp\/v2\/media?parent=24500"}],"curies":[{"name":"wp","href":"https:\/\/api.w.org\/{rel}","templated":true}]}}