{"id":24464,"date":"2019-11-11T09:26:54","date_gmt":"2019-11-11T14:26:54","guid":{"rendered":"https:\/\/www.runottawa.ca\/?page_id=24464"},"modified":"2020-06-08T15:14:03","modified_gmt":"2020-06-08T19:14:03","slug":"2020-oeuvres-caritatives","status":"publish","type":"page","link":"https:\/\/www.runottawa.ca\/fr\/torw\/oeuvres-caritatives\/2020-oeuvres-caritatives\/","title":{"rendered":"2020 Oeuvres caritatives"},"content":{"rendered":"<p><span style=\"font-weight: 400;\"><strong>Veuillez envisager de faire un don unique \u00e0 un ou plusieurs des organismes de premi\u00e8re ligne et des organismes de bienfaisance impliqu\u00e9s dans la Fin de semaine des courses Tamarack d&rsquo;Ottawa et le D\u00e9fi caritatif Banque Scotia ci-dessous.<\/strong> Ces organismes de bienfaisance continuent de fournir des services essentiels et un soutien indispensable \u00e0 notre communaut\u00e9 en cette p\u00e9riode de crise, et ils ont plus que jamais besoin de notre soutien. 100% des dons et des fonds r\u00e9colt\u00e9s par les participants, vont directement aux associations caritatives.<\/span><\/p>\n<p><strong><em>Si vous \u00eates d\u00e9j\u00e0 inscrit \u00e0 la Fin de semaine des courses virtuelles de Tamarack d&rsquo;Ottawa et souhaitez courir en support d&rsquo;un organisme de bienfaisance, <a href=\"https:\/\/support.raceroster.com\/hc\/en-us\/articles\/360018146071-How-do-I-sign-up-for-the-Scotiabank-Charity-Challenge-\">veuillez suivre ces instructions<\/a>. Si non, s\u00e9lectionnez un des oeuvres caritative \u00e9num\u00e9r\u00e9s ci-dessous :<\/em><\/strong><\/p>\n","protected":false},"excerpt":{"rendered":"<p>Veuillez envisager de faire un don unique \u00e0 un ou plusieurs des organismes de premi\u00e8re ligne et des organismes de bienfaisance impliqu\u00e9s dans la Fin de semaine des courses Tamarack d&rsquo;Ottawa et le D\u00e9fi caritatif Banque Scotia ci-dessous. Ces organismes de bienfaisance continuent de fournir des services essentiels et un [&hellip;]<\/p>\n","protected":false},"author":33,"featured_media":0,"parent":13555,"menu_order":132,"comment_status":"closed","ping_status":"closed","template":"template-charities-new.php","meta":{"_acf_changed":false,"footnotes":""},"class_list":["post-24464","page","type-page","status-publish","hentry"],"acf":[],"yoast_head":"<!-- This site is optimized with the Yoast SEO plugin v27.5 - https:\/\/yoast.com\/product\/yoast-seo-wordpress\/ -->\n<title>2020 Oeuvres caritatives - Run Ottawa<\/title>\n<meta name=\"robots\" content=\"index, follow, max-snippet:-1, max-image-preview:large, max-video-preview:-1\" \/>\n<link rel=\"canonical\" href=\"https:\/\/www.runottawa.ca\/fr\/torw\/oeuvres-caritatives\/2020-oeuvres-caritatives\/\" \/>\n<meta name=\"twitter:label1\" content=\"Dur\u00e9e de lecture estim\u00e9e\" \/>\n\t<meta name=\"twitter:data1\" content=\"1 minute\" \/>\n<script type=\"application\/ld+json\" class=\"yoast-schema-graph\">{\"@context\":\"https:\\\/\\\/schema.org\",\"@graph\":[{\"@type\":\"WebPage\",\"@id\":\"https:\\\/\\\/www.runottawa.ca\\\/fr\\\/torw\\\/oeuvres-caritatives\\\/2020-oeuvres-caritatives\\\/\",\"url\":\"https:\\\/\\\/www.runottawa.ca\\\/fr\\\/torw\\\/oeuvres-caritatives\\\/2020-oeuvres-caritatives\\\/\",\"name\":\"2020 Oeuvres caritatives - Run Ottawa\",\"isPartOf\":{\"@id\":\"https:\\\/\\\/www.runottawa.ca\\\/fr\\\/#website\"},\"datePublished\":\"2019-11-11T14:26:54+00:00\",\"dateModified\":\"2020-06-08T19:14:03+00:00\",\"breadcrumb\":{\"@id\":\"https:\\\/\\\/www.runottawa.ca\\\/fr\\\/torw\\\/oeuvres-caritatives\\\/2020-oeuvres-caritatives\\\/#breadcrumb\"},\"inLanguage\":\"fr-FR\",\"potentialAction\":[{\"@type\":\"ReadAction\",\"target\":[\"https:\\\/\\\/www.runottawa.ca\\\/fr\\\/torw\\\/oeuvres-caritatives\\\/2020-oeuvres-caritatives\\\/\"]}]},{\"@type\":\"BreadcrumbList\",\"@id\":\"https:\\\/\\\/www.runottawa.ca\\\/fr\\\/torw\\\/oeuvres-caritatives\\\/2020-oeuvres-caritatives\\\/#breadcrumb\",\"itemListElement\":[{\"@type\":\"ListItem\",\"position\":1,\"name\":\"Home\",\"item\":\"https:\\\/\\\/www.runottawa.ca\\\/fr\\\/\"},{\"@type\":\"ListItem\",\"position\":2,\"name\":\"Fin de semaine des courses Tamarack d\u2019Ottawa\",\"item\":\"https:\\\/\\\/www.runottawa.ca\\\/fr\\\/\"},{\"@type\":\"ListItem\",\"position\":3,\"name\":\"Priv\u00e9\u00a0: \u0152uvres caritatives\",\"item\":\"https:\\\/\\\/www.runottawa.ca\\\/fr\\\/torw\\\/oeuvres-caritatives\\\/\"},{\"@type\":\"ListItem\",\"position\":4,\"name\":\"2020 Oeuvres caritatives\"}]},{\"@type\":\"WebSite\",\"@id\":\"https:\\\/\\\/www.runottawa.ca\\\/fr\\\/#website\",\"url\":\"https:\\\/\\\/www.runottawa.ca\\\/fr\\\/\",\"name\":\"Run Ottawa\",\"description\":\"\",\"potentialAction\":[{\"@type\":\"SearchAction\",\"target\":{\"@type\":\"EntryPoint\",\"urlTemplate\":\"https:\\\/\\\/www.runottawa.ca\\\/fr\\\/?s={search_term_string}\"},\"query-input\":{\"@type\":\"PropertyValueSpecification\",\"valueRequired\":true,\"valueName\":\"search_term_string\"}}],\"inLanguage\":\"fr-FR\"}]}<\/script>\n<!-- \/ Yoast SEO plugin. -->","yoast_head_json":{"title":"2020 Oeuvres caritatives - Run Ottawa","robots":{"index":"index","follow":"follow","max-snippet":"max-snippet:-1","max-image-preview":"max-image-preview:large","max-video-preview":"max-video-preview:-1"},"canonical":"https:\/\/www.runottawa.ca\/fr\/torw\/oeuvres-caritatives\/2020-oeuvres-caritatives\/","twitter_misc":{"Dur\u00e9e de lecture estim\u00e9e":"1 minute"},"schema":{"@context":"https:\/\/schema.org","@graph":[{"@type":"WebPage","@id":"https:\/\/www.runottawa.ca\/fr\/torw\/oeuvres-caritatives\/2020-oeuvres-caritatives\/","url":"https:\/\/www.runottawa.ca\/fr\/torw\/oeuvres-caritatives\/2020-oeuvres-caritatives\/","name":"2020 Oeuvres caritatives - Run Ottawa","isPartOf":{"@id":"https:\/\/www.runottawa.ca\/fr\/#website"},"datePublished":"2019-11-11T14:26:54+00:00","dateModified":"2020-06-08T19:14:03+00:00","breadcrumb":{"@id":"https:\/\/www.runottawa.ca\/fr\/torw\/oeuvres-caritatives\/2020-oeuvres-caritatives\/#breadcrumb"},"inLanguage":"fr-FR","potentialAction":[{"@type":"ReadAction","target":["https:\/\/www.runottawa.ca\/fr\/torw\/oeuvres-caritatives\/2020-oeuvres-caritatives\/"]}]},{"@type":"BreadcrumbList","@id":"https:\/\/www.runottawa.ca\/fr\/torw\/oeuvres-caritatives\/2020-oeuvres-caritatives\/#breadcrumb","itemListElement":[{"@type":"ListItem","position":1,"name":"Home","item":"https:\/\/www.runottawa.ca\/fr\/"},{"@type":"ListItem","position":2,"name":"Fin de semaine des courses Tamarack d\u2019Ottawa","item":"https:\/\/www.runottawa.ca\/fr\/"},{"@type":"ListItem","position":3,"name":"Priv\u00e9\u00a0: \u0152uvres caritatives","item":"https:\/\/www.runottawa.ca\/fr\/torw\/oeuvres-caritatives\/"},{"@type":"ListItem","position":4,"name":"2020 Oeuvres caritatives"}]},{"@type":"WebSite","@id":"https:\/\/www.runottawa.ca\/fr\/#website","url":"https:\/\/www.runottawa.ca\/fr\/","name":"Run Ottawa","description":"","potentialAction":[{"@type":"SearchAction","target":{"@type":"EntryPoint","urlTemplate":"https:\/\/www.runottawa.ca\/fr\/?s={search_term_string}"},"query-input":{"@type":"PropertyValueSpecification","valueRequired":true,"valueName":"search_term_string"}}],"inLanguage":"fr-FR"}]}},"_links":{"self":[{"href":"https:\/\/www.runottawa.ca\/fr\/wp-json\/wp\/v2\/pages\/24464","targetHints":{"allow":["GET"]}}],"collection":[{"href":"https:\/\/www.runottawa.ca\/fr\/wp-json\/wp\/v2\/pages"}],"about":[{"href":"https:\/\/www.runottawa.ca\/fr\/wp-json\/wp\/v2\/types\/page"}],"author":[{"embeddable":true,"href":"https:\/\/www.runottawa.ca\/fr\/wp-json\/wp\/v2\/users\/33"}],"replies":[{"embeddable":true,"href":"https:\/\/www.runottawa.ca\/fr\/wp-json\/wp\/v2\/comments?post=24464"}],"version-history":[{"count":32,"href":"https:\/\/www.runottawa.ca\/fr\/wp-json\/wp\/v2\/pages\/24464\/revisions"}],"predecessor-version":[{"id":27107,"href":"https:\/\/www.runottawa.ca\/fr\/wp-json\/wp\/v2\/pages\/24464\/revisions\/27107"}],"up":[{"embeddable":true,"href":"https:\/\/www.runottawa.ca\/fr\/wp-json\/wp\/v2\/pages\/13555"}],"wp:attachment":[{"href":"https:\/\/www.runottawa.ca\/fr\/wp-json\/wp\/v2\/media?parent=24464"}],"curies":[{"name":"wp","href":"https:\/\/api.w.org\/{rel}","templated":true}]}}