{"id":2229,"date":"2014-06-16T09:55:47","date_gmt":"2014-06-16T13:55:47","guid":{"rendered":"http:\/\/www.runottawa.ca\/au-sujet-de-courez-ottawa\/contact-us-2\/"},"modified":"2022-06-22T14:57:57","modified_gmt":"2022-06-22T18:57:57","slug":"contactez-nous","status":"publish","type":"page","link":"https:\/\/www.runottawa.ca\/fr\/ro\/au-sujet-de-courez-ottawa\/contactez-nous\/","title":{"rendered":"Contactez-nous"},"content":{"rendered":"<p>Il y a de nombreuses fa\u00e7ons de communiquer avec nous, \u00e0 Courez Ottawa.\u00a0 Nous avons h\u00e2te d\u2019avoir de vos nouvelles.<\/p>\n<p><strong>Par courrier\u00a0:<\/strong><br \/>\n5450 rue Canotek<br \/>\nUnit\u00e9 45<br \/>\nOttawa, ON<br \/>\nK1J 9G2<\/p>\n<p><strong>Par t\u00e9l\u00e9phone\u00a0:<\/strong><br \/>\n613-234-2221<\/p>\n<p><strong>Par courriel\u00a0:<\/strong><br \/>\n<a href=\"mailto:questions@runottawa.ca\">questions@runottawa.ca<\/a><\/p>\n<p><strong>Sur les m\u00e9dias sociaux\u00a0:<\/strong><br \/>\n<a href=\"http:\/\/www.facebook.com\/ottawamarathon\" target=\"_blank\" rel=\"noopener\">Facebook<\/a>\u00a0et\u00a0<a href=\"http:\/\/www.twitter.com\/ottawamarathon\" target=\"_blank\" rel=\"noopener\">Twitter<\/a><\/p>\n","protected":false},"excerpt":{"rendered":"<p>Il y a de nombreuses fa\u00e7ons de communiquer avec nous, \u00e0 Courez Ottawa.\u00a0 Nous avons h\u00e2te d\u2019avoir de vos nouvelles. Par courrier\u00a0: 5450 rue Canotek Unit\u00e9 45 Ottawa, ON K1J 9G2 Par t\u00e9l\u00e9phone\u00a0: 613-234-2221 Par courriel\u00a0: questions@runottawa.ca Sur les m\u00e9dias sociaux\u00a0: Facebook\u00a0et\u00a0Twitter<\/p>\n","protected":false},"author":3,"featured_media":0,"parent":1670,"menu_order":241,"comment_status":"closed","ping_status":"open","template":"","meta":{"_acf_changed":false,"footnotes":""},"class_list":["post-2229","page","type-page","status-publish","hentry"],"acf":[],"yoast_head":"<!-- This site is optimized with the Yoast SEO plugin v27.4 - https:\/\/yoast.com\/product\/yoast-seo-wordpress\/ -->\n<title>Contactez-nous - Run Ottawa<\/title>\n<meta name=\"robots\" content=\"index, follow, max-snippet:-1, max-image-preview:large, max-video-preview:-1\" \/>\n<link rel=\"canonical\" href=\"https:\/\/www.runottawa.ca\/fr\/ro\/au-sujet-de-courez-ottawa\/contactez-nous\/\" \/>\n<meta name=\"twitter:label1\" content=\"Dur\u00e9e de lecture estim\u00e9e\" \/>\n\t<meta name=\"twitter:data1\" content=\"1 minute\" \/>\n<script type=\"application\/ld+json\" class=\"yoast-schema-graph\">{\"@context\":\"https:\\\/\\\/schema.org\",\"@graph\":[{\"@type\":\"WebPage\",\"@id\":\"https:\\\/\\\/www.runottawa.ca\\\/fr\\\/ro\\\/au-sujet-de-courez-ottawa\\\/contactez-nous\\\/\",\"url\":\"https:\\\/\\\/www.runottawa.ca\\\/fr\\\/ro\\\/au-sujet-de-courez-ottawa\\\/contactez-nous\\\/\",\"name\":\"Contactez-nous - Run Ottawa\",\"isPartOf\":{\"@id\":\"https:\\\/\\\/www.runottawa.ca\\\/fr\\\/#website\"},\"datePublished\":\"2014-06-16T13:55:47+00:00\",\"dateModified\":\"2022-06-22T18:57:57+00:00\",\"breadcrumb\":{\"@id\":\"https:\\\/\\\/www.runottawa.ca\\\/fr\\\/ro\\\/au-sujet-de-courez-ottawa\\\/contactez-nous\\\/#breadcrumb\"},\"inLanguage\":\"fr-FR\",\"potentialAction\":[{\"@type\":\"ReadAction\",\"target\":[\"https:\\\/\\\/www.runottawa.ca\\\/fr\\\/ro\\\/au-sujet-de-courez-ottawa\\\/contactez-nous\\\/\"]}]},{\"@type\":\"BreadcrumbList\",\"@id\":\"https:\\\/\\\/www.runottawa.ca\\\/fr\\\/ro\\\/au-sujet-de-courez-ottawa\\\/contactez-nous\\\/#breadcrumb\",\"itemListElement\":[{\"@type\":\"ListItem\",\"position\":1,\"name\":\"Home\",\"item\":\"https:\\\/\\\/www.runottawa.ca\\\/fr\\\/\"},{\"@type\":\"ListItem\",\"position\":2,\"name\":\"Courez Ottawa\",\"item\":\"https:\\\/\\\/www.runottawa.ca\\\/fr\\\/ro\\\/\"},{\"@type\":\"ListItem\",\"position\":3,\"name\":\"Au sujet de Courez Ottawa\",\"item\":\"https:\\\/\\\/www.runottawa.ca\\\/fr\\\/ro\\\/au-sujet-de-courez-ottawa\\\/\"},{\"@type\":\"ListItem\",\"position\":4,\"name\":\"Contactez-nous\"}]},{\"@type\":\"WebSite\",\"@id\":\"https:\\\/\\\/www.runottawa.ca\\\/fr\\\/#website\",\"url\":\"https:\\\/\\\/www.runottawa.ca\\\/fr\\\/\",\"name\":\"Run Ottawa\",\"description\":\"\",\"potentialAction\":[{\"@type\":\"SearchAction\",\"target\":{\"@type\":\"EntryPoint\",\"urlTemplate\":\"https:\\\/\\\/www.runottawa.ca\\\/fr\\\/?s={search_term_string}\"},\"query-input\":{\"@type\":\"PropertyValueSpecification\",\"valueRequired\":true,\"valueName\":\"search_term_string\"}}],\"inLanguage\":\"fr-FR\"}]}<\/script>\n<!-- \/ Yoast SEO plugin. -->","yoast_head_json":{"title":"Contactez-nous - Run Ottawa","robots":{"index":"index","follow":"follow","max-snippet":"max-snippet:-1","max-image-preview":"max-image-preview:large","max-video-preview":"max-video-preview:-1"},"canonical":"https:\/\/www.runottawa.ca\/fr\/ro\/au-sujet-de-courez-ottawa\/contactez-nous\/","twitter_misc":{"Dur\u00e9e de lecture estim\u00e9e":"1 minute"},"schema":{"@context":"https:\/\/schema.org","@graph":[{"@type":"WebPage","@id":"https:\/\/www.runottawa.ca\/fr\/ro\/au-sujet-de-courez-ottawa\/contactez-nous\/","url":"https:\/\/www.runottawa.ca\/fr\/ro\/au-sujet-de-courez-ottawa\/contactez-nous\/","name":"Contactez-nous - Run Ottawa","isPartOf":{"@id":"https:\/\/www.runottawa.ca\/fr\/#website"},"datePublished":"2014-06-16T13:55:47+00:00","dateModified":"2022-06-22T18:57:57+00:00","breadcrumb":{"@id":"https:\/\/www.runottawa.ca\/fr\/ro\/au-sujet-de-courez-ottawa\/contactez-nous\/#breadcrumb"},"inLanguage":"fr-FR","potentialAction":[{"@type":"ReadAction","target":["https:\/\/www.runottawa.ca\/fr\/ro\/au-sujet-de-courez-ottawa\/contactez-nous\/"]}]},{"@type":"BreadcrumbList","@id":"https:\/\/www.runottawa.ca\/fr\/ro\/au-sujet-de-courez-ottawa\/contactez-nous\/#breadcrumb","itemListElement":[{"@type":"ListItem","position":1,"name":"Home","item":"https:\/\/www.runottawa.ca\/fr\/"},{"@type":"ListItem","position":2,"name":"Courez Ottawa","item":"https:\/\/www.runottawa.ca\/fr\/ro\/"},{"@type":"ListItem","position":3,"name":"Au sujet de Courez Ottawa","item":"https:\/\/www.runottawa.ca\/fr\/ro\/au-sujet-de-courez-ottawa\/"},{"@type":"ListItem","position":4,"name":"Contactez-nous"}]},{"@type":"WebSite","@id":"https:\/\/www.runottawa.ca\/fr\/#website","url":"https:\/\/www.runottawa.ca\/fr\/","name":"Run Ottawa","description":"","potentialAction":[{"@type":"SearchAction","target":{"@type":"EntryPoint","urlTemplate":"https:\/\/www.runottawa.ca\/fr\/?s={search_term_string}"},"query-input":{"@type":"PropertyValueSpecification","valueRequired":true,"valueName":"search_term_string"}}],"inLanguage":"fr-FR"}]}},"_links":{"self":[{"href":"https:\/\/www.runottawa.ca\/fr\/wp-json\/wp\/v2\/pages\/2229","targetHints":{"allow":["GET"]}}],"collection":[{"href":"https:\/\/www.runottawa.ca\/fr\/wp-json\/wp\/v2\/pages"}],"about":[{"href":"https:\/\/www.runottawa.ca\/fr\/wp-json\/wp\/v2\/types\/page"}],"author":[{"embeddable":true,"href":"https:\/\/www.runottawa.ca\/fr\/wp-json\/wp\/v2\/users\/3"}],"replies":[{"embeddable":true,"href":"https:\/\/www.runottawa.ca\/fr\/wp-json\/wp\/v2\/comments?post=2229"}],"version-history":[{"count":16,"href":"https:\/\/www.runottawa.ca\/fr\/wp-json\/wp\/v2\/pages\/2229\/revisions"}],"predecessor-version":[{"id":33733,"href":"https:\/\/www.runottawa.ca\/fr\/wp-json\/wp\/v2\/pages\/2229\/revisions\/33733"}],"up":[{"embeddable":true,"href":"https:\/\/www.runottawa.ca\/fr\/wp-json\/wp\/v2\/pages\/1670"}],"wp:attachment":[{"href":"https:\/\/www.runottawa.ca\/fr\/wp-json\/wp\/v2\/media?parent=2229"}],"curies":[{"name":"wp","href":"https:\/\/api.w.org\/{rel}","templated":true}]}}