{"id":2227,"date":"2014-03-11T11:31:19","date_gmt":"2014-03-11T15:31:19","guid":{"rendered":"http:\/\/www.runottawa.ca\/au-sujet-de-courez-ottawa\/organization\/mission-and-values\/"},"modified":"2023-03-02T07:09:50","modified_gmt":"2023-03-02T12:09:50","slug":"mission-et-valeurs","status":"publish","type":"page","link":"https:\/\/www.runottawa.ca\/fr\/ro\/au-sujet-de-courez-ottawa\/mission-et-valeurs\/","title":{"rendered":"Mission et valeurs"},"content":{"rendered":"<h2>Mission<\/h2>\n<p>Notre objectif est de favoriser une communaut\u00e9 inclusive et saine, sans obstacles \u00e0 la participation. Nous cr\u00e9ons des opportunit\u00e9s pour promouvoir l&rsquo;activit\u00e9 physique et soutenir la communaut\u00e9 dans son ensemble.<\/p>\n<h2>Vision<\/h2>\n<p>\u00catre le collectif de course \u00e0 pied le plus accessible, inclusif et \u00e9panouissant du Canada.<\/p>\n<h2>Piliers<\/h2>\n<p>Nous croyons que la course \u00e0 pied cr\u00e9e des opportunit\u00e9s pour atteindre une sant\u00e9 et un bien-\u00eatre optimaux.<\/p>\n<p>Nous nous effor\u00e7ons de rendre tout ce que nous faisons accessible et inclusif, en faisant participer les communaut\u00e9s sous-repr\u00e9sent\u00e9es et en incluant des programmes pour les jeunes et les \u00e9coles dans notre travail.<\/p>\n<p>Nous cr\u00e9ons des programmes qui permettent aux membres et aux participants de redonner \u00e0 leurs communaut\u00e9s.<\/p>\n<p>Nous nous effor\u00e7ons de r\u00e9duire notre impact sur l&rsquo;environnement.<\/p>\n<p>L&rsquo;engagement communautaire et le b\u00e9n\u00e9volat sont des valeurs cl\u00e9s de Courez Ottawa.<\/p>\n<p>Courez Ottawa est un lieu de travail inclusif, respectueux et passionnant, o\u00f9 l&rsquo;excellence op\u00e9rationnelle est hautement valoris\u00e9e.<\/p>\n<p>Nous croyons que la performance et l&rsquo;excellence personnelle sont des \u00e9l\u00e9ments cl\u00e9s de nos \u00e9v\u00e9nements.<\/p>\n<p>&nbsp;<\/p>\n","protected":false},"excerpt":{"rendered":"<p>Mission Notre objectif est de favoriser une communaut\u00e9 inclusive et saine, sans obstacles \u00e0 la participation. Nous cr\u00e9ons des opportunit\u00e9s pour promouvoir l&rsquo;activit\u00e9 physique et soutenir la communaut\u00e9 dans son ensemble. Vision \u00catre le collectif de course \u00e0 pied le plus accessible, inclusif et \u00e9panouissant du Canada. Piliers Nous croyons [&hellip;]<\/p>\n","protected":false},"author":10,"featured_media":0,"parent":1670,"menu_order":368,"comment_status":"closed","ping_status":"closed","template":"","meta":{"_acf_changed":false,"footnotes":""},"class_list":["post-2227","page","type-page","status-publish","hentry"],"acf":[],"yoast_head":"<!-- This site is optimized with the Yoast SEO plugin v27.4 - https:\/\/yoast.com\/product\/yoast-seo-wordpress\/ -->\n<title>Mission et valeurs - Run Ottawa<\/title>\n<meta name=\"robots\" content=\"index, follow, max-snippet:-1, max-image-preview:large, max-video-preview:-1\" \/>\n<link rel=\"canonical\" href=\"https:\/\/www.runottawa.ca\/fr\/ro\/au-sujet-de-courez-ottawa\/mission-et-valeurs\/\" \/>\n<meta name=\"twitter:label1\" content=\"Dur\u00e9e de lecture estim\u00e9e\" \/>\n\t<meta name=\"twitter:data1\" content=\"1 minute\" \/>\n<script type=\"application\/ld+json\" class=\"yoast-schema-graph\">{\"@context\":\"https:\\\/\\\/schema.org\",\"@graph\":[{\"@type\":\"WebPage\",\"@id\":\"https:\\\/\\\/www.runottawa.ca\\\/fr\\\/ro\\\/au-sujet-de-courez-ottawa\\\/mission-et-valeurs\\\/\",\"url\":\"https:\\\/\\\/www.runottawa.ca\\\/fr\\\/ro\\\/au-sujet-de-courez-ottawa\\\/mission-et-valeurs\\\/\",\"name\":\"Mission et valeurs - Run Ottawa\",\"isPartOf\":{\"@id\":\"https:\\\/\\\/www.runottawa.ca\\\/fr\\\/#website\"},\"datePublished\":\"2014-03-11T15:31:19+00:00\",\"dateModified\":\"2023-03-02T12:09:50+00:00\",\"breadcrumb\":{\"@id\":\"https:\\\/\\\/www.runottawa.ca\\\/fr\\\/ro\\\/au-sujet-de-courez-ottawa\\\/mission-et-valeurs\\\/#breadcrumb\"},\"inLanguage\":\"fr-FR\",\"potentialAction\":[{\"@type\":\"ReadAction\",\"target\":[\"https:\\\/\\\/www.runottawa.ca\\\/fr\\\/ro\\\/au-sujet-de-courez-ottawa\\\/mission-et-valeurs\\\/\"]}]},{\"@type\":\"BreadcrumbList\",\"@id\":\"https:\\\/\\\/www.runottawa.ca\\\/fr\\\/ro\\\/au-sujet-de-courez-ottawa\\\/mission-et-valeurs\\\/#breadcrumb\",\"itemListElement\":[{\"@type\":\"ListItem\",\"position\":1,\"name\":\"Home\",\"item\":\"https:\\\/\\\/www.runottawa.ca\\\/fr\\\/\"},{\"@type\":\"ListItem\",\"position\":2,\"name\":\"Courez Ottawa\",\"item\":\"https:\\\/\\\/www.runottawa.ca\\\/fr\\\/ro\\\/\"},{\"@type\":\"ListItem\",\"position\":3,\"name\":\"Au sujet de Courez Ottawa\",\"item\":\"https:\\\/\\\/www.runottawa.ca\\\/fr\\\/ro\\\/au-sujet-de-courez-ottawa\\\/\"},{\"@type\":\"ListItem\",\"position\":4,\"name\":\"Mission et valeurs\"}]},{\"@type\":\"WebSite\",\"@id\":\"https:\\\/\\\/www.runottawa.ca\\\/fr\\\/#website\",\"url\":\"https:\\\/\\\/www.runottawa.ca\\\/fr\\\/\",\"name\":\"Run Ottawa\",\"description\":\"\",\"potentialAction\":[{\"@type\":\"SearchAction\",\"target\":{\"@type\":\"EntryPoint\",\"urlTemplate\":\"https:\\\/\\\/www.runottawa.ca\\\/fr\\\/?s={search_term_string}\"},\"query-input\":{\"@type\":\"PropertyValueSpecification\",\"valueRequired\":true,\"valueName\":\"search_term_string\"}}],\"inLanguage\":\"fr-FR\"}]}<\/script>\n<!-- \/ Yoast SEO plugin. -->","yoast_head_json":{"title":"Mission et valeurs - Run Ottawa","robots":{"index":"index","follow":"follow","max-snippet":"max-snippet:-1","max-image-preview":"max-image-preview:large","max-video-preview":"max-video-preview:-1"},"canonical":"https:\/\/www.runottawa.ca\/fr\/ro\/au-sujet-de-courez-ottawa\/mission-et-valeurs\/","twitter_misc":{"Dur\u00e9e de lecture estim\u00e9e":"1 minute"},"schema":{"@context":"https:\/\/schema.org","@graph":[{"@type":"WebPage","@id":"https:\/\/www.runottawa.ca\/fr\/ro\/au-sujet-de-courez-ottawa\/mission-et-valeurs\/","url":"https:\/\/www.runottawa.ca\/fr\/ro\/au-sujet-de-courez-ottawa\/mission-et-valeurs\/","name":"Mission et valeurs - Run Ottawa","isPartOf":{"@id":"https:\/\/www.runottawa.ca\/fr\/#website"},"datePublished":"2014-03-11T15:31:19+00:00","dateModified":"2023-03-02T12:09:50+00:00","breadcrumb":{"@id":"https:\/\/www.runottawa.ca\/fr\/ro\/au-sujet-de-courez-ottawa\/mission-et-valeurs\/#breadcrumb"},"inLanguage":"fr-FR","potentialAction":[{"@type":"ReadAction","target":["https:\/\/www.runottawa.ca\/fr\/ro\/au-sujet-de-courez-ottawa\/mission-et-valeurs\/"]}]},{"@type":"BreadcrumbList","@id":"https:\/\/www.runottawa.ca\/fr\/ro\/au-sujet-de-courez-ottawa\/mission-et-valeurs\/#breadcrumb","itemListElement":[{"@type":"ListItem","position":1,"name":"Home","item":"https:\/\/www.runottawa.ca\/fr\/"},{"@type":"ListItem","position":2,"name":"Courez Ottawa","item":"https:\/\/www.runottawa.ca\/fr\/ro\/"},{"@type":"ListItem","position":3,"name":"Au sujet de Courez Ottawa","item":"https:\/\/www.runottawa.ca\/fr\/ro\/au-sujet-de-courez-ottawa\/"},{"@type":"ListItem","position":4,"name":"Mission et valeurs"}]},{"@type":"WebSite","@id":"https:\/\/www.runottawa.ca\/fr\/#website","url":"https:\/\/www.runottawa.ca\/fr\/","name":"Run Ottawa","description":"","potentialAction":[{"@type":"SearchAction","target":{"@type":"EntryPoint","urlTemplate":"https:\/\/www.runottawa.ca\/fr\/?s={search_term_string}"},"query-input":{"@type":"PropertyValueSpecification","valueRequired":true,"valueName":"search_term_string"}}],"inLanguage":"fr-FR"}]}},"_links":{"self":[{"href":"https:\/\/www.runottawa.ca\/fr\/wp-json\/wp\/v2\/pages\/2227","targetHints":{"allow":["GET"]}}],"collection":[{"href":"https:\/\/www.runottawa.ca\/fr\/wp-json\/wp\/v2\/pages"}],"about":[{"href":"https:\/\/www.runottawa.ca\/fr\/wp-json\/wp\/v2\/types\/page"}],"author":[{"embeddable":true,"href":"https:\/\/www.runottawa.ca\/fr\/wp-json\/wp\/v2\/users\/10"}],"replies":[{"embeddable":true,"href":"https:\/\/www.runottawa.ca\/fr\/wp-json\/wp\/v2\/comments?post=2227"}],"version-history":[{"count":11,"href":"https:\/\/www.runottawa.ca\/fr\/wp-json\/wp\/v2\/pages\/2227\/revisions"}],"predecessor-version":[{"id":35626,"href":"https:\/\/www.runottawa.ca\/fr\/wp-json\/wp\/v2\/pages\/2227\/revisions\/35626"}],"up":[{"embeddable":true,"href":"https:\/\/www.runottawa.ca\/fr\/wp-json\/wp\/v2\/pages\/1670"}],"wp:attachment":[{"href":"https:\/\/www.runottawa.ca\/fr\/wp-json\/wp\/v2\/media?parent=2227"}],"curies":[{"name":"wp","href":"https:\/\/api.w.org\/{rel}","templated":true}]}}