{"id":2220,"date":"2014-03-11T11:32:33","date_gmt":"2014-03-11T15:32:33","guid":{"rendered":"http:\/\/www.runottawa.ca\/au-sujet-de-courez-ottawa\/communaute\/fundraising\/"},"modified":"2026-04-11T17:32:20","modified_gmt":"2026-04-11T21:32:20","slug":"levee-de-fonds","status":"publish","type":"page","link":"https:\/\/www.runottawa.ca\/fr\/ro\/programmes\/levee-de-fonds\/","title":{"rendered":"Dossard vert"},"content":{"rendered":"<p>Afin de donner aux participants la possibilit\u00e9 de r\u00e9duire leur empreinte \u00e9cologique et de soutenir notre communaut\u00e9, Courez Ottawa offre maintenant l\u2019option de dossard vert au moment de l\u2019inscription.<\/p>\n<p>L\u2019option du dossard vert <strong>ne comprend pas de chandail de course (\u00e0 moins de l\u2019acheter s\u00e9par\u00e9ment) ni de m\u00e9daille<\/strong>. Une partie de vos frais d\u2019inscription sera remis au partenaire caritatif de cet \u00e9v\u00e9nement, et votre contribution sera \u00e9gal\u00e9e par le programme de dossards verts de la <a href=\"https:\/\/www.runottawa.ca\/fr\"><strong>Fin de semaine des courses Tamarack d\u2019Ottawa<\/strong><\/a>.<\/p>\n<p>Depuis le d\u00e9but du programme en 2021, les organismes de bienfaisance qui ont particip\u00e9 ont re\u00e7u plus de<strong> 78 000 $<\/strong> du programme de dossard vert et en 2025, plus de <strong>969 600<\/strong><strong>\u00a0$<\/strong> ont \u00e9t\u00e9 recueillis gr\u00e2ce aux participants de la <a href=\"\u00ab\"><strong>Fin de semaine des courses d&rsquo;Ottawa Tamarack<\/strong><\/a>\u00a0qui ont choisi l&rsquo;option du dossard vert lors de leur inscription.<\/p>\n<p>Vous pouvez ajouter un don personnel \u00e0 ce montant \u00e0 la fin du processus d\u2019inscription.<\/p>\n<h3>Les organisations suivantes ont b\u00e9n\u00e9fici\u00e9 du programme de dossards verts\u00a0:<\/h3>\n<p>Toutes les organisations caritatives inscrites au D\u00e9fi caritatif de la Fin de semaine des<br \/>\ncourses Tamarack d\u2019Ottawa de 2021.<\/p>\n<p>Toutes les organisations caritatives inscrites au D\u00e9fi caritatif Desjardins de 2022.<\/p>\n<p>Toutes les organisations caritatives inscrites au D\u00e9fi caritatif Desjardins de 2023.<\/p>\n<p>Toutes les organisations caritatives inscrites au D\u00e9fi caritatif Desjardins de 2024.<\/p>\n<p>Toutes les organisations caritatives inscrites au D\u00e9fi caritatif Desjardins de 2025.<\/p>\n<p>&nbsp;<\/p>\n<p><a href=\"https:\/\/www.ottawafoodbank.ca\/\"><span style=\"font-weight: 400;\">The Ottawa Food Bank<\/span><\/a><\/p>\n<p><a href=\"https:\/\/www.theroyal.ca\/get-involved\/about-foundation\"><span style=\"font-weight: 400;\">The Royal Ottawa Foundation for Mental Health<\/span><\/a><\/p>\n<p><a href=\"https:\/\/www.redcross.ca\/\"><span style=\"font-weight: 400;\">The Red Cross Canada<\/span><\/a><span style=\"font-weight: 400;\"> Ukraine Humanitarian Crisis Appeal<\/span><\/p>\n<p><a href=\"https:\/\/perleyhealthfoundation.ca\/\"><span style=\"font-weight: 400;\">The Perley Health Foundation<\/span><\/a><\/p>\n<p><a href=\"https:\/\/www.campmisquah.com\/\"><span style=\"font-weight: 400;\">Camp Misquah<\/span><\/a><\/p>\n<p><a href=\"https:\/\/www.girlsontherunottawa.ca\/organization\"><span style=\"font-weight: 400;\">The OSEG Foundation Girls on the Run Ottawa program<\/span><\/a><\/p>\n<p><a href=\"https:\/\/www.gofundme.com\/f\/steph-okenge-spinal-cord-injury\">Okenge Family Go Fund Me<\/a><\/p>\n<p><a href=\"https:\/\/www.lungcancercanada.ca\/en-CA\/\">Lung Cancer Canada<\/a><\/p>\n<p><a href=\"https:\/\/ausomeottawa.com\/\">Ausome Ottawa<\/a><\/p>\n<p><a href=\"https:\/\/wabano.com\/\">The Wabano Centre<\/a><\/p>\n<p><a href=\"https:\/\/www.ottawaheart.ca\/\" target=\"_blank\" rel=\"noreferrer noopener\">The Ottawa Heart Institute<\/a><\/p>\n<p><a href=\"https:\/\/www.ottawatherapydogs.ca\/\" target=\"_blank\" rel=\"noreferrer noopener\">Ottawa Therapy Dogs<\/a><\/p>\n<p><a href=\"https:\/\/als.ca\/\" target=\"_blank\" rel=\"noreferrer noopener\">ALS Canada<\/a><\/p>\n<p id=\"_QrzaabuzFsGliLMPj9S2mA4_42\" class=\"LC20lb MBeuO DKV0Md\"><a href=\"https:\/\/girlsforward.ca\/\">Girls Forward Foundation<\/a><\/p>\n<p><a href=\"https:\/\/cancer.ca\/en\/\">Canadian Cancer Society<\/a><\/p>\n<p><a href=\"https:\/\/ohfoundation.ca\/\">The\u00a0Ottawa Hospital Foundation<\/a><\/p>\n<p><a href=\"https:\/\/www.connectedinmotion.ca\/\">Connected in Motion<\/a><\/p>\n<p><a href=\"https:\/\/playfulmindset.ca\/\">Playful Mindset<\/a><\/p>\n<p><a href=\"https:\/\/www.bbbso.ca\/\">Big Brothers Big Sisters Ottawa<\/a><\/p>\n<p><a href=\"https:\/\/cheofoundation.com\/\">CHEO Foundation<\/a><\/p>\n<p><a href=\"https:\/\/omraottawa.org\/\">OMRA<\/a><\/p>\n<p><a href=\"https:\/\/www.indigenousfriends.org\/\">Indigenous Friends Association<\/a><\/p>\n<p><a href=\"https:\/\/www.sbo-ovsar.ca\/\">Sauvetage B\u00e9n\u00e9vole Outaouais \u2013 Ottawa Volunteer Search and Rescue (SBO-OVSAR)<\/a><\/p>\n<p><a href=\"https:\/\/www.girlguides.ca\/web\/GGC\/\">Girl Guides of Canada<\/a><\/p>\n<div class=\"fusion-row\">\n<section id=\"content\" class=\"full-width\">\n<div id=\"post-22\" class=\"post-22 page type-page status-publish hentry\">\n<div class=\"post-content\">\n<div class=\"fusion-fullwidth fullwidth-box fusion-builder-row-5 fusion-flex-container has-pattern-background has-mask-background nonhundred-percent-fullwidth non-hundred-percent-height-scrolling\">\n<div class=\"fusion-builder-row fusion-row fusion-flex-align-items-flex-start fusion-flex-justify-content-center fusion-flex-content-wrap\">\n<div class=\"fusion-layout-column fusion_builder_column fusion-builder-column-14 fusion_builder_column_2_3 2_3 fusion-flex-column\">\n<div class=\"fusion-column-wrapper fusion-column-has-shadow fusion-flex-justify-content-flex-start fusion-content-layout-column\">\n<div class=\"fusion-text fusion-text-1\">\n<p><a href=\"https:\/\/orcc.net\/\">The Ottawa Rape Crisis Centre (ORCC)<\/a><\/p>\n<p><a href=\"https:\/\/www.salusottawa.org\/\">Ottawa Salus<\/a><\/p>\n<p><a href=\"https:\/\/ociso.org\/\">The Ottawa Community Immigrant Services Organization (OCISO)<\/a><\/p>\n<p><a href=\"https:\/\/orkidstra.ca\/donate\/?gad_source=1&amp;gad_campaignid=6533582820&amp;gbraid=0AAAAACo7Z5bEzqJ4miHdGruDn_Plw9xui&amp;gclid=CjwKCAjw4ufOBhBkEiwAfuC7-W-HRAz236j3hEtOt5TMpuHwAFLKos0eO96AmGqc5M4SPO0G1yz8kxoCVCcQAvD_BwE\">Orkidstra<\/a><\/p>\n<\/div>\n<\/div>\n<\/div>\n<\/div>\n<\/div>\n<\/div>\n<\/div>\n<\/section>\n<\/div>\n<p><a href=\"https:\/\/www.cbcn.ca\/en\/\">The Canadian Breast Cancer Network\u00a0<\/a><\/p>\n","protected":false},"excerpt":{"rendered":"<p>Afin de donner aux participants la possibilit\u00e9 de r\u00e9duire leur empreinte \u00e9cologique et de soutenir notre communaut\u00e9, Courez Ottawa offre maintenant l\u2019option de dossard vert au moment de l\u2019inscription. L\u2019option du dossard vert ne comprend pas de chandail de course (\u00e0 moins de l\u2019acheter s\u00e9par\u00e9ment) ni de m\u00e9daille. Une partie [&hellip;]<\/p>\n","protected":false},"author":10,"featured_media":0,"parent":13611,"menu_order":295,"comment_status":"closed","ping_status":"closed","template":"","meta":{"_acf_changed":false,"footnotes":""},"class_list":["post-2220","page","type-page","status-publish","hentry"],"acf":[],"yoast_head":"<!-- This site is optimized with the Yoast SEO plugin v27.4 - https:\/\/yoast.com\/product\/yoast-seo-wordpress\/ -->\n<title>Dossard vert - Run Ottawa<\/title>\n<meta name=\"robots\" content=\"index, follow, max-snippet:-1, max-image-preview:large, max-video-preview:-1\" \/>\n<link rel=\"canonical\" href=\"https:\/\/www.runottawa.ca\/fr\/ro\/programmes\/levee-de-fonds\/\" \/>\n<meta name=\"twitter:label1\" content=\"Dur\u00e9e de lecture estim\u00e9e\" \/>\n\t<meta name=\"twitter:data1\" content=\"2 minutes\" \/>\n<script type=\"application\/ld+json\" class=\"yoast-schema-graph\">{\"@context\":\"https:\\\/\\\/schema.org\",\"@graph\":[{\"@type\":\"WebPage\",\"@id\":\"https:\\\/\\\/www.runottawa.ca\\\/fr\\\/ro\\\/programmes\\\/levee-de-fonds\\\/\",\"url\":\"https:\\\/\\\/www.runottawa.ca\\\/fr\\\/ro\\\/programmes\\\/levee-de-fonds\\\/\",\"name\":\"Dossard vert - Run Ottawa\",\"isPartOf\":{\"@id\":\"https:\\\/\\\/www.runottawa.ca\\\/fr\\\/#website\"},\"datePublished\":\"2014-03-11T15:32:33+00:00\",\"dateModified\":\"2026-04-11T21:32:20+00:00\",\"breadcrumb\":{\"@id\":\"https:\\\/\\\/www.runottawa.ca\\\/fr\\\/ro\\\/programmes\\\/levee-de-fonds\\\/#breadcrumb\"},\"inLanguage\":\"fr-FR\",\"potentialAction\":[{\"@type\":\"ReadAction\",\"target\":[\"https:\\\/\\\/www.runottawa.ca\\\/fr\\\/ro\\\/programmes\\\/levee-de-fonds\\\/\"]}]},{\"@type\":\"BreadcrumbList\",\"@id\":\"https:\\\/\\\/www.runottawa.ca\\\/fr\\\/ro\\\/programmes\\\/levee-de-fonds\\\/#breadcrumb\",\"itemListElement\":[{\"@type\":\"ListItem\",\"position\":1,\"name\":\"Home\",\"item\":\"https:\\\/\\\/www.runottawa.ca\\\/fr\\\/\"},{\"@type\":\"ListItem\",\"position\":2,\"name\":\"Courez Ottawa\",\"item\":\"https:\\\/\\\/www.runottawa.ca\\\/fr\\\/ro\\\/\"},{\"@type\":\"ListItem\",\"position\":3,\"name\":\"Programmes\",\"item\":\"https:\\\/\\\/www.runottawa.ca\\\/fr\\\/ro\\\/programmes\\\/\"},{\"@type\":\"ListItem\",\"position\":4,\"name\":\"Dossard vert\"}]},{\"@type\":\"WebSite\",\"@id\":\"https:\\\/\\\/www.runottawa.ca\\\/fr\\\/#website\",\"url\":\"https:\\\/\\\/www.runottawa.ca\\\/fr\\\/\",\"name\":\"Run Ottawa\",\"description\":\"\",\"potentialAction\":[{\"@type\":\"SearchAction\",\"target\":{\"@type\":\"EntryPoint\",\"urlTemplate\":\"https:\\\/\\\/www.runottawa.ca\\\/fr\\\/?s={search_term_string}\"},\"query-input\":{\"@type\":\"PropertyValueSpecification\",\"valueRequired\":true,\"valueName\":\"search_term_string\"}}],\"inLanguage\":\"fr-FR\"}]}<\/script>\n<!-- \/ Yoast SEO plugin. -->","yoast_head_json":{"title":"Dossard vert - Run Ottawa","robots":{"index":"index","follow":"follow","max-snippet":"max-snippet:-1","max-image-preview":"max-image-preview:large","max-video-preview":"max-video-preview:-1"},"canonical":"https:\/\/www.runottawa.ca\/fr\/ro\/programmes\/levee-de-fonds\/","twitter_misc":{"Dur\u00e9e de lecture estim\u00e9e":"2 minutes"},"schema":{"@context":"https:\/\/schema.org","@graph":[{"@type":"WebPage","@id":"https:\/\/www.runottawa.ca\/fr\/ro\/programmes\/levee-de-fonds\/","url":"https:\/\/www.runottawa.ca\/fr\/ro\/programmes\/levee-de-fonds\/","name":"Dossard vert - Run Ottawa","isPartOf":{"@id":"https:\/\/www.runottawa.ca\/fr\/#website"},"datePublished":"2014-03-11T15:32:33+00:00","dateModified":"2026-04-11T21:32:20+00:00","breadcrumb":{"@id":"https:\/\/www.runottawa.ca\/fr\/ro\/programmes\/levee-de-fonds\/#breadcrumb"},"inLanguage":"fr-FR","potentialAction":[{"@type":"ReadAction","target":["https:\/\/www.runottawa.ca\/fr\/ro\/programmes\/levee-de-fonds\/"]}]},{"@type":"BreadcrumbList","@id":"https:\/\/www.runottawa.ca\/fr\/ro\/programmes\/levee-de-fonds\/#breadcrumb","itemListElement":[{"@type":"ListItem","position":1,"name":"Home","item":"https:\/\/www.runottawa.ca\/fr\/"},{"@type":"ListItem","position":2,"name":"Courez Ottawa","item":"https:\/\/www.runottawa.ca\/fr\/ro\/"},{"@type":"ListItem","position":3,"name":"Programmes","item":"https:\/\/www.runottawa.ca\/fr\/ro\/programmes\/"},{"@type":"ListItem","position":4,"name":"Dossard vert"}]},{"@type":"WebSite","@id":"https:\/\/www.runottawa.ca\/fr\/#website","url":"https:\/\/www.runottawa.ca\/fr\/","name":"Run Ottawa","description":"","potentialAction":[{"@type":"SearchAction","target":{"@type":"EntryPoint","urlTemplate":"https:\/\/www.runottawa.ca\/fr\/?s={search_term_string}"},"query-input":{"@type":"PropertyValueSpecification","valueRequired":true,"valueName":"search_term_string"}}],"inLanguage":"fr-FR"}]}},"_links":{"self":[{"href":"https:\/\/www.runottawa.ca\/fr\/wp-json\/wp\/v2\/pages\/2220","targetHints":{"allow":["GET"]}}],"collection":[{"href":"https:\/\/www.runottawa.ca\/fr\/wp-json\/wp\/v2\/pages"}],"about":[{"href":"https:\/\/www.runottawa.ca\/fr\/wp-json\/wp\/v2\/types\/page"}],"author":[{"embeddable":true,"href":"https:\/\/www.runottawa.ca\/fr\/wp-json\/wp\/v2\/users\/10"}],"replies":[{"embeddable":true,"href":"https:\/\/www.runottawa.ca\/fr\/wp-json\/wp\/v2\/comments?post=2220"}],"version-history":[{"count":11,"href":"https:\/\/www.runottawa.ca\/fr\/wp-json\/wp\/v2\/pages\/2220\/revisions"}],"predecessor-version":[{"id":44761,"href":"https:\/\/www.runottawa.ca\/fr\/wp-json\/wp\/v2\/pages\/2220\/revisions\/44761"}],"up":[{"embeddable":true,"href":"https:\/\/www.runottawa.ca\/fr\/wp-json\/wp\/v2\/pages\/13611"}],"wp:attachment":[{"href":"https:\/\/www.runottawa.ca\/fr\/wp-json\/wp\/v2\/media?parent=2220"}],"curies":[{"name":"wp","href":"https:\/\/api.w.org\/{rel}","templated":true}]}}