{"id":2216,"date":"2014-03-11T10:49:28","date_gmt":"2014-03-11T14:49:28","guid":{"rendered":"http:\/\/www.runottawa.ca\/au-sujet-de-courez-ottawa\/join-run-ottawa\/"},"modified":"2026-03-19T13:20:36","modified_gmt":"2026-03-19T17:20:36","slug":"joignez-vous-a-courez-ottawa","status":"publish","type":"page","link":"https:\/\/www.runottawa.ca\/fr\/joignez-vous-a-courez-ottawa\/","title":{"rendered":"Joignez-vous \u00e0 Courez Ottawa"},"content":{"rendered":"<h3><b>Courez Ottawa\u00a0: l\u00e0 o\u00f9 la communaut\u00e9 de coureurs la plus dynamique de la capitale prend vie!\u00a0<\/b><\/h3>\n<p><span style=\"font-weight: 400;\">Nos membres ont apport\u00e9 leur enthousiasme, leur sourire et leur \u00e9nergie \u00e0 chaque \u00e9v\u00e9nement que nous avons organis\u00e9 cette ann\u00e9e. Nous vous pr\u00e9sentons un survol des belles r\u00e9alisations de nos membres ainsi que la fa\u00e7on de poursuivre sur cette lanc\u00e9e en 2026.<\/span><\/p>\n<p><strong>Voici ce qu&rsquo;ils ont accompli cette ann\u00e9e :<\/strong><\/p>\n<p><span style=\"font-weight: 400;\">\u2022 803\u00a0membres qui sont activement engag\u00e9s dans la communaut\u00e9 de Courez Ottawa.<\/span><span style=\"font-weight: 400;\"><br \/>\n<\/span><span style=\"font-weight: 400;\">\u2022 Les membres ont parcouru <\/span><b>plus de 11\u00a0300\u00a0km<\/b><span style=\"font-weight: 400;\"> au cours des \u00e9v\u00e9nements de Courez Ottawa (c\u2019est l\u2019\u00e9quivalent de la distance entre <\/span><b>Ottawa et Buenos Aires<\/b><span style=\"font-weight: 400;\">).<\/span><span style=\"font-weight: 400;\"><br \/>\n<\/span><span style=\"font-weight: 400;\">\u2022 Les membres ont offert plus de 150\u00a0heures de b\u00e9n\u00e9volats lors de nos \u00e9v\u00e9nements.<\/span><span style=\"font-weight: 400;\"><br \/>\n<\/span><span style=\"font-weight: 400;\">\u2022 Les membres participent en moyenne \u00e0 un peu plus de deux \u00e9v\u00e9nements, ce qui signifie que les rabais associ\u00e9s \u00e0 l\u2019adh\u00e9sion \u00e0 Courez Ottawa <\/span><b>valent r\u00e9ellement leur pesant d\u2019or<\/b><span style=\"font-weight: 400;\">.<\/span><\/p>\n<p>&nbsp;<\/p>\n<p><span style=\"font-weight: 400;\">Joignez-vous \u00e0 une \u00e9quipe de coureurs motiv\u00e9s qui savent donner leur 110\u00a0% tout en ayant une attitude positive, en plus de profiter d\u2019avantages tr\u00e8s int\u00e9ressants! Non seulement vous obtenez imm\u00e9diatement un rabais de 10\u00a0% sur toutes les distances de la Fin de semaine des courses Tamarack d\u2019Ottawa, vous b\u00e9n\u00e9ficiez aussi de tous les avantages \u00e9num\u00e9r\u00e9s ci-dessous en plus d\u2019avoir la possibilit\u00e9 de rencontrer d\u2019autres coureurs lors des courses sociales et d\u2019entra\u00eenement ainsi que des \u00e9v\u00e9nements!<\/span><\/p>\n<p>&nbsp;<\/p>\n<h4><b>Les avantages de l&rsquo;adh\u00e9sion 2026:<\/b><\/h4>\n<ul>\n<li style=\"font-weight: 400;\" aria-level=\"1\"><span style=\"font-weight: 400;\">\u00c9pargnez 10\u00a0% sur toutes les <a href=\"https:\/\/www.runottawa.ca\/fr\/ro\/les-courses\/calendrier-des-activites\/\">courses de Courez Ottawa<\/a>, y compris <a href=\"https:\/\/www.runottawa.ca\/fr\">la Fin de semaine des courses Tamarack d\u2019Ottawa<\/a><\/span><\/li>\n<li style=\"font-weight: 400;\" aria-level=\"1\"><span style=\"font-weight: 400;\">Une inscription gratuite \u00e0 une <a href=\"https:\/\/www.runottawa.ca\/fr\/ro\/les-courses\/calendrier-des-activites\/\">course de Courez\u00a0Ottawa<\/a> de votre choix, chaque ann\u00e9e (\u00e0 l\u2019exception de la Fin de semaine des courses Tamarack d\u2019Ottawa)<\/span><\/li>\n<li style=\"font-weight: 400;\" aria-level=\"1\"><span style=\"font-weight: 400;\">Inscription gratuite \u00e0 la s\u00e9rie des 5K et des 1K pour enfants du weekend<\/span><\/li>\n<li style=\"font-weight: 400;\" aria-level=\"1\"><span style=\"font-weight: 400;\"><a href=\"https:\/\/help.letsdothis.com\/support\/solutions\/articles\/101000538428-using-guest-passes\">Deux inscriptions gratuites pour des amis<\/a> \u00e0 la s\u00e9rie des 5K et des 1K pour enfants du weekend<\/span><\/li>\n<li style=\"font-weight: 400;\" aria-level=\"1\"><span style=\"font-weight: 400;\">Rabais de 15\u00a0% sur les produits dans la <\/span><a href=\"https:\/\/run-ottawa.myshopify.com\/\"><span style=\"font-weight: 400;\">boutique en ligne de Courez Ottawa<\/span><\/a><span style=\"font-weight: 400;\"> (certaines exceptions s\u2019appliquent)<\/span><\/li>\n<li style=\"font-weight: 400;\" aria-level=\"1\"><span style=\"font-weight: 400;\">Rabais dans des boutiques locales pour coureurs, notamment <a href=\"https:\/\/bushtukah.com\/\">Bushtukah<\/a><\/span><\/li>\n<li aria-level=\"1\">Rabais de 20 % sur toutes les chaussures de course et rabais de 15 % sur tout l&rsquo;\u00e9quipement de ski de fond et de v\u00e9lo chez <a href=\"https:\/\/euro-sports.ca\/fr\/\">Euro-Sports<\/a><\/li>\n<li style=\"font-weight: 400;\" aria-level=\"1\"><span style=\"font-weight: 400;\">Inscription garantie au prix le plus bas pour <strong>la Fin de semaine des courses Tamarack d\u2019Ottawa de 2027<\/strong><\/span><\/li>\n<li style=\"font-weight: 400;\" aria-level=\"1\"><span style=\"font-weight: 400;\">Placement garanti dans les vagues prioritaires lors de la Fin de semaine des courses Tamarack d\u2019Ottawa de 2026<\/span><\/li>\n<li style=\"font-weight: 400;\" aria-level=\"1\"><span style=\"font-weight: 400;\">Invitations \u00e0 des \u00e9v\u00e9nements, des promotions et des concours exclusifs (et incroyables!)\u00a0\u00a0\u00a0\u00a0<\/span><\/li>\n<li style=\"font-weight: 400;\" aria-level=\"1\"><span style=\"font-weight: 400;\">Report d\u2019inscription d\u2019une ann\u00e9e pour tous les \u00e9v\u00e9nements de Courez Ottawa, y compris la Fin de semaine des courses Tamarack d\u2019Ottawa (avec une approbation pr\u00e9alable)<\/span><\/li>\n<\/ul>\n<h4><b>Forfaits annuel:<\/b><\/h4>\n<p><strong data-start=\"194\" data-end=\"224\">Individuelle (25 ans et +)<\/strong><br data-start=\"224\" data-end=\"227\" \/>70 $ (89 $ taxes et frais inclus)<\/p>\n<p><strong data-start=\"262\" data-end=\"272\">Double<\/strong><br data-start=\"272\" data-end=\"275\" \/>120 $ (deux personnes du m\u00eame m\u00e9nage, 25 ans et +)<br data-start=\"325\" data-end=\"328\" \/>(153 $ taxes et frais inclus)<\/p>\n<p><strong data-start=\"359\" data-end=\"372\">Familiale<\/strong><br data-start=\"372\" data-end=\"375\" \/>170 $ (jusqu\u2019\u00e0 6 personnes du m\u00eame m\u00e9nage), maximum de 2 adultes (25 ans et +)<br data-start=\"453\" data-end=\"456\" \/>(216 $ taxes et frais inclus)<\/p>\n<p><strong data-start=\"487\" data-end=\"502\">Corporative<\/strong><br data-start=\"502\" data-end=\"505\" \/>Veuillez communiquer avec <a class=\"decorated-link cursor-pointer\" rel=\"noopener\" data-start=\"531\" data-end=\"553\">questions@runottawa.ca<\/a><\/p>\n<p><strong data-start=\"555\" data-end=\"567\">Jeunesse<\/strong><br data-start=\"567\" data-end=\"570\" \/>30 $ (38 $ taxes et frais inclus)<br data-start=\"603\" data-end=\"606\" \/>(\u00e2ges de 10 \u00e0 24 ans \u2014 cette adh\u00e9sion n\u2019inclut pas le droit de vote \u00e0 l\u2019assembl\u00e9e g\u00e9n\u00e9rale annuelle pour les jeunes de 10 \u00e0 17 ans)<\/p>\n<h3><b>Les courses 2026<\/b><\/h3>\n<ul>\n<li><span style=\"font-weight: 400;\">25 janvier : Annuelles de Richmond<\/span><\/li>\n<li><span style=\"font-weight: 400;\">2 mai : Femmes Fortes Desjardins<\/span><\/li>\n<li><span style=\"font-weight: 400;\">23-24 mai : la Fin de semaine des courses Tamarack d\u2019Ottawa<\/span><\/li>\n<li><span style=\"font-weight: 400;\">1 juillet : Courses sur route de la f\u00eate du Canada d&rsquo;Ottos Ottawa<\/span><\/li>\n<li><span style=\"font-weight: 400;\">15 juillet : La course 5\/15 \u00e0 la ferme<\/span><\/li>\n<li><span style=\"font-weight: 400;\"><span style=\"font-weight: 400;\">29 juil<\/span><\/span>let : Pur et dur courses sur sentier : \u00c9dition Dunrobin<\/li>\n<li><span style=\"font-weight: 400;\">6 septembre : Pur et dur courses sur sentier: \u00c9dition Camp Fortune<\/span><\/li>\n<li><span style=\"font-weight: 400;\">24 octobre : Grande Cookie Run Desjardins<\/span><\/li>\n<\/ul>\n<p>&nbsp;<\/p>\n<h3><b>Renouvellement pour 2026!<br \/>\n<\/b><b><\/b><span style=\"font-weight: 400;\">Voici les avantages dont vous profiterez\u00a0:<\/span><\/h3>\n<p><span style=\"font-weight: 400;\">\u2022 Une inscription gratuite valant <\/span><i><span style=\"font-weight: 400;\">jusqu\u2019\u00e0 <\/span><\/i><span style=\"font-weight: 400;\">120\u00a0$<\/span><span style=\"font-weight: 400;\"><br \/>\n<\/span><span style=\"font-weight: 400;\">\u2022 Rabais de 10\u00a0% sur chaque autre \u00e9v\u00e9nement de Courez Ottawa, y compris la Fin de semaine des courses Tamarack d\u2019Ottawa<\/span><span style=\"font-weight: 400;\"><br \/>\n<\/span><span style=\"font-weight: 400;\">\u2022 <strong>\u00c9conomies pouvant d\u00e9passer 300\u00a0$ sur l\u2019ensemble de la saison<\/strong><\/span><span style=\"font-weight: 400;\"><br \/>\n<\/span><span style=\"font-weight: 400;\">\u2022 Acc\u00e8s \u00e0 des concours, des courses amusantes et des \u00e9v\u00e9nements sp\u00e9ciaux uniquement pour les membres<\/span><span style=\"font-weight: 400;\"><br \/>\n<\/span><span style=\"font-weight: 400;\">\u2022 Offres exclusives, notamment un rabais de 10\u00a0% sur les produits \u00e0 prix r\u00e9gulier chez Bushtukah<\/span><\/p>\n<p>&nbsp;<\/p>\n<h3><strong><div class=\"su-button-center\"><a href=\"https:\/\/www.letsdothis.com\/us\/o\/176436\/checkout\/membership?schemeId=6717aacfdeb5b8f0e8924310\" class=\"su-button su-button-style-flat\" style=\"color:#ffffff;background-color:#f50931;border-color:#c40828;border-radius:19px\" target=\"_blank\" rel=\"noopener noreferrer\"><span style=\"color:#ffffff;padding:0px 44px;font-size:31px;line-height:62px;border-color:#f8536f;border-radius:19px;text-shadow:none\"> INSCRIVEZ-VOUS OU RENOUVELEZ VOTRE ADH\u00c9SION!<\/span><\/a><\/div><\/strong><\/h3>\n<p>&nbsp;<\/p>\n<p><strong>Que vous vouliez am\u00e9liorer votre record personnel ou simplement avoir de la compagnie, vous trouverez votre place avec nous.<\/strong><\/p>\n<p><i><span style=\"font-weight: 400;\">Suivez-nous sur<\/span><\/i><i><span style=\"font-weight: 400;\">\u00a0<\/span><\/i><a href=\"http:\/\/\/h\"><i><span style=\"font-weight: 400;\">Instagram<\/span><\/i><\/a><i><span style=\"font-weight: 400;\">, et aimez notre page <\/span><\/i><a href=\"http:\/\/\/h\"><i><span style=\"font-weight: 400;\">Facebook<\/span><\/i><\/a><i><span style=\"font-weight: 400;\">.<\/span><\/i><\/p>\n","protected":false},"excerpt":{"rendered":"<p>Courez Ottawa\u00a0: l\u00e0 o\u00f9 la communaut\u00e9 de coureurs la plus dynamique de la capitale prend vie!\u00a0 Nos membres ont apport\u00e9 leur enthousiasme, leur sourire et leur \u00e9nergie \u00e0 chaque \u00e9v\u00e9nement que nous avons organis\u00e9 cette ann\u00e9e. Nous vous pr\u00e9sentons un survol des belles r\u00e9alisations de nos membres ainsi que la [&hellip;]<\/p>\n","protected":false},"author":10,"featured_media":0,"parent":0,"menu_order":318,"comment_status":"closed","ping_status":"open","template":"","meta":{"_acf_changed":false,"footnotes":""},"class_list":["post-2216","page","type-page","status-publish","hentry"],"acf":[],"yoast_head":"<!-- This site is optimized with the Yoast SEO plugin v27.4 - https:\/\/yoast.com\/product\/yoast-seo-wordpress\/ -->\n<title>Joignez-vous \u00e0 Courez Ottawa - Run Ottawa<\/title>\n<meta name=\"robots\" content=\"index, follow, max-snippet:-1, max-image-preview:large, max-video-preview:-1\" \/>\n<link rel=\"canonical\" href=\"https:\/\/www.runottawa.ca\/fr\/joignez-vous-a-courez-ottawa\/\" \/>\n<meta name=\"twitter:label1\" content=\"Dur\u00e9e de lecture estim\u00e9e\" \/>\n\t<meta name=\"twitter:data1\" content=\"4 minutes\" \/>\n<script type=\"application\/ld+json\" class=\"yoast-schema-graph\">{\"@context\":\"https:\\\/\\\/schema.org\",\"@graph\":[{\"@type\":\"WebPage\",\"@id\":\"https:\\\/\\\/www.runottawa.ca\\\/fr\\\/joignez-vous-a-courez-ottawa\\\/\",\"url\":\"https:\\\/\\\/www.runottawa.ca\\\/fr\\\/joignez-vous-a-courez-ottawa\\\/\",\"name\":\"Joignez-vous \u00e0 Courez Ottawa - Run Ottawa\",\"isPartOf\":{\"@id\":\"https:\\\/\\\/www.runottawa.ca\\\/fr\\\/#website\"},\"datePublished\":\"2014-03-11T14:49:28+00:00\",\"dateModified\":\"2026-03-19T17:20:36+00:00\",\"breadcrumb\":{\"@id\":\"https:\\\/\\\/www.runottawa.ca\\\/fr\\\/joignez-vous-a-courez-ottawa\\\/#breadcrumb\"},\"inLanguage\":\"fr-FR\",\"potentialAction\":[{\"@type\":\"ReadAction\",\"target\":[\"https:\\\/\\\/www.runottawa.ca\\\/fr\\\/joignez-vous-a-courez-ottawa\\\/\"]}]},{\"@type\":\"BreadcrumbList\",\"@id\":\"https:\\\/\\\/www.runottawa.ca\\\/fr\\\/joignez-vous-a-courez-ottawa\\\/#breadcrumb\",\"itemListElement\":[{\"@type\":\"ListItem\",\"position\":1,\"name\":\"Home\",\"item\":\"https:\\\/\\\/www.runottawa.ca\\\/fr\\\/\"},{\"@type\":\"ListItem\",\"position\":2,\"name\":\"Joignez-vous \u00e0 Courez Ottawa\"}]},{\"@type\":\"WebSite\",\"@id\":\"https:\\\/\\\/www.runottawa.ca\\\/fr\\\/#website\",\"url\":\"https:\\\/\\\/www.runottawa.ca\\\/fr\\\/\",\"name\":\"Run Ottawa\",\"description\":\"\",\"potentialAction\":[{\"@type\":\"SearchAction\",\"target\":{\"@type\":\"EntryPoint\",\"urlTemplate\":\"https:\\\/\\\/www.runottawa.ca\\\/fr\\\/?s={search_term_string}\"},\"query-input\":{\"@type\":\"PropertyValueSpecification\",\"valueRequired\":true,\"valueName\":\"search_term_string\"}}],\"inLanguage\":\"fr-FR\"}]}<\/script>\n<!-- \/ Yoast SEO plugin. -->","yoast_head_json":{"title":"Joignez-vous \u00e0 Courez Ottawa - Run Ottawa","robots":{"index":"index","follow":"follow","max-snippet":"max-snippet:-1","max-image-preview":"max-image-preview:large","max-video-preview":"max-video-preview:-1"},"canonical":"https:\/\/www.runottawa.ca\/fr\/joignez-vous-a-courez-ottawa\/","twitter_misc":{"Dur\u00e9e de lecture estim\u00e9e":"4 minutes"},"schema":{"@context":"https:\/\/schema.org","@graph":[{"@type":"WebPage","@id":"https:\/\/www.runottawa.ca\/fr\/joignez-vous-a-courez-ottawa\/","url":"https:\/\/www.runottawa.ca\/fr\/joignez-vous-a-courez-ottawa\/","name":"Joignez-vous \u00e0 Courez Ottawa - Run Ottawa","isPartOf":{"@id":"https:\/\/www.runottawa.ca\/fr\/#website"},"datePublished":"2014-03-11T14:49:28+00:00","dateModified":"2026-03-19T17:20:36+00:00","breadcrumb":{"@id":"https:\/\/www.runottawa.ca\/fr\/joignez-vous-a-courez-ottawa\/#breadcrumb"},"inLanguage":"fr-FR","potentialAction":[{"@type":"ReadAction","target":["https:\/\/www.runottawa.ca\/fr\/joignez-vous-a-courez-ottawa\/"]}]},{"@type":"BreadcrumbList","@id":"https:\/\/www.runottawa.ca\/fr\/joignez-vous-a-courez-ottawa\/#breadcrumb","itemListElement":[{"@type":"ListItem","position":1,"name":"Home","item":"https:\/\/www.runottawa.ca\/fr\/"},{"@type":"ListItem","position":2,"name":"Joignez-vous \u00e0 Courez Ottawa"}]},{"@type":"WebSite","@id":"https:\/\/www.runottawa.ca\/fr\/#website","url":"https:\/\/www.runottawa.ca\/fr\/","name":"Run Ottawa","description":"","potentialAction":[{"@type":"SearchAction","target":{"@type":"EntryPoint","urlTemplate":"https:\/\/www.runottawa.ca\/fr\/?s={search_term_string}"},"query-input":{"@type":"PropertyValueSpecification","valueRequired":true,"valueName":"search_term_string"}}],"inLanguage":"fr-FR"}]}},"_links":{"self":[{"href":"https:\/\/www.runottawa.ca\/fr\/wp-json\/wp\/v2\/pages\/2216","targetHints":{"allow":["GET"]}}],"collection":[{"href":"https:\/\/www.runottawa.ca\/fr\/wp-json\/wp\/v2\/pages"}],"about":[{"href":"https:\/\/www.runottawa.ca\/fr\/wp-json\/wp\/v2\/types\/page"}],"author":[{"embeddable":true,"href":"https:\/\/www.runottawa.ca\/fr\/wp-json\/wp\/v2\/users\/10"}],"replies":[{"embeddable":true,"href":"https:\/\/www.runottawa.ca\/fr\/wp-json\/wp\/v2\/comments?post=2216"}],"version-history":[{"count":17,"href":"https:\/\/www.runottawa.ca\/fr\/wp-json\/wp\/v2\/pages\/2216\/revisions"}],"predecessor-version":[{"id":44561,"href":"https:\/\/www.runottawa.ca\/fr\/wp-json\/wp\/v2\/pages\/2216\/revisions\/44561"}],"wp:attachment":[{"href":"https:\/\/www.runottawa.ca\/fr\/wp-json\/wp\/v2\/media?parent=2216"}],"curies":[{"name":"wp","href":"https:\/\/api.w.org\/{rel}","templated":true}]}}