{"id":2205,"date":"2014-03-11T11:31:50","date_gmt":"2014-03-11T15:31:50","guid":{"rendered":"http:\/\/www.runottawa.ca\/au-sujet-de-courez-ottawa\/organization\/team\/"},"modified":"2024-05-12T06:41:57","modified_gmt":"2024-05-12T10:41:57","slug":"equipe","status":"publish","type":"page","link":"https:\/\/www.runottawa.ca\/fr\/ro\/au-sujet-de-courez-ottawa\/equipe\/","title":{"rendered":"\u00c9quipe"},"content":{"rendered":"<p>&nbsp;<\/p>\n<table class=\"exec\" style=\"width: 505px; height: 66px; margin-top: 15px;\" border=\"0\" cellspacing=\"0\" cellpadding=\"0\">\n<tbody>\n<tr>\n<td style=\"text-align: right;\"><b>Directeur \u00e9x\u00e9cutif\u00a0<\/b><\/td>\n<td><\/td>\n<td><a href=\"mailto: mike.vieira@runottawa.ca\">Mike Vieira<\/a><\/td>\n<\/tr>\n<tr class=\"blue-table-row\">\n<td style=\"text-align: right;\"><strong>Directrice du marketing et communications:<\/strong><\/td>\n<td style=\"width: 40px;\"><\/td>\n<td><a href=\"mailto:lisa.georges@runottawa.ca\">Lisa Georges<\/a><\/td>\n<\/tr>\n<tr>\n<td style=\"text-align: right;\"><strong>Directeur des \u00e9<span style=\"color: #222222;\">v\u00e9nements<\/span>:<\/strong><\/td>\n<td><\/td>\n<td><a href=\"mailto:Almac@runottawa.ca\">Al Macartney<\/a><\/td>\n<\/tr>\n<tr class=\"blue-table-row\">\n<td style=\"text-align: right;\">Directeur des op\u00e9rations<\/td>\n<td><\/td>\n<td><a href=\"mailto:alistair.scott@runottawa.ca\">Alistair Scott<\/a><\/td>\n<\/tr>\n<tr>\n<td style=\"text-align: right;\"><\/td>\n<td><\/td>\n<td><\/td>\n<\/tr>\n<tr class=\"blue-table-row\">\n<td style=\"text-align: right;\"><\/td>\n<td><\/td>\n<td><\/td>\n<\/tr>\n<\/tbody>\n<\/table>\n","protected":false},"excerpt":{"rendered":"<p>&nbsp; Directeur \u00e9x\u00e9cutif\u00a0 Mike Vieira Directrice du marketing et communications: Lisa Georges Directeur des \u00e9v\u00e9nements: Al Macartney Directeur des op\u00e9rations Alistair Scott<\/p>\n","protected":false},"author":10,"featured_media":0,"parent":1670,"menu_order":515,"comment_status":"closed","ping_status":"closed","template":"","meta":{"_acf_changed":false,"footnotes":""},"class_list":["post-2205","page","type-page","status-publish","hentry"],"acf":[],"yoast_head":"<!-- This site is optimized with the Yoast SEO plugin v27.4 - https:\/\/yoast.com\/product\/yoast-seo-wordpress\/ -->\n<title>\u00c9quipe - Run Ottawa<\/title>\n<meta name=\"robots\" content=\"index, follow, max-snippet:-1, max-image-preview:large, max-video-preview:-1\" \/>\n<link rel=\"canonical\" href=\"https:\/\/www.runottawa.ca\/fr\/ro\/au-sujet-de-courez-ottawa\/equipe\/\" \/>\n<meta name=\"twitter:label1\" content=\"Dur\u00e9e de lecture estim\u00e9e\" \/>\n\t<meta name=\"twitter:data1\" content=\"1 minute\" \/>\n<script type=\"application\/ld+json\" class=\"yoast-schema-graph\">{\"@context\":\"https:\\\/\\\/schema.org\",\"@graph\":[{\"@type\":\"WebPage\",\"@id\":\"https:\\\/\\\/www.runottawa.ca\\\/fr\\\/ro\\\/au-sujet-de-courez-ottawa\\\/equipe\\\/\",\"url\":\"https:\\\/\\\/www.runottawa.ca\\\/fr\\\/ro\\\/au-sujet-de-courez-ottawa\\\/equipe\\\/\",\"name\":\"\u00c9quipe - Run Ottawa\",\"isPartOf\":{\"@id\":\"https:\\\/\\\/www.runottawa.ca\\\/fr\\\/#website\"},\"datePublished\":\"2014-03-11T15:31:50+00:00\",\"dateModified\":\"2024-05-12T10:41:57+00:00\",\"breadcrumb\":{\"@id\":\"https:\\\/\\\/www.runottawa.ca\\\/fr\\\/ro\\\/au-sujet-de-courez-ottawa\\\/equipe\\\/#breadcrumb\"},\"inLanguage\":\"fr-FR\",\"potentialAction\":[{\"@type\":\"ReadAction\",\"target\":[\"https:\\\/\\\/www.runottawa.ca\\\/fr\\\/ro\\\/au-sujet-de-courez-ottawa\\\/equipe\\\/\"]}]},{\"@type\":\"BreadcrumbList\",\"@id\":\"https:\\\/\\\/www.runottawa.ca\\\/fr\\\/ro\\\/au-sujet-de-courez-ottawa\\\/equipe\\\/#breadcrumb\",\"itemListElement\":[{\"@type\":\"ListItem\",\"position\":1,\"name\":\"Home\",\"item\":\"https:\\\/\\\/www.runottawa.ca\\\/fr\\\/\"},{\"@type\":\"ListItem\",\"position\":2,\"name\":\"Courez Ottawa\",\"item\":\"https:\\\/\\\/www.runottawa.ca\\\/fr\\\/ro\\\/\"},{\"@type\":\"ListItem\",\"position\":3,\"name\":\"Au sujet de Courez Ottawa\",\"item\":\"https:\\\/\\\/www.runottawa.ca\\\/fr\\\/ro\\\/au-sujet-de-courez-ottawa\\\/\"},{\"@type\":\"ListItem\",\"position\":4,\"name\":\"\u00c9quipe\"}]},{\"@type\":\"WebSite\",\"@id\":\"https:\\\/\\\/www.runottawa.ca\\\/fr\\\/#website\",\"url\":\"https:\\\/\\\/www.runottawa.ca\\\/fr\\\/\",\"name\":\"Run Ottawa\",\"description\":\"\",\"potentialAction\":[{\"@type\":\"SearchAction\",\"target\":{\"@type\":\"EntryPoint\",\"urlTemplate\":\"https:\\\/\\\/www.runottawa.ca\\\/fr\\\/?s={search_term_string}\"},\"query-input\":{\"@type\":\"PropertyValueSpecification\",\"valueRequired\":true,\"valueName\":\"search_term_string\"}}],\"inLanguage\":\"fr-FR\"}]}<\/script>\n<!-- \/ Yoast SEO plugin. -->","yoast_head_json":{"title":"\u00c9quipe - Run Ottawa","robots":{"index":"index","follow":"follow","max-snippet":"max-snippet:-1","max-image-preview":"max-image-preview:large","max-video-preview":"max-video-preview:-1"},"canonical":"https:\/\/www.runottawa.ca\/fr\/ro\/au-sujet-de-courez-ottawa\/equipe\/","twitter_misc":{"Dur\u00e9e de lecture estim\u00e9e":"1 minute"},"schema":{"@context":"https:\/\/schema.org","@graph":[{"@type":"WebPage","@id":"https:\/\/www.runottawa.ca\/fr\/ro\/au-sujet-de-courez-ottawa\/equipe\/","url":"https:\/\/www.runottawa.ca\/fr\/ro\/au-sujet-de-courez-ottawa\/equipe\/","name":"\u00c9quipe - Run Ottawa","isPartOf":{"@id":"https:\/\/www.runottawa.ca\/fr\/#website"},"datePublished":"2014-03-11T15:31:50+00:00","dateModified":"2024-05-12T10:41:57+00:00","breadcrumb":{"@id":"https:\/\/www.runottawa.ca\/fr\/ro\/au-sujet-de-courez-ottawa\/equipe\/#breadcrumb"},"inLanguage":"fr-FR","potentialAction":[{"@type":"ReadAction","target":["https:\/\/www.runottawa.ca\/fr\/ro\/au-sujet-de-courez-ottawa\/equipe\/"]}]},{"@type":"BreadcrumbList","@id":"https:\/\/www.runottawa.ca\/fr\/ro\/au-sujet-de-courez-ottawa\/equipe\/#breadcrumb","itemListElement":[{"@type":"ListItem","position":1,"name":"Home","item":"https:\/\/www.runottawa.ca\/fr\/"},{"@type":"ListItem","position":2,"name":"Courez Ottawa","item":"https:\/\/www.runottawa.ca\/fr\/ro\/"},{"@type":"ListItem","position":3,"name":"Au sujet de Courez Ottawa","item":"https:\/\/www.runottawa.ca\/fr\/ro\/au-sujet-de-courez-ottawa\/"},{"@type":"ListItem","position":4,"name":"\u00c9quipe"}]},{"@type":"WebSite","@id":"https:\/\/www.runottawa.ca\/fr\/#website","url":"https:\/\/www.runottawa.ca\/fr\/","name":"Run Ottawa","description":"","potentialAction":[{"@type":"SearchAction","target":{"@type":"EntryPoint","urlTemplate":"https:\/\/www.runottawa.ca\/fr\/?s={search_term_string}"},"query-input":{"@type":"PropertyValueSpecification","valueRequired":true,"valueName":"search_term_string"}}],"inLanguage":"fr-FR"}]}},"_links":{"self":[{"href":"https:\/\/www.runottawa.ca\/fr\/wp-json\/wp\/v2\/pages\/2205","targetHints":{"allow":["GET"]}}],"collection":[{"href":"https:\/\/www.runottawa.ca\/fr\/wp-json\/wp\/v2\/pages"}],"about":[{"href":"https:\/\/www.runottawa.ca\/fr\/wp-json\/wp\/v2\/types\/page"}],"author":[{"embeddable":true,"href":"https:\/\/www.runottawa.ca\/fr\/wp-json\/wp\/v2\/users\/10"}],"replies":[{"embeddable":true,"href":"https:\/\/www.runottawa.ca\/fr\/wp-json\/wp\/v2\/comments?post=2205"}],"version-history":[{"count":12,"href":"https:\/\/www.runottawa.ca\/fr\/wp-json\/wp\/v2\/pages\/2205\/revisions"}],"predecessor-version":[{"id":39183,"href":"https:\/\/www.runottawa.ca\/fr\/wp-json\/wp\/v2\/pages\/2205\/revisions\/39183"}],"up":[{"embeddable":true,"href":"https:\/\/www.runottawa.ca\/fr\/wp-json\/wp\/v2\/pages\/1670"}],"wp:attachment":[{"href":"https:\/\/www.runottawa.ca\/fr\/wp-json\/wp\/v2\/media?parent=2205"}],"curies":[{"name":"wp","href":"https:\/\/api.w.org\/{rel}","templated":true}]}}