{"id":19743,"date":"2018-11-23T14:47:16","date_gmt":"2018-11-23T19:47:16","guid":{"rendered":"https:\/\/www.runottawa.ca\/?page_id=19743"},"modified":"2018-11-23T14:53:19","modified_gmt":"2018-11-23T19:53:19","slug":"carte-postale-personnalisee-2018","status":"publish","type":"page","link":"https:\/\/www.runottawa.ca\/fr\/carte-postale-personnalisee-2018\/","title":{"rendered":"Cartes postales personnalis\u00e9es de la Fin de semaine des courses Tamarack 2018"},"content":{"rendered":"<p>Merci pour votre int\u00e9r\u00eat. Cette page est en construction. Les cartes postales personnalis\u00e9es seront disponible la premi\u00e8re semaine de d\u00e9cembre 2018.<\/p>\n","protected":false},"excerpt":{"rendered":"<p>Merci pour votre int\u00e9r\u00eat. Cette page est en construction. Les cartes postales personnalis\u00e9es seront disponible la premi\u00e8re semaine de d\u00e9cembre 2018.<\/p>\n","protected":false},"author":33,"featured_media":0,"parent":0,"menu_order":151,"comment_status":"closed","ping_status":"closed","template":"","meta":{"_acf_changed":false,"footnotes":""},"class_list":["post-19743","page","type-page","status-publish","hentry"],"acf":[],"yoast_head":"<!-- This site is optimized with the Yoast SEO plugin v27.4 - https:\/\/yoast.com\/product\/yoast-seo-wordpress\/ -->\n<title>Cartes postales personnalis\u00e9es de la Fin de semaine des courses Tamarack 2018 - Run Ottawa<\/title>\n<meta name=\"robots\" content=\"index, follow, max-snippet:-1, max-image-preview:large, max-video-preview:-1\" \/>\n<link rel=\"canonical\" href=\"https:\/\/www.runottawa.ca\/fr\/carte-postale-personnalisee-2018\/\" \/>\n<script type=\"application\/ld+json\" class=\"yoast-schema-graph\">{\"@context\":\"https:\\\/\\\/schema.org\",\"@graph\":[{\"@type\":\"WebPage\",\"@id\":\"https:\\\/\\\/www.runottawa.ca\\\/fr\\\/carte-postale-personnalisee-2018\\\/\",\"url\":\"https:\\\/\\\/www.runottawa.ca\\\/fr\\\/carte-postale-personnalisee-2018\\\/\",\"name\":\"Cartes postales personnalis\u00e9es de la Fin de semaine des courses Tamarack 2018 - Run Ottawa\",\"isPartOf\":{\"@id\":\"https:\\\/\\\/www.runottawa.ca\\\/fr\\\/#website\"},\"datePublished\":\"2018-11-23T19:47:16+00:00\",\"dateModified\":\"2018-11-23T19:53:19+00:00\",\"breadcrumb\":{\"@id\":\"https:\\\/\\\/www.runottawa.ca\\\/fr\\\/carte-postale-personnalisee-2018\\\/#breadcrumb\"},\"inLanguage\":\"fr-FR\",\"potentialAction\":[{\"@type\":\"ReadAction\",\"target\":[\"https:\\\/\\\/www.runottawa.ca\\\/fr\\\/carte-postale-personnalisee-2018\\\/\"]}]},{\"@type\":\"BreadcrumbList\",\"@id\":\"https:\\\/\\\/www.runottawa.ca\\\/fr\\\/carte-postale-personnalisee-2018\\\/#breadcrumb\",\"itemListElement\":[{\"@type\":\"ListItem\",\"position\":1,\"name\":\"Home\",\"item\":\"https:\\\/\\\/www.runottawa.ca\\\/fr\\\/\"},{\"@type\":\"ListItem\",\"position\":2,\"name\":\"Cartes postales personnalis\u00e9es de la Fin de semaine des courses Tamarack 2018\"}]},{\"@type\":\"WebSite\",\"@id\":\"https:\\\/\\\/www.runottawa.ca\\\/fr\\\/#website\",\"url\":\"https:\\\/\\\/www.runottawa.ca\\\/fr\\\/\",\"name\":\"Run Ottawa\",\"description\":\"\",\"potentialAction\":[{\"@type\":\"SearchAction\",\"target\":{\"@type\":\"EntryPoint\",\"urlTemplate\":\"https:\\\/\\\/www.runottawa.ca\\\/fr\\\/?s={search_term_string}\"},\"query-input\":{\"@type\":\"PropertyValueSpecification\",\"valueRequired\":true,\"valueName\":\"search_term_string\"}}],\"inLanguage\":\"fr-FR\"}]}<\/script>\n<!-- \/ Yoast SEO plugin. -->","yoast_head_json":{"title":"Cartes postales personnalis\u00e9es de la Fin de semaine des courses Tamarack 2018 - Run Ottawa","robots":{"index":"index","follow":"follow","max-snippet":"max-snippet:-1","max-image-preview":"max-image-preview:large","max-video-preview":"max-video-preview:-1"},"canonical":"https:\/\/www.runottawa.ca\/fr\/carte-postale-personnalisee-2018\/","schema":{"@context":"https:\/\/schema.org","@graph":[{"@type":"WebPage","@id":"https:\/\/www.runottawa.ca\/fr\/carte-postale-personnalisee-2018\/","url":"https:\/\/www.runottawa.ca\/fr\/carte-postale-personnalisee-2018\/","name":"Cartes postales personnalis\u00e9es de la Fin de semaine des courses Tamarack 2018 - Run Ottawa","isPartOf":{"@id":"https:\/\/www.runottawa.ca\/fr\/#website"},"datePublished":"2018-11-23T19:47:16+00:00","dateModified":"2018-11-23T19:53:19+00:00","breadcrumb":{"@id":"https:\/\/www.runottawa.ca\/fr\/carte-postale-personnalisee-2018\/#breadcrumb"},"inLanguage":"fr-FR","potentialAction":[{"@type":"ReadAction","target":["https:\/\/www.runottawa.ca\/fr\/carte-postale-personnalisee-2018\/"]}]},{"@type":"BreadcrumbList","@id":"https:\/\/www.runottawa.ca\/fr\/carte-postale-personnalisee-2018\/#breadcrumb","itemListElement":[{"@type":"ListItem","position":1,"name":"Home","item":"https:\/\/www.runottawa.ca\/fr\/"},{"@type":"ListItem","position":2,"name":"Cartes postales personnalis\u00e9es de la Fin de semaine des courses Tamarack 2018"}]},{"@type":"WebSite","@id":"https:\/\/www.runottawa.ca\/fr\/#website","url":"https:\/\/www.runottawa.ca\/fr\/","name":"Run Ottawa","description":"","potentialAction":[{"@type":"SearchAction","target":{"@type":"EntryPoint","urlTemplate":"https:\/\/www.runottawa.ca\/fr\/?s={search_term_string}"},"query-input":{"@type":"PropertyValueSpecification","valueRequired":true,"valueName":"search_term_string"}}],"inLanguage":"fr-FR"}]}},"_links":{"self":[{"href":"https:\/\/www.runottawa.ca\/fr\/wp-json\/wp\/v2\/pages\/19743","targetHints":{"allow":["GET"]}}],"collection":[{"href":"https:\/\/www.runottawa.ca\/fr\/wp-json\/wp\/v2\/pages"}],"about":[{"href":"https:\/\/www.runottawa.ca\/fr\/wp-json\/wp\/v2\/types\/page"}],"author":[{"embeddable":true,"href":"https:\/\/www.runottawa.ca\/fr\/wp-json\/wp\/v2\/users\/33"}],"replies":[{"embeddable":true,"href":"https:\/\/www.runottawa.ca\/fr\/wp-json\/wp\/v2\/comments?post=19743"}],"version-history":[{"count":3,"href":"https:\/\/www.runottawa.ca\/fr\/wp-json\/wp\/v2\/pages\/19743\/revisions"}],"predecessor-version":[{"id":19746,"href":"https:\/\/www.runottawa.ca\/fr\/wp-json\/wp\/v2\/pages\/19743\/revisions\/19746"}],"wp:attachment":[{"href":"https:\/\/www.runottawa.ca\/fr\/wp-json\/wp\/v2\/media?parent=19743"}],"curies":[{"name":"wp","href":"https:\/\/api.w.org\/{rel}","templated":true}]}}