{"id":18406,"date":"2018-04-10T17:21:06","date_gmt":"2018-04-10T21:21:06","guid":{"rendered":"https:\/\/www.runottawa.ca\/ro\/programmes\/kids-run-ottawa-school-program"},"modified":"2025-12-01T10:58:13","modified_gmt":"2025-12-01T15:58:13","slug":"courez-ottawa-pour-enfants","status":"publish","type":"page","link":"https:\/\/www.runottawa.ca\/fr\/ro\/programmes\/courez-ottawa-pour-enfants\/","title":{"rendered":"Programme scolaire du Marathon d\u2019Ottawa pour les enfants"},"content":{"rendered":"<p><span style=\"font-weight: 400;\">Le <\/span><b>Programme scolaire du Marathon pour enfants d&rsquo;Ottawa gratuit<\/b><span style=\"font-weight: 400;\"> est de retour pour une autre ann\u00e9e &#8211; le <\/span><b>lancement sera le 16 mars 2026<\/b><span style=\"font-weight: 400;\">\u00a0! Nous voulons offrir le programme scolaire du Marathon \u00e0 votre \u00e9cole pour vos \u00e9l\u00e8ves encore une fois ou peut-\u00eatre pour la premi\u00e8re fois! Ce programme g\u00e9nial a pour but de montrer aux enfants <\/span><b>qu&rsquo;\u00eatre actif peut \u00eatre excitant, amusant et gratifiant!<\/b><\/p>\n<p><b>Ceci<\/b><span style=\"font-weight: 400;\"> est un programme bas\u00e9 sur des jeux de 10 semaines con\u00e7u pour les enfants de la premi\u00e8re \u00e0 la sixi\u00e8me ann\u00e9e afin de les aider \u00e0 d\u00e9velopper leurs capacit\u00e9s de course, acqu\u00e9rir des habitudes saines, apprendre \u00e0 se fixer des objectifs et renforcer leur confiance en eux ! Au cours des 10 semaines, nous vous fournirons des r\u00e9sum\u00e9 des activit\u00e9s hebdomadaires, comp\u00e9tences \u00e0 mettre en pratique, outils p\u00e9dagogiques, etc ! \u00c0 la fin des 10 semaines, vos \u00e9l\u00e8ves auront couru l&rsquo;\u00e9quivalent d&rsquo;un <\/span><b>MARATHON COMPLET (42,2 km) &#8211;<\/b><span style=\"font-weight: 400;\"> divis\u00e9 en petites distances adapt\u00e9es \u00e0 leur \u00e2ge!<\/span><\/p>\n<p>&nbsp;<\/p>\n<h3><b>La grande finale?<\/b><\/h3>\n<p><b><a href=\"https:\/\/www.runottawa.ca\/fr\/les-courses\/le-marathon-dottawa-pour-les-enfants\/\">Le Marathon pour enfants d&rsquo;Ottawa de la Fin de semaine des courses d\u2019Ottawa Tamarack<\/a>!<\/b><span style=\"font-weight: 400;\"> Les \u00e9coles ont l&rsquo;occasion d&rsquo;amener leurs \u00e9l\u00e8ves au Marathon pour enfants d&rsquo;Ottawa \u00e0 la fin du mois de mai pour qu&rsquo;ils fassent leur dernier tour de piste! En 2025, <\/span><b>plus de 1 800 <\/b><span style=\"font-weight: 400;\">enfants ont couru cette \u00e9preuve, et plus de 1 040 d&rsquo;entre eux ont particip\u00e9 au programme scolaire \u00ab Kids Run Ottawa \u00bb.<\/span><\/p>\n<p><span style=\"font-weight: 400;\">Les frais d&rsquo;inscription sont de 31,50 +HST $ par \u00e9l\u00e8ve, ce qui comprend une <\/span><b>m\u00e9daille unique, un dossard et un t-shirt du programme scolaire du Marathon des enfants d&rsquo;Ottawa. <\/b><span style=\"font-weight: 400;\">Nous voulons \u00eatre aussi inclusifs que possible et nous assurer que les \u00e9l\u00e8ves ont l&rsquo;occasion de participer au Marathon des enfants d&rsquo;Ottawa.<\/span><b> Chaque \u00e9cole re\u00e7oit 10 inscriptions gratuites<\/b><span style=\"font-weight: 400;\">. Ces inscriptions peuvent \u00eatre attribu\u00e9es \u00e0 des \u00e9l\u00e8ves en particulier, utilis\u00e9es pour r\u00e9duire les entr\u00e9es de chaque \u00e9l\u00e8ve ou donn\u00e9es \u00e0 une autre \u00e9cole du programme!<\/span><\/p>\n<p><span style=\"font-weight: 400;\">Nous sommes l\u00e0 pour vous soutenir, en tant que responsables du programme, tout au long de votre parcours! Ce soutien est disponible par courrier \u00e9lectronique et par l&rsquo;interm\u00e9diaire de notre groupe Facebook. Nous serons pr\u00e9sents \u00e0 chaque \u00e9tape du processus avec le contenu interactif de haute qualit\u00e9 pour s&rsquo;assurer que le programme se d\u00e9roule aussi bien que possible!<\/span><\/p>\n<h3><a href=\"https:\/\/forms.gle\/Ju9czALXvQaLgXa59\" target=\"_blank\" rel=\"noopener\"><strong>Les inscriptions pour 2026 sont ouvert ! Cliquez ici !<\/strong><\/a><\/h3>\n<p><span style=\"font-weight: 400;\">N&rsquo;h\u00e9sitez pas \u00e0 nous contacter directement (<\/span><a href=\"mailto:kids@runottawa.ca\"><span style=\"font-weight: 400;\">kids@runottawa.ca<\/span><\/a><span style=\"font-weight: 400;\">) si vous avez d&rsquo;autres questions!<\/span><\/p>\n","protected":false},"excerpt":{"rendered":"<p>Le Programme scolaire du Marathon pour enfants d&rsquo;Ottawa gratuit est de retour pour une autre ann\u00e9e &#8211; le lancement sera le 16 mars 2026\u00a0! Nous voulons offrir le programme scolaire du Marathon \u00e0 votre \u00e9cole pour vos \u00e9l\u00e8ves encore une fois ou peut-\u00eatre pour la premi\u00e8re fois! Ce programme g\u00e9nial [&hellip;]<\/p>\n","protected":false},"author":33,"featured_media":0,"parent":13611,"menu_order":328,"comment_status":"closed","ping_status":"closed","template":"","meta":{"_acf_changed":false,"footnotes":""},"class_list":["post-18406","page","type-page","status-publish","hentry"],"acf":[],"yoast_head":"<!-- This site is optimized with the Yoast SEO plugin v27.4 - https:\/\/yoast.com\/product\/yoast-seo-wordpress\/ -->\n<title>Programme scolaire du Marathon d\u2019Ottawa pour les enfants - Run Ottawa<\/title>\n<meta name=\"robots\" content=\"index, follow, max-snippet:-1, max-image-preview:large, max-video-preview:-1\" \/>\n<link rel=\"canonical\" href=\"https:\/\/www.runottawa.ca\/fr\/ro\/programmes\/courez-ottawa-pour-enfants\/\" \/>\n<meta name=\"twitter:label1\" content=\"Dur\u00e9e de lecture estim\u00e9e\" \/>\n\t<meta name=\"twitter:data1\" content=\"2 minutes\" \/>\n<script type=\"application\/ld+json\" class=\"yoast-schema-graph\">{\"@context\":\"https:\\\/\\\/schema.org\",\"@graph\":[{\"@type\":\"WebPage\",\"@id\":\"https:\\\/\\\/www.runottawa.ca\\\/fr\\\/ro\\\/programmes\\\/courez-ottawa-pour-enfants\\\/\",\"url\":\"https:\\\/\\\/www.runottawa.ca\\\/fr\\\/ro\\\/programmes\\\/courez-ottawa-pour-enfants\\\/\",\"name\":\"Programme scolaire du Marathon d\u2019Ottawa pour les enfants - Run Ottawa\",\"isPartOf\":{\"@id\":\"https:\\\/\\\/www.runottawa.ca\\\/fr\\\/#website\"},\"datePublished\":\"2018-04-10T21:21:06+00:00\",\"dateModified\":\"2025-12-01T15:58:13+00:00\",\"breadcrumb\":{\"@id\":\"https:\\\/\\\/www.runottawa.ca\\\/fr\\\/ro\\\/programmes\\\/courez-ottawa-pour-enfants\\\/#breadcrumb\"},\"inLanguage\":\"fr-FR\",\"potentialAction\":[{\"@type\":\"ReadAction\",\"target\":[\"https:\\\/\\\/www.runottawa.ca\\\/fr\\\/ro\\\/programmes\\\/courez-ottawa-pour-enfants\\\/\"]}]},{\"@type\":\"BreadcrumbList\",\"@id\":\"https:\\\/\\\/www.runottawa.ca\\\/fr\\\/ro\\\/programmes\\\/courez-ottawa-pour-enfants\\\/#breadcrumb\",\"itemListElement\":[{\"@type\":\"ListItem\",\"position\":1,\"name\":\"Home\",\"item\":\"https:\\\/\\\/www.runottawa.ca\\\/fr\\\/\"},{\"@type\":\"ListItem\",\"position\":2,\"name\":\"Courez Ottawa\",\"item\":\"https:\\\/\\\/www.runottawa.ca\\\/fr\\\/ro\\\/\"},{\"@type\":\"ListItem\",\"position\":3,\"name\":\"Programmes\",\"item\":\"https:\\\/\\\/www.runottawa.ca\\\/fr\\\/ro\\\/programmes\\\/\"},{\"@type\":\"ListItem\",\"position\":4,\"name\":\"Programme scolaire du Marathon d\u2019Ottawa pour les enfants\"}]},{\"@type\":\"WebSite\",\"@id\":\"https:\\\/\\\/www.runottawa.ca\\\/fr\\\/#website\",\"url\":\"https:\\\/\\\/www.runottawa.ca\\\/fr\\\/\",\"name\":\"Run Ottawa\",\"description\":\"\",\"potentialAction\":[{\"@type\":\"SearchAction\",\"target\":{\"@type\":\"EntryPoint\",\"urlTemplate\":\"https:\\\/\\\/www.runottawa.ca\\\/fr\\\/?s={search_term_string}\"},\"query-input\":{\"@type\":\"PropertyValueSpecification\",\"valueRequired\":true,\"valueName\":\"search_term_string\"}}],\"inLanguage\":\"fr-FR\"}]}<\/script>\n<!-- \/ Yoast SEO plugin. -->","yoast_head_json":{"title":"Programme scolaire du Marathon d\u2019Ottawa pour les enfants - Run Ottawa","robots":{"index":"index","follow":"follow","max-snippet":"max-snippet:-1","max-image-preview":"max-image-preview:large","max-video-preview":"max-video-preview:-1"},"canonical":"https:\/\/www.runottawa.ca\/fr\/ro\/programmes\/courez-ottawa-pour-enfants\/","twitter_misc":{"Dur\u00e9e de lecture estim\u00e9e":"2 minutes"},"schema":{"@context":"https:\/\/schema.org","@graph":[{"@type":"WebPage","@id":"https:\/\/www.runottawa.ca\/fr\/ro\/programmes\/courez-ottawa-pour-enfants\/","url":"https:\/\/www.runottawa.ca\/fr\/ro\/programmes\/courez-ottawa-pour-enfants\/","name":"Programme scolaire du Marathon d\u2019Ottawa pour les enfants - Run Ottawa","isPartOf":{"@id":"https:\/\/www.runottawa.ca\/fr\/#website"},"datePublished":"2018-04-10T21:21:06+00:00","dateModified":"2025-12-01T15:58:13+00:00","breadcrumb":{"@id":"https:\/\/www.runottawa.ca\/fr\/ro\/programmes\/courez-ottawa-pour-enfants\/#breadcrumb"},"inLanguage":"fr-FR","potentialAction":[{"@type":"ReadAction","target":["https:\/\/www.runottawa.ca\/fr\/ro\/programmes\/courez-ottawa-pour-enfants\/"]}]},{"@type":"BreadcrumbList","@id":"https:\/\/www.runottawa.ca\/fr\/ro\/programmes\/courez-ottawa-pour-enfants\/#breadcrumb","itemListElement":[{"@type":"ListItem","position":1,"name":"Home","item":"https:\/\/www.runottawa.ca\/fr\/"},{"@type":"ListItem","position":2,"name":"Courez Ottawa","item":"https:\/\/www.runottawa.ca\/fr\/ro\/"},{"@type":"ListItem","position":3,"name":"Programmes","item":"https:\/\/www.runottawa.ca\/fr\/ro\/programmes\/"},{"@type":"ListItem","position":4,"name":"Programme scolaire du Marathon d\u2019Ottawa pour les enfants"}]},{"@type":"WebSite","@id":"https:\/\/www.runottawa.ca\/fr\/#website","url":"https:\/\/www.runottawa.ca\/fr\/","name":"Run Ottawa","description":"","potentialAction":[{"@type":"SearchAction","target":{"@type":"EntryPoint","urlTemplate":"https:\/\/www.runottawa.ca\/fr\/?s={search_term_string}"},"query-input":{"@type":"PropertyValueSpecification","valueRequired":true,"valueName":"search_term_string"}}],"inLanguage":"fr-FR"}]}},"_links":{"self":[{"href":"https:\/\/www.runottawa.ca\/fr\/wp-json\/wp\/v2\/pages\/18406","targetHints":{"allow":["GET"]}}],"collection":[{"href":"https:\/\/www.runottawa.ca\/fr\/wp-json\/wp\/v2\/pages"}],"about":[{"href":"https:\/\/www.runottawa.ca\/fr\/wp-json\/wp\/v2\/types\/page"}],"author":[{"embeddable":true,"href":"https:\/\/www.runottawa.ca\/fr\/wp-json\/wp\/v2\/users\/33"}],"replies":[{"embeddable":true,"href":"https:\/\/www.runottawa.ca\/fr\/wp-json\/wp\/v2\/comments?post=18406"}],"version-history":[{"count":13,"href":"https:\/\/www.runottawa.ca\/fr\/wp-json\/wp\/v2\/pages\/18406\/revisions"}],"predecessor-version":[{"id":43703,"href":"https:\/\/www.runottawa.ca\/fr\/wp-json\/wp\/v2\/pages\/18406\/revisions\/43703"}],"up":[{"embeddable":true,"href":"https:\/\/www.runottawa.ca\/fr\/wp-json\/wp\/v2\/pages\/13611"}],"wp:attachment":[{"href":"https:\/\/www.runottawa.ca\/fr\/wp-json\/wp\/v2\/media?parent=18406"}],"curies":[{"name":"wp","href":"https:\/\/api.w.org\/{rel}","templated":true}]}}