{"id":18280,"date":"2018-08-31T09:20:39","date_gmt":"2018-08-31T13:20:39","guid":{"rendered":"https:\/\/www.runottawa.ca\/torw\/oeuvres-caritatives\/2019-participating-charities"},"modified":"2019-05-13T15:20:52","modified_gmt":"2019-05-13T19:20:52","slug":"2019-oeuvres-caritatives","status":"publish","type":"page","link":"https:\/\/www.runottawa.ca\/fr\/torw\/oeuvres-caritatives\/2019-oeuvres-caritatives\/","title":{"rendered":"2019 Oeuvres caritatives"},"content":{"rendered":"<p>Notre liste d\u2019\u0153uvres caritatives officielles de 2019. On ajoutera plus d\u2019\u0153uvres caritatives pendant l\u2019ann\u00e9e donc veuillez rev\u00e9rifier bient\u00f4t pour une mise \u00e0 jour.<\/p>\n<p>Pri\u00e8re de noter que, pour participer \u00e0 la lev\u00e9e de fonds \u00e0 la Fin de semaine des courses Tamarack d\u2019Ottawa, vous devez d\u2019abord vous inscrire \u00e0 une des courses offertes.\u00a0<a href=\"https:\/\/raceroster.com\/events\/2019\/15429\/tamarack-ottawa-race-weekend-2019\">Inscrivez-vous d\u00e8s maintenant<\/a>\u00a0!<\/p>\n","protected":false},"excerpt":{"rendered":"<p>Notre liste d\u2019\u0153uvres caritatives officielles de 2019. On ajoutera plus d\u2019\u0153uvres caritatives pendant l\u2019ann\u00e9e donc veuillez rev\u00e9rifier bient\u00f4t pour une mise \u00e0 jour. Pri\u00e8re de noter que, pour participer \u00e0 la lev\u00e9e de fonds \u00e0 la Fin de semaine des courses Tamarack d\u2019Ottawa, vous devez d\u2019abord vous inscrire \u00e0 une [&hellip;]<\/p>\n","protected":false},"author":33,"featured_media":0,"parent":13555,"menu_order":162,"comment_status":"closed","ping_status":"closed","template":"template-charities.php","meta":{"_acf_changed":false,"footnotes":""},"class_list":["post-18280","page","type-page","status-publish","hentry"],"acf":[],"yoast_head":"<!-- This site is optimized with the Yoast SEO plugin v27.4 - https:\/\/yoast.com\/product\/yoast-seo-wordpress\/ -->\n<title>2019 Oeuvres caritatives - Run Ottawa<\/title>\n<meta name=\"robots\" content=\"index, follow, max-snippet:-1, max-image-preview:large, max-video-preview:-1\" \/>\n<link rel=\"canonical\" href=\"https:\/\/www.runottawa.ca\/fr\/torw\/oeuvres-caritatives\/2019-oeuvres-caritatives\/\" \/>\n<script type=\"application\/ld+json\" class=\"yoast-schema-graph\">{\"@context\":\"https:\\\/\\\/schema.org\",\"@graph\":[{\"@type\":\"WebPage\",\"@id\":\"https:\\\/\\\/www.runottawa.ca\\\/fr\\\/torw\\\/oeuvres-caritatives\\\/2019-oeuvres-caritatives\\\/\",\"url\":\"https:\\\/\\\/www.runottawa.ca\\\/fr\\\/torw\\\/oeuvres-caritatives\\\/2019-oeuvres-caritatives\\\/\",\"name\":\"2019 Oeuvres caritatives - Run Ottawa\",\"isPartOf\":{\"@id\":\"https:\\\/\\\/www.runottawa.ca\\\/fr\\\/#website\"},\"datePublished\":\"2018-08-31T13:20:39+00:00\",\"dateModified\":\"2019-05-13T19:20:52+00:00\",\"breadcrumb\":{\"@id\":\"https:\\\/\\\/www.runottawa.ca\\\/fr\\\/torw\\\/oeuvres-caritatives\\\/2019-oeuvres-caritatives\\\/#breadcrumb\"},\"inLanguage\":\"fr-FR\",\"potentialAction\":[{\"@type\":\"ReadAction\",\"target\":[\"https:\\\/\\\/www.runottawa.ca\\\/fr\\\/torw\\\/oeuvres-caritatives\\\/2019-oeuvres-caritatives\\\/\"]}]},{\"@type\":\"BreadcrumbList\",\"@id\":\"https:\\\/\\\/www.runottawa.ca\\\/fr\\\/torw\\\/oeuvres-caritatives\\\/2019-oeuvres-caritatives\\\/#breadcrumb\",\"itemListElement\":[{\"@type\":\"ListItem\",\"position\":1,\"name\":\"Home\",\"item\":\"https:\\\/\\\/www.runottawa.ca\\\/fr\\\/\"},{\"@type\":\"ListItem\",\"position\":2,\"name\":\"Fin de semaine des courses Tamarack d\u2019Ottawa\",\"item\":\"https:\\\/\\\/www.runottawa.ca\\\/fr\\\/\"},{\"@type\":\"ListItem\",\"position\":3,\"name\":\"Priv\u00e9\u00a0: \u0152uvres caritatives\",\"item\":\"https:\\\/\\\/www.runottawa.ca\\\/fr\\\/torw\\\/oeuvres-caritatives\\\/\"},{\"@type\":\"ListItem\",\"position\":4,\"name\":\"2019 Oeuvres caritatives\"}]},{\"@type\":\"WebSite\",\"@id\":\"https:\\\/\\\/www.runottawa.ca\\\/fr\\\/#website\",\"url\":\"https:\\\/\\\/www.runottawa.ca\\\/fr\\\/\",\"name\":\"Run Ottawa\",\"description\":\"\",\"potentialAction\":[{\"@type\":\"SearchAction\",\"target\":{\"@type\":\"EntryPoint\",\"urlTemplate\":\"https:\\\/\\\/www.runottawa.ca\\\/fr\\\/?s={search_term_string}\"},\"query-input\":{\"@type\":\"PropertyValueSpecification\",\"valueRequired\":true,\"valueName\":\"search_term_string\"}}],\"inLanguage\":\"fr-FR\"}]}<\/script>\n<!-- \/ Yoast SEO plugin. -->","yoast_head_json":{"title":"2019 Oeuvres caritatives - Run Ottawa","robots":{"index":"index","follow":"follow","max-snippet":"max-snippet:-1","max-image-preview":"max-image-preview:large","max-video-preview":"max-video-preview:-1"},"canonical":"https:\/\/www.runottawa.ca\/fr\/torw\/oeuvres-caritatives\/2019-oeuvres-caritatives\/","schema":{"@context":"https:\/\/schema.org","@graph":[{"@type":"WebPage","@id":"https:\/\/www.runottawa.ca\/fr\/torw\/oeuvres-caritatives\/2019-oeuvres-caritatives\/","url":"https:\/\/www.runottawa.ca\/fr\/torw\/oeuvres-caritatives\/2019-oeuvres-caritatives\/","name":"2019 Oeuvres caritatives - Run Ottawa","isPartOf":{"@id":"https:\/\/www.runottawa.ca\/fr\/#website"},"datePublished":"2018-08-31T13:20:39+00:00","dateModified":"2019-05-13T19:20:52+00:00","breadcrumb":{"@id":"https:\/\/www.runottawa.ca\/fr\/torw\/oeuvres-caritatives\/2019-oeuvres-caritatives\/#breadcrumb"},"inLanguage":"fr-FR","potentialAction":[{"@type":"ReadAction","target":["https:\/\/www.runottawa.ca\/fr\/torw\/oeuvres-caritatives\/2019-oeuvres-caritatives\/"]}]},{"@type":"BreadcrumbList","@id":"https:\/\/www.runottawa.ca\/fr\/torw\/oeuvres-caritatives\/2019-oeuvres-caritatives\/#breadcrumb","itemListElement":[{"@type":"ListItem","position":1,"name":"Home","item":"https:\/\/www.runottawa.ca\/fr\/"},{"@type":"ListItem","position":2,"name":"Fin de semaine des courses Tamarack d\u2019Ottawa","item":"https:\/\/www.runottawa.ca\/fr\/"},{"@type":"ListItem","position":3,"name":"Priv\u00e9\u00a0: \u0152uvres caritatives","item":"https:\/\/www.runottawa.ca\/fr\/torw\/oeuvres-caritatives\/"},{"@type":"ListItem","position":4,"name":"2019 Oeuvres caritatives"}]},{"@type":"WebSite","@id":"https:\/\/www.runottawa.ca\/fr\/#website","url":"https:\/\/www.runottawa.ca\/fr\/","name":"Run Ottawa","description":"","potentialAction":[{"@type":"SearchAction","target":{"@type":"EntryPoint","urlTemplate":"https:\/\/www.runottawa.ca\/fr\/?s={search_term_string}"},"query-input":{"@type":"PropertyValueSpecification","valueRequired":true,"valueName":"search_term_string"}}],"inLanguage":"fr-FR"}]}},"_links":{"self":[{"href":"https:\/\/www.runottawa.ca\/fr\/wp-json\/wp\/v2\/pages\/18280","targetHints":{"allow":["GET"]}}],"collection":[{"href":"https:\/\/www.runottawa.ca\/fr\/wp-json\/wp\/v2\/pages"}],"about":[{"href":"https:\/\/www.runottawa.ca\/fr\/wp-json\/wp\/v2\/types\/page"}],"author":[{"embeddable":true,"href":"https:\/\/www.runottawa.ca\/fr\/wp-json\/wp\/v2\/users\/33"}],"replies":[{"embeddable":true,"href":"https:\/\/www.runottawa.ca\/fr\/wp-json\/wp\/v2\/comments?post=18280"}],"version-history":[{"count":64,"href":"https:\/\/www.runottawa.ca\/fr\/wp-json\/wp\/v2\/pages\/18280\/revisions"}],"predecessor-version":[{"id":22212,"href":"https:\/\/www.runottawa.ca\/fr\/wp-json\/wp\/v2\/pages\/18280\/revisions\/22212"}],"up":[{"embeddable":true,"href":"https:\/\/www.runottawa.ca\/fr\/wp-json\/wp\/v2\/pages\/13555"}],"wp:attachment":[{"href":"https:\/\/www.runottawa.ca\/fr\/wp-json\/wp\/v2\/media?parent=18280"}],"curies":[{"name":"wp","href":"https:\/\/api.w.org\/{rel}","templated":true}]}}